{"id":42514,"date":"2020-03-24T10:57:01","date_gmt":"2020-03-24T10:57:01","guid":{"rendered":"https:\/\/toys.lt\/produktas\/kases-aparata-komplekts-2\/"},"modified":"2026-04-09T00:03:23","modified_gmt":"2026-04-09T00:03:23","slug":"kases-aparata-komplekts-2","status":"publish","type":"product","link":"https:\/\/toys.lt\/lv\/produktas\/kases-aparata-komplekts-2\/","title":{"rendered":"Kases apar\u0101ta komplekts"},"content":{"rendered":"<p>\u0160\u012b ir lieliska izgl\u012btojo\u0161a rota\u013clieta b\u0113rniem!<\/p>\n<p>\u0160aj\u0101 sp\u0113l\u0113 b\u0113rni var\u0113s izm\u0113\u0123in\u0101t savus sp\u0113kus gan k\u0101 pirc\u0113ji, gan k\u0101 p\u0101rdev\u0113ji. \u0160is interakt\u012bvais kases apar\u0101ts \u013cauj b\u0113rniem vingrin\u0101ties matem\u0101tik\u0101, iziet cauri visam pirk\u0161anas procesam un apg\u016bt naudas prasmes.   <\/p>\n<p>Re\u0101li darbojo\u0161ies skeneris, darbojo\u0161ies mikrofons, kalkulators, rota\u013cu nauda, p\u0101rtikas preces, kred\u012btkartes un atv\u0113rta atvilktne pie\u0161\u0137ir kases apar\u0101tam re\u0101listisku izj\u016btu. \u0160is kases apar\u0101ta komplekts ir apr\u012bkots ar visu nepiecie\u0161amo, lai apkalpotu klientu.   <\/p>\n<p>Sp\u0113l\u0113 var piedal\u012bties visa \u0123imene, kas padar\u012bs procesu v\u0113l jautr\u0101ku un aizraujo\u0161\u0101ku!  <\/p>\n<p><strong>Komplekt\u0101 ietilpst:<\/strong><\/p>\n<ul style=\"list-style-type:square;\">\n<li>Kases apar\u0101ts ar mikrofonu un skeneri<\/li>\n<li>P\u0101rtikas pre\u010du maisi\u0146\u0161<\/li>\n<li>\u016adens, piena un sulas pudeles<\/li>\n<li>2 kred\u012btkartes<\/li>\n<li>Nauda<\/li>\n<li>Atsl\u0113ga kases atsl\u0113g\u0161anai<\/li>\n<\/ul>\n<p><strong>Funkcijas:<\/strong><\/p>\n<ul>\n<li>Ir pieejams kalkulators<\/li>\n<li>Ska\u0146as un gaismas efekti<\/li>\n<li>Izgl\u012bto\u0161ana un apm\u0101c\u012bba<\/li>\n<li>Viegls, kompakts un mobils<\/li>\n<li>Augstas kvalit\u0101tes un nekait\u012bgi materi\u0101li<\/li>\n<li>Spilgtas kr\u0101sas<\/li>\n<\/ul>\n","protected":false},"excerpt":{"rendered":"<p>Produkta veids: izgl\u012btojo\u0161s<\/p>\n<p>Izcelsmes valsts: \u0136\u012bna<\/p>\n<p>Produkta materi\u0101ls: plastmasa<\/p>\n<p>Kases apar\u0101ta izm\u0113ri: 19 x 20 x 12 cm<\/p>\n<p>Ieteicamais vecums: no 3 gadiem<\/p>\n","protected":false},"featured_media":36336,"comment_status":"open","ping_status":"open","template":"","meta":[],"product_brand":[],"product_cat":[1180,1176,1157],"product_tag":[],"class_list":{"0":"post-42514","1":"product","2":"type-product","3":"status-publish","4":"has-post-thumbnail","6":"product_cat-rotallietas-meitenem","7":"product_cat-rotallietas-zeniem","8":"product_cat-izglitojosas-un-interaktivas-rotallietas","9":"pa_amziaus-grupe-3-lv","10":"pa_prek-s-tipas-rotallietas-dazadam-spejam","11":"pa_spalva-dazadi","13":"first","14":"outofstock","15":"taxable","16":"shipping-taxable","17":"purchasable","18":"product-type-simple"},"yoast_head":"<!-- This site is optimized with the Yoast SEO plugin v26.3 - https:\/\/yoast.com\/wordpress\/plugins\/seo\/ -->\n<title>Kases apar\u0101ta komplekts - Toys.lt<\/title>\n<meta name=\"robots\" content=\"index, follow, max-snippet:-1, max-image-preview:large, max-video-preview:-1\" \/>\n<link rel=\"canonical\" href=\"https:\/\/toys.lt\/lv\/produktas\/kases-aparata-komplekts-2\/\" \/>\n<meta property=\"og:locale\" content=\"lv_LV\" \/>\n<meta property=\"og:type\" content=\"article\" \/>\n<meta property=\"og:title\" content=\"Kases apar\u0101ta komplekts - Toys.lt\" \/>\n<meta property=\"og:description\" content=\"Produkta veids: izgl\u012btojo\u0161s Izcelsmes valsts: \u0136\u012bna Produkta materi\u0101ls: plastmasa Kases apar\u0101ta izm\u0113ri: 19 x 20 x 12 cm Ieteicamais vecums: no 3 gadiem\" \/>\n<meta property=\"og:url\" content=\"https:\/\/toys.lt\/lv\/produktas\/kases-aparata-komplekts-2\/\" \/>\n<meta property=\"og:site_name\" content=\"Toys.lt\" \/>\n<meta property=\"article:modified_time\" content=\"2026-04-09T00:03:23+00:00\" \/>\n<meta property=\"og:image\" content=\"https:\/\/toys.lt\/wp-content\/uploads\/2020\/03\/products-179.jpg\" \/>\n\t<meta property=\"og:image:width\" content=\"1958\" \/>\n\t<meta property=\"og:image:height\" content=\"1010\" \/>\n\t<meta property=\"og:image:type\" content=\"image\/jpeg\" \/>\n<meta name=\"twitter:card\" content=\"summary_large_image\" \/>\n<meta name=\"twitter:label1\" content=\"Est. reading time\" \/>\n\t<meta name=\"twitter:data1\" content=\"1 minute\" \/>\n<script type=\"application\/ld+json\" class=\"yoast-schema-graph\">{\"@context\":\"https:\/\/schema.org\",\"@graph\":[{\"@type\":\"WebPage\",\"@id\":\"https:\/\/toys.lt\/lv\/produktas\/kases-aparata-komplekts-2\/\",\"url\":\"https:\/\/toys.lt\/lv\/produktas\/kases-aparata-komplekts-2\/\",\"name\":\"Kases apar\u0101ta komplekts - Toys.lt\",\"isPartOf\":{\"@id\":\"https:\/\/toys.lt\/lv\/#website\"},\"primaryImageOfPage\":{\"@id\":\"https:\/\/toys.lt\/lv\/produktas\/kases-aparata-komplekts-2\/#primaryimage\"},\"image\":{\"@id\":\"https:\/\/toys.lt\/lv\/produktas\/kases-aparata-komplekts-2\/#primaryimage\"},\"thumbnailUrl\":\"https:\/\/toys.lt\/wp-content\/uploads\/2020\/03\/products-179.jpg\",\"datePublished\":\"2020-03-24T10:57:01+00:00\",\"dateModified\":\"2026-04-09T00:03:23+00:00\",\"breadcrumb\":{\"@id\":\"https:\/\/toys.lt\/lv\/produktas\/kases-aparata-komplekts-2\/#breadcrumb\"},\"inLanguage\":\"lv-LV\",\"potentialAction\":[{\"@type\":\"ReadAction\",\"target\":[\"https:\/\/toys.lt\/lv\/produktas\/kases-aparata-komplekts-2\/\"]}]},{\"@type\":\"ImageObject\",\"inLanguage\":\"lv-LV\",\"@id\":\"https:\/\/toys.lt\/lv\/produktas\/kases-aparata-komplekts-2\/#primaryimage\",\"url\":\"https:\/\/toys.lt\/wp-content\/uploads\/2020\/03\/products-179.jpg\",\"contentUrl\":\"https:\/\/toys.lt\/wp-content\/uploads\/2020\/03\/products-179.jpg\",\"width\":1958,\"height\":1010,\"caption\":\"Kasos aparato komplektas\"},{\"@type\":\"BreadcrumbList\",\"@id\":\"https:\/\/toys.lt\/lv\/produktas\/kases-aparata-komplekts-2\/#breadcrumb\",\"itemListElement\":[{\"@type\":\"ListItem\",\"position\":1,\"name\":\"Home\",\"item\":\"https:\/\/toys.lt\/lv\/\"},{\"@type\":\"ListItem\",\"position\":2,\"name\":\"Veikals\",\"item\":\"https:\/\/toys.lt\/lv\/shop\/\"},{\"@type\":\"ListItem\",\"position\":3,\"name\":\"Kases apar\u0101ta komplekts\"}]},{\"@type\":\"WebSite\",\"@id\":\"https:\/\/toys.lt\/lv\/#website\",\"url\":\"https:\/\/toys.lt\/lv\/\",\"name\":\"Toys.lt\",\"description\":\"\",\"potentialAction\":[{\"@type\":\"SearchAction\",\"target\":{\"@type\":\"EntryPoint\",\"urlTemplate\":\"https:\/\/toys.lt\/lv\/?s={search_term_string}\"},\"query-input\":{\"@type\":\"PropertyValueSpecification\",\"valueRequired\":true,\"valueName\":\"search_term_string\"}}],\"inLanguage\":\"lv-LV\"}]}<\/script>\n<!-- \/ Yoast SEO plugin. -->","yoast_head_json":{"title":"Kases apar\u0101ta komplekts - Toys.lt","robots":{"index":"index","follow":"follow","max-snippet":"max-snippet:-1","max-image-preview":"max-image-preview:large","max-video-preview":"max-video-preview:-1"},"canonical":"https:\/\/toys.lt\/lv\/produktas\/kases-aparata-komplekts-2\/","og_locale":"lv_LV","og_type":"article","og_title":"Kases apar\u0101ta komplekts - Toys.lt","og_description":"Produkta veids: izgl\u012btojo\u0161s Izcelsmes valsts: \u0136\u012bna Produkta materi\u0101ls: plastmasa Kases apar\u0101ta izm\u0113ri: 19 x 20 x 12 cm Ieteicamais vecums: no 3 gadiem","og_url":"https:\/\/toys.lt\/lv\/produktas\/kases-aparata-komplekts-2\/","og_site_name":"Toys.lt","article_modified_time":"2026-04-09T00:03:23+00:00","og_image":[{"width":1958,"height":1010,"url":"https:\/\/toys.lt\/wp-content\/uploads\/2020\/03\/products-179.jpg","type":"image\/jpeg"}],"twitter_card":"summary_large_image","twitter_misc":{"Est. reading time":"1 minute"},"schema":{"@context":"https:\/\/schema.org","@graph":[{"@type":"WebPage","@id":"https:\/\/toys.lt\/lv\/produktas\/kases-aparata-komplekts-2\/","url":"https:\/\/toys.lt\/lv\/produktas\/kases-aparata-komplekts-2\/","name":"Kases apar\u0101ta komplekts - Toys.lt","isPartOf":{"@id":"https:\/\/toys.lt\/lv\/#website"},"primaryImageOfPage":{"@id":"https:\/\/toys.lt\/lv\/produktas\/kases-aparata-komplekts-2\/#primaryimage"},"image":{"@id":"https:\/\/toys.lt\/lv\/produktas\/kases-aparata-komplekts-2\/#primaryimage"},"thumbnailUrl":"https:\/\/toys.lt\/wp-content\/uploads\/2020\/03\/products-179.jpg","datePublished":"2020-03-24T10:57:01+00:00","dateModified":"2026-04-09T00:03:23+00:00","breadcrumb":{"@id":"https:\/\/toys.lt\/lv\/produktas\/kases-aparata-komplekts-2\/#breadcrumb"},"inLanguage":"lv-LV","potentialAction":[{"@type":"ReadAction","target":["https:\/\/toys.lt\/lv\/produktas\/kases-aparata-komplekts-2\/"]}]},{"@type":"ImageObject","inLanguage":"lv-LV","@id":"https:\/\/toys.lt\/lv\/produktas\/kases-aparata-komplekts-2\/#primaryimage","url":"https:\/\/toys.lt\/wp-content\/uploads\/2020\/03\/products-179.jpg","contentUrl":"https:\/\/toys.lt\/wp-content\/uploads\/2020\/03\/products-179.jpg","width":1958,"height":1010,"caption":"Kasos aparato komplektas"},{"@type":"BreadcrumbList","@id":"https:\/\/toys.lt\/lv\/produktas\/kases-aparata-komplekts-2\/#breadcrumb","itemListElement":[{"@type":"ListItem","position":1,"name":"Home","item":"https:\/\/toys.lt\/lv\/"},{"@type":"ListItem","position":2,"name":"Veikals","item":"https:\/\/toys.lt\/lv\/shop\/"},{"@type":"ListItem","position":3,"name":"Kases apar\u0101ta komplekts"}]},{"@type":"WebSite","@id":"https:\/\/toys.lt\/lv\/#website","url":"https:\/\/toys.lt\/lv\/","name":"Toys.lt","description":"","potentialAction":[{"@type":"SearchAction","target":{"@type":"EntryPoint","urlTemplate":"https:\/\/toys.lt\/lv\/?s={search_term_string}"},"query-input":{"@type":"PropertyValueSpecification","valueRequired":true,"valueName":"search_term_string"}}],"inLanguage":"lv-LV"}]}},"_links":{"self":[{"href":"https:\/\/toys.lt\/lv\/wp-json\/wp\/v2\/product\/42514","targetHints":{"allow":["GET"]}}],"collection":[{"href":"https:\/\/toys.lt\/lv\/wp-json\/wp\/v2\/product"}],"about":[{"href":"https:\/\/toys.lt\/lv\/wp-json\/wp\/v2\/types\/product"}],"replies":[{"embeddable":true,"href":"https:\/\/toys.lt\/lv\/wp-json\/wp\/v2\/comments?post=42514"}],"version-history":[{"count":0,"href":"https:\/\/toys.lt\/lv\/wp-json\/wp\/v2\/product\/42514\/revisions"}],"wp:featuredmedia":[{"embeddable":true,"href":"https:\/\/toys.lt\/lv\/wp-json\/wp\/v2\/media\/36336"}],"wp:attachment":[{"href":"https:\/\/toys.lt\/lv\/wp-json\/wp\/v2\/media?parent=42514"}],"wp:term":[{"taxonomy":"product_brand","embeddable":true,"href":"https:\/\/toys.lt\/lv\/wp-json\/wp\/v2\/product_brand?post=42514"},{"taxonomy":"product_cat","embeddable":true,"href":"https:\/\/toys.lt\/lv\/wp-json\/wp\/v2\/product_cat?post=42514"},{"taxonomy":"product_tag","embeddable":true,"href":"https:\/\/toys.lt\/lv\/wp-json\/wp\/v2\/product_tag?post=42514"}],"curies":[{"name":"wp","href":"https:\/\/api.w.org\/{rel}","templated":true}]}}