{"id":42511,"date":"2020-03-24T05:59:49","date_gmt":"2020-03-24T05:59:49","guid":{"rendered":"https:\/\/toys.lt\/produktas\/modelesanas-komplekts-pasta\/"},"modified":"2026-04-09T00:03:24","modified_gmt":"2026-04-09T00:03:24","slug":"modelesanas-komplekts-pasta","status":"publish","type":"product","link":"https:\/\/toys.lt\/lv\/produktas\/modelesanas-komplekts-pasta\/","title":{"rendered":"Model\u0113\u0161anas komplekts &#8220;Pasta&#8221;"},"content":{"rendered":"<p>\u0160is komplekts padar\u012bs j\u016bsu b\u0113rnu par \u012bstu makaronu meistaru! \u012apa\u0161i vienk\u0101r\u0161\u0101 model\u0113\u0161anas metode ir ide\u0101li piem\u0113rota b\u0113rnu rado\u0161umam un izt\u0113lei. Ar \u0161o komplektu j\u016bsu b\u0113rns ne tikai sp\u0113l\u0113sies, bet ar\u012b m\u0101c\u012bsies. Kr\u0101sas viegli sajaucas viena ar otru, t\u0101p\u0113c var izveidot daudzas jaunas kr\u0101sas un to\u0146us. Form\u0113\u0161anas masa ir izgatavota no m\u012bksta un augstas kvalit\u0101tes mais\u012bjuma, t\u0101p\u0113c t\u0101 nepielipst pie rok\u0101m un neveido traipus.    <\/p>\n<p>Kad esat pabeigu\u0161i sp\u0113l\u0113ties, ielieciet veid\u0146u masu atpaka\u013c burci\u0146\u0101s un cie\u0161i aizveriet t\u0101s, lai t\u0101 ilg\u0101k paliktu m\u012bkst\u0101ka.<\/p>\n<p><strong>Komplekt\u0101 ietilpst:<\/strong><\/p>\n<ul style=\"list-style-type: square\">\n<li>4 kr\u0101sas<\/li>\n<li>Makaronu pagatavo\u0161anas ier\u012bce<\/li>\n<li>1 dak\u0161a<\/li>\n<li>1 p\u0101ris koktei\u013cu n\u016bji\u0146as<\/li>\n<li>1 pl\u0101ksne<\/li>\n<li>1 b\u013coda<\/li>\n<li>6 veidnes<\/li>\n<\/ul>\n<p><strong>Funkcijas:<\/strong><\/p>\n<ul style=\"list-style-type: square\">\n<li>Netoksisks un dro\u0161s vesel\u012bbai<\/li>\n<li>Masa nel\u012bp pie rok\u0101m un neatst\u0101j traipus.<\/li>\n<li>M\u012bksta un viegla masa<\/li>\n<li>Att\u012bsta s\u012bko motoriku, inteli\u0123enci, izt\u0113li, izt\u0113li un rado\u0161umu.<\/li>\n<li>Bag\u0101t\u012bgas kr\u0101sas<\/li>\n<\/ul>\n","protected":false},"excerpt":{"rendered":"<p>Izstr\u0101d\u0101juma veids: veidnes<\/p>\n<p>Z\u012bmola nosaukums: Colourdee<\/p>\n<p>Izcelsmes valsts: \u0136\u012bna<\/p>\n<p>Da\u013cu skaits: 16<\/p>\n<p>Ieteicamais vecums: no 3 gadiem.<\/p>\n","protected":false},"featured_media":36331,"comment_status":"open","ping_status":"closed","template":"","meta":[],"product_brand":[],"product_cat":[1157,1155],"product_tag":[],"class_list":{"0":"post-42511","1":"product","2":"type-product","3":"status-publish","4":"has-post-thumbnail","6":"product_cat-izglitojosas-un-interaktivas-rotallietas","7":"product_cat-leti","8":"pa_amziaus-grupe-3-lv","9":"pa_prekes-zenklas-colourdee-lv","11":"first","12":"outofstock","13":"taxable","14":"shipping-taxable","15":"purchasable","16":"product-type-simple"},"yoast_head":"<!-- This site is optimized with the Yoast SEO plugin v26.3 - https:\/\/yoast.com\/wordpress\/plugins\/seo\/ -->\n<title>Model\u0113\u0161anas komplekts &quot;Pasta&quot; - Toys.lt<\/title>\n<meta name=\"robots\" content=\"index, follow, max-snippet:-1, max-image-preview:large, max-video-preview:-1\" \/>\n<link rel=\"canonical\" href=\"https:\/\/toys.lt\/lv\/produktas\/modelesanas-komplekts-pasta\/\" \/>\n<meta property=\"og:locale\" content=\"lv_LV\" \/>\n<meta property=\"og:type\" content=\"article\" \/>\n<meta property=\"og:title\" content=\"Model\u0113\u0161anas komplekts &quot;Pasta&quot; - Toys.lt\" \/>\n<meta property=\"og:description\" content=\"Izstr\u0101d\u0101juma veids: veidnes Z\u012bmola nosaukums: Colourdee Izcelsmes valsts: \u0136\u012bna Da\u013cu skaits: 16 Ieteicamais vecums: no 3 gadiem.\" \/>\n<meta property=\"og:url\" content=\"https:\/\/toys.lt\/lv\/produktas\/modelesanas-komplekts-pasta\/\" \/>\n<meta property=\"og:site_name\" content=\"Toys.lt\" \/>\n<meta property=\"article:modified_time\" content=\"2026-04-09T00:03:24+00:00\" \/>\n<meta property=\"og:image\" content=\"https:\/\/toys.lt\/wp-content\/uploads\/2020\/03\/products-166.jpg\" \/>\n\t<meta property=\"og:image:width\" content=\"2000\" \/>\n\t<meta property=\"og:image:height\" content=\"1152\" \/>\n\t<meta property=\"og:image:type\" content=\"image\/jpeg\" \/>\n<meta name=\"twitter:card\" content=\"summary_large_image\" \/>\n<meta name=\"twitter:label1\" content=\"Est. reading time\" \/>\n\t<meta name=\"twitter:data1\" content=\"1 minute\" \/>\n<script type=\"application\/ld+json\" class=\"yoast-schema-graph\">{\"@context\":\"https:\/\/schema.org\",\"@graph\":[{\"@type\":\"WebPage\",\"@id\":\"https:\/\/toys.lt\/lv\/produktas\/modelesanas-komplekts-pasta\/\",\"url\":\"https:\/\/toys.lt\/lv\/produktas\/modelesanas-komplekts-pasta\/\",\"name\":\"Model\u0113\u0161anas komplekts \\\"Pasta\\\" - Toys.lt\",\"isPartOf\":{\"@id\":\"https:\/\/toys.lt\/lv\/#website\"},\"primaryImageOfPage\":{\"@id\":\"https:\/\/toys.lt\/lv\/produktas\/modelesanas-komplekts-pasta\/#primaryimage\"},\"image\":{\"@id\":\"https:\/\/toys.lt\/lv\/produktas\/modelesanas-komplekts-pasta\/#primaryimage\"},\"thumbnailUrl\":\"https:\/\/toys.lt\/wp-content\/uploads\/2020\/03\/products-166.jpg\",\"datePublished\":\"2020-03-24T05:59:49+00:00\",\"dateModified\":\"2026-04-09T00:03:24+00:00\",\"breadcrumb\":{\"@id\":\"https:\/\/toys.lt\/lv\/produktas\/modelesanas-komplekts-pasta\/#breadcrumb\"},\"inLanguage\":\"lv-LV\",\"potentialAction\":[{\"@type\":\"ReadAction\",\"target\":[\"https:\/\/toys.lt\/lv\/produktas\/modelesanas-komplekts-pasta\/\"]}]},{\"@type\":\"ImageObject\",\"inLanguage\":\"lv-LV\",\"@id\":\"https:\/\/toys.lt\/lv\/produktas\/modelesanas-komplekts-pasta\/#primaryimage\",\"url\":\"https:\/\/toys.lt\/wp-content\/uploads\/2020\/03\/products-166.jpg\",\"contentUrl\":\"https:\/\/toys.lt\/wp-content\/uploads\/2020\/03\/products-166.jpg\",\"width\":2000,\"height\":1152,\"caption\":\"Modelino rinkinys &#8220;Makaronai&#8221;\"},{\"@type\":\"BreadcrumbList\",\"@id\":\"https:\/\/toys.lt\/lv\/produktas\/modelesanas-komplekts-pasta\/#breadcrumb\",\"itemListElement\":[{\"@type\":\"ListItem\",\"position\":1,\"name\":\"Home\",\"item\":\"https:\/\/toys.lt\/lv\/\"},{\"@type\":\"ListItem\",\"position\":2,\"name\":\"Veikals\",\"item\":\"https:\/\/toys.lt\/lv\/shop\/\"},{\"@type\":\"ListItem\",\"position\":3,\"name\":\"Model\u0113\u0161anas komplekts &#8222;Pasta&#8221;\"}]},{\"@type\":\"WebSite\",\"@id\":\"https:\/\/toys.lt\/lv\/#website\",\"url\":\"https:\/\/toys.lt\/lv\/\",\"name\":\"Toys.lt\",\"description\":\"\",\"potentialAction\":[{\"@type\":\"SearchAction\",\"target\":{\"@type\":\"EntryPoint\",\"urlTemplate\":\"https:\/\/toys.lt\/lv\/?s={search_term_string}\"},\"query-input\":{\"@type\":\"PropertyValueSpecification\",\"valueRequired\":true,\"valueName\":\"search_term_string\"}}],\"inLanguage\":\"lv-LV\"}]}<\/script>\n<!-- \/ Yoast SEO plugin. -->","yoast_head_json":{"title":"Model\u0113\u0161anas komplekts \"Pasta\" - Toys.lt","robots":{"index":"index","follow":"follow","max-snippet":"max-snippet:-1","max-image-preview":"max-image-preview:large","max-video-preview":"max-video-preview:-1"},"canonical":"https:\/\/toys.lt\/lv\/produktas\/modelesanas-komplekts-pasta\/","og_locale":"lv_LV","og_type":"article","og_title":"Model\u0113\u0161anas komplekts \"Pasta\" - Toys.lt","og_description":"Izstr\u0101d\u0101juma veids: veidnes Z\u012bmola nosaukums: Colourdee Izcelsmes valsts: \u0136\u012bna Da\u013cu skaits: 16 Ieteicamais vecums: no 3 gadiem.","og_url":"https:\/\/toys.lt\/lv\/produktas\/modelesanas-komplekts-pasta\/","og_site_name":"Toys.lt","article_modified_time":"2026-04-09T00:03:24+00:00","og_image":[{"width":2000,"height":1152,"url":"https:\/\/toys.lt\/wp-content\/uploads\/2020\/03\/products-166.jpg","type":"image\/jpeg"}],"twitter_card":"summary_large_image","twitter_misc":{"Est. reading time":"1 minute"},"schema":{"@context":"https:\/\/schema.org","@graph":[{"@type":"WebPage","@id":"https:\/\/toys.lt\/lv\/produktas\/modelesanas-komplekts-pasta\/","url":"https:\/\/toys.lt\/lv\/produktas\/modelesanas-komplekts-pasta\/","name":"Model\u0113\u0161anas komplekts \"Pasta\" - Toys.lt","isPartOf":{"@id":"https:\/\/toys.lt\/lv\/#website"},"primaryImageOfPage":{"@id":"https:\/\/toys.lt\/lv\/produktas\/modelesanas-komplekts-pasta\/#primaryimage"},"image":{"@id":"https:\/\/toys.lt\/lv\/produktas\/modelesanas-komplekts-pasta\/#primaryimage"},"thumbnailUrl":"https:\/\/toys.lt\/wp-content\/uploads\/2020\/03\/products-166.jpg","datePublished":"2020-03-24T05:59:49+00:00","dateModified":"2026-04-09T00:03:24+00:00","breadcrumb":{"@id":"https:\/\/toys.lt\/lv\/produktas\/modelesanas-komplekts-pasta\/#breadcrumb"},"inLanguage":"lv-LV","potentialAction":[{"@type":"ReadAction","target":["https:\/\/toys.lt\/lv\/produktas\/modelesanas-komplekts-pasta\/"]}]},{"@type":"ImageObject","inLanguage":"lv-LV","@id":"https:\/\/toys.lt\/lv\/produktas\/modelesanas-komplekts-pasta\/#primaryimage","url":"https:\/\/toys.lt\/wp-content\/uploads\/2020\/03\/products-166.jpg","contentUrl":"https:\/\/toys.lt\/wp-content\/uploads\/2020\/03\/products-166.jpg","width":2000,"height":1152,"caption":"Modelino rinkinys &#8220;Makaronai&#8221;"},{"@type":"BreadcrumbList","@id":"https:\/\/toys.lt\/lv\/produktas\/modelesanas-komplekts-pasta\/#breadcrumb","itemListElement":[{"@type":"ListItem","position":1,"name":"Home","item":"https:\/\/toys.lt\/lv\/"},{"@type":"ListItem","position":2,"name":"Veikals","item":"https:\/\/toys.lt\/lv\/shop\/"},{"@type":"ListItem","position":3,"name":"Model\u0113\u0161anas komplekts &#8222;Pasta&#8221;"}]},{"@type":"WebSite","@id":"https:\/\/toys.lt\/lv\/#website","url":"https:\/\/toys.lt\/lv\/","name":"Toys.lt","description":"","potentialAction":[{"@type":"SearchAction","target":{"@type":"EntryPoint","urlTemplate":"https:\/\/toys.lt\/lv\/?s={search_term_string}"},"query-input":{"@type":"PropertyValueSpecification","valueRequired":true,"valueName":"search_term_string"}}],"inLanguage":"lv-LV"}]}},"_links":{"self":[{"href":"https:\/\/toys.lt\/lv\/wp-json\/wp\/v2\/product\/42511","targetHints":{"allow":["GET"]}}],"collection":[{"href":"https:\/\/toys.lt\/lv\/wp-json\/wp\/v2\/product"}],"about":[{"href":"https:\/\/toys.lt\/lv\/wp-json\/wp\/v2\/types\/product"}],"replies":[{"embeddable":true,"href":"https:\/\/toys.lt\/lv\/wp-json\/wp\/v2\/comments?post=42511"}],"version-history":[{"count":1,"href":"https:\/\/toys.lt\/lv\/wp-json\/wp\/v2\/product\/42511\/revisions"}],"predecessor-version":[{"id":45958,"href":"https:\/\/toys.lt\/lv\/wp-json\/wp\/v2\/product\/42511\/revisions\/45958"}],"wp:featuredmedia":[{"embeddable":true,"href":"https:\/\/toys.lt\/lv\/wp-json\/wp\/v2\/media\/36331"}],"wp:attachment":[{"href":"https:\/\/toys.lt\/lv\/wp-json\/wp\/v2\/media?parent=42511"}],"wp:term":[{"taxonomy":"product_brand","embeddable":true,"href":"https:\/\/toys.lt\/lv\/wp-json\/wp\/v2\/product_brand?post=42511"},{"taxonomy":"product_cat","embeddable":true,"href":"https:\/\/toys.lt\/lv\/wp-json\/wp\/v2\/product_cat?post=42511"},{"taxonomy":"product_tag","embeddable":true,"href":"https:\/\/toys.lt\/lv\/wp-json\/wp\/v2\/product_tag?post=42511"}],"curies":[{"name":"wp","href":"https:\/\/api.w.org\/{rel}","templated":true}]}}