{"id":42510,"date":"2020-03-23T13:44:23","date_gmt":"2020-03-23T13:44:23","guid":{"rendered":"https:\/\/toys.lt\/produktas\/dinozauru-parka-modelesanas-komplekts\/"},"modified":"2026-04-09T00:03:26","modified_gmt":"2026-04-09T00:03:26","slug":"dinozauru-parka-modelesanas-komplekts","status":"publish","type":"product","link":"https:\/\/toys.lt\/lv\/produktas\/dinozauru-parka-modelesanas-komplekts\/","title":{"rendered":"Dinozauru parka model\u0113\u0161anas komplekts"},"content":{"rendered":"<p>\u0160\u012b ir j\u016bsu b\u0113rna iesp\u0113ja ienirt dinozauru pasaul\u0113! \u012apa\u0161i vienk\u0101r\u0161\u0101 model\u0113\u0161anas metode ir ide\u0101li piem\u0113rota b\u0113rnu rado\u0161umam un izt\u0113lei. Sp\u0113l\u0113jot \u0161o izgl\u012btojo\u0161o sp\u0113li, j\u016bsu b\u0113rns ne tikai sp\u0113l\u0113sies, bet ar\u012b m\u0101c\u012bsies! Kr\u0101sas ir viegli sajaucamas, t\u0101p\u0113c j\u016bs varat izveidot daudz jaunu kr\u0101su un to\u0146u.   <\/p>\n<p>8 kr\u0101su form\u0113\u0161anas mais\u012bjums ir izgatavots no m\u012bksta un augstas kvalit\u0101tes mais\u012bjuma, t\u0101p\u0113c tas nepielipst pie rok\u0101m un neveido traipus.<\/p>\n<p>Kad esat pabeigu\u0161i sp\u0113l\u0113ties, ielieciet veid\u0146u masu atpaka\u013c burci\u0146\u0101s un cie\u0161i aizveriet t\u0101s, lai t\u0101 ilg\u0101k paliktu m\u012bkst\u0101ka.<\/p>\n<p><b>Komplekt\u0101 ietilpst:<\/b><\/p>\n<ul style=\"list-style-type: square;\">\n<li>8 kr\u0101sas<\/li>\n<li>3 griez\u0113jinstrumenti<\/li>\n<li>10 skait\u013ci<\/li>\n<\/ul>\n<p><strong>Funkcijas:<\/strong><\/p>\n<ul style=\"list-style-type: square;\">\n<li>Netoksisks un dro\u0161s vesel\u012bbai<\/li>\n<li>Masa nel\u012bp pie rok\u0101m un neatst\u0101j traipus.<\/li>\n<li>M\u012bksta un viegla masa<\/li>\n<li>Bag\u0101t\u012bgas kr\u0101sas<\/li>\n<li>Att\u012bsta s\u012bko motoriku, inteli\u0123enci, izt\u0113li, izt\u0113li un rado\u0161umu.<\/li>\n<\/ul>\n","protected":false},"excerpt":{"rendered":"<p>Produkta veids: veidne<\/p>\n<p>Z\u012bmola nosaukums: Plastil\u012bns Magical<\/p>\n<p>Izcelsmes valsts: \u0136\u012bna<\/p>\n<p>Da\u013cu skaits: 15<\/p>\n<p>Ieteicamais vecums: no 3 gadiem.<\/p>\n","protected":false},"featured_media":36209,"comment_status":"open","ping_status":"closed","template":"","meta":[],"product_brand":[],"product_cat":[1257],"product_tag":[],"class_list":{"0":"post-42510","1":"product","2":"type-product","3":"status-publish","4":"has-post-thumbnail","6":"product_cat-rokdarbi-un-radosums","7":"pa_ean_nc-9420191216997-lv","8":"pa_prekes-zenklas-plastilins","10":"first","11":"outofstock","12":"sale","13":"taxable","14":"shipping-taxable","15":"purchasable","16":"product-type-simple"},"yoast_head":"<!-- This site is optimized with the Yoast SEO plugin v26.3 - https:\/\/yoast.com\/wordpress\/plugins\/seo\/ -->\n<title>Dinozauru parka model\u0113\u0161anas komplekts - Toys.lt<\/title>\n<meta name=\"robots\" content=\"index, follow, max-snippet:-1, max-image-preview:large, max-video-preview:-1\" \/>\n<link rel=\"canonical\" href=\"https:\/\/toys.lt\/lv\/produktas\/dinozauru-parka-modelesanas-komplekts\/\" \/>\n<meta property=\"og:locale\" content=\"lv_LV\" \/>\n<meta property=\"og:type\" content=\"article\" \/>\n<meta property=\"og:title\" content=\"Dinozauru parka model\u0113\u0161anas komplekts - Toys.lt\" \/>\n<meta property=\"og:description\" content=\"Produkta veids: veidne Z\u012bmola nosaukums: Plastil\u012bns Magical Izcelsmes valsts: \u0136\u012bna Da\u013cu skaits: 15 Ieteicamais vecums: no 3 gadiem.\" \/>\n<meta property=\"og:url\" content=\"https:\/\/toys.lt\/lv\/produktas\/dinozauru-parka-modelesanas-komplekts\/\" \/>\n<meta property=\"og:site_name\" content=\"Toys.lt\" \/>\n<meta property=\"article:modified_time\" content=\"2026-04-09T00:03:26+00:00\" \/>\n<meta property=\"og:image\" content=\"https:\/\/toys.lt\/wp-content\/uploads\/nc\/p\/1\/5\/8\/158.jpg\" \/>\n\t<meta property=\"og:image:width\" content=\"1280\" \/>\n\t<meta property=\"og:image:height\" content=\"862\" \/>\n\t<meta property=\"og:image:type\" content=\"image\/jpeg\" \/>\n<meta name=\"twitter:card\" content=\"summary_large_image\" \/>\n<meta name=\"twitter:label1\" content=\"Est. reading time\" \/>\n\t<meta name=\"twitter:data1\" content=\"1 minute\" \/>\n<script type=\"application\/ld+json\" class=\"yoast-schema-graph\">{\"@context\":\"https:\/\/schema.org\",\"@graph\":[{\"@type\":\"WebPage\",\"@id\":\"https:\/\/toys.lt\/lv\/produktas\/dinozauru-parka-modelesanas-komplekts\/\",\"url\":\"https:\/\/toys.lt\/lv\/produktas\/dinozauru-parka-modelesanas-komplekts\/\",\"name\":\"Dinozauru parka model\u0113\u0161anas komplekts - Toys.lt\",\"isPartOf\":{\"@id\":\"https:\/\/toys.lt\/lv\/#website\"},\"primaryImageOfPage\":{\"@id\":\"https:\/\/toys.lt\/lv\/produktas\/dinozauru-parka-modelesanas-komplekts\/#primaryimage\"},\"image\":{\"@id\":\"https:\/\/toys.lt\/lv\/produktas\/dinozauru-parka-modelesanas-komplekts\/#primaryimage\"},\"thumbnailUrl\":\"https:\/\/toys.lt\/wp-content\/uploads\/nc\/p\/1\/5\/8\/158.jpg\",\"datePublished\":\"2020-03-23T13:44:23+00:00\",\"dateModified\":\"2026-04-09T00:03:26+00:00\",\"breadcrumb\":{\"@id\":\"https:\/\/toys.lt\/lv\/produktas\/dinozauru-parka-modelesanas-komplekts\/#breadcrumb\"},\"inLanguage\":\"lv-LV\",\"potentialAction\":[{\"@type\":\"ReadAction\",\"target\":[\"https:\/\/toys.lt\/lv\/produktas\/dinozauru-parka-modelesanas-komplekts\/\"]}]},{\"@type\":\"ImageObject\",\"inLanguage\":\"lv-LV\",\"@id\":\"https:\/\/toys.lt\/lv\/produktas\/dinozauru-parka-modelesanas-komplekts\/#primaryimage\",\"url\":\"https:\/\/toys.lt\/wp-content\/uploads\/nc\/p\/1\/5\/8\/158.jpg\",\"contentUrl\":\"https:\/\/toys.lt\/wp-content\/uploads\/nc\/p\/1\/5\/8\/158.jpg\",\"width\":1280,\"height\":862,\"caption\":\"Modelino rinkinys &#8220;Dinozaur\u0173 parkas&#8221;\"},{\"@type\":\"BreadcrumbList\",\"@id\":\"https:\/\/toys.lt\/lv\/produktas\/dinozauru-parka-modelesanas-komplekts\/#breadcrumb\",\"itemListElement\":[{\"@type\":\"ListItem\",\"position\":1,\"name\":\"Home\",\"item\":\"https:\/\/toys.lt\/lv\/\"},{\"@type\":\"ListItem\",\"position\":2,\"name\":\"Veikals\",\"item\":\"https:\/\/toys.lt\/lv\/shop\/\"},{\"@type\":\"ListItem\",\"position\":3,\"name\":\"Dinozauru parka model\u0113\u0161anas komplekts\"}]},{\"@type\":\"WebSite\",\"@id\":\"https:\/\/toys.lt\/lv\/#website\",\"url\":\"https:\/\/toys.lt\/lv\/\",\"name\":\"Toys.lt\",\"description\":\"\",\"potentialAction\":[{\"@type\":\"SearchAction\",\"target\":{\"@type\":\"EntryPoint\",\"urlTemplate\":\"https:\/\/toys.lt\/lv\/?s={search_term_string}\"},\"query-input\":{\"@type\":\"PropertyValueSpecification\",\"valueRequired\":true,\"valueName\":\"search_term_string\"}}],\"inLanguage\":\"lv-LV\"}]}<\/script>\n<!-- \/ Yoast SEO plugin. -->","yoast_head_json":{"title":"Dinozauru parka model\u0113\u0161anas komplekts - Toys.lt","robots":{"index":"index","follow":"follow","max-snippet":"max-snippet:-1","max-image-preview":"max-image-preview:large","max-video-preview":"max-video-preview:-1"},"canonical":"https:\/\/toys.lt\/lv\/produktas\/dinozauru-parka-modelesanas-komplekts\/","og_locale":"lv_LV","og_type":"article","og_title":"Dinozauru parka model\u0113\u0161anas komplekts - Toys.lt","og_description":"Produkta veids: veidne Z\u012bmola nosaukums: Plastil\u012bns Magical Izcelsmes valsts: \u0136\u012bna Da\u013cu skaits: 15 Ieteicamais vecums: no 3 gadiem.","og_url":"https:\/\/toys.lt\/lv\/produktas\/dinozauru-parka-modelesanas-komplekts\/","og_site_name":"Toys.lt","article_modified_time":"2026-04-09T00:03:26+00:00","og_image":[{"width":1280,"height":862,"url":"https:\/\/toys.lt\/wp-content\/uploads\/nc\/p\/1\/5\/8\/158.jpg","type":"image\/jpeg"}],"twitter_card":"summary_large_image","twitter_misc":{"Est. reading time":"1 minute"},"schema":{"@context":"https:\/\/schema.org","@graph":[{"@type":"WebPage","@id":"https:\/\/toys.lt\/lv\/produktas\/dinozauru-parka-modelesanas-komplekts\/","url":"https:\/\/toys.lt\/lv\/produktas\/dinozauru-parka-modelesanas-komplekts\/","name":"Dinozauru parka model\u0113\u0161anas komplekts - Toys.lt","isPartOf":{"@id":"https:\/\/toys.lt\/lv\/#website"},"primaryImageOfPage":{"@id":"https:\/\/toys.lt\/lv\/produktas\/dinozauru-parka-modelesanas-komplekts\/#primaryimage"},"image":{"@id":"https:\/\/toys.lt\/lv\/produktas\/dinozauru-parka-modelesanas-komplekts\/#primaryimage"},"thumbnailUrl":"https:\/\/toys.lt\/wp-content\/uploads\/nc\/p\/1\/5\/8\/158.jpg","datePublished":"2020-03-23T13:44:23+00:00","dateModified":"2026-04-09T00:03:26+00:00","breadcrumb":{"@id":"https:\/\/toys.lt\/lv\/produktas\/dinozauru-parka-modelesanas-komplekts\/#breadcrumb"},"inLanguage":"lv-LV","potentialAction":[{"@type":"ReadAction","target":["https:\/\/toys.lt\/lv\/produktas\/dinozauru-parka-modelesanas-komplekts\/"]}]},{"@type":"ImageObject","inLanguage":"lv-LV","@id":"https:\/\/toys.lt\/lv\/produktas\/dinozauru-parka-modelesanas-komplekts\/#primaryimage","url":"https:\/\/toys.lt\/wp-content\/uploads\/nc\/p\/1\/5\/8\/158.jpg","contentUrl":"https:\/\/toys.lt\/wp-content\/uploads\/nc\/p\/1\/5\/8\/158.jpg","width":1280,"height":862,"caption":"Modelino rinkinys &#8220;Dinozaur\u0173 parkas&#8221;"},{"@type":"BreadcrumbList","@id":"https:\/\/toys.lt\/lv\/produktas\/dinozauru-parka-modelesanas-komplekts\/#breadcrumb","itemListElement":[{"@type":"ListItem","position":1,"name":"Home","item":"https:\/\/toys.lt\/lv\/"},{"@type":"ListItem","position":2,"name":"Veikals","item":"https:\/\/toys.lt\/lv\/shop\/"},{"@type":"ListItem","position":3,"name":"Dinozauru parka model\u0113\u0161anas komplekts"}]},{"@type":"WebSite","@id":"https:\/\/toys.lt\/lv\/#website","url":"https:\/\/toys.lt\/lv\/","name":"Toys.lt","description":"","potentialAction":[{"@type":"SearchAction","target":{"@type":"EntryPoint","urlTemplate":"https:\/\/toys.lt\/lv\/?s={search_term_string}"},"query-input":{"@type":"PropertyValueSpecification","valueRequired":true,"valueName":"search_term_string"}}],"inLanguage":"lv-LV"}]}},"_links":{"self":[{"href":"https:\/\/toys.lt\/lv\/wp-json\/wp\/v2\/product\/42510","targetHints":{"allow":["GET"]}}],"collection":[{"href":"https:\/\/toys.lt\/lv\/wp-json\/wp\/v2\/product"}],"about":[{"href":"https:\/\/toys.lt\/lv\/wp-json\/wp\/v2\/types\/product"}],"replies":[{"embeddable":true,"href":"https:\/\/toys.lt\/lv\/wp-json\/wp\/v2\/comments?post=42510"}],"version-history":[{"count":0,"href":"https:\/\/toys.lt\/lv\/wp-json\/wp\/v2\/product\/42510\/revisions"}],"wp:featuredmedia":[{"embeddable":true,"href":"https:\/\/toys.lt\/lv\/wp-json\/wp\/v2\/media\/36209"}],"wp:attachment":[{"href":"https:\/\/toys.lt\/lv\/wp-json\/wp\/v2\/media?parent=42510"}],"wp:term":[{"taxonomy":"product_brand","embeddable":true,"href":"https:\/\/toys.lt\/lv\/wp-json\/wp\/v2\/product_brand?post=42510"},{"taxonomy":"product_cat","embeddable":true,"href":"https:\/\/toys.lt\/lv\/wp-json\/wp\/v2\/product_cat?post=42510"},{"taxonomy":"product_tag","embeddable":true,"href":"https:\/\/toys.lt\/lv\/wp-json\/wp\/v2\/product_tag?post=42510"}],"curies":[{"name":"wp","href":"https:\/\/api.w.org\/{rel}","templated":true}]}}