{"id":42509,"date":"2020-03-24T04:06:40","date_gmt":"2020-03-24T04:06:40","guid":{"rendered":"https:\/\/toys.lt\/produktas\/modelu-komplekts-saldejuma-veikals-2\/"},"modified":"2026-04-09T00:03:25","modified_gmt":"2026-04-09T00:03:25","slug":"modelu-komplekts-saldejuma-veikals-2","status":"publish","type":"product","link":"https:\/\/toys.lt\/lv\/produktas\/modelu-komplekts-saldejuma-veikals-2\/","title":{"rendered":"Mode\u013cu komplekts &#8220;Sald\u0113juma veikals&#8221;"},"content":{"rendered":"<p>\u0160is komplekts \u013caus j\u016bsu b\u0113rnam justies k\u0101 \u012bstam sald\u0113juma ra\u017eot\u0101jam! Tas ir \u013coti vienk\u0101r\u0161s veids, k\u0101 att\u012bst\u012bt b\u0113rna rado\u0161umu un izt\u0113li. Sp\u0113l\u0113jot \u0161o izgl\u012btojo\u0161o sp\u0113li, j\u016bsu b\u0113rns ne tikai sp\u0113l\u0113sies, bet ar\u012b m\u0101c\u012bsies! Kr\u0101sas ir viegli sajaucamas, t\u0101p\u0113c j\u016bs varat rad\u012bt daudz jaunu kr\u0101su un to\u0146u.   <\/p>\n<p>6 da\u017e\u0101du kr\u0101su veid\u0146u mais\u012bjums ir izgatavots no m\u012bksta un augstas kvalit\u0101tes mais\u012bjuma, kas nepielipst pie rok\u0101m un neveido traipus.  <\/p>\n<p>Kad esat pabeigu\u0161i sp\u0113l\u0113ties, ielieciet veid\u0146u masu atpaka\u013c burci\u0146\u0101s un cie\u0161i aizveriet t\u0101s, lai t\u0101 ilg\u0101k paliktu m\u012bkst\u0101ka.  <\/p>\n<p><strong>Komplekt\u0101 ietilpst:<\/strong><\/p>\n<ul style=\"list-style-type:square\">\n<li>6 kr\u0101sas<\/li>\n<li>4 sald\u0113juma trauki<\/li>\n<li>3 t\u0113jkarotes<\/li>\n<li>1 gl\u0101ze<\/li>\n<\/ul>\n<p><strong>Funkcijas:<\/strong><\/p>\n<ul style=\"list-style-type:square\">\n<li>Netoksisks un dro\u0161s vesel\u012bbai<\/li>\n<li>Masa nel\u012bp pie rok\u0101m un neatst\u0101j traipus.<\/li>\n<li>Masa m\u012bksta un viegla<\/li>\n<li>Att\u012bsta s\u012bko motoriku, inteli\u0123enci, izt\u0113li, izt\u0113li un rado\u0161umu.<\/li>\n<li>Bag\u0101t\u012bgas kr\u0101sas<\/li>\n<\/ul>\n","protected":false},"excerpt":{"rendered":"<p>Izstr\u0101d\u0101juma veids: l\u0113juma<\/p>\n<p>Z\u012bmola nosaukums: Plasticine Magical<\/p>\n<p>Izcelsmes valsts: \u0136\u012bna<\/p>\n<p>Iepakojuma izm\u0113ri: 9 x 41 x 30,5 cm<\/p>\n<p>Da\u013cu skaits: 14<\/p>\n<p>Ieteicamais vecums: no 3 gadiem<\/p>\n","protected":false},"featured_media":36328,"comment_status":"open","ping_status":"open","template":"","meta":[],"product_brand":[],"product_cat":[1257,1180,1176,1155],"product_tag":[],"class_list":{"0":"post-42509","1":"product","2":"type-product","3":"status-publish","4":"has-post-thumbnail","6":"product_cat-rokdarbi-un-radosums","7":"product_cat-rotallietas-meitenem","8":"product_cat-rotallietas-zeniem","9":"product_cat-leti","10":"pa_amziaus-grupe-3-lv","11":"pa_prekes-zenklas-plastilins","13":"first","14":"outofstock","15":"taxable","16":"shipping-taxable","17":"purchasable","18":"product-type-simple"},"yoast_head":"<!-- This site is optimized with the Yoast SEO plugin v26.3 - https:\/\/yoast.com\/wordpress\/plugins\/seo\/ -->\n<title>Mode\u013cu komplekts &quot;Sald\u0113juma veikals&quot; - Toys.lt<\/title>\n<meta name=\"robots\" content=\"index, follow, max-snippet:-1, max-image-preview:large, max-video-preview:-1\" \/>\n<link rel=\"canonical\" href=\"https:\/\/toys.lt\/lv\/produktas\/modelu-komplekts-saldejuma-veikals-2\/\" \/>\n<meta property=\"og:locale\" content=\"lv_LV\" \/>\n<meta property=\"og:type\" content=\"article\" \/>\n<meta property=\"og:title\" content=\"Mode\u013cu komplekts &quot;Sald\u0113juma veikals&quot; - Toys.lt\" \/>\n<meta property=\"og:description\" content=\"Izstr\u0101d\u0101juma veids: l\u0113juma Z\u012bmola nosaukums: Plasticine Magical Izcelsmes valsts: \u0136\u012bna Iepakojuma izm\u0113ri: 9 x 41 x 30,5 cm Da\u013cu skaits: 14 Ieteicamais vecums: no 3 gadiem\" \/>\n<meta property=\"og:url\" content=\"https:\/\/toys.lt\/lv\/produktas\/modelu-komplekts-saldejuma-veikals-2\/\" \/>\n<meta property=\"og:site_name\" content=\"Toys.lt\" \/>\n<meta property=\"article:modified_time\" content=\"2026-04-09T00:03:25+00:00\" \/>\n<meta property=\"og:image\" content=\"https:\/\/toys.lt\/wp-content\/uploads\/2020\/03\/products-163-scaled.jpg\" \/>\n\t<meta property=\"og:image:width\" content=\"2560\" \/>\n\t<meta property=\"og:image:height\" content=\"1920\" \/>\n\t<meta property=\"og:image:type\" content=\"image\/jpeg\" \/>\n<meta name=\"twitter:card\" content=\"summary_large_image\" \/>\n<meta name=\"twitter:label1\" content=\"Est. reading time\" \/>\n\t<meta name=\"twitter:data1\" content=\"1 minute\" \/>\n<script type=\"application\/ld+json\" class=\"yoast-schema-graph\">{\"@context\":\"https:\/\/schema.org\",\"@graph\":[{\"@type\":\"WebPage\",\"@id\":\"https:\/\/toys.lt\/lv\/produktas\/modelu-komplekts-saldejuma-veikals-2\/\",\"url\":\"https:\/\/toys.lt\/lv\/produktas\/modelu-komplekts-saldejuma-veikals-2\/\",\"name\":\"Mode\u013cu komplekts \\\"Sald\u0113juma veikals\\\" - Toys.lt\",\"isPartOf\":{\"@id\":\"https:\/\/toys.lt\/lv\/#website\"},\"primaryImageOfPage\":{\"@id\":\"https:\/\/toys.lt\/lv\/produktas\/modelu-komplekts-saldejuma-veikals-2\/#primaryimage\"},\"image\":{\"@id\":\"https:\/\/toys.lt\/lv\/produktas\/modelu-komplekts-saldejuma-veikals-2\/#primaryimage\"},\"thumbnailUrl\":\"https:\/\/toys.lt\/wp-content\/uploads\/2020\/03\/products-163-scaled.jpg\",\"datePublished\":\"2020-03-24T04:06:40+00:00\",\"dateModified\":\"2026-04-09T00:03:25+00:00\",\"breadcrumb\":{\"@id\":\"https:\/\/toys.lt\/lv\/produktas\/modelu-komplekts-saldejuma-veikals-2\/#breadcrumb\"},\"inLanguage\":\"lv-LV\",\"potentialAction\":[{\"@type\":\"ReadAction\",\"target\":[\"https:\/\/toys.lt\/lv\/produktas\/modelu-komplekts-saldejuma-veikals-2\/\"]}]},{\"@type\":\"ImageObject\",\"inLanguage\":\"lv-LV\",\"@id\":\"https:\/\/toys.lt\/lv\/produktas\/modelu-komplekts-saldejuma-veikals-2\/#primaryimage\",\"url\":\"https:\/\/toys.lt\/wp-content\/uploads\/2020\/03\/products-163-scaled.jpg\",\"contentUrl\":\"https:\/\/toys.lt\/wp-content\/uploads\/2020\/03\/products-163-scaled.jpg\",\"width\":2560,\"height\":1920,\"caption\":\"Modelino rinkinys &#8220;Led\u0173 parduotuv\u0117&#8221;\"},{\"@type\":\"BreadcrumbList\",\"@id\":\"https:\/\/toys.lt\/lv\/produktas\/modelu-komplekts-saldejuma-veikals-2\/#breadcrumb\",\"itemListElement\":[{\"@type\":\"ListItem\",\"position\":1,\"name\":\"Home\",\"item\":\"https:\/\/toys.lt\/lv\/\"},{\"@type\":\"ListItem\",\"position\":2,\"name\":\"Veikals\",\"item\":\"https:\/\/toys.lt\/lv\/shop\/\"},{\"@type\":\"ListItem\",\"position\":3,\"name\":\"Mode\u013cu komplekts &#8222;Sald\u0113juma veikals&#8221;\"}]},{\"@type\":\"WebSite\",\"@id\":\"https:\/\/toys.lt\/lv\/#website\",\"url\":\"https:\/\/toys.lt\/lv\/\",\"name\":\"Toys.lt\",\"description\":\"\",\"potentialAction\":[{\"@type\":\"SearchAction\",\"target\":{\"@type\":\"EntryPoint\",\"urlTemplate\":\"https:\/\/toys.lt\/lv\/?s={search_term_string}\"},\"query-input\":{\"@type\":\"PropertyValueSpecification\",\"valueRequired\":true,\"valueName\":\"search_term_string\"}}],\"inLanguage\":\"lv-LV\"}]}<\/script>\n<!-- \/ Yoast SEO plugin. -->","yoast_head_json":{"title":"Mode\u013cu komplekts \"Sald\u0113juma veikals\" - Toys.lt","robots":{"index":"index","follow":"follow","max-snippet":"max-snippet:-1","max-image-preview":"max-image-preview:large","max-video-preview":"max-video-preview:-1"},"canonical":"https:\/\/toys.lt\/lv\/produktas\/modelu-komplekts-saldejuma-veikals-2\/","og_locale":"lv_LV","og_type":"article","og_title":"Mode\u013cu komplekts \"Sald\u0113juma veikals\" - Toys.lt","og_description":"Izstr\u0101d\u0101juma veids: l\u0113juma Z\u012bmola nosaukums: Plasticine Magical Izcelsmes valsts: \u0136\u012bna Iepakojuma izm\u0113ri: 9 x 41 x 30,5 cm Da\u013cu skaits: 14 Ieteicamais vecums: no 3 gadiem","og_url":"https:\/\/toys.lt\/lv\/produktas\/modelu-komplekts-saldejuma-veikals-2\/","og_site_name":"Toys.lt","article_modified_time":"2026-04-09T00:03:25+00:00","og_image":[{"width":2560,"height":1920,"url":"https:\/\/toys.lt\/wp-content\/uploads\/2020\/03\/products-163-scaled.jpg","type":"image\/jpeg"}],"twitter_card":"summary_large_image","twitter_misc":{"Est. reading time":"1 minute"},"schema":{"@context":"https:\/\/schema.org","@graph":[{"@type":"WebPage","@id":"https:\/\/toys.lt\/lv\/produktas\/modelu-komplekts-saldejuma-veikals-2\/","url":"https:\/\/toys.lt\/lv\/produktas\/modelu-komplekts-saldejuma-veikals-2\/","name":"Mode\u013cu komplekts \"Sald\u0113juma veikals\" - Toys.lt","isPartOf":{"@id":"https:\/\/toys.lt\/lv\/#website"},"primaryImageOfPage":{"@id":"https:\/\/toys.lt\/lv\/produktas\/modelu-komplekts-saldejuma-veikals-2\/#primaryimage"},"image":{"@id":"https:\/\/toys.lt\/lv\/produktas\/modelu-komplekts-saldejuma-veikals-2\/#primaryimage"},"thumbnailUrl":"https:\/\/toys.lt\/wp-content\/uploads\/2020\/03\/products-163-scaled.jpg","datePublished":"2020-03-24T04:06:40+00:00","dateModified":"2026-04-09T00:03:25+00:00","breadcrumb":{"@id":"https:\/\/toys.lt\/lv\/produktas\/modelu-komplekts-saldejuma-veikals-2\/#breadcrumb"},"inLanguage":"lv-LV","potentialAction":[{"@type":"ReadAction","target":["https:\/\/toys.lt\/lv\/produktas\/modelu-komplekts-saldejuma-veikals-2\/"]}]},{"@type":"ImageObject","inLanguage":"lv-LV","@id":"https:\/\/toys.lt\/lv\/produktas\/modelu-komplekts-saldejuma-veikals-2\/#primaryimage","url":"https:\/\/toys.lt\/wp-content\/uploads\/2020\/03\/products-163-scaled.jpg","contentUrl":"https:\/\/toys.lt\/wp-content\/uploads\/2020\/03\/products-163-scaled.jpg","width":2560,"height":1920,"caption":"Modelino rinkinys &#8220;Led\u0173 parduotuv\u0117&#8221;"},{"@type":"BreadcrumbList","@id":"https:\/\/toys.lt\/lv\/produktas\/modelu-komplekts-saldejuma-veikals-2\/#breadcrumb","itemListElement":[{"@type":"ListItem","position":1,"name":"Home","item":"https:\/\/toys.lt\/lv\/"},{"@type":"ListItem","position":2,"name":"Veikals","item":"https:\/\/toys.lt\/lv\/shop\/"},{"@type":"ListItem","position":3,"name":"Mode\u013cu komplekts &#8222;Sald\u0113juma veikals&#8221;"}]},{"@type":"WebSite","@id":"https:\/\/toys.lt\/lv\/#website","url":"https:\/\/toys.lt\/lv\/","name":"Toys.lt","description":"","potentialAction":[{"@type":"SearchAction","target":{"@type":"EntryPoint","urlTemplate":"https:\/\/toys.lt\/lv\/?s={search_term_string}"},"query-input":{"@type":"PropertyValueSpecification","valueRequired":true,"valueName":"search_term_string"}}],"inLanguage":"lv-LV"}]}},"_links":{"self":[{"href":"https:\/\/toys.lt\/lv\/wp-json\/wp\/v2\/product\/42509","targetHints":{"allow":["GET"]}}],"collection":[{"href":"https:\/\/toys.lt\/lv\/wp-json\/wp\/v2\/product"}],"about":[{"href":"https:\/\/toys.lt\/lv\/wp-json\/wp\/v2\/types\/product"}],"replies":[{"embeddable":true,"href":"https:\/\/toys.lt\/lv\/wp-json\/wp\/v2\/comments?post=42509"}],"version-history":[{"count":1,"href":"https:\/\/toys.lt\/lv\/wp-json\/wp\/v2\/product\/42509\/revisions"}],"predecessor-version":[{"id":45962,"href":"https:\/\/toys.lt\/lv\/wp-json\/wp\/v2\/product\/42509\/revisions\/45962"}],"wp:featuredmedia":[{"embeddable":true,"href":"https:\/\/toys.lt\/lv\/wp-json\/wp\/v2\/media\/36328"}],"wp:attachment":[{"href":"https:\/\/toys.lt\/lv\/wp-json\/wp\/v2\/media?parent=42509"}],"wp:term":[{"taxonomy":"product_brand","embeddable":true,"href":"https:\/\/toys.lt\/lv\/wp-json\/wp\/v2\/product_brand?post=42509"},{"taxonomy":"product_cat","embeddable":true,"href":"https:\/\/toys.lt\/lv\/wp-json\/wp\/v2\/product_cat?post=42509"},{"taxonomy":"product_tag","embeddable":true,"href":"https:\/\/toys.lt\/lv\/wp-json\/wp\/v2\/product_tag?post=42509"}],"curies":[{"name":"wp","href":"https:\/\/api.w.org\/{rel}","templated":true}]}}