{"id":42508,"date":"2020-03-23T12:20:02","date_gmt":"2020-03-23T12:20:02","guid":{"rendered":"https:\/\/toys.lt\/produktas\/galda-spele-futbols-all-star-3\/"},"modified":"2026-04-09T00:03:27","modified_gmt":"2026-04-09T00:03:27","slug":"galda-spele-futbols-all-star-3","status":"publish","type":"product","link":"https:\/\/toys.lt\/lv\/produktas\/galda-spele-futbols-all-star-3\/","title":{"rendered":"Galda sp\u0113le futbols &#8220;ALL-STAR&#8221;"},"content":{"rendered":"<p><strong>\u0160\u012b galda sp\u0113le<\/strong> ar savu neparasto form\u0101tu \u013caus ikvienam popul\u0101r\u0101 sporta veida faniem izbaud\u012bt <strong>galda futbola sp\u0113li.<\/strong> Sp\u0113l\u0113t\u0101ji var\u0113s par\u0101d\u012bt sevi k\u0101 pilnties\u012bgus konkurentus. \u0160aj\u0101 futbola sp\u0113l\u0113 nav fig\u016bri\u0146u sp\u0113l\u0113t\u0101ju, z\u0113ni pa\u0161i b\u016bs sp\u0113l\u0113t\u0101ji, sitot bumbu un g\u016bstot v\u0101rtus, kas pie\u0161\u0137irs v\u0113l liel\u0101ku azartu un interesi! Katram sp\u0113l\u0113t\u0101jam ir divas pogas: kreis\u0101 un lab\u0101. Nospie\u017eot t\u0101s, sviras novirza un sit bumbu. B\u0113rniem b\u016bs \u013coti jautri, zinot, ka vi\u0146i var ietekm\u0113t sp\u0113les izn\u0101kumu. \u0160\u012b aizraujo\u0161\u0101 un aizraujo\u0161\u0101 <strong>galda sp\u0113le <\/strong>ne tikai sniegs daudz pozit\u012bvu emociju, bet ar\u012b pal\u012bdz\u0113s att\u012bst\u012bt b\u0113rna roku un acu koordin\u0101ciju.     <\/p>\n<p><strong>Funkcijas:<\/strong><\/p>\n<ul style=\"list-style-type: square;\">\n<li>Rezult\u0101tu p\u0101rvald\u012bbas un uzraudz\u012bbas tabula<\/li>\n<li>Var sp\u0113l\u0113t 2 sp\u0113l\u0113t\u0101ji<\/li>\n<li>Divas klo\u0137i katr\u0101 bumbas pus\u0113 (pa kreisi un pa labi) bumbas sitieniem.<\/li>\n<li>Dro\u0161s b\u0113rniem<\/li>\n<li>Mobila un viegla<\/li>\n<li>Uzlabo veikl\u012bbu, koordin\u0101ciju, precizit\u0101ti un reakcijas \u0101trumu.<\/li>\n<\/ul>\n","protected":false},"excerpt":{"rendered":"<p>Produkta veids: galda sp\u0113le<\/p>\n<p>Izcelsmes valsts: \u0136\u012bna<\/p>\n<p>Sp\u0113l\u0113t\u0101ju skaits: 2<\/p>\n<p>Iepakojuma izm\u0113ri: 7,5 x 36,5 x 25 cm<\/p>\n<p>Svars: 0,690 kg<\/p>\n<p>Produkta materi\u0101ls: plastmasa<\/p>\n<p>Ieteicamais vecums: no 4 gadiem.<\/p>\n","protected":false},"featured_media":36208,"comment_status":"open","ping_status":"closed","template":"","meta":[],"product_brand":[],"product_cat":[1280,1176],"product_tag":[],"class_list":{"0":"post-42508","1":"product","2":"type-product","3":"status-publish","4":"has-post-thumbnail","6":"product_cat-galda-speles","7":"product_cat-rotallietas-zeniem","8":"pa_ean_nc-6920200920851-lv","9":"pa_spalva-dazadi-lv","11":"first","12":"instock","13":"taxable","14":"shipping-taxable","15":"purchasable","16":"product-type-simple"},"yoast_head":"<!-- This site is optimized with the Yoast SEO plugin v26.3 - https:\/\/yoast.com\/wordpress\/plugins\/seo\/ -->\n<title>Galda sp\u0113le futbols &quot;ALL-STAR&quot; - Toys.lt<\/title>\n<meta name=\"robots\" content=\"index, follow, max-snippet:-1, max-image-preview:large, max-video-preview:-1\" \/>\n<link rel=\"canonical\" href=\"https:\/\/toys.lt\/lv\/produktas\/galda-spele-futbols-all-star-3\/\" \/>\n<meta property=\"og:locale\" content=\"lv_LV\" \/>\n<meta property=\"og:type\" content=\"article\" \/>\n<meta property=\"og:title\" content=\"Galda sp\u0113le futbols &quot;ALL-STAR&quot; - Toys.lt\" \/>\n<meta property=\"og:description\" content=\"Produkta veids: galda sp\u0113le Izcelsmes valsts: \u0136\u012bna Sp\u0113l\u0113t\u0101ju skaits: 2 Iepakojuma izm\u0113ri: 7,5 x 36,5 x 25 cm Svars: 0,690 kg Produkta materi\u0101ls: plastmasa Ieteicamais vecums: no 4 gadiem.\" \/>\n<meta property=\"og:url\" content=\"https:\/\/toys.lt\/lv\/produktas\/galda-spele-futbols-all-star-3\/\" \/>\n<meta property=\"og:site_name\" content=\"Toys.lt\" \/>\n<meta property=\"article:modified_time\" content=\"2026-04-09T00:03:27+00:00\" \/>\n<meta property=\"og:image\" content=\"https:\/\/toys.lt\/wp-content\/uploads\/nc\/p\/1\/5\/2\/152.jpg\" \/>\n\t<meta property=\"og:image:width\" content=\"2480\" \/>\n\t<meta property=\"og:image:height\" content=\"2124\" \/>\n\t<meta property=\"og:image:type\" content=\"image\/jpeg\" \/>\n<meta name=\"twitter:card\" content=\"summary_large_image\" \/>\n<meta name=\"twitter:label1\" content=\"Est. reading time\" \/>\n\t<meta name=\"twitter:data1\" content=\"1 minute\" \/>\n<script type=\"application\/ld+json\" class=\"yoast-schema-graph\">{\"@context\":\"https:\/\/schema.org\",\"@graph\":[{\"@type\":\"WebPage\",\"@id\":\"https:\/\/toys.lt\/lv\/produktas\/galda-spele-futbols-all-star-3\/\",\"url\":\"https:\/\/toys.lt\/lv\/produktas\/galda-spele-futbols-all-star-3\/\",\"name\":\"Galda sp\u0113le futbols \\\"ALL-STAR\\\" - Toys.lt\",\"isPartOf\":{\"@id\":\"https:\/\/toys.lt\/lv\/#website\"},\"primaryImageOfPage\":{\"@id\":\"https:\/\/toys.lt\/lv\/produktas\/galda-spele-futbols-all-star-3\/#primaryimage\"},\"image\":{\"@id\":\"https:\/\/toys.lt\/lv\/produktas\/galda-spele-futbols-all-star-3\/#primaryimage\"},\"thumbnailUrl\":\"https:\/\/toys.lt\/wp-content\/uploads\/nc\/p\/1\/5\/2\/152.jpg\",\"datePublished\":\"2020-03-23T12:20:02+00:00\",\"dateModified\":\"2026-04-09T00:03:27+00:00\",\"breadcrumb\":{\"@id\":\"https:\/\/toys.lt\/lv\/produktas\/galda-spele-futbols-all-star-3\/#breadcrumb\"},\"inLanguage\":\"lv-LV\",\"potentialAction\":[{\"@type\":\"ReadAction\",\"target\":[\"https:\/\/toys.lt\/lv\/produktas\/galda-spele-futbols-all-star-3\/\"]}]},{\"@type\":\"ImageObject\",\"inLanguage\":\"lv-LV\",\"@id\":\"https:\/\/toys.lt\/lv\/produktas\/galda-spele-futbols-all-star-3\/#primaryimage\",\"url\":\"https:\/\/toys.lt\/wp-content\/uploads\/nc\/p\/1\/5\/2\/152.jpg\",\"contentUrl\":\"https:\/\/toys.lt\/wp-content\/uploads\/nc\/p\/1\/5\/2\/152.jpg\",\"width\":2480,\"height\":2124,\"caption\":\"Stalo \u017eaidimas &#8211; futbolas &#8220;ALL-STAR&#8221;\"},{\"@type\":\"BreadcrumbList\",\"@id\":\"https:\/\/toys.lt\/lv\/produktas\/galda-spele-futbols-all-star-3\/#breadcrumb\",\"itemListElement\":[{\"@type\":\"ListItem\",\"position\":1,\"name\":\"Home\",\"item\":\"https:\/\/toys.lt\/lv\/\"},{\"@type\":\"ListItem\",\"position\":2,\"name\":\"Veikals\",\"item\":\"https:\/\/toys.lt\/lv\/shop\/\"},{\"@type\":\"ListItem\",\"position\":3,\"name\":\"Galda sp\u0113le futbols &#8222;ALL-STAR&#8221;\"}]},{\"@type\":\"WebSite\",\"@id\":\"https:\/\/toys.lt\/lv\/#website\",\"url\":\"https:\/\/toys.lt\/lv\/\",\"name\":\"Toys.lt\",\"description\":\"\",\"potentialAction\":[{\"@type\":\"SearchAction\",\"target\":{\"@type\":\"EntryPoint\",\"urlTemplate\":\"https:\/\/toys.lt\/lv\/?s={search_term_string}\"},\"query-input\":{\"@type\":\"PropertyValueSpecification\",\"valueRequired\":true,\"valueName\":\"search_term_string\"}}],\"inLanguage\":\"lv-LV\"}]}<\/script>\n<!-- \/ Yoast SEO plugin. -->","yoast_head_json":{"title":"Galda sp\u0113le futbols \"ALL-STAR\" - Toys.lt","robots":{"index":"index","follow":"follow","max-snippet":"max-snippet:-1","max-image-preview":"max-image-preview:large","max-video-preview":"max-video-preview:-1"},"canonical":"https:\/\/toys.lt\/lv\/produktas\/galda-spele-futbols-all-star-3\/","og_locale":"lv_LV","og_type":"article","og_title":"Galda sp\u0113le futbols \"ALL-STAR\" - Toys.lt","og_description":"Produkta veids: galda sp\u0113le Izcelsmes valsts: \u0136\u012bna Sp\u0113l\u0113t\u0101ju skaits: 2 Iepakojuma izm\u0113ri: 7,5 x 36,5 x 25 cm Svars: 0,690 kg Produkta materi\u0101ls: plastmasa Ieteicamais vecums: no 4 gadiem.","og_url":"https:\/\/toys.lt\/lv\/produktas\/galda-spele-futbols-all-star-3\/","og_site_name":"Toys.lt","article_modified_time":"2026-04-09T00:03:27+00:00","og_image":[{"width":2480,"height":2124,"url":"https:\/\/toys.lt\/wp-content\/uploads\/nc\/p\/1\/5\/2\/152.jpg","type":"image\/jpeg"}],"twitter_card":"summary_large_image","twitter_misc":{"Est. reading time":"1 minute"},"schema":{"@context":"https:\/\/schema.org","@graph":[{"@type":"WebPage","@id":"https:\/\/toys.lt\/lv\/produktas\/galda-spele-futbols-all-star-3\/","url":"https:\/\/toys.lt\/lv\/produktas\/galda-spele-futbols-all-star-3\/","name":"Galda sp\u0113le futbols \"ALL-STAR\" - Toys.lt","isPartOf":{"@id":"https:\/\/toys.lt\/lv\/#website"},"primaryImageOfPage":{"@id":"https:\/\/toys.lt\/lv\/produktas\/galda-spele-futbols-all-star-3\/#primaryimage"},"image":{"@id":"https:\/\/toys.lt\/lv\/produktas\/galda-spele-futbols-all-star-3\/#primaryimage"},"thumbnailUrl":"https:\/\/toys.lt\/wp-content\/uploads\/nc\/p\/1\/5\/2\/152.jpg","datePublished":"2020-03-23T12:20:02+00:00","dateModified":"2026-04-09T00:03:27+00:00","breadcrumb":{"@id":"https:\/\/toys.lt\/lv\/produktas\/galda-spele-futbols-all-star-3\/#breadcrumb"},"inLanguage":"lv-LV","potentialAction":[{"@type":"ReadAction","target":["https:\/\/toys.lt\/lv\/produktas\/galda-spele-futbols-all-star-3\/"]}]},{"@type":"ImageObject","inLanguage":"lv-LV","@id":"https:\/\/toys.lt\/lv\/produktas\/galda-spele-futbols-all-star-3\/#primaryimage","url":"https:\/\/toys.lt\/wp-content\/uploads\/nc\/p\/1\/5\/2\/152.jpg","contentUrl":"https:\/\/toys.lt\/wp-content\/uploads\/nc\/p\/1\/5\/2\/152.jpg","width":2480,"height":2124,"caption":"Stalo \u017eaidimas &#8211; futbolas &#8220;ALL-STAR&#8221;"},{"@type":"BreadcrumbList","@id":"https:\/\/toys.lt\/lv\/produktas\/galda-spele-futbols-all-star-3\/#breadcrumb","itemListElement":[{"@type":"ListItem","position":1,"name":"Home","item":"https:\/\/toys.lt\/lv\/"},{"@type":"ListItem","position":2,"name":"Veikals","item":"https:\/\/toys.lt\/lv\/shop\/"},{"@type":"ListItem","position":3,"name":"Galda sp\u0113le futbols &#8222;ALL-STAR&#8221;"}]},{"@type":"WebSite","@id":"https:\/\/toys.lt\/lv\/#website","url":"https:\/\/toys.lt\/lv\/","name":"Toys.lt","description":"","potentialAction":[{"@type":"SearchAction","target":{"@type":"EntryPoint","urlTemplate":"https:\/\/toys.lt\/lv\/?s={search_term_string}"},"query-input":{"@type":"PropertyValueSpecification","valueRequired":true,"valueName":"search_term_string"}}],"inLanguage":"lv-LV"}]}},"_links":{"self":[{"href":"https:\/\/toys.lt\/lv\/wp-json\/wp\/v2\/product\/42508","targetHints":{"allow":["GET"]}}],"collection":[{"href":"https:\/\/toys.lt\/lv\/wp-json\/wp\/v2\/product"}],"about":[{"href":"https:\/\/toys.lt\/lv\/wp-json\/wp\/v2\/types\/product"}],"replies":[{"embeddable":true,"href":"https:\/\/toys.lt\/lv\/wp-json\/wp\/v2\/comments?post=42508"}],"version-history":[{"count":1,"href":"https:\/\/toys.lt\/lv\/wp-json\/wp\/v2\/product\/42508\/revisions"}],"predecessor-version":[{"id":45959,"href":"https:\/\/toys.lt\/lv\/wp-json\/wp\/v2\/product\/42508\/revisions\/45959"}],"wp:featuredmedia":[{"embeddable":true,"href":"https:\/\/toys.lt\/lv\/wp-json\/wp\/v2\/media\/36208"}],"wp:attachment":[{"href":"https:\/\/toys.lt\/lv\/wp-json\/wp\/v2\/media?parent=42508"}],"wp:term":[{"taxonomy":"product_brand","embeddable":true,"href":"https:\/\/toys.lt\/lv\/wp-json\/wp\/v2\/product_brand?post=42508"},{"taxonomy":"product_cat","embeddable":true,"href":"https:\/\/toys.lt\/lv\/wp-json\/wp\/v2\/product_cat?post=42508"},{"taxonomy":"product_tag","embeddable":true,"href":"https:\/\/toys.lt\/lv\/wp-json\/wp\/v2\/product_tag?post=42508"}],"curies":[{"name":"wp","href":"https:\/\/api.w.org\/{rel}","templated":true}]}}