{"id":42505,"date":"2020-03-24T03:10:33","date_gmt":"2020-03-24T03:10:33","guid":{"rendered":"https:\/\/toys.lt\/produktas\/modelu-komplekts-saldejums-un-keksini\/"},"modified":"2026-02-20T00:00:51","modified_gmt":"2026-02-20T00:00:51","slug":"modelu-komplekts-saldejums-un-keksini","status":"publish","type":"product","link":"https:\/\/toys.lt\/lv\/produktas\/modelu-komplekts-saldejums-un-keksini\/","title":{"rendered":"Mode\u013cu komplekts &#8220;Sald\u0113jums un k\u0113ksi\u0146i&#8221;"},"content":{"rendered":"<p>\u0160is komplekts \u013caus j\u016bsu b\u0113rnam justies k\u0101 \u012bstam konditoram! Vi\u0146i var\u0113s pagatavot izsmalcin\u0101tus sald\u0113juma un cupcake meistardarbus, un ar 13 da\u017e\u0101d\u0101m kr\u0101s\u0101m vi\u0146i var\u0113s izveidot v\u0113l kr\u0101sain\u0101ku kr\u0101su paleti! T\u0101p\u0113c, sp\u0113l\u0113jot \u0161o izgl\u012btojo\u0161o sp\u0113li, j\u016bsu b\u0113rns ne tikai sp\u0113l\u0113sies, bet ar\u012b m\u0101c\u012bsies! Tas ir \u013coti vienk\u0101r\u0161s veids, k\u0101 att\u012bst\u012bt b\u0113rna rado\u0161umu un izt\u0113li.   <\/p>\n<p>L\u012bm\u0113jo\u0161\u0101 masa ir izgatavota no m\u012bksta un augstas kvalit\u0101tes mais\u012bjuma, t\u0101p\u0113c t\u0101 nepielipst pie rok\u0101m un neatst\u0101j traipus.<\/p>\n<p>Kad esat pabeigu\u0161i sp\u0113l\u0113ties, ielieciet veid\u0146u masu atpaka\u013c burci\u0146\u0101s un cie\u0161i aizveriet t\u0101s, lai t\u0101 ilg\u0101k paliktu m\u012bkst\u0101ka.<\/p>\n<p><strong>Komplekt\u0101 ietilpst:<\/strong><\/p>\n<ul style=\"list-style-type: square;\">\n<li>24 kr\u0101sas<\/li>\n<li>Sald\u0113juma pagatavo\u0161anas ier\u012bce<\/li>\n<li>Cupcake maker<\/li>\n<li>2 sald\u0113juma veidnes<\/li>\n<li>1 pl\u0101ksne<\/li>\n<li>4 tas\u012btes sald\u0113jumam<\/li>\n<li>3 t\u0113jkarotes<\/li>\n<li>1 veltnis<\/li>\n<li>1 \u0161\u013circe<\/li>\n<\/ul>\n<p><strong>Funkcijas:<\/strong><\/p>\n<ul style=\"list-style-type: square;\">\n<li>Netoksisks un dro\u0161s vesel\u012bbai<\/li>\n<li>Masa nel\u012bp pie rok\u0101m un neatst\u0101j traipus.<\/li>\n<li>Masa m\u012bksta un viegla<\/li>\n<li>Att\u012bsta smalk\u0101s motorikas prasmes, inteli\u0123enci, bag\u0101tina izt\u0113li un rado\u0161umu.<\/li>\n<li>Bag\u0101t\u012bgas kr\u0101sas<\/li>\n<\/ul>\n","protected":false},"excerpt":{"rendered":"<p>Produkta veids: veidne<\/p>\n<p>Z\u012bmola nosaukums: Plastil\u012bns Magical<\/p>\n<p>Izcelsmes valsts: \u0136\u012bna<\/p>\n<p>Deta\u013cu skaits: 42<\/p>\n<p>Ieteicamais vecums: no 3 gadiem.<\/p>\n","protected":false},"featured_media":36327,"comment_status":"open","ping_status":"closed","template":"","meta":[],"product_brand":[],"product_cat":[1257,1180,1176],"product_tag":[],"class_list":{"0":"post-42505","1":"product","2":"type-product","3":"status-publish","4":"has-post-thumbnail","6":"product_cat-rokdarbi-un-radosums","7":"product_cat-rotallietas-meitenem","8":"product_cat-rotallietas-zeniem","9":"pa_amziaus-grupe-3-lv","10":"pa_prekes-zenklas-plastilins","12":"first","13":"outofstock","14":"taxable","15":"shipping-taxable","16":"purchasable","17":"product-type-simple"},"yoast_head":"<!-- This site is optimized with the Yoast SEO plugin v26.3 - https:\/\/yoast.com\/wordpress\/plugins\/seo\/ -->\n<title>Mode\u013cu komplekts &quot;Sald\u0113jums un k\u0113ksi\u0146i&quot; - Toys.lt<\/title>\n<meta name=\"robots\" content=\"index, follow, max-snippet:-1, max-image-preview:large, max-video-preview:-1\" \/>\n<link rel=\"canonical\" href=\"https:\/\/toys.lt\/lv\/produktas\/modelu-komplekts-saldejums-un-keksini\/\" \/>\n<meta property=\"og:locale\" content=\"lv_LV\" \/>\n<meta property=\"og:type\" content=\"article\" \/>\n<meta property=\"og:title\" content=\"Mode\u013cu komplekts &quot;Sald\u0113jums un k\u0113ksi\u0146i&quot; - Toys.lt\" \/>\n<meta property=\"og:description\" content=\"Produkta veids: veidne Z\u012bmola nosaukums: Plastil\u012bns Magical Izcelsmes valsts: \u0136\u012bna Deta\u013cu skaits: 42 Ieteicamais vecums: no 3 gadiem.\" \/>\n<meta property=\"og:url\" content=\"https:\/\/toys.lt\/lv\/produktas\/modelu-komplekts-saldejums-un-keksini\/\" \/>\n<meta property=\"og:site_name\" content=\"Toys.lt\" \/>\n<meta property=\"article:modified_time\" content=\"2026-02-20T00:00:51+00:00\" \/>\n<meta property=\"og:image\" content=\"https:\/\/toys.lt\/wp-content\/uploads\/2020\/03\/products-162.jpg\" \/>\n\t<meta property=\"og:image:width\" content=\"2300\" \/>\n\t<meta property=\"og:image:height\" content=\"1523\" \/>\n\t<meta property=\"og:image:type\" content=\"image\/jpeg\" \/>\n<meta name=\"twitter:card\" content=\"summary_large_image\" \/>\n<meta name=\"twitter:label1\" content=\"Est. reading time\" \/>\n\t<meta name=\"twitter:data1\" content=\"1 minute\" \/>\n<script type=\"application\/ld+json\" class=\"yoast-schema-graph\">{\"@context\":\"https:\/\/schema.org\",\"@graph\":[{\"@type\":\"WebPage\",\"@id\":\"https:\/\/toys.lt\/lv\/produktas\/modelu-komplekts-saldejums-un-keksini\/\",\"url\":\"https:\/\/toys.lt\/lv\/produktas\/modelu-komplekts-saldejums-un-keksini\/\",\"name\":\"Mode\u013cu komplekts \\\"Sald\u0113jums un k\u0113ksi\u0146i\\\" - Toys.lt\",\"isPartOf\":{\"@id\":\"https:\/\/toys.lt\/lv\/#website\"},\"primaryImageOfPage\":{\"@id\":\"https:\/\/toys.lt\/lv\/produktas\/modelu-komplekts-saldejums-un-keksini\/#primaryimage\"},\"image\":{\"@id\":\"https:\/\/toys.lt\/lv\/produktas\/modelu-komplekts-saldejums-un-keksini\/#primaryimage\"},\"thumbnailUrl\":\"https:\/\/toys.lt\/wp-content\/uploads\/2020\/03\/products-162.jpg\",\"datePublished\":\"2020-03-24T03:10:33+00:00\",\"dateModified\":\"2026-02-20T00:00:51+00:00\",\"breadcrumb\":{\"@id\":\"https:\/\/toys.lt\/lv\/produktas\/modelu-komplekts-saldejums-un-keksini\/#breadcrumb\"},\"inLanguage\":\"lv-LV\",\"potentialAction\":[{\"@type\":\"ReadAction\",\"target\":[\"https:\/\/toys.lt\/lv\/produktas\/modelu-komplekts-saldejums-un-keksini\/\"]}]},{\"@type\":\"ImageObject\",\"inLanguage\":\"lv-LV\",\"@id\":\"https:\/\/toys.lt\/lv\/produktas\/modelu-komplekts-saldejums-un-keksini\/#primaryimage\",\"url\":\"https:\/\/toys.lt\/wp-content\/uploads\/2020\/03\/products-162.jpg\",\"contentUrl\":\"https:\/\/toys.lt\/wp-content\/uploads\/2020\/03\/products-162.jpg\",\"width\":2300,\"height\":1523,\"caption\":\"Modelino rinkinys &#8220;Ledai ir keksiukai&#8221;\"},{\"@type\":\"BreadcrumbList\",\"@id\":\"https:\/\/toys.lt\/lv\/produktas\/modelu-komplekts-saldejums-un-keksini\/#breadcrumb\",\"itemListElement\":[{\"@type\":\"ListItem\",\"position\":1,\"name\":\"Home\",\"item\":\"https:\/\/toys.lt\/lv\/\"},{\"@type\":\"ListItem\",\"position\":2,\"name\":\"Veikals\",\"item\":\"https:\/\/toys.lt\/lv\/shop\/\"},{\"@type\":\"ListItem\",\"position\":3,\"name\":\"Mode\u013cu komplekts &#8222;Sald\u0113jums un k\u0113ksi\u0146i&#8221;\"}]},{\"@type\":\"WebSite\",\"@id\":\"https:\/\/toys.lt\/lv\/#website\",\"url\":\"https:\/\/toys.lt\/lv\/\",\"name\":\"Toys.lt\",\"description\":\"\",\"potentialAction\":[{\"@type\":\"SearchAction\",\"target\":{\"@type\":\"EntryPoint\",\"urlTemplate\":\"https:\/\/toys.lt\/lv\/?s={search_term_string}\"},\"query-input\":{\"@type\":\"PropertyValueSpecification\",\"valueRequired\":true,\"valueName\":\"search_term_string\"}}],\"inLanguage\":\"lv-LV\"}]}<\/script>\n<!-- \/ Yoast SEO plugin. -->","yoast_head_json":{"title":"Mode\u013cu komplekts \"Sald\u0113jums un k\u0113ksi\u0146i\" - Toys.lt","robots":{"index":"index","follow":"follow","max-snippet":"max-snippet:-1","max-image-preview":"max-image-preview:large","max-video-preview":"max-video-preview:-1"},"canonical":"https:\/\/toys.lt\/lv\/produktas\/modelu-komplekts-saldejums-un-keksini\/","og_locale":"lv_LV","og_type":"article","og_title":"Mode\u013cu komplekts \"Sald\u0113jums un k\u0113ksi\u0146i\" - Toys.lt","og_description":"Produkta veids: veidne Z\u012bmola nosaukums: Plastil\u012bns Magical Izcelsmes valsts: \u0136\u012bna Deta\u013cu skaits: 42 Ieteicamais vecums: no 3 gadiem.","og_url":"https:\/\/toys.lt\/lv\/produktas\/modelu-komplekts-saldejums-un-keksini\/","og_site_name":"Toys.lt","article_modified_time":"2026-02-20T00:00:51+00:00","og_image":[{"width":2300,"height":1523,"url":"https:\/\/toys.lt\/wp-content\/uploads\/2020\/03\/products-162.jpg","type":"image\/jpeg"}],"twitter_card":"summary_large_image","twitter_misc":{"Est. reading time":"1 minute"},"schema":{"@context":"https:\/\/schema.org","@graph":[{"@type":"WebPage","@id":"https:\/\/toys.lt\/lv\/produktas\/modelu-komplekts-saldejums-un-keksini\/","url":"https:\/\/toys.lt\/lv\/produktas\/modelu-komplekts-saldejums-un-keksini\/","name":"Mode\u013cu komplekts \"Sald\u0113jums un k\u0113ksi\u0146i\" - Toys.lt","isPartOf":{"@id":"https:\/\/toys.lt\/lv\/#website"},"primaryImageOfPage":{"@id":"https:\/\/toys.lt\/lv\/produktas\/modelu-komplekts-saldejums-un-keksini\/#primaryimage"},"image":{"@id":"https:\/\/toys.lt\/lv\/produktas\/modelu-komplekts-saldejums-un-keksini\/#primaryimage"},"thumbnailUrl":"https:\/\/toys.lt\/wp-content\/uploads\/2020\/03\/products-162.jpg","datePublished":"2020-03-24T03:10:33+00:00","dateModified":"2026-02-20T00:00:51+00:00","breadcrumb":{"@id":"https:\/\/toys.lt\/lv\/produktas\/modelu-komplekts-saldejums-un-keksini\/#breadcrumb"},"inLanguage":"lv-LV","potentialAction":[{"@type":"ReadAction","target":["https:\/\/toys.lt\/lv\/produktas\/modelu-komplekts-saldejums-un-keksini\/"]}]},{"@type":"ImageObject","inLanguage":"lv-LV","@id":"https:\/\/toys.lt\/lv\/produktas\/modelu-komplekts-saldejums-un-keksini\/#primaryimage","url":"https:\/\/toys.lt\/wp-content\/uploads\/2020\/03\/products-162.jpg","contentUrl":"https:\/\/toys.lt\/wp-content\/uploads\/2020\/03\/products-162.jpg","width":2300,"height":1523,"caption":"Modelino rinkinys &#8220;Ledai ir keksiukai&#8221;"},{"@type":"BreadcrumbList","@id":"https:\/\/toys.lt\/lv\/produktas\/modelu-komplekts-saldejums-un-keksini\/#breadcrumb","itemListElement":[{"@type":"ListItem","position":1,"name":"Home","item":"https:\/\/toys.lt\/lv\/"},{"@type":"ListItem","position":2,"name":"Veikals","item":"https:\/\/toys.lt\/lv\/shop\/"},{"@type":"ListItem","position":3,"name":"Mode\u013cu komplekts &#8222;Sald\u0113jums un k\u0113ksi\u0146i&#8221;"}]},{"@type":"WebSite","@id":"https:\/\/toys.lt\/lv\/#website","url":"https:\/\/toys.lt\/lv\/","name":"Toys.lt","description":"","potentialAction":[{"@type":"SearchAction","target":{"@type":"EntryPoint","urlTemplate":"https:\/\/toys.lt\/lv\/?s={search_term_string}"},"query-input":{"@type":"PropertyValueSpecification","valueRequired":true,"valueName":"search_term_string"}}],"inLanguage":"lv-LV"}]}},"_links":{"self":[{"href":"https:\/\/toys.lt\/lv\/wp-json\/wp\/v2\/product\/42505","targetHints":{"allow":["GET"]}}],"collection":[{"href":"https:\/\/toys.lt\/lv\/wp-json\/wp\/v2\/product"}],"about":[{"href":"https:\/\/toys.lt\/lv\/wp-json\/wp\/v2\/types\/product"}],"replies":[{"embeddable":true,"href":"https:\/\/toys.lt\/lv\/wp-json\/wp\/v2\/comments?post=42505"}],"version-history":[{"count":0,"href":"https:\/\/toys.lt\/lv\/wp-json\/wp\/v2\/product\/42505\/revisions"}],"wp:featuredmedia":[{"embeddable":true,"href":"https:\/\/toys.lt\/lv\/wp-json\/wp\/v2\/media\/36327"}],"wp:attachment":[{"href":"https:\/\/toys.lt\/lv\/wp-json\/wp\/v2\/media?parent=42505"}],"wp:term":[{"taxonomy":"product_brand","embeddable":true,"href":"https:\/\/toys.lt\/lv\/wp-json\/wp\/v2\/product_brand?post=42505"},{"taxonomy":"product_cat","embeddable":true,"href":"https:\/\/toys.lt\/lv\/wp-json\/wp\/v2\/product_cat?post=42505"},{"taxonomy":"product_tag","embeddable":true,"href":"https:\/\/toys.lt\/lv\/wp-json\/wp\/v2\/product_tag?post=42505"}],"curies":[{"name":"wp","href":"https:\/\/api.w.org\/{rel}","templated":true}]}}