{"id":42504,"date":"2020-03-23T09:51:03","date_gmt":"2020-03-23T09:51:03","guid":{"rendered":"https:\/\/toys.lt\/produktas\/rotallietu-futbola-vartu-komplekts\/"},"modified":"2026-04-09T00:03:27","modified_gmt":"2026-04-09T00:03:27","slug":"rotallietu-futbola-vartu-komplekts","status":"publish","type":"product","link":"https:\/\/toys.lt\/lv\/produktas\/rotallietu-futbola-vartu-komplekts\/","title":{"rendered":"Rota\u013clietu futbola v\u0101rtu komplekts"},"content":{"rendered":"<p>\u0160\u012bs aizraujo\u0161\u0101s un jautr\u0101s sp\u0113les laik\u0101 j\u016bsu b\u0113rns jut\u012bsies k\u0101 \u012bsts \u010dempions!<\/p>\n<p>Plastmasas un saliekamie <strong>rota\u013cu futbola<\/strong> v\u0101rti ar t\u012bklu un bumbu, ide\u0101li piem\u0113roti rota\u013c\u0101m m\u0101j\u0101s un \u0101r\u0101.<\/p>\n<p><strong>Rota\u013clieta<\/strong> ir \u0101tri un viegli saliekama un izjaucama, t\u0101p\u0113c t\u0101s uzglab\u0101\u0161ana un transport\u0113\u0161ana nesag\u0101d\u0101s probl\u0113mas.<\/p>\n<p><strong>Komplekt\u0101 ietilpst:<\/strong><\/p>\n<ul style=\"list-style-type: square;\">\n<li>Futbola v\u0101rti (93 x 62 x 50 cm)<\/li>\n<li>V\u0101rtu t\u012bkls<\/li>\n<li>Bumba<\/li>\n<li>S\u016bknis<\/li>\n<\/ul>\n<p><strong>Funkcijas:<\/strong><\/p>\n<ul style=\"list-style-type: square;\">\n<li>Viegls, mobils un kompakts<\/li>\n<li>Viegli samont\u0113t un izv\u0113l\u0113ties<\/li>\n<li>Nav asu st\u016bru, t\u0101p\u0113c ir dro\u0161s b\u0113rniem<\/li>\n<\/ul>\n","protected":false},"excerpt":{"rendered":"<p>Produkta veids: sporta<\/p>\n<p>Izcelsmes valsts: \u0136\u012bna<\/p>\n<p>Da\u013cu skaits: 12<\/p>\n<p>Caurules biezums: 3,5 cm<\/p>\n<p>Ieteicamais vecums: no 3 gadiem.<\/p>\n","protected":false},"featured_media":36205,"comment_status":"open","ping_status":"closed","template":"","meta":[],"product_brand":[],"product_cat":[1176,1277],"product_tag":[],"class_list":{"0":"post-42504","1":"product","2":"type-product","3":"status-publish","4":"has-post-thumbnail","6":"product_cat-rotallietas-zeniem","7":"product_cat-sporta-un-izklaides-rotallietas","8":"pa_ean_nc-9420191216874-lv","9":"pa_spalva-dazadi-lv","11":"first","12":"instock","13":"sale","14":"taxable","15":"shipping-taxable","16":"purchasable","17":"product-type-simple"},"yoast_head":"<!-- This site is optimized with the Yoast SEO plugin v26.3 - https:\/\/yoast.com\/wordpress\/plugins\/seo\/ -->\n<title>Rota\u013clietu futbola v\u0101rtu komplekts - Toys.lt<\/title>\n<meta name=\"robots\" content=\"index, follow, max-snippet:-1, max-image-preview:large, max-video-preview:-1\" \/>\n<link rel=\"canonical\" href=\"https:\/\/toys.lt\/lv\/produktas\/rotallietu-futbola-vartu-komplekts\/\" \/>\n<meta property=\"og:locale\" content=\"lv_LV\" \/>\n<meta property=\"og:type\" content=\"article\" \/>\n<meta property=\"og:title\" content=\"Rota\u013clietu futbola v\u0101rtu komplekts - Toys.lt\" \/>\n<meta property=\"og:description\" content=\"Produkta veids: sporta Izcelsmes valsts: \u0136\u012bna Da\u013cu skaits: 12 Caurules biezums: 3,5 cm Ieteicamais vecums: no 3 gadiem.\" \/>\n<meta property=\"og:url\" content=\"https:\/\/toys.lt\/lv\/produktas\/rotallietu-futbola-vartu-komplekts\/\" \/>\n<meta property=\"og:site_name\" content=\"Toys.lt\" \/>\n<meta property=\"article:modified_time\" content=\"2026-04-09T00:03:27+00:00\" \/>\n<meta property=\"og:image\" content=\"https:\/\/toys.lt\/wp-content\/uploads\/nc\/p\/1\/6\/1\/161.jpg\" \/>\n\t<meta property=\"og:image:width\" content=\"1654\" \/>\n\t<meta property=\"og:image:height\" content=\"1181\" \/>\n\t<meta property=\"og:image:type\" content=\"image\/jpeg\" \/>\n<meta name=\"twitter:card\" content=\"summary_large_image\" \/>\n<meta name=\"twitter:label1\" content=\"Est. reading time\" \/>\n\t<meta name=\"twitter:data1\" content=\"1 minute\" \/>\n<script type=\"application\/ld+json\" class=\"yoast-schema-graph\">{\"@context\":\"https:\/\/schema.org\",\"@graph\":[{\"@type\":\"WebPage\",\"@id\":\"https:\/\/toys.lt\/lv\/produktas\/rotallietu-futbola-vartu-komplekts\/\",\"url\":\"https:\/\/toys.lt\/lv\/produktas\/rotallietu-futbola-vartu-komplekts\/\",\"name\":\"Rota\u013clietu futbola v\u0101rtu komplekts - Toys.lt\",\"isPartOf\":{\"@id\":\"https:\/\/toys.lt\/lv\/#website\"},\"primaryImageOfPage\":{\"@id\":\"https:\/\/toys.lt\/lv\/produktas\/rotallietu-futbola-vartu-komplekts\/#primaryimage\"},\"image\":{\"@id\":\"https:\/\/toys.lt\/lv\/produktas\/rotallietu-futbola-vartu-komplekts\/#primaryimage\"},\"thumbnailUrl\":\"https:\/\/toys.lt\/wp-content\/uploads\/nc\/p\/1\/6\/1\/161.jpg\",\"datePublished\":\"2020-03-23T09:51:03+00:00\",\"dateModified\":\"2026-04-09T00:03:27+00:00\",\"breadcrumb\":{\"@id\":\"https:\/\/toys.lt\/lv\/produktas\/rotallietu-futbola-vartu-komplekts\/#breadcrumb\"},\"inLanguage\":\"lv-LV\",\"potentialAction\":[{\"@type\":\"ReadAction\",\"target\":[\"https:\/\/toys.lt\/lv\/produktas\/rotallietu-futbola-vartu-komplekts\/\"]}]},{\"@type\":\"ImageObject\",\"inLanguage\":\"lv-LV\",\"@id\":\"https:\/\/toys.lt\/lv\/produktas\/rotallietu-futbola-vartu-komplekts\/#primaryimage\",\"url\":\"https:\/\/toys.lt\/wp-content\/uploads\/nc\/p\/1\/6\/1\/161.jpg\",\"contentUrl\":\"https:\/\/toys.lt\/wp-content\/uploads\/nc\/p\/1\/6\/1\/161.jpg\",\"width\":1654,\"height\":1181,\"caption\":\"\u017daislinis futbolo vart\u0173 rinkinys\"},{\"@type\":\"BreadcrumbList\",\"@id\":\"https:\/\/toys.lt\/lv\/produktas\/rotallietu-futbola-vartu-komplekts\/#breadcrumb\",\"itemListElement\":[{\"@type\":\"ListItem\",\"position\":1,\"name\":\"Home\",\"item\":\"https:\/\/toys.lt\/lv\/\"},{\"@type\":\"ListItem\",\"position\":2,\"name\":\"Veikals\",\"item\":\"https:\/\/toys.lt\/lv\/shop\/\"},{\"@type\":\"ListItem\",\"position\":3,\"name\":\"Rota\u013clietu futbola v\u0101rtu komplekts\"}]},{\"@type\":\"WebSite\",\"@id\":\"https:\/\/toys.lt\/lv\/#website\",\"url\":\"https:\/\/toys.lt\/lv\/\",\"name\":\"Toys.lt\",\"description\":\"\",\"potentialAction\":[{\"@type\":\"SearchAction\",\"target\":{\"@type\":\"EntryPoint\",\"urlTemplate\":\"https:\/\/toys.lt\/lv\/?s={search_term_string}\"},\"query-input\":{\"@type\":\"PropertyValueSpecification\",\"valueRequired\":true,\"valueName\":\"search_term_string\"}}],\"inLanguage\":\"lv-LV\"}]}<\/script>\n<!-- \/ Yoast SEO plugin. -->","yoast_head_json":{"title":"Rota\u013clietu futbola v\u0101rtu komplekts - Toys.lt","robots":{"index":"index","follow":"follow","max-snippet":"max-snippet:-1","max-image-preview":"max-image-preview:large","max-video-preview":"max-video-preview:-1"},"canonical":"https:\/\/toys.lt\/lv\/produktas\/rotallietu-futbola-vartu-komplekts\/","og_locale":"lv_LV","og_type":"article","og_title":"Rota\u013clietu futbola v\u0101rtu komplekts - Toys.lt","og_description":"Produkta veids: sporta Izcelsmes valsts: \u0136\u012bna Da\u013cu skaits: 12 Caurules biezums: 3,5 cm Ieteicamais vecums: no 3 gadiem.","og_url":"https:\/\/toys.lt\/lv\/produktas\/rotallietu-futbola-vartu-komplekts\/","og_site_name":"Toys.lt","article_modified_time":"2026-04-09T00:03:27+00:00","og_image":[{"width":1654,"height":1181,"url":"https:\/\/toys.lt\/wp-content\/uploads\/nc\/p\/1\/6\/1\/161.jpg","type":"image\/jpeg"}],"twitter_card":"summary_large_image","twitter_misc":{"Est. reading time":"1 minute"},"schema":{"@context":"https:\/\/schema.org","@graph":[{"@type":"WebPage","@id":"https:\/\/toys.lt\/lv\/produktas\/rotallietu-futbola-vartu-komplekts\/","url":"https:\/\/toys.lt\/lv\/produktas\/rotallietu-futbola-vartu-komplekts\/","name":"Rota\u013clietu futbola v\u0101rtu komplekts - Toys.lt","isPartOf":{"@id":"https:\/\/toys.lt\/lv\/#website"},"primaryImageOfPage":{"@id":"https:\/\/toys.lt\/lv\/produktas\/rotallietu-futbola-vartu-komplekts\/#primaryimage"},"image":{"@id":"https:\/\/toys.lt\/lv\/produktas\/rotallietu-futbola-vartu-komplekts\/#primaryimage"},"thumbnailUrl":"https:\/\/toys.lt\/wp-content\/uploads\/nc\/p\/1\/6\/1\/161.jpg","datePublished":"2020-03-23T09:51:03+00:00","dateModified":"2026-04-09T00:03:27+00:00","breadcrumb":{"@id":"https:\/\/toys.lt\/lv\/produktas\/rotallietu-futbola-vartu-komplekts\/#breadcrumb"},"inLanguage":"lv-LV","potentialAction":[{"@type":"ReadAction","target":["https:\/\/toys.lt\/lv\/produktas\/rotallietu-futbola-vartu-komplekts\/"]}]},{"@type":"ImageObject","inLanguage":"lv-LV","@id":"https:\/\/toys.lt\/lv\/produktas\/rotallietu-futbola-vartu-komplekts\/#primaryimage","url":"https:\/\/toys.lt\/wp-content\/uploads\/nc\/p\/1\/6\/1\/161.jpg","contentUrl":"https:\/\/toys.lt\/wp-content\/uploads\/nc\/p\/1\/6\/1\/161.jpg","width":1654,"height":1181,"caption":"\u017daislinis futbolo vart\u0173 rinkinys"},{"@type":"BreadcrumbList","@id":"https:\/\/toys.lt\/lv\/produktas\/rotallietu-futbola-vartu-komplekts\/#breadcrumb","itemListElement":[{"@type":"ListItem","position":1,"name":"Home","item":"https:\/\/toys.lt\/lv\/"},{"@type":"ListItem","position":2,"name":"Veikals","item":"https:\/\/toys.lt\/lv\/shop\/"},{"@type":"ListItem","position":3,"name":"Rota\u013clietu futbola v\u0101rtu komplekts"}]},{"@type":"WebSite","@id":"https:\/\/toys.lt\/lv\/#website","url":"https:\/\/toys.lt\/lv\/","name":"Toys.lt","description":"","potentialAction":[{"@type":"SearchAction","target":{"@type":"EntryPoint","urlTemplate":"https:\/\/toys.lt\/lv\/?s={search_term_string}"},"query-input":{"@type":"PropertyValueSpecification","valueRequired":true,"valueName":"search_term_string"}}],"inLanguage":"lv-LV"}]}},"_links":{"self":[{"href":"https:\/\/toys.lt\/lv\/wp-json\/wp\/v2\/product\/42504","targetHints":{"allow":["GET"]}}],"collection":[{"href":"https:\/\/toys.lt\/lv\/wp-json\/wp\/v2\/product"}],"about":[{"href":"https:\/\/toys.lt\/lv\/wp-json\/wp\/v2\/types\/product"}],"replies":[{"embeddable":true,"href":"https:\/\/toys.lt\/lv\/wp-json\/wp\/v2\/comments?post=42504"}],"version-history":[{"count":1,"href":"https:\/\/toys.lt\/lv\/wp-json\/wp\/v2\/product\/42504\/revisions"}],"predecessor-version":[{"id":45957,"href":"https:\/\/toys.lt\/lv\/wp-json\/wp\/v2\/product\/42504\/revisions\/45957"}],"wp:featuredmedia":[{"embeddable":true,"href":"https:\/\/toys.lt\/lv\/wp-json\/wp\/v2\/media\/36205"}],"wp:attachment":[{"href":"https:\/\/toys.lt\/lv\/wp-json\/wp\/v2\/media?parent=42504"}],"wp:term":[{"taxonomy":"product_brand","embeddable":true,"href":"https:\/\/toys.lt\/lv\/wp-json\/wp\/v2\/product_brand?post=42504"},{"taxonomy":"product_cat","embeddable":true,"href":"https:\/\/toys.lt\/lv\/wp-json\/wp\/v2\/product_cat?post=42504"},{"taxonomy":"product_tag","embeddable":true,"href":"https:\/\/toys.lt\/lv\/wp-json\/wp\/v2\/product_tag?post=42504"}],"curies":[{"name":"wp","href":"https:\/\/api.w.org\/{rel}","templated":true}]}}