{"id":42493,"date":"2020-04-06T06:10:14","date_gmt":"2020-04-06T06:10:14","guid":{"rendered":"https:\/\/toys.lt\/produktas\/izglitojosa-spele-mozaika\/"},"modified":"2026-04-09T00:02:59","modified_gmt":"2026-04-09T00:02:59","slug":"izglitojosa-spele-mozaika","status":"publish","type":"product","link":"https:\/\/toys.lt\/lv\/produktas\/izglitojosa-spele-mozaika\/","title":{"rendered":"Izgl\u012btojo\u0161a sp\u0113le &#8220;Moza\u012bka&#8221;"},"content":{"rendered":"<p><strong>Funkcijas:<\/strong><\/p>\n<ul style=\"list-style-type: square;\">\n<li>Kr\u0101sainas, vieglas deta\u013cas<\/li>\n<li>Dro\u0161i sp\u0113l\u0113t<\/li>\n<li>Att\u012bsta intelektu, s\u012bko motoriku un izt\u0113li.<\/li>\n<\/ul>\n<p>&nbsp;<\/p>\n","protected":false},"excerpt":{"rendered":"<p>Produkta veids: izgl\u012btojo\u0161s<\/p>\n<p>Izcelsmes valsts: \u0136\u012bna<\/p>\n<p>Produkta materi\u0101ls: plastmasa<\/p>\n<p>Svars: 0,5,kg<\/p>\n<p>Ieteicamais vecums: no 6 gadiem.<\/p>\n","protected":false},"featured_media":36467,"comment_status":"open","ping_status":"closed","template":"","meta":[],"product_brand":[],"product_cat":[1157,1406,1257,1180,1176],"product_tag":[],"class_list":{"0":"post-42493","1":"product","2":"type-product","3":"status-publish","4":"has-post-thumbnail","6":"product_cat-izglitojosas-un-interaktivas-rotallietas","7":"product_cat-letakais","8":"product_cat-rokdarbi-un-radosums","9":"product_cat-rotallietas-meitenem","10":"product_cat-rotallietas-zeniem","11":"pa_amziaus-grupe-6-lv","12":"pa_prek-s-tipas-rotallietas-dazadam-spejam","14":"first","15":"instock","16":"sale","17":"taxable","18":"shipping-taxable","19":"purchasable","20":"product-type-simple"},"yoast_head":"<!-- This site is optimized with the Yoast SEO plugin v27.6 - https:\/\/yoast.com\/product\/yoast-seo-wordpress\/ -->\n<title>Izgl\u012btojo\u0161a sp\u0113le &quot;Moza\u012bka&quot; - Toys.lt<\/title>\n<meta name=\"robots\" content=\"index, follow, max-snippet:-1, max-image-preview:large, max-video-preview:-1\" \/>\n<link rel=\"canonical\" href=\"https:\/\/toys.lt\/lv\/produktas\/izglitojosa-spele-mozaika\/\" \/>\n<meta property=\"og:locale\" content=\"lv_LV\" \/>\n<meta property=\"og:type\" content=\"article\" \/>\n<meta property=\"og:title\" content=\"Izgl\u012btojo\u0161a sp\u0113le &quot;Moza\u012bka&quot; - Toys.lt\" \/>\n<meta property=\"og:description\" content=\"Produkta veids: izgl\u012btojo\u0161s Izcelsmes valsts: \u0136\u012bna Produkta materi\u0101ls: plastmasa Svars: 0,5,kg Ieteicamais vecums: no 6 gadiem.\" \/>\n<meta property=\"og:url\" content=\"https:\/\/toys.lt\/lv\/produktas\/izglitojosa-spele-mozaika\/\" \/>\n<meta property=\"og:site_name\" content=\"Toys.lt\" \/>\n<meta property=\"article:modified_time\" content=\"2026-04-09T00:02:59+00:00\" \/>\n<meta property=\"og:image\" content=\"https:\/\/toys.lt\/wp-content\/uploads\/2020\/04\/products-330.jpg\" \/>\n\t<meta property=\"og:image:width\" content=\"1500\" \/>\n\t<meta property=\"og:image:height\" content=\"1126\" \/>\n\t<meta property=\"og:image:type\" content=\"image\/jpeg\" \/>\n<meta name=\"twitter:card\" content=\"summary_large_image\" \/>\n<script type=\"application\/ld+json\" class=\"yoast-schema-graph\">{\"@context\":\"https:\\\/\\\/schema.org\",\"@graph\":[{\"@type\":\"WebPage\",\"@id\":\"https:\\\/\\\/toys.lt\\\/lv\\\/produktas\\\/izglitojosa-spele-mozaika\\\/\",\"url\":\"https:\\\/\\\/toys.lt\\\/lv\\\/produktas\\\/izglitojosa-spele-mozaika\\\/\",\"name\":\"Izgl\u012btojo\u0161a sp\u0113le \\\"Moza\u012bka\\\" - Toys.lt\",\"isPartOf\":{\"@id\":\"https:\\\/\\\/toys.lt\\\/lv\\\/#website\"},\"primaryImageOfPage\":{\"@id\":\"https:\\\/\\\/toys.lt\\\/lv\\\/produktas\\\/izglitojosa-spele-mozaika\\\/#primaryimage\"},\"image\":{\"@id\":\"https:\\\/\\\/toys.lt\\\/lv\\\/produktas\\\/izglitojosa-spele-mozaika\\\/#primaryimage\"},\"thumbnailUrl\":\"https:\\\/\\\/toys.lt\\\/wp-content\\\/uploads\\\/2020\\\/04\\\/products-330.jpg\",\"datePublished\":\"2020-04-06T06:10:14+00:00\",\"dateModified\":\"2026-04-09T00:02:59+00:00\",\"breadcrumb\":{\"@id\":\"https:\\\/\\\/toys.lt\\\/lv\\\/produktas\\\/izglitojosa-spele-mozaika\\\/#breadcrumb\"},\"inLanguage\":\"lv-LV\",\"potentialAction\":[{\"@type\":\"ReadAction\",\"target\":[\"https:\\\/\\\/toys.lt\\\/lv\\\/produktas\\\/izglitojosa-spele-mozaika\\\/\"]}]},{\"@type\":\"ImageObject\",\"inLanguage\":\"lv-LV\",\"@id\":\"https:\\\/\\\/toys.lt\\\/lv\\\/produktas\\\/izglitojosa-spele-mozaika\\\/#primaryimage\",\"url\":\"https:\\\/\\\/toys.lt\\\/wp-content\\\/uploads\\\/2020\\\/04\\\/products-330.jpg\",\"contentUrl\":\"https:\\\/\\\/toys.lt\\\/wp-content\\\/uploads\\\/2020\\\/04\\\/products-330.jpg\",\"width\":1500,\"height\":1126,\"caption\":\"Lavinamasis \u017eaidimas &#8220;Mozaika&#8221;\"},{\"@type\":\"BreadcrumbList\",\"@id\":\"https:\\\/\\\/toys.lt\\\/lv\\\/produktas\\\/izglitojosa-spele-mozaika\\\/#breadcrumb\",\"itemListElement\":[{\"@type\":\"ListItem\",\"position\":1,\"name\":\"Home\",\"item\":\"https:\\\/\\\/toys.lt\\\/lv\\\/\"},{\"@type\":\"ListItem\",\"position\":2,\"name\":\"Veikals\",\"item\":\"https:\\\/\\\/toys.lt\\\/lv\\\/shop\\\/\"},{\"@type\":\"ListItem\",\"position\":3,\"name\":\"Izgl\u012btojo\u0161a sp\u0113le &#8222;Moza\u012bka&#8221;\"}]},{\"@type\":\"WebSite\",\"@id\":\"https:\\\/\\\/toys.lt\\\/lv\\\/#website\",\"url\":\"https:\\\/\\\/toys.lt\\\/lv\\\/\",\"name\":\"Toys.lt\",\"description\":\"\",\"potentialAction\":[{\"@type\":\"SearchAction\",\"target\":{\"@type\":\"EntryPoint\",\"urlTemplate\":\"https:\\\/\\\/toys.lt\\\/lv\\\/?s={search_term_string}\"},\"query-input\":{\"@type\":\"PropertyValueSpecification\",\"valueRequired\":true,\"valueName\":\"search_term_string\"}}],\"inLanguage\":\"lv-LV\"}]}<\/script>\n<!-- \/ Yoast SEO plugin. -->","yoast_head_json":{"title":"Izgl\u012btojo\u0161a sp\u0113le \"Moza\u012bka\" - Toys.lt","robots":{"index":"index","follow":"follow","max-snippet":"max-snippet:-1","max-image-preview":"max-image-preview:large","max-video-preview":"max-video-preview:-1"},"canonical":"https:\/\/toys.lt\/lv\/produktas\/izglitojosa-spele-mozaika\/","og_locale":"lv_LV","og_type":"article","og_title":"Izgl\u012btojo\u0161a sp\u0113le \"Moza\u012bka\" - Toys.lt","og_description":"Produkta veids: izgl\u012btojo\u0161s Izcelsmes valsts: \u0136\u012bna Produkta materi\u0101ls: plastmasa Svars: 0,5,kg Ieteicamais vecums: no 6 gadiem.","og_url":"https:\/\/toys.lt\/lv\/produktas\/izglitojosa-spele-mozaika\/","og_site_name":"Toys.lt","article_modified_time":"2026-04-09T00:02:59+00:00","og_image":[{"width":1500,"height":1126,"url":"https:\/\/toys.lt\/wp-content\/uploads\/2020\/04\/products-330.jpg","type":"image\/jpeg"}],"twitter_card":"summary_large_image","schema":{"@context":"https:\/\/schema.org","@graph":[{"@type":"WebPage","@id":"https:\/\/toys.lt\/lv\/produktas\/izglitojosa-spele-mozaika\/","url":"https:\/\/toys.lt\/lv\/produktas\/izglitojosa-spele-mozaika\/","name":"Izgl\u012btojo\u0161a sp\u0113le \"Moza\u012bka\" - Toys.lt","isPartOf":{"@id":"https:\/\/toys.lt\/lv\/#website"},"primaryImageOfPage":{"@id":"https:\/\/toys.lt\/lv\/produktas\/izglitojosa-spele-mozaika\/#primaryimage"},"image":{"@id":"https:\/\/toys.lt\/lv\/produktas\/izglitojosa-spele-mozaika\/#primaryimage"},"thumbnailUrl":"https:\/\/toys.lt\/wp-content\/uploads\/2020\/04\/products-330.jpg","datePublished":"2020-04-06T06:10:14+00:00","dateModified":"2026-04-09T00:02:59+00:00","breadcrumb":{"@id":"https:\/\/toys.lt\/lv\/produktas\/izglitojosa-spele-mozaika\/#breadcrumb"},"inLanguage":"lv-LV","potentialAction":[{"@type":"ReadAction","target":["https:\/\/toys.lt\/lv\/produktas\/izglitojosa-spele-mozaika\/"]}]},{"@type":"ImageObject","inLanguage":"lv-LV","@id":"https:\/\/toys.lt\/lv\/produktas\/izglitojosa-spele-mozaika\/#primaryimage","url":"https:\/\/toys.lt\/wp-content\/uploads\/2020\/04\/products-330.jpg","contentUrl":"https:\/\/toys.lt\/wp-content\/uploads\/2020\/04\/products-330.jpg","width":1500,"height":1126,"caption":"Lavinamasis \u017eaidimas &#8220;Mozaika&#8221;"},{"@type":"BreadcrumbList","@id":"https:\/\/toys.lt\/lv\/produktas\/izglitojosa-spele-mozaika\/#breadcrumb","itemListElement":[{"@type":"ListItem","position":1,"name":"Home","item":"https:\/\/toys.lt\/lv\/"},{"@type":"ListItem","position":2,"name":"Veikals","item":"https:\/\/toys.lt\/lv\/shop\/"},{"@type":"ListItem","position":3,"name":"Izgl\u012btojo\u0161a sp\u0113le &#8222;Moza\u012bka&#8221;"}]},{"@type":"WebSite","@id":"https:\/\/toys.lt\/lv\/#website","url":"https:\/\/toys.lt\/lv\/","name":"Toys.lt","description":"","potentialAction":[{"@type":"SearchAction","target":{"@type":"EntryPoint","urlTemplate":"https:\/\/toys.lt\/lv\/?s={search_term_string}"},"query-input":{"@type":"PropertyValueSpecification","valueRequired":true,"valueName":"search_term_string"}}],"inLanguage":"lv-LV"}]}},"_links":{"self":[{"href":"https:\/\/toys.lt\/lv\/wp-json\/wp\/v2\/product\/42493","targetHints":{"allow":["GET"]}}],"collection":[{"href":"https:\/\/toys.lt\/lv\/wp-json\/wp\/v2\/product"}],"about":[{"href":"https:\/\/toys.lt\/lv\/wp-json\/wp\/v2\/types\/product"}],"replies":[{"embeddable":true,"href":"https:\/\/toys.lt\/lv\/wp-json\/wp\/v2\/comments?post=42493"}],"version-history":[{"count":1,"href":"https:\/\/toys.lt\/lv\/wp-json\/wp\/v2\/product\/42493\/revisions"}],"predecessor-version":[{"id":46357,"href":"https:\/\/toys.lt\/lv\/wp-json\/wp\/v2\/product\/42493\/revisions\/46357"}],"wp:featuredmedia":[{"embeddable":true,"href":"https:\/\/toys.lt\/lv\/wp-json\/wp\/v2\/media\/36467"}],"wp:attachment":[{"href":"https:\/\/toys.lt\/lv\/wp-json\/wp\/v2\/media?parent=42493"}],"wp:term":[{"taxonomy":"product_brand","embeddable":true,"href":"https:\/\/toys.lt\/lv\/wp-json\/wp\/v2\/product_brand?post=42493"},{"taxonomy":"product_cat","embeddable":true,"href":"https:\/\/toys.lt\/lv\/wp-json\/wp\/v2\/product_cat?post=42493"},{"taxonomy":"product_tag","embeddable":true,"href":"https:\/\/toys.lt\/lv\/wp-json\/wp\/v2\/product_tag?post=42493"}],"curies":[{"name":"wp","href":"https:\/\/api.w.org\/{rel}","templated":true}]}}