{"id":42492,"date":"2020-04-06T07:17:33","date_gmt":"2020-04-06T07:17:33","guid":{"rendered":"https:\/\/toys.lt\/produktas\/velcro-sautrinu-speles-komplekts-2\/"},"modified":"2026-04-09T00:02:58","modified_gmt":"2026-04-09T00:02:58","slug":"velcro-sautrinu-speles-komplekts-2","status":"publish","type":"product","link":"https:\/\/toys.lt\/lv\/produktas\/velcro-sautrinu-speles-komplekts-2\/","title":{"rendered":"Velcro \u0161autri\u0146u sp\u0113les komplekts"},"content":{"rendered":"<p><strong>Komplekt\u0101 ietilpst:<\/strong><\/p>\n<ul style=\"list-style-type: square;\">\n<li style=\"margin: 0px; padding: 0px; font: inherit; border: 0px;\">Aptur\u0113ts m\u0113r\u0137is<\/li>\n<li style=\"margin: 0px; padding: 0px; font: inherit; border: 0px;\">4 stores \u0161autri\u0146as<\/li>\n<li style=\"margin: 0px; padding: 0px; font: inherit; border: 0px;\">2 bumbas<\/li>\n<\/ul>\n<p><strong>Funkcijas:<\/strong><\/p>\n<ul style=\"list-style-type: square;\">\n<li style=\"margin: 0px; padding: 0px; font: inherit; border: 0px;\">Bumbas un \u0161autri\u0146as viegli piel\u012bp pie auduma m\u0113r\u0137a pamatnes<\/li>\n<li style=\"margin: 0px; padding: 0px; font: inherit; border: 0px;\">\u0160autri\u0146as un bumbi\u0146as ir \u0101\u0137\u012bgas, t\u0101p\u0113c sp\u0113l\u0113t ir dro\u0161i.<\/li>\n<li style=\"margin: 0px; padding: 0px; font: inherit; border: 0px;\">14 collu m\u0113r\u0137is<\/li>\n<li style=\"margin: 0px; padding: 0px; font: inherit; border: 0px;\">Uzlabo precizit\u0101ti, veikl\u012bbu, precizit\u0101ti, smalk\u0101s motorikas prasmes.<\/li>\n<\/ul>\n<p>Dr\u012bzum\u0101 b\u016bs pieejams pla\u0161\u0101ks produkta apraksts.<\/p>\n<p>Lai ieg\u016btu vair\u0101k inform\u0101cijas par produktu, zvaniet pa lap\u0101 nor\u0101d\u012bto t\u0101lru\u0146a numuru.<\/p>\n","protected":false},"excerpt":{"rendered":"<p>Produkta veids: br\u012bv\u0101 laika pavad\u012b\u0161anai<\/p>\n<p>Izcelsmes valsts: \u0136\u012bna<\/p>\n<p>Ieteicamais vecums: no 3 gadiem.<\/p>\n","protected":false},"featured_media":36472,"comment_status":"open","ping_status":"closed","template":"","meta":[],"product_brand":[],"product_cat":[1180,1176,1277,1406],"product_tag":[],"class_list":{"0":"post-42492","1":"product","2":"type-product","3":"status-publish","4":"has-post-thumbnail","6":"product_cat-rotallietas-meitenem","7":"product_cat-rotallietas-zeniem","8":"product_cat-sporta-un-izklaides-rotallietas","9":"product_cat-letakais","10":"pa_amziaus-grupe-3-lv","12":"first","13":"instock","14":"sale","15":"taxable","16":"shipping-taxable","17":"purchasable","18":"product-type-simple"},"yoast_head":"<!-- This site is optimized with the Yoast SEO plugin v26.3 - https:\/\/yoast.com\/wordpress\/plugins\/seo\/ -->\n<title>Velcro \u0161autri\u0146u sp\u0113les komplekts - Toys.lt<\/title>\n<meta name=\"robots\" content=\"index, follow, max-snippet:-1, max-image-preview:large, max-video-preview:-1\" \/>\n<link rel=\"canonical\" href=\"https:\/\/toys.lt\/lv\/produktas\/velcro-sautrinu-speles-komplekts-2\/\" \/>\n<meta property=\"og:locale\" content=\"lv_LV\" \/>\n<meta property=\"og:type\" content=\"article\" \/>\n<meta property=\"og:title\" content=\"Velcro \u0161autri\u0146u sp\u0113les komplekts - Toys.lt\" \/>\n<meta property=\"og:description\" content=\"Produkta veids: br\u012bv\u0101 laika pavad\u012b\u0161anai Izcelsmes valsts: \u0136\u012bna Ieteicamais vecums: no 3 gadiem.\" \/>\n<meta property=\"og:url\" content=\"https:\/\/toys.lt\/lv\/produktas\/velcro-sautrinu-speles-komplekts-2\/\" \/>\n<meta property=\"og:site_name\" content=\"Toys.lt\" \/>\n<meta property=\"article:modified_time\" content=\"2026-04-09T00:02:58+00:00\" \/>\n<meta property=\"og:image\" content=\"https:\/\/toys.lt\/wp-content\/uploads\/2020\/04\/products-335-scaled.jpg\" \/>\n\t<meta property=\"og:image:width\" content=\"1920\" \/>\n\t<meta property=\"og:image:height\" content=\"2560\" \/>\n\t<meta property=\"og:image:type\" content=\"image\/jpeg\" \/>\n<meta name=\"twitter:card\" content=\"summary_large_image\" \/>\n<script type=\"application\/ld+json\" class=\"yoast-schema-graph\">{\"@context\":\"https:\/\/schema.org\",\"@graph\":[{\"@type\":\"WebPage\",\"@id\":\"https:\/\/toys.lt\/lv\/produktas\/velcro-sautrinu-speles-komplekts-2\/\",\"url\":\"https:\/\/toys.lt\/lv\/produktas\/velcro-sautrinu-speles-komplekts-2\/\",\"name\":\"Velcro \u0161autri\u0146u sp\u0113les komplekts - Toys.lt\",\"isPartOf\":{\"@id\":\"https:\/\/toys.lt\/lv\/#website\"},\"primaryImageOfPage\":{\"@id\":\"https:\/\/toys.lt\/lv\/produktas\/velcro-sautrinu-speles-komplekts-2\/#primaryimage\"},\"image\":{\"@id\":\"https:\/\/toys.lt\/lv\/produktas\/velcro-sautrinu-speles-komplekts-2\/#primaryimage\"},\"thumbnailUrl\":\"https:\/\/toys.lt\/wp-content\/uploads\/2020\/04\/products-335-scaled.jpg\",\"datePublished\":\"2020-04-06T07:17:33+00:00\",\"dateModified\":\"2026-04-09T00:02:58+00:00\",\"breadcrumb\":{\"@id\":\"https:\/\/toys.lt\/lv\/produktas\/velcro-sautrinu-speles-komplekts-2\/#breadcrumb\"},\"inLanguage\":\"lv-LV\",\"potentialAction\":[{\"@type\":\"ReadAction\",\"target\":[\"https:\/\/toys.lt\/lv\/produktas\/velcro-sautrinu-speles-komplekts-2\/\"]}]},{\"@type\":\"ImageObject\",\"inLanguage\":\"lv-LV\",\"@id\":\"https:\/\/toys.lt\/lv\/produktas\/velcro-sautrinu-speles-komplekts-2\/#primaryimage\",\"url\":\"https:\/\/toys.lt\/wp-content\/uploads\/2020\/04\/products-335-scaled.jpg\",\"contentUrl\":\"https:\/\/toys.lt\/wp-content\/uploads\/2020\/04\/products-335-scaled.jpg\",\"width\":1920,\"height\":2560,\"caption\":\"\u017daidimo &#8220;Velcro Dart&#8221; rinkinys\"},{\"@type\":\"BreadcrumbList\",\"@id\":\"https:\/\/toys.lt\/lv\/produktas\/velcro-sautrinu-speles-komplekts-2\/#breadcrumb\",\"itemListElement\":[{\"@type\":\"ListItem\",\"position\":1,\"name\":\"Home\",\"item\":\"https:\/\/toys.lt\/lv\/\"},{\"@type\":\"ListItem\",\"position\":2,\"name\":\"Veikals\",\"item\":\"https:\/\/toys.lt\/lv\/shop\/\"},{\"@type\":\"ListItem\",\"position\":3,\"name\":\"Velcro \u0161autri\u0146u sp\u0113les komplekts\"}]},{\"@type\":\"WebSite\",\"@id\":\"https:\/\/toys.lt\/lv\/#website\",\"url\":\"https:\/\/toys.lt\/lv\/\",\"name\":\"Toys.lt\",\"description\":\"\",\"potentialAction\":[{\"@type\":\"SearchAction\",\"target\":{\"@type\":\"EntryPoint\",\"urlTemplate\":\"https:\/\/toys.lt\/lv\/?s={search_term_string}\"},\"query-input\":{\"@type\":\"PropertyValueSpecification\",\"valueRequired\":true,\"valueName\":\"search_term_string\"}}],\"inLanguage\":\"lv-LV\"}]}<\/script>\n<!-- \/ Yoast SEO plugin. -->","yoast_head_json":{"title":"Velcro \u0161autri\u0146u sp\u0113les komplekts - Toys.lt","robots":{"index":"index","follow":"follow","max-snippet":"max-snippet:-1","max-image-preview":"max-image-preview:large","max-video-preview":"max-video-preview:-1"},"canonical":"https:\/\/toys.lt\/lv\/produktas\/velcro-sautrinu-speles-komplekts-2\/","og_locale":"lv_LV","og_type":"article","og_title":"Velcro \u0161autri\u0146u sp\u0113les komplekts - Toys.lt","og_description":"Produkta veids: br\u012bv\u0101 laika pavad\u012b\u0161anai Izcelsmes valsts: \u0136\u012bna Ieteicamais vecums: no 3 gadiem.","og_url":"https:\/\/toys.lt\/lv\/produktas\/velcro-sautrinu-speles-komplekts-2\/","og_site_name":"Toys.lt","article_modified_time":"2026-04-09T00:02:58+00:00","og_image":[{"width":1920,"height":2560,"url":"https:\/\/toys.lt\/wp-content\/uploads\/2020\/04\/products-335-scaled.jpg","type":"image\/jpeg"}],"twitter_card":"summary_large_image","schema":{"@context":"https:\/\/schema.org","@graph":[{"@type":"WebPage","@id":"https:\/\/toys.lt\/lv\/produktas\/velcro-sautrinu-speles-komplekts-2\/","url":"https:\/\/toys.lt\/lv\/produktas\/velcro-sautrinu-speles-komplekts-2\/","name":"Velcro \u0161autri\u0146u sp\u0113les komplekts - Toys.lt","isPartOf":{"@id":"https:\/\/toys.lt\/lv\/#website"},"primaryImageOfPage":{"@id":"https:\/\/toys.lt\/lv\/produktas\/velcro-sautrinu-speles-komplekts-2\/#primaryimage"},"image":{"@id":"https:\/\/toys.lt\/lv\/produktas\/velcro-sautrinu-speles-komplekts-2\/#primaryimage"},"thumbnailUrl":"https:\/\/toys.lt\/wp-content\/uploads\/2020\/04\/products-335-scaled.jpg","datePublished":"2020-04-06T07:17:33+00:00","dateModified":"2026-04-09T00:02:58+00:00","breadcrumb":{"@id":"https:\/\/toys.lt\/lv\/produktas\/velcro-sautrinu-speles-komplekts-2\/#breadcrumb"},"inLanguage":"lv-LV","potentialAction":[{"@type":"ReadAction","target":["https:\/\/toys.lt\/lv\/produktas\/velcro-sautrinu-speles-komplekts-2\/"]}]},{"@type":"ImageObject","inLanguage":"lv-LV","@id":"https:\/\/toys.lt\/lv\/produktas\/velcro-sautrinu-speles-komplekts-2\/#primaryimage","url":"https:\/\/toys.lt\/wp-content\/uploads\/2020\/04\/products-335-scaled.jpg","contentUrl":"https:\/\/toys.lt\/wp-content\/uploads\/2020\/04\/products-335-scaled.jpg","width":1920,"height":2560,"caption":"\u017daidimo &#8220;Velcro Dart&#8221; rinkinys"},{"@type":"BreadcrumbList","@id":"https:\/\/toys.lt\/lv\/produktas\/velcro-sautrinu-speles-komplekts-2\/#breadcrumb","itemListElement":[{"@type":"ListItem","position":1,"name":"Home","item":"https:\/\/toys.lt\/lv\/"},{"@type":"ListItem","position":2,"name":"Veikals","item":"https:\/\/toys.lt\/lv\/shop\/"},{"@type":"ListItem","position":3,"name":"Velcro \u0161autri\u0146u sp\u0113les komplekts"}]},{"@type":"WebSite","@id":"https:\/\/toys.lt\/lv\/#website","url":"https:\/\/toys.lt\/lv\/","name":"Toys.lt","description":"","potentialAction":[{"@type":"SearchAction","target":{"@type":"EntryPoint","urlTemplate":"https:\/\/toys.lt\/lv\/?s={search_term_string}"},"query-input":{"@type":"PropertyValueSpecification","valueRequired":true,"valueName":"search_term_string"}}],"inLanguage":"lv-LV"}]}},"_links":{"self":[{"href":"https:\/\/toys.lt\/lv\/wp-json\/wp\/v2\/product\/42492","targetHints":{"allow":["GET"]}}],"collection":[{"href":"https:\/\/toys.lt\/lv\/wp-json\/wp\/v2\/product"}],"about":[{"href":"https:\/\/toys.lt\/lv\/wp-json\/wp\/v2\/types\/product"}],"replies":[{"embeddable":true,"href":"https:\/\/toys.lt\/lv\/wp-json\/wp\/v2\/comments?post=42492"}],"version-history":[{"count":1,"href":"https:\/\/toys.lt\/lv\/wp-json\/wp\/v2\/product\/42492\/revisions"}],"predecessor-version":[{"id":46358,"href":"https:\/\/toys.lt\/lv\/wp-json\/wp\/v2\/product\/42492\/revisions\/46358"}],"wp:featuredmedia":[{"embeddable":true,"href":"https:\/\/toys.lt\/lv\/wp-json\/wp\/v2\/media\/36472"}],"wp:attachment":[{"href":"https:\/\/toys.lt\/lv\/wp-json\/wp\/v2\/media?parent=42492"}],"wp:term":[{"taxonomy":"product_brand","embeddable":true,"href":"https:\/\/toys.lt\/lv\/wp-json\/wp\/v2\/product_brand?post=42492"},{"taxonomy":"product_cat","embeddable":true,"href":"https:\/\/toys.lt\/lv\/wp-json\/wp\/v2\/product_cat?post=42492"},{"taxonomy":"product_tag","embeddable":true,"href":"https:\/\/toys.lt\/lv\/wp-json\/wp\/v2\/product_tag?post=42492"}],"curies":[{"name":"wp","href":"https:\/\/api.w.org\/{rel}","templated":true}]}}