{"id":42467,"date":"2020-04-03T11:49:05","date_gmt":"2020-04-03T11:49:05","guid":{"rendered":"https:\/\/toys.lt\/produktas\/bernu-loka-sausanas-komplekts-ar-merki-3\/"},"modified":"2026-04-09T00:03:00","modified_gmt":"2026-04-09T00:03:00","slug":"bernu-loka-sausanas-komplekts-ar-merki-3","status":"publish","type":"product","link":"https:\/\/toys.lt\/lv\/produktas\/bernu-loka-sausanas-komplekts-ar-merki-3\/","title":{"rendered":"B\u0113rnu loka \u0161au\u0161anas komplekts ar m\u0113r\u0137i"},"content":{"rendered":"<p>Aizraujiet savus b\u0113rnus ar \u0161o apbr\u012bnojamo loka \u0161au\u0161anas komplektu! \u0160\u012b ir jautra un izklaid\u0113jo\u0161a rota\u013clieta, kas piesaist\u012bs j\u016bsu b\u0113rna uzman\u012bbu un sniegs vi\u0146am lielisku iesp\u0113ju jautri pavad\u012bt laiku rota\u013c\u0101joties.  Pateicoties komplektam ir neliels svars, j\u016bs varat viegli iznest komplektu \u0101r\u0101 un izklaid\u0113ties kop\u0101 ar draugiem. Rota\u013clieta lieliski att\u012bst\u012bs j\u016bsu b\u0113rna koncentr\u0113\u0161an\u0101s sp\u0113jas un \u0137erme\u0146a musku\u013cu korseti, turkl\u0101t t\u0101 ir absol\u016bti dro\u0161a ne tikai pa\u0161am loka \u0161\u0101v\u0113jai, bet ar\u012b apk\u0101rt\u0113jiem cilv\u0113kiem, jo bultas ir apr\u012bkotas ar pies\u016bcek\u0146iem. J\u016bs noteikti paman\u012bsiet, k\u0101 j\u016bsu b\u0113rns, izvirzot m\u0113r\u0137i, non\u0101k \u0161\u012b m\u0113r\u0137a centr\u0101 un nemit\u012bgi pilnveido savas prasmes!  <\/p>\n<p><strong>Komplekt\u0101 ietilpst:<\/strong><\/p>\n<ul style=\"list-style-type: square\">\n<li style=\"margin: 0px;padding: 0px;font: inherit;border: 0px\">M\u0113r\u0137is (26 cm)<\/li>\n<li style=\"margin: 0px;padding: 0px;font: inherit;border: 0px\">3 str\u0113les uz pies\u016bcek\u0146iem (60 cm)<\/li>\n<li style=\"margin: 0px;padding: 0px;font: inherit;border: 0px\">Loks (87 x 22,5 cm)<\/li>\n<li style=\"margin: 0px;padding: 0px;font: inherit;border: 0px\">Pirkstu aizsargs (8 cm)<\/li>\n<\/ul>\n<p><strong>Funkcijas:<\/strong><\/p>\n<ul style=\"list-style-type: square\">\n<li style=\"margin: 0px;padding: 0px;font: inherit;border: 0px\">Kr\u0101sains un ori\u0123in\u0101ls dizains<\/li>\n<li style=\"margin: 0px;padding: 0px;font: inherit;border: 0px\">Aptur\u0113ts m\u0113r\u0137is<\/li>\n<li style=\"margin: 0px;padding: 0px;font: inherit;border: 0px\">Bultas uz pies\u016bcek\u0146iem<\/li>\n<li style=\"margin: 0px;padding: 0px;font: inherit;border: 0px\">Viegls un kompakts<\/li>\n<li style=\"margin: 0px;padding: 0px;font: inherit;border: 0px\">Dro\u0161s b\u0113rnu vesel\u012bbai<\/li>\n<li style=\"margin: 0px;padding: 0px;font: inherit;border: 0px\">Att\u012bsta precizit\u0101ti, koncentr\u0113\u0161an\u0101s sp\u0113jas un fokusu<\/li>\n<\/ul>\n","protected":false},"excerpt":{"rendered":"<p>Produkta veids: ierocis<\/p>\n<p>Izcelsmes valsts: \u0136\u012bna<\/p>\n<p>Iepakojuma izm\u0113ri: 90 x 28 cm<\/p>\n<p>Ieteicamais vecums: no 8 gadiem.<\/p>\n","protected":false},"featured_media":36459,"comment_status":"open","ping_status":"closed","template":"","meta":[],"product_brand":[],"product_cat":[1176,1173,1277,1155],"product_tag":[],"class_list":{"0":"post-42467","1":"product","2":"type-product","3":"status-publish","4":"has-post-thumbnail","6":"product_cat-rotallietas-zeniem","7":"product_cat-rotalu-pistoles-un-piederumi","8":"product_cat-sporta-un-izklaides-rotallietas","9":"product_cat-leti","10":"pa_amziaus-grupe-8-lv","11":"pa_prek-s-tipas-ieroci","13":"first","14":"outofstock","15":"sale","16":"taxable","17":"shipping-taxable","18":"purchasable","19":"product-type-simple"},"yoast_head":"<!-- This site is optimized with the Yoast SEO plugin v26.3 - https:\/\/yoast.com\/wordpress\/plugins\/seo\/ -->\n<title>B\u0113rnu loka \u0161au\u0161anas komplekts ar m\u0113r\u0137i - Toys.lt<\/title>\n<meta name=\"robots\" content=\"index, follow, max-snippet:-1, max-image-preview:large, max-video-preview:-1\" \/>\n<link rel=\"canonical\" href=\"https:\/\/toys.lt\/lv\/produktas\/bernu-loka-sausanas-komplekts-ar-merki-3\/\" \/>\n<meta property=\"og:locale\" content=\"lv_LV\" \/>\n<meta property=\"og:type\" content=\"article\" \/>\n<meta property=\"og:title\" content=\"B\u0113rnu loka \u0161au\u0161anas komplekts ar m\u0113r\u0137i - Toys.lt\" \/>\n<meta property=\"og:description\" content=\"Produkta veids: ierocis Izcelsmes valsts: \u0136\u012bna Iepakojuma izm\u0113ri: 90 x 28 cm Ieteicamais vecums: no 8 gadiem.\" \/>\n<meta property=\"og:url\" content=\"https:\/\/toys.lt\/lv\/produktas\/bernu-loka-sausanas-komplekts-ar-merki-3\/\" \/>\n<meta property=\"og:site_name\" content=\"Toys.lt\" \/>\n<meta property=\"article:modified_time\" content=\"2026-04-09T00:03:00+00:00\" \/>\n<meta property=\"og:image\" content=\"https:\/\/toys.lt\/wp-content\/uploads\/2023\/02\/products-3686.jpg\" \/>\n\t<meta property=\"og:image:width\" content=\"800\" \/>\n\t<meta property=\"og:image:height\" content=\"800\" \/>\n\t<meta property=\"og:image:type\" content=\"image\/jpeg\" \/>\n<meta name=\"twitter:card\" content=\"summary_large_image\" \/>\n<meta name=\"twitter:label1\" content=\"Est. reading time\" \/>\n\t<meta name=\"twitter:data1\" content=\"1 minute\" \/>\n<script type=\"application\/ld+json\" class=\"yoast-schema-graph\">{\"@context\":\"https:\/\/schema.org\",\"@graph\":[{\"@type\":\"WebPage\",\"@id\":\"https:\/\/toys.lt\/lv\/produktas\/bernu-loka-sausanas-komplekts-ar-merki-3\/\",\"url\":\"https:\/\/toys.lt\/lv\/produktas\/bernu-loka-sausanas-komplekts-ar-merki-3\/\",\"name\":\"B\u0113rnu loka \u0161au\u0161anas komplekts ar m\u0113r\u0137i - Toys.lt\",\"isPartOf\":{\"@id\":\"https:\/\/toys.lt\/lv\/#website\"},\"primaryImageOfPage\":{\"@id\":\"https:\/\/toys.lt\/lv\/produktas\/bernu-loka-sausanas-komplekts-ar-merki-3\/#primaryimage\"},\"image\":{\"@id\":\"https:\/\/toys.lt\/lv\/produktas\/bernu-loka-sausanas-komplekts-ar-merki-3\/#primaryimage\"},\"thumbnailUrl\":\"https:\/\/toys.lt\/wp-content\/uploads\/2023\/02\/products-3686.jpg\",\"datePublished\":\"2020-04-03T11:49:05+00:00\",\"dateModified\":\"2026-04-09T00:03:00+00:00\",\"breadcrumb\":{\"@id\":\"https:\/\/toys.lt\/lv\/produktas\/bernu-loka-sausanas-komplekts-ar-merki-3\/#breadcrumb\"},\"inLanguage\":\"lv-LV\",\"potentialAction\":[{\"@type\":\"ReadAction\",\"target\":[\"https:\/\/toys.lt\/lv\/produktas\/bernu-loka-sausanas-komplekts-ar-merki-3\/\"]}]},{\"@type\":\"ImageObject\",\"inLanguage\":\"lv-LV\",\"@id\":\"https:\/\/toys.lt\/lv\/produktas\/bernu-loka-sausanas-komplekts-ar-merki-3\/#primaryimage\",\"url\":\"https:\/\/toys.lt\/wp-content\/uploads\/2023\/02\/products-3686.jpg\",\"contentUrl\":\"https:\/\/toys.lt\/wp-content\/uploads\/2023\/02\/products-3686.jpg\",\"width\":800,\"height\":800,\"caption\":\"Vaiki\u0161kas lankininko rinkinys su taikiniu\"},{\"@type\":\"BreadcrumbList\",\"@id\":\"https:\/\/toys.lt\/lv\/produktas\/bernu-loka-sausanas-komplekts-ar-merki-3\/#breadcrumb\",\"itemListElement\":[{\"@type\":\"ListItem\",\"position\":1,\"name\":\"Home\",\"item\":\"https:\/\/toys.lt\/lv\/\"},{\"@type\":\"ListItem\",\"position\":2,\"name\":\"Veikals\",\"item\":\"https:\/\/toys.lt\/lv\/shop\/\"},{\"@type\":\"ListItem\",\"position\":3,\"name\":\"B\u0113rnu loka \u0161au\u0161anas komplekts ar m\u0113r\u0137i\"}]},{\"@type\":\"WebSite\",\"@id\":\"https:\/\/toys.lt\/lv\/#website\",\"url\":\"https:\/\/toys.lt\/lv\/\",\"name\":\"Toys.lt\",\"description\":\"\",\"potentialAction\":[{\"@type\":\"SearchAction\",\"target\":{\"@type\":\"EntryPoint\",\"urlTemplate\":\"https:\/\/toys.lt\/lv\/?s={search_term_string}\"},\"query-input\":{\"@type\":\"PropertyValueSpecification\",\"valueRequired\":true,\"valueName\":\"search_term_string\"}}],\"inLanguage\":\"lv-LV\"}]}<\/script>\n<!-- \/ Yoast SEO plugin. -->","yoast_head_json":{"title":"B\u0113rnu loka \u0161au\u0161anas komplekts ar m\u0113r\u0137i - Toys.lt","robots":{"index":"index","follow":"follow","max-snippet":"max-snippet:-1","max-image-preview":"max-image-preview:large","max-video-preview":"max-video-preview:-1"},"canonical":"https:\/\/toys.lt\/lv\/produktas\/bernu-loka-sausanas-komplekts-ar-merki-3\/","og_locale":"lv_LV","og_type":"article","og_title":"B\u0113rnu loka \u0161au\u0161anas komplekts ar m\u0113r\u0137i - Toys.lt","og_description":"Produkta veids: ierocis Izcelsmes valsts: \u0136\u012bna Iepakojuma izm\u0113ri: 90 x 28 cm Ieteicamais vecums: no 8 gadiem.","og_url":"https:\/\/toys.lt\/lv\/produktas\/bernu-loka-sausanas-komplekts-ar-merki-3\/","og_site_name":"Toys.lt","article_modified_time":"2026-04-09T00:03:00+00:00","og_image":[{"width":800,"height":800,"url":"https:\/\/toys.lt\/wp-content\/uploads\/2023\/02\/products-3686.jpg","type":"image\/jpeg"}],"twitter_card":"summary_large_image","twitter_misc":{"Est. reading time":"1 minute"},"schema":{"@context":"https:\/\/schema.org","@graph":[{"@type":"WebPage","@id":"https:\/\/toys.lt\/lv\/produktas\/bernu-loka-sausanas-komplekts-ar-merki-3\/","url":"https:\/\/toys.lt\/lv\/produktas\/bernu-loka-sausanas-komplekts-ar-merki-3\/","name":"B\u0113rnu loka \u0161au\u0161anas komplekts ar m\u0113r\u0137i - Toys.lt","isPartOf":{"@id":"https:\/\/toys.lt\/lv\/#website"},"primaryImageOfPage":{"@id":"https:\/\/toys.lt\/lv\/produktas\/bernu-loka-sausanas-komplekts-ar-merki-3\/#primaryimage"},"image":{"@id":"https:\/\/toys.lt\/lv\/produktas\/bernu-loka-sausanas-komplekts-ar-merki-3\/#primaryimage"},"thumbnailUrl":"https:\/\/toys.lt\/wp-content\/uploads\/2023\/02\/products-3686.jpg","datePublished":"2020-04-03T11:49:05+00:00","dateModified":"2026-04-09T00:03:00+00:00","breadcrumb":{"@id":"https:\/\/toys.lt\/lv\/produktas\/bernu-loka-sausanas-komplekts-ar-merki-3\/#breadcrumb"},"inLanguage":"lv-LV","potentialAction":[{"@type":"ReadAction","target":["https:\/\/toys.lt\/lv\/produktas\/bernu-loka-sausanas-komplekts-ar-merki-3\/"]}]},{"@type":"ImageObject","inLanguage":"lv-LV","@id":"https:\/\/toys.lt\/lv\/produktas\/bernu-loka-sausanas-komplekts-ar-merki-3\/#primaryimage","url":"https:\/\/toys.lt\/wp-content\/uploads\/2023\/02\/products-3686.jpg","contentUrl":"https:\/\/toys.lt\/wp-content\/uploads\/2023\/02\/products-3686.jpg","width":800,"height":800,"caption":"Vaiki\u0161kas lankininko rinkinys su taikiniu"},{"@type":"BreadcrumbList","@id":"https:\/\/toys.lt\/lv\/produktas\/bernu-loka-sausanas-komplekts-ar-merki-3\/#breadcrumb","itemListElement":[{"@type":"ListItem","position":1,"name":"Home","item":"https:\/\/toys.lt\/lv\/"},{"@type":"ListItem","position":2,"name":"Veikals","item":"https:\/\/toys.lt\/lv\/shop\/"},{"@type":"ListItem","position":3,"name":"B\u0113rnu loka \u0161au\u0161anas komplekts ar m\u0113r\u0137i"}]},{"@type":"WebSite","@id":"https:\/\/toys.lt\/lv\/#website","url":"https:\/\/toys.lt\/lv\/","name":"Toys.lt","description":"","potentialAction":[{"@type":"SearchAction","target":{"@type":"EntryPoint","urlTemplate":"https:\/\/toys.lt\/lv\/?s={search_term_string}"},"query-input":{"@type":"PropertyValueSpecification","valueRequired":true,"valueName":"search_term_string"}}],"inLanguage":"lv-LV"}]}},"_links":{"self":[{"href":"https:\/\/toys.lt\/lv\/wp-json\/wp\/v2\/product\/42467","targetHints":{"allow":["GET"]}}],"collection":[{"href":"https:\/\/toys.lt\/lv\/wp-json\/wp\/v2\/product"}],"about":[{"href":"https:\/\/toys.lt\/lv\/wp-json\/wp\/v2\/types\/product"}],"replies":[{"embeddable":true,"href":"https:\/\/toys.lt\/lv\/wp-json\/wp\/v2\/comments?post=42467"}],"version-history":[{"count":1,"href":"https:\/\/toys.lt\/lv\/wp-json\/wp\/v2\/product\/42467\/revisions"}],"predecessor-version":[{"id":46002,"href":"https:\/\/toys.lt\/lv\/wp-json\/wp\/v2\/product\/42467\/revisions\/46002"}],"wp:featuredmedia":[{"embeddable":true,"href":"https:\/\/toys.lt\/lv\/wp-json\/wp\/v2\/media\/36459"}],"wp:attachment":[{"href":"https:\/\/toys.lt\/lv\/wp-json\/wp\/v2\/media?parent=42467"}],"wp:term":[{"taxonomy":"product_brand","embeddable":true,"href":"https:\/\/toys.lt\/lv\/wp-json\/wp\/v2\/product_brand?post=42467"},{"taxonomy":"product_cat","embeddable":true,"href":"https:\/\/toys.lt\/lv\/wp-json\/wp\/v2\/product_cat?post=42467"},{"taxonomy":"product_tag","embeddable":true,"href":"https:\/\/toys.lt\/lv\/wp-json\/wp\/v2\/product_tag?post=42467"}],"curies":[{"name":"wp","href":"https:\/\/api.w.org\/{rel}","templated":true}]}}