{"id":42461,"date":"2020-04-03T09:10:06","date_gmt":"2020-04-03T09:10:06","guid":{"rendered":"https:\/\/toys.lt\/produktas\/inertia-trawl-150-ar-gaismam-un-skanam\/"},"modified":"2026-04-09T00:03:01","modified_gmt":"2026-04-09T00:03:01","slug":"inertia-trawl-150-ar-gaismam-un-skanam","status":"publish","type":"product","link":"https:\/\/toys.lt\/lv\/produktas\/inertia-trawl-150-ar-gaismam-un-skanam\/","title":{"rendered":"Inertia Trawl 1:50 ar gaism\u0101m un ska\u0146\u0101m"},"content":{"rendered":"<p><strong>Funkcijas:  <\/strong><\/p>\n<ul style=\"list-style-type: square\">\n<li style=\"margin: 0px;padding: 0px;font: inherit;border: 0px\">Inerces meh\u0101nisms<\/li>\n<li style=\"margin: 0px;padding: 0px;font: inherit;border: 0px\">P\u0101rvieto\u0161an\u0101s uz priek\u0161u un atpaka\u013c<\/li>\n<li style=\"margin: 0px;padding: 0px;font: inherit;border: 0px\">Gaismas un ska\u0146as efekti (dzin\u0113ja ska\u0146a, ska\u0146as sign\u0101ls, atpaka\u013cgaita, sir\u0113na).<\/li>\n<li style=\"margin: 0px;padding: 0px;font: inherit;border: 0px\">Rot\u0113jo\u0161\u0101 tralera piekabe ar 3 ma\u0161\u012bn\u0101m<\/li>\n<li style=\"margin: 0px;padding: 0px;font: inherit;border: 0px\">Dro\u0161s b\u0113rnu vesel\u012bbai<\/li>\n<li style=\"margin: 0px;padding: 0px;font: inherit;border: 0px\">Att\u012bsta motorisk\u0101s prasmes, izt\u0113li un kust\u012bbu koordin\u0101ciju.<\/li>\n<\/ul>\n<p>&nbsp;<\/p>\n","protected":false},"excerpt":{"rendered":"<p>Produkta veids: transportl\u012bdzeklis<\/p>\n<p>Izcelsmes valsts: \u0136\u012bna<\/p>\n<p>Iepakojuma izm\u0113ri: 39 x 8 x 15 cm<\/p>\n<p>Produkta izm\u0113ri: 36 x 5 x 8 cm<\/p>\n<p>M\u0113rogs: 1:50<\/p>\n<p>Produkta materi\u0101ls: plastmasa<\/p>\n<p>Ieteicamais vecums: no 3 gadiem.<\/p>\n","protected":false},"featured_media":36447,"comment_status":"open","ping_status":"closed","template":"","meta":[],"product_brand":[],"product_cat":[1176,1177,1155],"product_tag":[],"class_list":{"0":"post-42461","1":"product","2":"type-product","3":"status-publish","4":"has-post-thumbnail","6":"product_cat-rotallietas-zeniem","7":"product_cat-rotalu-automasinas-traktori-un-kapurkedes","8":"product_cat-leti","9":"pa_amziaus-grupe-3-lv","11":"first","12":"outofstock","13":"taxable","14":"shipping-taxable","15":"purchasable","16":"product-type-simple"},"yoast_head":"<!-- This site is optimized with the Yoast SEO plugin v26.3 - https:\/\/yoast.com\/wordpress\/plugins\/seo\/ -->\n<title>Inertia Trawl 1:50 ar gaism\u0101m un ska\u0146\u0101m - Toys.lt<\/title>\n<meta name=\"robots\" content=\"index, follow, max-snippet:-1, max-image-preview:large, max-video-preview:-1\" \/>\n<link rel=\"canonical\" href=\"https:\/\/toys.lt\/lv\/produktas\/inertia-trawl-150-ar-gaismam-un-skanam\/\" \/>\n<meta property=\"og:locale\" content=\"lv_LV\" \/>\n<meta property=\"og:type\" content=\"article\" \/>\n<meta property=\"og:title\" content=\"Inertia Trawl 1:50 ar gaism\u0101m un ska\u0146\u0101m - Toys.lt\" \/>\n<meta property=\"og:description\" content=\"Produkta veids: transportl\u012bdzeklis Izcelsmes valsts: \u0136\u012bna Iepakojuma izm\u0113ri: 39 x 8 x 15 cm Produkta izm\u0113ri: 36 x 5 x 8 cm M\u0113rogs: 1:50 Produkta materi\u0101ls: plastmasa Ieteicamais vecums: no 3 gadiem.\" \/>\n<meta property=\"og:url\" content=\"https:\/\/toys.lt\/lv\/produktas\/inertia-trawl-150-ar-gaismam-un-skanam\/\" \/>\n<meta property=\"og:site_name\" content=\"Toys.lt\" \/>\n<meta property=\"article:modified_time\" content=\"2026-04-09T00:03:01+00:00\" \/>\n<meta property=\"og:image\" content=\"https:\/\/toys.lt\/wp-content\/uploads\/2020\/04\/products-311-scaled.jpg\" \/>\n\t<meta property=\"og:image:width\" content=\"2560\" \/>\n\t<meta property=\"og:image:height\" content=\"1440\" \/>\n\t<meta property=\"og:image:type\" content=\"image\/jpeg\" \/>\n<meta name=\"twitter:card\" content=\"summary_large_image\" \/>\n<script type=\"application\/ld+json\" class=\"yoast-schema-graph\">{\"@context\":\"https:\/\/schema.org\",\"@graph\":[{\"@type\":\"WebPage\",\"@id\":\"https:\/\/toys.lt\/lv\/produktas\/inertia-trawl-150-ar-gaismam-un-skanam\/\",\"url\":\"https:\/\/toys.lt\/lv\/produktas\/inertia-trawl-150-ar-gaismam-un-skanam\/\",\"name\":\"Inertia Trawl 1:50 ar gaism\u0101m un ska\u0146\u0101m - Toys.lt\",\"isPartOf\":{\"@id\":\"https:\/\/toys.lt\/lv\/#website\"},\"primaryImageOfPage\":{\"@id\":\"https:\/\/toys.lt\/lv\/produktas\/inertia-trawl-150-ar-gaismam-un-skanam\/#primaryimage\"},\"image\":{\"@id\":\"https:\/\/toys.lt\/lv\/produktas\/inertia-trawl-150-ar-gaismam-un-skanam\/#primaryimage\"},\"thumbnailUrl\":\"https:\/\/toys.lt\/wp-content\/uploads\/2020\/04\/products-311-scaled.jpg\",\"datePublished\":\"2020-04-03T09:10:06+00:00\",\"dateModified\":\"2026-04-09T00:03:01+00:00\",\"breadcrumb\":{\"@id\":\"https:\/\/toys.lt\/lv\/produktas\/inertia-trawl-150-ar-gaismam-un-skanam\/#breadcrumb\"},\"inLanguage\":\"lv-LV\",\"potentialAction\":[{\"@type\":\"ReadAction\",\"target\":[\"https:\/\/toys.lt\/lv\/produktas\/inertia-trawl-150-ar-gaismam-un-skanam\/\"]}]},{\"@type\":\"ImageObject\",\"inLanguage\":\"lv-LV\",\"@id\":\"https:\/\/toys.lt\/lv\/produktas\/inertia-trawl-150-ar-gaismam-un-skanam\/#primaryimage\",\"url\":\"https:\/\/toys.lt\/wp-content\/uploads\/2020\/04\/products-311-scaled.jpg\",\"contentUrl\":\"https:\/\/toys.lt\/wp-content\/uploads\/2020\/04\/products-311-scaled.jpg\",\"width\":2560,\"height\":1440,\"caption\":\"Inercinis tralas 1:50 su \u0161viesa ir garsais\"},{\"@type\":\"BreadcrumbList\",\"@id\":\"https:\/\/toys.lt\/lv\/produktas\/inertia-trawl-150-ar-gaismam-un-skanam\/#breadcrumb\",\"itemListElement\":[{\"@type\":\"ListItem\",\"position\":1,\"name\":\"Home\",\"item\":\"https:\/\/toys.lt\/lv\/\"},{\"@type\":\"ListItem\",\"position\":2,\"name\":\"Veikals\",\"item\":\"https:\/\/toys.lt\/lv\/shop\/\"},{\"@type\":\"ListItem\",\"position\":3,\"name\":\"Inertia Trawl 1:50 ar gaism\u0101m un ska\u0146\u0101m\"}]},{\"@type\":\"WebSite\",\"@id\":\"https:\/\/toys.lt\/lv\/#website\",\"url\":\"https:\/\/toys.lt\/lv\/\",\"name\":\"Toys.lt\",\"description\":\"\",\"potentialAction\":[{\"@type\":\"SearchAction\",\"target\":{\"@type\":\"EntryPoint\",\"urlTemplate\":\"https:\/\/toys.lt\/lv\/?s={search_term_string}\"},\"query-input\":{\"@type\":\"PropertyValueSpecification\",\"valueRequired\":true,\"valueName\":\"search_term_string\"}}],\"inLanguage\":\"lv-LV\"}]}<\/script>\n<!-- \/ Yoast SEO plugin. -->","yoast_head_json":{"title":"Inertia Trawl 1:50 ar gaism\u0101m un ska\u0146\u0101m - Toys.lt","robots":{"index":"index","follow":"follow","max-snippet":"max-snippet:-1","max-image-preview":"max-image-preview:large","max-video-preview":"max-video-preview:-1"},"canonical":"https:\/\/toys.lt\/lv\/produktas\/inertia-trawl-150-ar-gaismam-un-skanam\/","og_locale":"lv_LV","og_type":"article","og_title":"Inertia Trawl 1:50 ar gaism\u0101m un ska\u0146\u0101m - Toys.lt","og_description":"Produkta veids: transportl\u012bdzeklis Izcelsmes valsts: \u0136\u012bna Iepakojuma izm\u0113ri: 39 x 8 x 15 cm Produkta izm\u0113ri: 36 x 5 x 8 cm M\u0113rogs: 1:50 Produkta materi\u0101ls: plastmasa Ieteicamais vecums: no 3 gadiem.","og_url":"https:\/\/toys.lt\/lv\/produktas\/inertia-trawl-150-ar-gaismam-un-skanam\/","og_site_name":"Toys.lt","article_modified_time":"2026-04-09T00:03:01+00:00","og_image":[{"width":2560,"height":1440,"url":"https:\/\/toys.lt\/wp-content\/uploads\/2020\/04\/products-311-scaled.jpg","type":"image\/jpeg"}],"twitter_card":"summary_large_image","schema":{"@context":"https:\/\/schema.org","@graph":[{"@type":"WebPage","@id":"https:\/\/toys.lt\/lv\/produktas\/inertia-trawl-150-ar-gaismam-un-skanam\/","url":"https:\/\/toys.lt\/lv\/produktas\/inertia-trawl-150-ar-gaismam-un-skanam\/","name":"Inertia Trawl 1:50 ar gaism\u0101m un ska\u0146\u0101m - Toys.lt","isPartOf":{"@id":"https:\/\/toys.lt\/lv\/#website"},"primaryImageOfPage":{"@id":"https:\/\/toys.lt\/lv\/produktas\/inertia-trawl-150-ar-gaismam-un-skanam\/#primaryimage"},"image":{"@id":"https:\/\/toys.lt\/lv\/produktas\/inertia-trawl-150-ar-gaismam-un-skanam\/#primaryimage"},"thumbnailUrl":"https:\/\/toys.lt\/wp-content\/uploads\/2020\/04\/products-311-scaled.jpg","datePublished":"2020-04-03T09:10:06+00:00","dateModified":"2026-04-09T00:03:01+00:00","breadcrumb":{"@id":"https:\/\/toys.lt\/lv\/produktas\/inertia-trawl-150-ar-gaismam-un-skanam\/#breadcrumb"},"inLanguage":"lv-LV","potentialAction":[{"@type":"ReadAction","target":["https:\/\/toys.lt\/lv\/produktas\/inertia-trawl-150-ar-gaismam-un-skanam\/"]}]},{"@type":"ImageObject","inLanguage":"lv-LV","@id":"https:\/\/toys.lt\/lv\/produktas\/inertia-trawl-150-ar-gaismam-un-skanam\/#primaryimage","url":"https:\/\/toys.lt\/wp-content\/uploads\/2020\/04\/products-311-scaled.jpg","contentUrl":"https:\/\/toys.lt\/wp-content\/uploads\/2020\/04\/products-311-scaled.jpg","width":2560,"height":1440,"caption":"Inercinis tralas 1:50 su \u0161viesa ir garsais"},{"@type":"BreadcrumbList","@id":"https:\/\/toys.lt\/lv\/produktas\/inertia-trawl-150-ar-gaismam-un-skanam\/#breadcrumb","itemListElement":[{"@type":"ListItem","position":1,"name":"Home","item":"https:\/\/toys.lt\/lv\/"},{"@type":"ListItem","position":2,"name":"Veikals","item":"https:\/\/toys.lt\/lv\/shop\/"},{"@type":"ListItem","position":3,"name":"Inertia Trawl 1:50 ar gaism\u0101m un ska\u0146\u0101m"}]},{"@type":"WebSite","@id":"https:\/\/toys.lt\/lv\/#website","url":"https:\/\/toys.lt\/lv\/","name":"Toys.lt","description":"","potentialAction":[{"@type":"SearchAction","target":{"@type":"EntryPoint","urlTemplate":"https:\/\/toys.lt\/lv\/?s={search_term_string}"},"query-input":{"@type":"PropertyValueSpecification","valueRequired":true,"valueName":"search_term_string"}}],"inLanguage":"lv-LV"}]}},"_links":{"self":[{"href":"https:\/\/toys.lt\/lv\/wp-json\/wp\/v2\/product\/42461","targetHints":{"allow":["GET"]}}],"collection":[{"href":"https:\/\/toys.lt\/lv\/wp-json\/wp\/v2\/product"}],"about":[{"href":"https:\/\/toys.lt\/lv\/wp-json\/wp\/v2\/types\/product"}],"replies":[{"embeddable":true,"href":"https:\/\/toys.lt\/lv\/wp-json\/wp\/v2\/comments?post=42461"}],"version-history":[{"count":1,"href":"https:\/\/toys.lt\/lv\/wp-json\/wp\/v2\/product\/42461\/revisions"}],"predecessor-version":[{"id":45996,"href":"https:\/\/toys.lt\/lv\/wp-json\/wp\/v2\/product\/42461\/revisions\/45996"}],"wp:featuredmedia":[{"embeddable":true,"href":"https:\/\/toys.lt\/lv\/wp-json\/wp\/v2\/media\/36447"}],"wp:attachment":[{"href":"https:\/\/toys.lt\/lv\/wp-json\/wp\/v2\/media?parent=42461"}],"wp:term":[{"taxonomy":"product_brand","embeddable":true,"href":"https:\/\/toys.lt\/lv\/wp-json\/wp\/v2\/product_brand?post=42461"},{"taxonomy":"product_cat","embeddable":true,"href":"https:\/\/toys.lt\/lv\/wp-json\/wp\/v2\/product_cat?post=42461"},{"taxonomy":"product_tag","embeddable":true,"href":"https:\/\/toys.lt\/lv\/wp-json\/wp\/v2\/product_tag?post=42461"}],"curies":[{"name":"wp","href":"https:\/\/api.w.org\/{rel}","templated":true}]}}