{"id":42453,"date":"2020-04-03T09:23:06","date_gmt":"2020-04-03T09:23:06","guid":{"rendered":"https:\/\/toys.lt\/produktas\/rotallietu-loka-saveja-komplekts-ar-merki-2\/"},"modified":"2026-04-09T00:03:01","modified_gmt":"2026-04-09T00:03:01","slug":"rotallietu-loka-saveja-komplekts-ar-merki-2","status":"publish","type":"product","link":"https:\/\/toys.lt\/lv\/produktas\/rotallietu-loka-saveja-komplekts-ar-merki-2\/","title":{"rendered":"Rota\u013clietu loka \u0161\u0101v\u0113ja komplekts ar m\u0113r\u0137i"},"content":{"rendered":"<p>\u0160is komplekts \u013caus j\u016bsu b\u0113rnam justies k\u0101 \u012bstam snaiperim. B\u0113rns p\u0101rbaud\u012bs savu precizit\u0101ti, izmantojot komplekt\u0101 iek\u013cauto m\u0113r\u0137i. Pateicoties komplektam nelielajam svaram, j\u016bs varat viegli iznest komplektu \u0101r\u0101 un izklaid\u0113ties kop\u0101 ar draugiem. Rota\u013clieta lieliski att\u012bst\u012bs b\u0113rna koncentr\u0113\u0161an\u0101s sp\u0113jas, \u0137erme\u0146a musku\u013cu korseti, vienlaikus t\u0101 ir piln\u012bgi dro\u0161a ne tikai loka \u0161\u0101v\u0113ja, bet ar\u012b apk\u0101rt\u0113jiem cilv\u0113kiem, jo bultas ir apr\u012bkotas ar pies\u016bcek\u0146iem. J\u016bs noteikti paman\u012bsiet, k\u0101 j\u016bsu b\u0113rns, izvirzot m\u0113r\u0137i, non\u0101k \u0161\u012b m\u0113r\u0137a centr\u0101 un nemit\u012bgi uzlabo savas prasmes!    <\/p>\n<p><strong>Komplekt\u0101 ietilpst:<\/strong><\/p>\n<ul style=\"list-style-type: square\">\n<li style=\"margin: 0px;padding: 0px;font: inherit;border: 0px\">M\u0113r\u0137is (25 x 23,5 cm)<\/li>\n<li style=\"margin: 0px;padding: 0px;font: inherit;border: 0px\">3 bultas uz pies\u016bcek\u0146iem un tr\u012b\u0161i (9 x 27 x 2,5 cm)<\/li>\n<li style=\"margin: 0px;padding: 0px;font: inherit;border: 0px\">Loks (41 x 45 x 21 cm)<\/li>\n<\/ul>\n<p><strong>Funkcijas:<\/strong><\/p>\n<ul style=\"list-style-type: square\">\n<li style=\"margin: 0px;padding: 0px;font: inherit;border: 0px\">Kr\u0101sains un ori\u0123in\u0101ls dizains<\/li>\n<li style=\"margin: 0px;padding: 0px;font: inherit;border: 0px\">Aptur\u0113ts m\u0113r\u0137is<\/li>\n<li style=\"margin: 0px;padding: 0px;font: inherit;border: 0px\">Bultas uz pies\u016bcek\u0146iem<\/li>\n<li style=\"margin: 0px;padding: 0px;font: inherit;border: 0px\">Viegls un kompakts<\/li>\n<li style=\"margin: 0px;padding: 0px;font: inherit;border: 0px\">Dro\u0161s b\u0113rnu vesel\u012bbai<\/li>\n<li style=\"margin: 0px;padding: 0px;font: inherit;border: 0px\">Att\u012bsta precizit\u0101ti, koncentr\u0113\u0161an\u0101s sp\u0113jas, kust\u012bbu koordin\u0101ciju, koncentr\u0113\u0161an\u0101s sp\u0113jas.<\/li>\n<\/ul>\n","protected":false},"excerpt":{"rendered":"<p>Produkta veids: ierocis<\/p>\n<p>Izcelsmes valsts: \u0136\u012bna<\/p>\n<p>Iepakojuma izm\u0113ri: 48 x 6 x 33,3 cm<\/p>\n<p>Ieteicamais vecums: no 8 gadiem.<\/p>\n","protected":false},"featured_media":36449,"comment_status":"open","ping_status":"closed","template":"","meta":[],"product_brand":[],"product_cat":[1176,1173,1277,1155],"product_tag":[],"class_list":{"0":"post-42453","1":"product","2":"type-product","3":"status-publish","4":"has-post-thumbnail","6":"product_cat-rotallietas-zeniem","7":"product_cat-rotalu-pistoles-un-piederumi","8":"product_cat-sporta-un-izklaides-rotallietas","9":"product_cat-leti","10":"pa_amziaus-grupe-8-lv","12":"first","13":"outofstock","14":"taxable","15":"shipping-taxable","16":"purchasable","17":"product-type-simple"},"yoast_head":"<!-- This site is optimized with the Yoast SEO plugin v26.3 - https:\/\/yoast.com\/wordpress\/plugins\/seo\/ -->\n<title>Rota\u013clietu loka \u0161\u0101v\u0113ja komplekts ar m\u0113r\u0137i - Toys.lt<\/title>\n<meta name=\"robots\" content=\"index, follow, max-snippet:-1, max-image-preview:large, max-video-preview:-1\" \/>\n<link rel=\"canonical\" href=\"https:\/\/toys.lt\/lv\/produktas\/rotallietu-loka-saveja-komplekts-ar-merki-2\/\" \/>\n<meta property=\"og:locale\" content=\"lv_LV\" \/>\n<meta property=\"og:type\" content=\"article\" \/>\n<meta property=\"og:title\" content=\"Rota\u013clietu loka \u0161\u0101v\u0113ja komplekts ar m\u0113r\u0137i - Toys.lt\" \/>\n<meta property=\"og:description\" content=\"Produkta veids: ierocis Izcelsmes valsts: \u0136\u012bna Iepakojuma izm\u0113ri: 48 x 6 x 33,3 cm Ieteicamais vecums: no 8 gadiem.\" \/>\n<meta property=\"og:url\" content=\"https:\/\/toys.lt\/lv\/produktas\/rotallietu-loka-saveja-komplekts-ar-merki-2\/\" \/>\n<meta property=\"og:site_name\" content=\"Toys.lt\" \/>\n<meta property=\"article:modified_time\" content=\"2026-04-09T00:03:01+00:00\" \/>\n<meta property=\"og:image\" content=\"https:\/\/toys.lt\/wp-content\/uploads\/2020\/04\/products-313.jpg\" \/>\n\t<meta property=\"og:image:width\" content=\"2480\" \/>\n\t<meta property=\"og:image:height\" content=\"2480\" \/>\n\t<meta property=\"og:image:type\" content=\"image\/jpeg\" \/>\n<meta name=\"twitter:card\" content=\"summary_large_image\" \/>\n<meta name=\"twitter:label1\" content=\"Est. reading time\" \/>\n\t<meta name=\"twitter:data1\" content=\"1 minute\" \/>\n<script type=\"application\/ld+json\" class=\"yoast-schema-graph\">{\"@context\":\"https:\/\/schema.org\",\"@graph\":[{\"@type\":\"WebPage\",\"@id\":\"https:\/\/toys.lt\/lv\/produktas\/rotallietu-loka-saveja-komplekts-ar-merki-2\/\",\"url\":\"https:\/\/toys.lt\/lv\/produktas\/rotallietu-loka-saveja-komplekts-ar-merki-2\/\",\"name\":\"Rota\u013clietu loka \u0161\u0101v\u0113ja komplekts ar m\u0113r\u0137i - Toys.lt\",\"isPartOf\":{\"@id\":\"https:\/\/toys.lt\/lv\/#website\"},\"primaryImageOfPage\":{\"@id\":\"https:\/\/toys.lt\/lv\/produktas\/rotallietu-loka-saveja-komplekts-ar-merki-2\/#primaryimage\"},\"image\":{\"@id\":\"https:\/\/toys.lt\/lv\/produktas\/rotallietu-loka-saveja-komplekts-ar-merki-2\/#primaryimage\"},\"thumbnailUrl\":\"https:\/\/toys.lt\/wp-content\/uploads\/2020\/04\/products-313.jpg\",\"datePublished\":\"2020-04-03T09:23:06+00:00\",\"dateModified\":\"2026-04-09T00:03:01+00:00\",\"breadcrumb\":{\"@id\":\"https:\/\/toys.lt\/lv\/produktas\/rotallietu-loka-saveja-komplekts-ar-merki-2\/#breadcrumb\"},\"inLanguage\":\"lv-LV\",\"potentialAction\":[{\"@type\":\"ReadAction\",\"target\":[\"https:\/\/toys.lt\/lv\/produktas\/rotallietu-loka-saveja-komplekts-ar-merki-2\/\"]}]},{\"@type\":\"ImageObject\",\"inLanguage\":\"lv-LV\",\"@id\":\"https:\/\/toys.lt\/lv\/produktas\/rotallietu-loka-saveja-komplekts-ar-merki-2\/#primaryimage\",\"url\":\"https:\/\/toys.lt\/wp-content\/uploads\/2020\/04\/products-313.jpg\",\"contentUrl\":\"https:\/\/toys.lt\/wp-content\/uploads\/2020\/04\/products-313.jpg\",\"width\":2480,\"height\":2480,\"caption\":\"\u017daislinis lankininko rinkinys su taikiniu\"},{\"@type\":\"BreadcrumbList\",\"@id\":\"https:\/\/toys.lt\/lv\/produktas\/rotallietu-loka-saveja-komplekts-ar-merki-2\/#breadcrumb\",\"itemListElement\":[{\"@type\":\"ListItem\",\"position\":1,\"name\":\"Home\",\"item\":\"https:\/\/toys.lt\/lv\/\"},{\"@type\":\"ListItem\",\"position\":2,\"name\":\"Veikals\",\"item\":\"https:\/\/toys.lt\/lv\/shop\/\"},{\"@type\":\"ListItem\",\"position\":3,\"name\":\"Rota\u013clietu loka \u0161\u0101v\u0113ja komplekts ar m\u0113r\u0137i\"}]},{\"@type\":\"WebSite\",\"@id\":\"https:\/\/toys.lt\/lv\/#website\",\"url\":\"https:\/\/toys.lt\/lv\/\",\"name\":\"Toys.lt\",\"description\":\"\",\"potentialAction\":[{\"@type\":\"SearchAction\",\"target\":{\"@type\":\"EntryPoint\",\"urlTemplate\":\"https:\/\/toys.lt\/lv\/?s={search_term_string}\"},\"query-input\":{\"@type\":\"PropertyValueSpecification\",\"valueRequired\":true,\"valueName\":\"search_term_string\"}}],\"inLanguage\":\"lv-LV\"}]}<\/script>\n<!-- \/ Yoast SEO plugin. -->","yoast_head_json":{"title":"Rota\u013clietu loka \u0161\u0101v\u0113ja komplekts ar m\u0113r\u0137i - Toys.lt","robots":{"index":"index","follow":"follow","max-snippet":"max-snippet:-1","max-image-preview":"max-image-preview:large","max-video-preview":"max-video-preview:-1"},"canonical":"https:\/\/toys.lt\/lv\/produktas\/rotallietu-loka-saveja-komplekts-ar-merki-2\/","og_locale":"lv_LV","og_type":"article","og_title":"Rota\u013clietu loka \u0161\u0101v\u0113ja komplekts ar m\u0113r\u0137i - Toys.lt","og_description":"Produkta veids: ierocis Izcelsmes valsts: \u0136\u012bna Iepakojuma izm\u0113ri: 48 x 6 x 33,3 cm Ieteicamais vecums: no 8 gadiem.","og_url":"https:\/\/toys.lt\/lv\/produktas\/rotallietu-loka-saveja-komplekts-ar-merki-2\/","og_site_name":"Toys.lt","article_modified_time":"2026-04-09T00:03:01+00:00","og_image":[{"width":2480,"height":2480,"url":"https:\/\/toys.lt\/wp-content\/uploads\/2020\/04\/products-313.jpg","type":"image\/jpeg"}],"twitter_card":"summary_large_image","twitter_misc":{"Est. reading time":"1 minute"},"schema":{"@context":"https:\/\/schema.org","@graph":[{"@type":"WebPage","@id":"https:\/\/toys.lt\/lv\/produktas\/rotallietu-loka-saveja-komplekts-ar-merki-2\/","url":"https:\/\/toys.lt\/lv\/produktas\/rotallietu-loka-saveja-komplekts-ar-merki-2\/","name":"Rota\u013clietu loka \u0161\u0101v\u0113ja komplekts ar m\u0113r\u0137i - Toys.lt","isPartOf":{"@id":"https:\/\/toys.lt\/lv\/#website"},"primaryImageOfPage":{"@id":"https:\/\/toys.lt\/lv\/produktas\/rotallietu-loka-saveja-komplekts-ar-merki-2\/#primaryimage"},"image":{"@id":"https:\/\/toys.lt\/lv\/produktas\/rotallietu-loka-saveja-komplekts-ar-merki-2\/#primaryimage"},"thumbnailUrl":"https:\/\/toys.lt\/wp-content\/uploads\/2020\/04\/products-313.jpg","datePublished":"2020-04-03T09:23:06+00:00","dateModified":"2026-04-09T00:03:01+00:00","breadcrumb":{"@id":"https:\/\/toys.lt\/lv\/produktas\/rotallietu-loka-saveja-komplekts-ar-merki-2\/#breadcrumb"},"inLanguage":"lv-LV","potentialAction":[{"@type":"ReadAction","target":["https:\/\/toys.lt\/lv\/produktas\/rotallietu-loka-saveja-komplekts-ar-merki-2\/"]}]},{"@type":"ImageObject","inLanguage":"lv-LV","@id":"https:\/\/toys.lt\/lv\/produktas\/rotallietu-loka-saveja-komplekts-ar-merki-2\/#primaryimage","url":"https:\/\/toys.lt\/wp-content\/uploads\/2020\/04\/products-313.jpg","contentUrl":"https:\/\/toys.lt\/wp-content\/uploads\/2020\/04\/products-313.jpg","width":2480,"height":2480,"caption":"\u017daislinis lankininko rinkinys su taikiniu"},{"@type":"BreadcrumbList","@id":"https:\/\/toys.lt\/lv\/produktas\/rotallietu-loka-saveja-komplekts-ar-merki-2\/#breadcrumb","itemListElement":[{"@type":"ListItem","position":1,"name":"Home","item":"https:\/\/toys.lt\/lv\/"},{"@type":"ListItem","position":2,"name":"Veikals","item":"https:\/\/toys.lt\/lv\/shop\/"},{"@type":"ListItem","position":3,"name":"Rota\u013clietu loka \u0161\u0101v\u0113ja komplekts ar m\u0113r\u0137i"}]},{"@type":"WebSite","@id":"https:\/\/toys.lt\/lv\/#website","url":"https:\/\/toys.lt\/lv\/","name":"Toys.lt","description":"","potentialAction":[{"@type":"SearchAction","target":{"@type":"EntryPoint","urlTemplate":"https:\/\/toys.lt\/lv\/?s={search_term_string}"},"query-input":{"@type":"PropertyValueSpecification","valueRequired":true,"valueName":"search_term_string"}}],"inLanguage":"lv-LV"}]}},"_links":{"self":[{"href":"https:\/\/toys.lt\/lv\/wp-json\/wp\/v2\/product\/42453","targetHints":{"allow":["GET"]}}],"collection":[{"href":"https:\/\/toys.lt\/lv\/wp-json\/wp\/v2\/product"}],"about":[{"href":"https:\/\/toys.lt\/lv\/wp-json\/wp\/v2\/types\/product"}],"replies":[{"embeddable":true,"href":"https:\/\/toys.lt\/lv\/wp-json\/wp\/v2\/comments?post=42453"}],"version-history":[{"count":1,"href":"https:\/\/toys.lt\/lv\/wp-json\/wp\/v2\/product\/42453\/revisions"}],"predecessor-version":[{"id":45997,"href":"https:\/\/toys.lt\/lv\/wp-json\/wp\/v2\/product\/42453\/revisions\/45997"}],"wp:featuredmedia":[{"embeddable":true,"href":"https:\/\/toys.lt\/lv\/wp-json\/wp\/v2\/media\/36449"}],"wp:attachment":[{"href":"https:\/\/toys.lt\/lv\/wp-json\/wp\/v2\/media?parent=42453"}],"wp:term":[{"taxonomy":"product_brand","embeddable":true,"href":"https:\/\/toys.lt\/lv\/wp-json\/wp\/v2\/product_brand?post=42453"},{"taxonomy":"product_cat","embeddable":true,"href":"https:\/\/toys.lt\/lv\/wp-json\/wp\/v2\/product_cat?post=42453"},{"taxonomy":"product_tag","embeddable":true,"href":"https:\/\/toys.lt\/lv\/wp-json\/wp\/v2\/product_tag?post=42453"}],"curies":[{"name":"wp","href":"https:\/\/api.w.org\/{rel}","templated":true}]}}