{"id":42443,"date":"2020-03-30T11:59:15","date_gmt":"2020-03-30T11:59:15","guid":{"rendered":"https:\/\/toys.lt\/produktas\/bernu-loka-sausanas-komplekts-ar-merki-2\/"},"modified":"2026-04-09T00:03:04","modified_gmt":"2026-04-09T00:03:04","slug":"bernu-loka-sausanas-komplekts-ar-merki-2","status":"publish","type":"product","link":"https:\/\/toys.lt\/lv\/produktas\/bernu-loka-sausanas-komplekts-ar-merki-2\/","title":{"rendered":"B\u0113rnu loka \u0161au\u0161anas komplekts ar m\u0113r\u0137i"},"content":{"rendered":"<p>\u0160is komplekts \u013caus j\u016bsu b\u0113rnam justies k\u0101 \u012bstam snaiperim. B\u0113rns p\u0101rbaud\u012bs savu precizit\u0101ti, izmantojot komplekt\u0101 iek\u013cauto m\u0113r\u0137i. Pateicoties komplektam nelielajam svaram, j\u016bs varat viegli iznest komplektu \u0101r\u0101 un izklaid\u0113ties kop\u0101 ar draugiem. Rota\u013clieta lieliski att\u012bst\u012bs b\u0113rna koncentr\u0113\u0161an\u0101s sp\u0113jas, \u0137erme\u0146a musku\u013cu korseti, vienlaikus t\u0101 ir piln\u012bgi dro\u0161a ne tikai loka \u0161\u0101v\u0113ja, bet ar\u012b apk\u0101rt\u0113jiem cilv\u0113kiem, jo bultas ir apr\u012bkotas ar pies\u016bcek\u0146iem. J\u016bs noteikti paman\u012bsiet, k\u0101 j\u016bsu b\u0113rns, izvirzot m\u0113r\u0137i, non\u0101k \u0161\u012b m\u0113r\u0137a centr\u0101 un nemit\u012bgi uzlabo savas prasmes!    <\/p>\n<p><strong>Komplekt\u0101 ietilpst:<\/strong><\/p>\n<ul style=\"list-style-type: square\">\n<li style=\"margin: 0px;padding: 0px;font: inherit;border: 0px\">M\u0113r\u0137is (41 cm)<\/li>\n<li style=\"margin: 0px;padding: 0px;font: inherit;border: 0px\">M\u0113r\u0137a stat\u012bvs (38 x 50 x 41 cm)<\/li>\n<li style=\"margin: 0px;padding: 0px;font: inherit;border: 0px\">3 str\u0113les (60 cm)<\/li>\n<li style=\"margin: 0px;padding: 0px;font: inherit;border: 0px\">Rokturu papl\u0101te (62 x 24,5 cm)<\/li>\n<li style=\"margin: 0px;padding: 0px;font: inherit;border: 0px\">Pirkstu aizsargs (8 cm)<\/li>\n<li style=\"margin: 0px;padding: 0px;font: inherit;border: 0px\">Loks (87 x 22,5 cm)<\/li>\n<\/ul>\n<p><strong>Funkcijas:<\/strong><\/p>\n<ul style=\"list-style-type: square\">\n<li style=\"margin: 0px;padding: 0px;font: inherit;border: 0px\">Kr\u0101sains izskats un ori\u0123in\u0101ls dizains<\/li>\n<li style=\"margin: 0px;padding: 0px;font: inherit;border: 0px\">M\u0113r\u0137i var piek\u0101rt vai novietot uz stat\u012bva<\/li>\n<li style=\"margin: 0px;padding: 0px;font: inherit;border: 0px\">M\u0113r\u0137a stat\u012bvs sast\u0101v no da\u013c\u0101m<\/li>\n<li style=\"margin: 0px;padding: 0px;font: inherit;border: 0px\">Bultas uz pies\u016bcek\u0146iem<\/li>\n<li style=\"margin: 0px;padding: 0px;font: inherit;border: 0px\">Viegls un kompakts<\/li>\n<li style=\"margin: 0px;padding: 0px;font: inherit;border: 0px\">Dro\u0161s b\u0113rnu vesel\u012bbai<\/li>\n<li style=\"margin: 0px;padding: 0px;font: inherit;border: 0px\">Att\u012bsta precizit\u0101ti, koncentr\u0113\u0161an\u0101s sp\u0113jas, uzman\u012bbu, kust\u012bbu koordin\u0101ciju.<\/li>\n<\/ul>\n","protected":false},"excerpt":{"rendered":"<p>Produkta veids: sporta<\/p>\n<p>Izcelsmes valsts: \u0136\u012bna<\/p>\n<p>Iepakojuma izm\u0113ri: 8 x 34 x 84 cm<\/p>\n<p>Ieteicamais vecums: no 8 gadiem.<\/p>\n","protected":false},"featured_media":36435,"comment_status":"open","ping_status":"closed","template":"","meta":[],"product_brand":[],"product_cat":[1155,1176],"product_tag":[],"class_list":{"0":"post-42443","1":"product","2":"type-product","3":"status-publish","4":"has-post-thumbnail","6":"product_cat-leti","7":"product_cat-rotallietas-zeniem","8":"pa_amziaus-grupe-8-lv","9":"pa_prek-s-tipas-ieroci","11":"first","12":"instock","13":"sale","14":"taxable","15":"shipping-taxable","16":"purchasable","17":"product-type-simple"},"yoast_head":"<!-- This site is optimized with the Yoast SEO plugin v27.6 - https:\/\/yoast.com\/product\/yoast-seo-wordpress\/ -->\n<title>B\u0113rnu loka \u0161au\u0161anas komplekts ar m\u0113r\u0137i - Toys.lt<\/title>\n<meta name=\"robots\" content=\"index, follow, max-snippet:-1, max-image-preview:large, max-video-preview:-1\" \/>\n<link rel=\"canonical\" href=\"https:\/\/toys.lt\/lv\/produktas\/bernu-loka-sausanas-komplekts-ar-merki-2\/\" \/>\n<meta property=\"og:locale\" content=\"lv_LV\" \/>\n<meta property=\"og:type\" content=\"article\" \/>\n<meta property=\"og:title\" content=\"B\u0113rnu loka \u0161au\u0161anas komplekts ar m\u0113r\u0137i - Toys.lt\" \/>\n<meta property=\"og:description\" content=\"Produkta veids: sporta Izcelsmes valsts: \u0136\u012bna Iepakojuma izm\u0113ri: 8 x 34 x 84 cm Ieteicamais vecums: no 8 gadiem.\" \/>\n<meta property=\"og:url\" content=\"https:\/\/toys.lt\/lv\/produktas\/bernu-loka-sausanas-komplekts-ar-merki-2\/\" \/>\n<meta property=\"og:site_name\" content=\"Toys.lt\" \/>\n<meta property=\"article:modified_time\" content=\"2026-04-09T00:03:04+00:00\" \/>\n<meta property=\"og:image\" content=\"https:\/\/toys.lt\/wp-content\/uploads\/2020\/03\/products-299.jpg\" \/>\n\t<meta property=\"og:image:width\" content=\"2555\" \/>\n\t<meta property=\"og:image:height\" content=\"1775\" \/>\n\t<meta property=\"og:image:type\" content=\"image\/jpeg\" \/>\n<meta name=\"twitter:card\" content=\"summary_large_image\" \/>\n<meta name=\"twitter:label1\" content=\"Est. reading time\" \/>\n\t<meta name=\"twitter:data1\" content=\"1 minute\" \/>\n<script type=\"application\/ld+json\" class=\"yoast-schema-graph\">{\"@context\":\"https:\\\/\\\/schema.org\",\"@graph\":[{\"@type\":\"WebPage\",\"@id\":\"https:\\\/\\\/toys.lt\\\/lv\\\/produktas\\\/bernu-loka-sausanas-komplekts-ar-merki-2\\\/\",\"url\":\"https:\\\/\\\/toys.lt\\\/lv\\\/produktas\\\/bernu-loka-sausanas-komplekts-ar-merki-2\\\/\",\"name\":\"B\u0113rnu loka \u0161au\u0161anas komplekts ar m\u0113r\u0137i - Toys.lt\",\"isPartOf\":{\"@id\":\"https:\\\/\\\/toys.lt\\\/lv\\\/#website\"},\"primaryImageOfPage\":{\"@id\":\"https:\\\/\\\/toys.lt\\\/lv\\\/produktas\\\/bernu-loka-sausanas-komplekts-ar-merki-2\\\/#primaryimage\"},\"image\":{\"@id\":\"https:\\\/\\\/toys.lt\\\/lv\\\/produktas\\\/bernu-loka-sausanas-komplekts-ar-merki-2\\\/#primaryimage\"},\"thumbnailUrl\":\"https:\\\/\\\/toys.lt\\\/wp-content\\\/uploads\\\/2020\\\/03\\\/products-299.jpg\",\"datePublished\":\"2020-03-30T11:59:15+00:00\",\"dateModified\":\"2026-04-09T00:03:04+00:00\",\"breadcrumb\":{\"@id\":\"https:\\\/\\\/toys.lt\\\/lv\\\/produktas\\\/bernu-loka-sausanas-komplekts-ar-merki-2\\\/#breadcrumb\"},\"inLanguage\":\"lv-LV\",\"potentialAction\":[{\"@type\":\"ReadAction\",\"target\":[\"https:\\\/\\\/toys.lt\\\/lv\\\/produktas\\\/bernu-loka-sausanas-komplekts-ar-merki-2\\\/\"]}]},{\"@type\":\"ImageObject\",\"inLanguage\":\"lv-LV\",\"@id\":\"https:\\\/\\\/toys.lt\\\/lv\\\/produktas\\\/bernu-loka-sausanas-komplekts-ar-merki-2\\\/#primaryimage\",\"url\":\"https:\\\/\\\/toys.lt\\\/wp-content\\\/uploads\\\/2020\\\/03\\\/products-299.jpg\",\"contentUrl\":\"https:\\\/\\\/toys.lt\\\/wp-content\\\/uploads\\\/2020\\\/03\\\/products-299.jpg\",\"width\":2555,\"height\":1775,\"caption\":\"Vaiki\u0161kas lankininko rinkinys su taikiniu\"},{\"@type\":\"BreadcrumbList\",\"@id\":\"https:\\\/\\\/toys.lt\\\/lv\\\/produktas\\\/bernu-loka-sausanas-komplekts-ar-merki-2\\\/#breadcrumb\",\"itemListElement\":[{\"@type\":\"ListItem\",\"position\":1,\"name\":\"Home\",\"item\":\"https:\\\/\\\/toys.lt\\\/lv\\\/\"},{\"@type\":\"ListItem\",\"position\":2,\"name\":\"Veikals\",\"item\":\"https:\\\/\\\/toys.lt\\\/lv\\\/shop\\\/\"},{\"@type\":\"ListItem\",\"position\":3,\"name\":\"B\u0113rnu loka \u0161au\u0161anas komplekts ar m\u0113r\u0137i\"}]},{\"@type\":\"WebSite\",\"@id\":\"https:\\\/\\\/toys.lt\\\/lv\\\/#website\",\"url\":\"https:\\\/\\\/toys.lt\\\/lv\\\/\",\"name\":\"Toys.lt\",\"description\":\"\",\"potentialAction\":[{\"@type\":\"SearchAction\",\"target\":{\"@type\":\"EntryPoint\",\"urlTemplate\":\"https:\\\/\\\/toys.lt\\\/lv\\\/?s={search_term_string}\"},\"query-input\":{\"@type\":\"PropertyValueSpecification\",\"valueRequired\":true,\"valueName\":\"search_term_string\"}}],\"inLanguage\":\"lv-LV\"}]}<\/script>\n<!-- \/ Yoast SEO plugin. -->","yoast_head_json":{"title":"B\u0113rnu loka \u0161au\u0161anas komplekts ar m\u0113r\u0137i - Toys.lt","robots":{"index":"index","follow":"follow","max-snippet":"max-snippet:-1","max-image-preview":"max-image-preview:large","max-video-preview":"max-video-preview:-1"},"canonical":"https:\/\/toys.lt\/lv\/produktas\/bernu-loka-sausanas-komplekts-ar-merki-2\/","og_locale":"lv_LV","og_type":"article","og_title":"B\u0113rnu loka \u0161au\u0161anas komplekts ar m\u0113r\u0137i - Toys.lt","og_description":"Produkta veids: sporta Izcelsmes valsts: \u0136\u012bna Iepakojuma izm\u0113ri: 8 x 34 x 84 cm Ieteicamais vecums: no 8 gadiem.","og_url":"https:\/\/toys.lt\/lv\/produktas\/bernu-loka-sausanas-komplekts-ar-merki-2\/","og_site_name":"Toys.lt","article_modified_time":"2026-04-09T00:03:04+00:00","og_image":[{"width":2555,"height":1775,"url":"https:\/\/toys.lt\/wp-content\/uploads\/2020\/03\/products-299.jpg","type":"image\/jpeg"}],"twitter_card":"summary_large_image","twitter_misc":{"Est. reading time":"1 minute"},"schema":{"@context":"https:\/\/schema.org","@graph":[{"@type":"WebPage","@id":"https:\/\/toys.lt\/lv\/produktas\/bernu-loka-sausanas-komplekts-ar-merki-2\/","url":"https:\/\/toys.lt\/lv\/produktas\/bernu-loka-sausanas-komplekts-ar-merki-2\/","name":"B\u0113rnu loka \u0161au\u0161anas komplekts ar m\u0113r\u0137i - Toys.lt","isPartOf":{"@id":"https:\/\/toys.lt\/lv\/#website"},"primaryImageOfPage":{"@id":"https:\/\/toys.lt\/lv\/produktas\/bernu-loka-sausanas-komplekts-ar-merki-2\/#primaryimage"},"image":{"@id":"https:\/\/toys.lt\/lv\/produktas\/bernu-loka-sausanas-komplekts-ar-merki-2\/#primaryimage"},"thumbnailUrl":"https:\/\/toys.lt\/wp-content\/uploads\/2020\/03\/products-299.jpg","datePublished":"2020-03-30T11:59:15+00:00","dateModified":"2026-04-09T00:03:04+00:00","breadcrumb":{"@id":"https:\/\/toys.lt\/lv\/produktas\/bernu-loka-sausanas-komplekts-ar-merki-2\/#breadcrumb"},"inLanguage":"lv-LV","potentialAction":[{"@type":"ReadAction","target":["https:\/\/toys.lt\/lv\/produktas\/bernu-loka-sausanas-komplekts-ar-merki-2\/"]}]},{"@type":"ImageObject","inLanguage":"lv-LV","@id":"https:\/\/toys.lt\/lv\/produktas\/bernu-loka-sausanas-komplekts-ar-merki-2\/#primaryimage","url":"https:\/\/toys.lt\/wp-content\/uploads\/2020\/03\/products-299.jpg","contentUrl":"https:\/\/toys.lt\/wp-content\/uploads\/2020\/03\/products-299.jpg","width":2555,"height":1775,"caption":"Vaiki\u0161kas lankininko rinkinys su taikiniu"},{"@type":"BreadcrumbList","@id":"https:\/\/toys.lt\/lv\/produktas\/bernu-loka-sausanas-komplekts-ar-merki-2\/#breadcrumb","itemListElement":[{"@type":"ListItem","position":1,"name":"Home","item":"https:\/\/toys.lt\/lv\/"},{"@type":"ListItem","position":2,"name":"Veikals","item":"https:\/\/toys.lt\/lv\/shop\/"},{"@type":"ListItem","position":3,"name":"B\u0113rnu loka \u0161au\u0161anas komplekts ar m\u0113r\u0137i"}]},{"@type":"WebSite","@id":"https:\/\/toys.lt\/lv\/#website","url":"https:\/\/toys.lt\/lv\/","name":"Toys.lt","description":"","potentialAction":[{"@type":"SearchAction","target":{"@type":"EntryPoint","urlTemplate":"https:\/\/toys.lt\/lv\/?s={search_term_string}"},"query-input":{"@type":"PropertyValueSpecification","valueRequired":true,"valueName":"search_term_string"}}],"inLanguage":"lv-LV"}]}},"_links":{"self":[{"href":"https:\/\/toys.lt\/lv\/wp-json\/wp\/v2\/product\/42443","targetHints":{"allow":["GET"]}}],"collection":[{"href":"https:\/\/toys.lt\/lv\/wp-json\/wp\/v2\/product"}],"about":[{"href":"https:\/\/toys.lt\/lv\/wp-json\/wp\/v2\/types\/product"}],"replies":[{"embeddable":true,"href":"https:\/\/toys.lt\/lv\/wp-json\/wp\/v2\/comments?post=42443"}],"version-history":[{"count":1,"href":"https:\/\/toys.lt\/lv\/wp-json\/wp\/v2\/product\/42443\/revisions"}],"predecessor-version":[{"id":45992,"href":"https:\/\/toys.lt\/lv\/wp-json\/wp\/v2\/product\/42443\/revisions\/45992"}],"wp:featuredmedia":[{"embeddable":true,"href":"https:\/\/toys.lt\/lv\/wp-json\/wp\/v2\/media\/36435"}],"wp:attachment":[{"href":"https:\/\/toys.lt\/lv\/wp-json\/wp\/v2\/media?parent=42443"}],"wp:term":[{"taxonomy":"product_brand","embeddable":true,"href":"https:\/\/toys.lt\/lv\/wp-json\/wp\/v2\/product_brand?post=42443"},{"taxonomy":"product_cat","embeddable":true,"href":"https:\/\/toys.lt\/lv\/wp-json\/wp\/v2\/product_cat?post=42443"},{"taxonomy":"product_tag","embeddable":true,"href":"https:\/\/toys.lt\/lv\/wp-json\/wp\/v2\/product_tag?post=42443"}],"curies":[{"name":"wp","href":"https:\/\/api.w.org\/{rel}","templated":true}]}}