{"id":42409,"date":"2020-03-30T09:51:34","date_gmt":"2020-03-30T09:51:34","guid":{"rendered":"https:\/\/toys.lt\/produktas\/transformatora-robots-auto-policija\/"},"modified":"2026-03-30T00:25:18","modified_gmt":"2026-03-30T00:25:18","slug":"transformatora-robots-auto-policija","status":"publish","type":"product","link":"https:\/\/toys.lt\/lv\/produktas\/transformatora-robots-auto-policija\/","title":{"rendered":"Transformatora robots &#8220;Auto policija&#8221;"},"content":{"rendered":"<p><strong>Funkcijas:<\/strong><\/p>\n<ul style=\"list-style-type: square;\">\n<li style=\"margin: 0px; padding: 0px; font: inherit; border: 0px;\">Transform\u0113jams no robota uz transportl\u012bdzekli un otr\u0101di<\/li>\n<li style=\"margin: 0px; padding: 0px; font: inherit; border: 0px;\">2 rota\u013clietu kr\u0101sas, no kur\u0101m var izv\u0113l\u0113ties<\/li>\n<li style=\"margin: 0px; padding: 0px; font: inherit; border: 0px;\">Att\u012bsta motorisk\u0101s prasmes, bag\u0101tina izt\u0113li<\/li>\n<li style=\"margin: 0px; padding: 0px; font: inherit; border: 0px;\">Dro\u0161s b\u0113rnu vesel\u012bbai<\/li>\n<\/ul>\n","protected":false},"excerpt":{"rendered":"<p>Produkta veids: transformators<\/p>\n<p>Izcelsmes valsts: \u0136\u012bna<\/p>\n<p>Iepakojuma izm\u0113ri: 49 x 34,5 cm<\/p>\n<p>Robota izm\u0113ri: 22 x 9 cm<\/p>\n<p>Automa\u0161\u012bnas izm\u0113ri: 8,5 x 18,5 x 6 cm<\/p>\n<p>Ieteicamais vecums: no 3 gadiem.<\/p>\n","protected":false},"featured_media":36421,"comment_status":"open","ping_status":"closed","template":"","meta":[],"product_brand":[],"product_cat":[1176,1155,1156],"product_tag":[],"class_list":{"0":"post-42409","1":"product","2":"type-product","3":"status-publish","4":"has-post-thumbnail","6":"product_cat-rotallietas-zeniem","7":"product_cat-leti","8":"product_cat-rotallietu-roboti-un-transformatori","9":"pa_amziaus-grupe-3-lv","10":"pa_prek-s-spalva-white","11":"pa_prek-s-spalva-zilais","13":"first","14":"instock","15":"taxable","16":"shipping-taxable","17":"purchasable","18":"product-type-variable"},"yoast_head":"<!-- This site is optimized with the Yoast SEO plugin v26.3 - https:\/\/yoast.com\/wordpress\/plugins\/seo\/ -->\n<title>Transformatora robots &quot;Auto policija&quot; - Toys.lt<\/title>\n<meta name=\"robots\" content=\"index, follow, max-snippet:-1, max-image-preview:large, max-video-preview:-1\" \/>\n<link rel=\"canonical\" href=\"https:\/\/toys.lt\/lv\/produktas\/transformatora-robots-auto-policija\/\" \/>\n<meta property=\"og:locale\" content=\"lv_LV\" \/>\n<meta property=\"og:type\" content=\"article\" \/>\n<meta property=\"og:title\" content=\"Transformatora robots &quot;Auto policija&quot; - Toys.lt\" \/>\n<meta property=\"og:description\" content=\"Produkta veids: transformators Izcelsmes valsts: \u0136\u012bna Iepakojuma izm\u0113ri: 49 x 34,5 cm Robota izm\u0113ri: 22 x 9 cm Automa\u0161\u012bnas izm\u0113ri: 8,5 x 18,5 x 6 cm Ieteicamais vecums: no 3 gadiem.\" \/>\n<meta property=\"og:url\" content=\"https:\/\/toys.lt\/lv\/produktas\/transformatora-robots-auto-policija\/\" \/>\n<meta property=\"og:site_name\" content=\"Toys.lt\" \/>\n<meta property=\"article:modified_time\" content=\"2026-03-30T00:25:18+00:00\" \/>\n<meta property=\"og:image\" content=\"https:\/\/toys.lt\/wp-content\/uploads\/2020\/03\/products-283-scaled.jpg\" \/>\n\t<meta property=\"og:image:width\" content=\"2560\" \/>\n\t<meta property=\"og:image:height\" content=\"1810\" \/>\n\t<meta property=\"og:image:type\" content=\"image\/jpeg\" \/>\n<meta name=\"twitter:card\" content=\"summary_large_image\" \/>\n<script type=\"application\/ld+json\" class=\"yoast-schema-graph\">{\"@context\":\"https:\/\/schema.org\",\"@graph\":[{\"@type\":\"WebPage\",\"@id\":\"https:\/\/toys.lt\/lv\/produktas\/transformatora-robots-auto-policija\/\",\"url\":\"https:\/\/toys.lt\/lv\/produktas\/transformatora-robots-auto-policija\/\",\"name\":\"Transformatora robots \\\"Auto policija\\\" - Toys.lt\",\"isPartOf\":{\"@id\":\"https:\/\/toys.lt\/lv\/#website\"},\"primaryImageOfPage\":{\"@id\":\"https:\/\/toys.lt\/lv\/produktas\/transformatora-robots-auto-policija\/#primaryimage\"},\"image\":{\"@id\":\"https:\/\/toys.lt\/lv\/produktas\/transformatora-robots-auto-policija\/#primaryimage\"},\"thumbnailUrl\":\"https:\/\/toys.lt\/wp-content\/uploads\/2020\/03\/products-283-scaled.jpg\",\"datePublished\":\"2020-03-30T09:51:34+00:00\",\"dateModified\":\"2026-03-30T00:25:18+00:00\",\"breadcrumb\":{\"@id\":\"https:\/\/toys.lt\/lv\/produktas\/transformatora-robots-auto-policija\/#breadcrumb\"},\"inLanguage\":\"lv-LV\",\"potentialAction\":[{\"@type\":\"ReadAction\",\"target\":[\"https:\/\/toys.lt\/lv\/produktas\/transformatora-robots-auto-policija\/\"]}]},{\"@type\":\"ImageObject\",\"inLanguage\":\"lv-LV\",\"@id\":\"https:\/\/toys.lt\/lv\/produktas\/transformatora-robots-auto-policija\/#primaryimage\",\"url\":\"https:\/\/toys.lt\/wp-content\/uploads\/2020\/03\/products-283-scaled.jpg\",\"contentUrl\":\"https:\/\/toys.lt\/wp-content\/uploads\/2020\/03\/products-283-scaled.jpg\",\"width\":2560,\"height\":1810,\"caption\":\"Robotas &#8211; transformeris &#8220;Car Police&#8221; &#8211; M\u0117lyna\"},{\"@type\":\"BreadcrumbList\",\"@id\":\"https:\/\/toys.lt\/lv\/produktas\/transformatora-robots-auto-policija\/#breadcrumb\",\"itemListElement\":[{\"@type\":\"ListItem\",\"position\":1,\"name\":\"Home\",\"item\":\"https:\/\/toys.lt\/lv\/\"},{\"@type\":\"ListItem\",\"position\":2,\"name\":\"Veikals\",\"item\":\"https:\/\/toys.lt\/lv\/shop\/\"},{\"@type\":\"ListItem\",\"position\":3,\"name\":\"Transformatora robots &#8222;Auto policija&#8221;\"}]},{\"@type\":\"WebSite\",\"@id\":\"https:\/\/toys.lt\/lv\/#website\",\"url\":\"https:\/\/toys.lt\/lv\/\",\"name\":\"Toys.lt\",\"description\":\"\",\"potentialAction\":[{\"@type\":\"SearchAction\",\"target\":{\"@type\":\"EntryPoint\",\"urlTemplate\":\"https:\/\/toys.lt\/lv\/?s={search_term_string}\"},\"query-input\":{\"@type\":\"PropertyValueSpecification\",\"valueRequired\":true,\"valueName\":\"search_term_string\"}}],\"inLanguage\":\"lv-LV\"}]}<\/script>\n<!-- \/ Yoast SEO plugin. -->","yoast_head_json":{"title":"Transformatora robots \"Auto policija\" - Toys.lt","robots":{"index":"index","follow":"follow","max-snippet":"max-snippet:-1","max-image-preview":"max-image-preview:large","max-video-preview":"max-video-preview:-1"},"canonical":"https:\/\/toys.lt\/lv\/produktas\/transformatora-robots-auto-policija\/","og_locale":"lv_LV","og_type":"article","og_title":"Transformatora robots \"Auto policija\" - Toys.lt","og_description":"Produkta veids: transformators Izcelsmes valsts: \u0136\u012bna Iepakojuma izm\u0113ri: 49 x 34,5 cm Robota izm\u0113ri: 22 x 9 cm Automa\u0161\u012bnas izm\u0113ri: 8,5 x 18,5 x 6 cm Ieteicamais vecums: no 3 gadiem.","og_url":"https:\/\/toys.lt\/lv\/produktas\/transformatora-robots-auto-policija\/","og_site_name":"Toys.lt","article_modified_time":"2026-03-30T00:25:18+00:00","og_image":[{"width":2560,"height":1810,"url":"https:\/\/toys.lt\/wp-content\/uploads\/2020\/03\/products-283-scaled.jpg","type":"image\/jpeg"}],"twitter_card":"summary_large_image","schema":{"@context":"https:\/\/schema.org","@graph":[{"@type":"WebPage","@id":"https:\/\/toys.lt\/lv\/produktas\/transformatora-robots-auto-policija\/","url":"https:\/\/toys.lt\/lv\/produktas\/transformatora-robots-auto-policija\/","name":"Transformatora robots \"Auto policija\" - Toys.lt","isPartOf":{"@id":"https:\/\/toys.lt\/lv\/#website"},"primaryImageOfPage":{"@id":"https:\/\/toys.lt\/lv\/produktas\/transformatora-robots-auto-policija\/#primaryimage"},"image":{"@id":"https:\/\/toys.lt\/lv\/produktas\/transformatora-robots-auto-policija\/#primaryimage"},"thumbnailUrl":"https:\/\/toys.lt\/wp-content\/uploads\/2020\/03\/products-283-scaled.jpg","datePublished":"2020-03-30T09:51:34+00:00","dateModified":"2026-03-30T00:25:18+00:00","breadcrumb":{"@id":"https:\/\/toys.lt\/lv\/produktas\/transformatora-robots-auto-policija\/#breadcrumb"},"inLanguage":"lv-LV","potentialAction":[{"@type":"ReadAction","target":["https:\/\/toys.lt\/lv\/produktas\/transformatora-robots-auto-policija\/"]}]},{"@type":"ImageObject","inLanguage":"lv-LV","@id":"https:\/\/toys.lt\/lv\/produktas\/transformatora-robots-auto-policija\/#primaryimage","url":"https:\/\/toys.lt\/wp-content\/uploads\/2020\/03\/products-283-scaled.jpg","contentUrl":"https:\/\/toys.lt\/wp-content\/uploads\/2020\/03\/products-283-scaled.jpg","width":2560,"height":1810,"caption":"Robotas &#8211; transformeris &#8220;Car Police&#8221; &#8211; M\u0117lyna"},{"@type":"BreadcrumbList","@id":"https:\/\/toys.lt\/lv\/produktas\/transformatora-robots-auto-policija\/#breadcrumb","itemListElement":[{"@type":"ListItem","position":1,"name":"Home","item":"https:\/\/toys.lt\/lv\/"},{"@type":"ListItem","position":2,"name":"Veikals","item":"https:\/\/toys.lt\/lv\/shop\/"},{"@type":"ListItem","position":3,"name":"Transformatora robots &#8222;Auto policija&#8221;"}]},{"@type":"WebSite","@id":"https:\/\/toys.lt\/lv\/#website","url":"https:\/\/toys.lt\/lv\/","name":"Toys.lt","description":"","potentialAction":[{"@type":"SearchAction","target":{"@type":"EntryPoint","urlTemplate":"https:\/\/toys.lt\/lv\/?s={search_term_string}"},"query-input":{"@type":"PropertyValueSpecification","valueRequired":true,"valueName":"search_term_string"}}],"inLanguage":"lv-LV"}]}},"_links":{"self":[{"href":"https:\/\/toys.lt\/lv\/wp-json\/wp\/v2\/product\/42409","targetHints":{"allow":["GET"]}}],"collection":[{"href":"https:\/\/toys.lt\/lv\/wp-json\/wp\/v2\/product"}],"about":[{"href":"https:\/\/toys.lt\/lv\/wp-json\/wp\/v2\/types\/product"}],"replies":[{"embeddable":true,"href":"https:\/\/toys.lt\/lv\/wp-json\/wp\/v2\/comments?post=42409"}],"version-history":[{"count":1,"href":"https:\/\/toys.lt\/lv\/wp-json\/wp\/v2\/product\/42409\/revisions"}],"predecessor-version":[{"id":45991,"href":"https:\/\/toys.lt\/lv\/wp-json\/wp\/v2\/product\/42409\/revisions\/45991"}],"wp:featuredmedia":[{"embeddable":true,"href":"https:\/\/toys.lt\/lv\/wp-json\/wp\/v2\/media\/36421"}],"wp:attachment":[{"href":"https:\/\/toys.lt\/lv\/wp-json\/wp\/v2\/media?parent=42409"}],"wp:term":[{"taxonomy":"product_brand","embeddable":true,"href":"https:\/\/toys.lt\/lv\/wp-json\/wp\/v2\/product_brand?post=42409"},{"taxonomy":"product_cat","embeddable":true,"href":"https:\/\/toys.lt\/lv\/wp-json\/wp\/v2\/product_cat?post=42409"},{"taxonomy":"product_tag","embeddable":true,"href":"https:\/\/toys.lt\/lv\/wp-json\/wp\/v2\/product_tag?post=42409"}],"curies":[{"name":"wp","href":"https:\/\/api.w.org\/{rel}","templated":true}]}}