{"id":42395,"date":"2020-03-30T08:26:49","date_gmt":"2020-03-30T08:26:49","guid":{"rendered":"https:\/\/toys.lt\/produktas\/mega-galda-spele-hokejs-all-star\/"},"modified":"2026-04-09T00:03:07","modified_gmt":"2026-04-09T00:03:07","slug":"mega-galda-spele-hokejs-all-star","status":"publish","type":"product","link":"https:\/\/toys.lt\/lv\/produktas\/mega-galda-spele-hokejs-all-star\/","title":{"rendered":"Mega galda sp\u0113le &#8211; Hokejs &#8220;ALL-STAR&#8221;"},"content":{"rendered":"<p><strong>Funkcijas:<\/strong><\/p>\n<ul style=\"list-style-type:square;\">\n<li style=\"margin:0px;padding:0px;font:inherit;border:0px;\">Galds uz k\u0101j\u0101m<\/li>\n<li style=\"margin:0px;padding:0px;font:inherit;border:0px;\">Elektroniskais rezult\u0101tu tablo<\/li>\n<li style=\"margin:0px;padding:0px;font:inherit;border:0px;\">Rull\u012b\u0161u izme\u0161anas ier\u012bce<\/li>\n<li style=\"margin:0px;padding:0px;font:inherit;border:0px;\">Piem\u0113rots gan \u0101ra, gan iek\u0161telpu rota\u013c\u0101m<\/li>\n<li style=\"margin:0px;padding:0px;font:inherit;border:0px;\">Sal\u012bdzino\u0161i liels sp\u0113les laukuma izm\u0113rs<\/li>\n<li style=\"margin:0px;padding:0px;font:inherit;border:0px;\">Dro\u0161s b\u0113rnu vesel\u012bbai<\/li>\n<li style=\"margin:0px;padding:0px;font:inherit;border:0px;\">Att\u012bsta dom\u0101\u0161anu, komunik\u0101cijas prasmes, kust\u012bbu koordin\u0101ciju, veikl\u012bbu, \u0101tru reakciju.<\/li>\n<li style=\"margin:0px;padding:0px;font:inherit;border:0px;\">Vienlaikus var sp\u0113l\u0113t 2 sp\u0113l\u0113t\u0101ji<\/li>\n<\/ul>\n<p>Dr\u012bzum\u0101 b\u016bs pieejams pla\u0161\u0101ks produkta apraksts.<\/p>\n<p>Lai ieg\u016btu vair\u0101k inform\u0101cijas par produktu, zvaniet pa lap\u0101 nor\u0101d\u012bto t\u0101lru\u0146a numuru.<\/p>\n","protected":false},"excerpt":{"rendered":"<p>Produkta veids: galda sp\u0113le<\/p>\n<p>Izcelsmes valsts: \u0136\u012bna<\/p>\n<p>Dal\u012bbnieku skaits: 2<\/p>\n<p>Iepakojuma izm\u0113ri: 15 x 109 x 70 cm<\/p>\n<p>Izstr\u0101d\u0101juma izm\u0113ri: 92 x 45 cm<\/p>\n<p>Produkta materi\u0101ls: plastmasa<\/p>\n<p>Ieteicamais vecums: no 4 gadiem<\/p>\n","protected":false},"featured_media":36412,"comment_status":"open","ping_status":"open","template":"","meta":[],"product_brand":[],"product_cat":[1280,1180,1176,1277],"product_tag":[],"class_list":{"0":"post-42395","1":"product","2":"type-product","3":"status-publish","4":"has-post-thumbnail","6":"product_cat-galda-speles","7":"product_cat-rotallietas-meitenem","8":"product_cat-rotallietas-zeniem","9":"product_cat-sporta-un-izklaides-rotallietas","10":"pa_amziaus-grupe-4-lv","12":"first","13":"outofstock","14":"taxable","15":"shipping-taxable","16":"purchasable","17":"product-type-simple"},"yoast_head":"<!-- This site is optimized with the Yoast SEO plugin v26.3 - https:\/\/yoast.com\/wordpress\/plugins\/seo\/ -->\n<title>Mega galda sp\u0113le - Hokejs &quot;ALL-STAR&quot; - Toys.lt<\/title>\n<meta name=\"robots\" content=\"index, follow, max-snippet:-1, max-image-preview:large, max-video-preview:-1\" \/>\n<link rel=\"canonical\" href=\"https:\/\/toys.lt\/lv\/produktas\/mega-galda-spele-hokejs-all-star\/\" \/>\n<meta property=\"og:locale\" content=\"lv_LV\" \/>\n<meta property=\"og:type\" content=\"article\" \/>\n<meta property=\"og:title\" content=\"Mega galda sp\u0113le - Hokejs &quot;ALL-STAR&quot; - Toys.lt\" \/>\n<meta property=\"og:description\" content=\"Produkta veids: galda sp\u0113le Izcelsmes valsts: \u0136\u012bna Dal\u012bbnieku skaits: 2 Iepakojuma izm\u0113ri: 15 x 109 x 70 cm Izstr\u0101d\u0101juma izm\u0113ri: 92 x 45 cm Produkta materi\u0101ls: plastmasa Ieteicamais vecums: no 4 gadiem\" \/>\n<meta property=\"og:url\" content=\"https:\/\/toys.lt\/lv\/produktas\/mega-galda-spele-hokejs-all-star\/\" \/>\n<meta property=\"og:site_name\" content=\"Toys.lt\" \/>\n<meta property=\"article:modified_time\" content=\"2026-04-09T00:03:07+00:00\" \/>\n<meta property=\"og:image\" content=\"https:\/\/toys.lt\/wp-content\/uploads\/2020\/03\/products-274-scaled.jpg\" \/>\n\t<meta property=\"og:image:width\" content=\"2560\" \/>\n\t<meta property=\"og:image:height\" content=\"1828\" \/>\n\t<meta property=\"og:image:type\" content=\"image\/jpeg\" \/>\n<meta name=\"twitter:card\" content=\"summary_large_image\" \/>\n<script type=\"application\/ld+json\" class=\"yoast-schema-graph\">{\"@context\":\"https:\/\/schema.org\",\"@graph\":[{\"@type\":\"WebPage\",\"@id\":\"https:\/\/toys.lt\/lv\/produktas\/mega-galda-spele-hokejs-all-star\/\",\"url\":\"https:\/\/toys.lt\/lv\/produktas\/mega-galda-spele-hokejs-all-star\/\",\"name\":\"Mega galda sp\u0113le - Hokejs \\\"ALL-STAR\\\" - Toys.lt\",\"isPartOf\":{\"@id\":\"https:\/\/toys.lt\/lv\/#website\"},\"primaryImageOfPage\":{\"@id\":\"https:\/\/toys.lt\/lv\/produktas\/mega-galda-spele-hokejs-all-star\/#primaryimage\"},\"image\":{\"@id\":\"https:\/\/toys.lt\/lv\/produktas\/mega-galda-spele-hokejs-all-star\/#primaryimage\"},\"thumbnailUrl\":\"https:\/\/toys.lt\/wp-content\/uploads\/2020\/03\/products-274-scaled.jpg\",\"datePublished\":\"2020-03-30T08:26:49+00:00\",\"dateModified\":\"2026-04-09T00:03:07+00:00\",\"breadcrumb\":{\"@id\":\"https:\/\/toys.lt\/lv\/produktas\/mega-galda-spele-hokejs-all-star\/#breadcrumb\"},\"inLanguage\":\"lv-LV\",\"potentialAction\":[{\"@type\":\"ReadAction\",\"target\":[\"https:\/\/toys.lt\/lv\/produktas\/mega-galda-spele-hokejs-all-star\/\"]}]},{\"@type\":\"ImageObject\",\"inLanguage\":\"lv-LV\",\"@id\":\"https:\/\/toys.lt\/lv\/produktas\/mega-galda-spele-hokejs-all-star\/#primaryimage\",\"url\":\"https:\/\/toys.lt\/wp-content\/uploads\/2020\/03\/products-274-scaled.jpg\",\"contentUrl\":\"https:\/\/toys.lt\/wp-content\/uploads\/2020\/03\/products-274-scaled.jpg\",\"width\":2560,\"height\":1828,\"caption\":\"Mega stalo \u017eaidimas &#8211; ledo ritulys &#8220;ALL-STAR&#8221;\"},{\"@type\":\"BreadcrumbList\",\"@id\":\"https:\/\/toys.lt\/lv\/produktas\/mega-galda-spele-hokejs-all-star\/#breadcrumb\",\"itemListElement\":[{\"@type\":\"ListItem\",\"position\":1,\"name\":\"Home\",\"item\":\"https:\/\/toys.lt\/lv\/\"},{\"@type\":\"ListItem\",\"position\":2,\"name\":\"Veikals\",\"item\":\"https:\/\/toys.lt\/lv\/shop\/\"},{\"@type\":\"ListItem\",\"position\":3,\"name\":\"Mega galda sp\u0113le &#8211; Hokejs &#8222;ALL-STAR&#8221;\"}]},{\"@type\":\"WebSite\",\"@id\":\"https:\/\/toys.lt\/lv\/#website\",\"url\":\"https:\/\/toys.lt\/lv\/\",\"name\":\"Toys.lt\",\"description\":\"\",\"potentialAction\":[{\"@type\":\"SearchAction\",\"target\":{\"@type\":\"EntryPoint\",\"urlTemplate\":\"https:\/\/toys.lt\/lv\/?s={search_term_string}\"},\"query-input\":{\"@type\":\"PropertyValueSpecification\",\"valueRequired\":true,\"valueName\":\"search_term_string\"}}],\"inLanguage\":\"lv-LV\"}]}<\/script>\n<!-- \/ Yoast SEO plugin. -->","yoast_head_json":{"title":"Mega galda sp\u0113le - Hokejs \"ALL-STAR\" - Toys.lt","robots":{"index":"index","follow":"follow","max-snippet":"max-snippet:-1","max-image-preview":"max-image-preview:large","max-video-preview":"max-video-preview:-1"},"canonical":"https:\/\/toys.lt\/lv\/produktas\/mega-galda-spele-hokejs-all-star\/","og_locale":"lv_LV","og_type":"article","og_title":"Mega galda sp\u0113le - Hokejs \"ALL-STAR\" - Toys.lt","og_description":"Produkta veids: galda sp\u0113le Izcelsmes valsts: \u0136\u012bna Dal\u012bbnieku skaits: 2 Iepakojuma izm\u0113ri: 15 x 109 x 70 cm Izstr\u0101d\u0101juma izm\u0113ri: 92 x 45 cm Produkta materi\u0101ls: plastmasa Ieteicamais vecums: no 4 gadiem","og_url":"https:\/\/toys.lt\/lv\/produktas\/mega-galda-spele-hokejs-all-star\/","og_site_name":"Toys.lt","article_modified_time":"2026-04-09T00:03:07+00:00","og_image":[{"width":2560,"height":1828,"url":"https:\/\/toys.lt\/wp-content\/uploads\/2020\/03\/products-274-scaled.jpg","type":"image\/jpeg"}],"twitter_card":"summary_large_image","schema":{"@context":"https:\/\/schema.org","@graph":[{"@type":"WebPage","@id":"https:\/\/toys.lt\/lv\/produktas\/mega-galda-spele-hokejs-all-star\/","url":"https:\/\/toys.lt\/lv\/produktas\/mega-galda-spele-hokejs-all-star\/","name":"Mega galda sp\u0113le - Hokejs \"ALL-STAR\" - Toys.lt","isPartOf":{"@id":"https:\/\/toys.lt\/lv\/#website"},"primaryImageOfPage":{"@id":"https:\/\/toys.lt\/lv\/produktas\/mega-galda-spele-hokejs-all-star\/#primaryimage"},"image":{"@id":"https:\/\/toys.lt\/lv\/produktas\/mega-galda-spele-hokejs-all-star\/#primaryimage"},"thumbnailUrl":"https:\/\/toys.lt\/wp-content\/uploads\/2020\/03\/products-274-scaled.jpg","datePublished":"2020-03-30T08:26:49+00:00","dateModified":"2026-04-09T00:03:07+00:00","breadcrumb":{"@id":"https:\/\/toys.lt\/lv\/produktas\/mega-galda-spele-hokejs-all-star\/#breadcrumb"},"inLanguage":"lv-LV","potentialAction":[{"@type":"ReadAction","target":["https:\/\/toys.lt\/lv\/produktas\/mega-galda-spele-hokejs-all-star\/"]}]},{"@type":"ImageObject","inLanguage":"lv-LV","@id":"https:\/\/toys.lt\/lv\/produktas\/mega-galda-spele-hokejs-all-star\/#primaryimage","url":"https:\/\/toys.lt\/wp-content\/uploads\/2020\/03\/products-274-scaled.jpg","contentUrl":"https:\/\/toys.lt\/wp-content\/uploads\/2020\/03\/products-274-scaled.jpg","width":2560,"height":1828,"caption":"Mega stalo \u017eaidimas &#8211; ledo ritulys &#8220;ALL-STAR&#8221;"},{"@type":"BreadcrumbList","@id":"https:\/\/toys.lt\/lv\/produktas\/mega-galda-spele-hokejs-all-star\/#breadcrumb","itemListElement":[{"@type":"ListItem","position":1,"name":"Home","item":"https:\/\/toys.lt\/lv\/"},{"@type":"ListItem","position":2,"name":"Veikals","item":"https:\/\/toys.lt\/lv\/shop\/"},{"@type":"ListItem","position":3,"name":"Mega galda sp\u0113le &#8211; Hokejs &#8222;ALL-STAR&#8221;"}]},{"@type":"WebSite","@id":"https:\/\/toys.lt\/lv\/#website","url":"https:\/\/toys.lt\/lv\/","name":"Toys.lt","description":"","potentialAction":[{"@type":"SearchAction","target":{"@type":"EntryPoint","urlTemplate":"https:\/\/toys.lt\/lv\/?s={search_term_string}"},"query-input":{"@type":"PropertyValueSpecification","valueRequired":true,"valueName":"search_term_string"}}],"inLanguage":"lv-LV"}]}},"_links":{"self":[{"href":"https:\/\/toys.lt\/lv\/wp-json\/wp\/v2\/product\/42395","targetHints":{"allow":["GET"]}}],"collection":[{"href":"https:\/\/toys.lt\/lv\/wp-json\/wp\/v2\/product"}],"about":[{"href":"https:\/\/toys.lt\/lv\/wp-json\/wp\/v2\/types\/product"}],"replies":[{"embeddable":true,"href":"https:\/\/toys.lt\/lv\/wp-json\/wp\/v2\/comments?post=42395"}],"version-history":[{"count":0,"href":"https:\/\/toys.lt\/lv\/wp-json\/wp\/v2\/product\/42395\/revisions"}],"wp:featuredmedia":[{"embeddable":true,"href":"https:\/\/toys.lt\/lv\/wp-json\/wp\/v2\/media\/36412"}],"wp:attachment":[{"href":"https:\/\/toys.lt\/lv\/wp-json\/wp\/v2\/media?parent=42395"}],"wp:term":[{"taxonomy":"product_brand","embeddable":true,"href":"https:\/\/toys.lt\/lv\/wp-json\/wp\/v2\/product_brand?post=42395"},{"taxonomy":"product_cat","embeddable":true,"href":"https:\/\/toys.lt\/lv\/wp-json\/wp\/v2\/product_cat?post=42395"},{"taxonomy":"product_tag","embeddable":true,"href":"https:\/\/toys.lt\/lv\/wp-json\/wp\/v2\/product_tag?post=42395"}],"curies":[{"name":"wp","href":"https:\/\/api.w.org\/{rel}","templated":true}]}}