{"id":42385,"date":"2020-03-30T05:22:16","date_gmt":"2020-03-30T05:22:16","guid":{"rendered":"https:\/\/toys.lt\/produktas\/galda-spele-hokejs-all-star-2\/"},"modified":"2026-04-09T00:03:09","modified_gmt":"2026-04-09T00:03:09","slug":"galda-spele-hokejs-all-star-2","status":"publish","type":"product","link":"https:\/\/toys.lt\/lv\/produktas\/galda-spele-hokejs-all-star-2\/","title":{"rendered":"Galda sp\u0113le &#8211; hokejs &#8220;ALL-STAR&#8221;"},"content":{"rendered":"<p><strong>Funkcijas:<\/strong><\/p>\n<ul style=\"list-style-type: square\">\n<li>Var sp\u0113l\u0113t gan \u0101r\u0101, gan m\u0101j\u0101s<\/li>\n<li>Att\u012bst\u012bt roku kust\u012bbas, \u0101tru reakciju, atjaut\u012bbu, veikl\u012bbu un kust\u012bbu koordin\u0101ciju.<\/li>\n<li>Vienlaikus var sp\u0113l\u0113t 2 vai vair\u0101k sp\u0113l\u0113t\u0101ji.<\/li>\n<li>Sal\u012bdzino\u0161i liels sp\u0113les laukuma izm\u0113rs<\/li>\n<li>Galds uz k\u0101j\u0101m<\/li>\n<li>12 sp\u0113l\u0113t\u0101ju gabali<\/li>\n<li>Skala uz s\u0101niem rezult\u0101tu izseko\u0161anai<\/li>\n<li>Rull\u012b\u0161u izme\u0161anas ier\u012bce<\/li>\n<li>Dro\u0161s b\u0113rnu vesel\u012bbai<\/li>\n<\/ul>\n<p>&nbsp;<\/p>\n","protected":false},"excerpt":{"rendered":"<p>Produkta veids: galda sp\u0113le<\/p>\n<p>Izcelsmes valsts: \u0136\u012bna<\/p>\n<p>Sp\u0113l\u0113t\u0101ju skaits: 2<\/p>\n<p>Iepakojuma izm\u0113ri: 12 x 99 x 54 cm<\/p>\n<p>Produkta izm\u0113ri: 12 x 89 x 48 cm<\/p>\n<p>Svars: 5,250 kg<\/p>\n<p>Produkta materi\u0101ls: plastmasa, met\u0101ls<\/p>\n<p>Ieteicamais vecums: no 4 gadiem.<\/p>\n","protected":false},"featured_media":36403,"comment_status":"open","ping_status":"closed","template":"","meta":[],"product_brand":[],"product_cat":[1280,1176,1155],"product_tag":[],"class_list":{"0":"post-42385","1":"product","2":"type-product","3":"status-publish","4":"has-post-thumbnail","6":"product_cat-galda-speles","7":"product_cat-rotallietas-zeniem","8":"product_cat-leti","9":"pa_spalva-dazadi","11":"first","12":"instock","13":"sale","14":"taxable","15":"shipping-taxable","16":"purchasable","17":"product-type-simple"},"yoast_head":"<!-- This site is optimized with the Yoast SEO plugin v26.3 - https:\/\/yoast.com\/wordpress\/plugins\/seo\/ -->\n<title>Galda sp\u0113le - hokejs &quot;ALL-STAR&quot; - Toys.lt<\/title>\n<meta name=\"robots\" content=\"index, follow, max-snippet:-1, max-image-preview:large, max-video-preview:-1\" \/>\n<link rel=\"canonical\" href=\"https:\/\/toys.lt\/lv\/produktas\/galda-spele-hokejs-all-star-2\/\" \/>\n<meta property=\"og:locale\" content=\"lv_LV\" \/>\n<meta property=\"og:type\" content=\"article\" \/>\n<meta property=\"og:title\" content=\"Galda sp\u0113le - hokejs &quot;ALL-STAR&quot; - Toys.lt\" \/>\n<meta property=\"og:description\" content=\"Produkta veids: galda sp\u0113le Izcelsmes valsts: \u0136\u012bna Sp\u0113l\u0113t\u0101ju skaits: 2 Iepakojuma izm\u0113ri: 12 x 99 x 54 cm Produkta izm\u0113ri: 12 x 89 x 48 cm Svars: 5,250 kg Produkta materi\u0101ls: plastmasa, met\u0101ls Ieteicamais vecums: no 4 gadiem.\" \/>\n<meta property=\"og:url\" content=\"https:\/\/toys.lt\/lv\/produktas\/galda-spele-hokejs-all-star-2\/\" \/>\n<meta property=\"og:site_name\" content=\"Toys.lt\" \/>\n<meta property=\"article:modified_time\" content=\"2026-04-09T00:03:09+00:00\" \/>\n<meta property=\"og:image\" content=\"https:\/\/toys.lt\/wp-content\/uploads\/2020\/03\/products-264-scaled.jpg\" \/>\n\t<meta property=\"og:image:width\" content=\"2560\" \/>\n\t<meta property=\"og:image:height\" content=\"1828\" \/>\n\t<meta property=\"og:image:type\" content=\"image\/jpeg\" \/>\n<meta name=\"twitter:card\" content=\"summary_large_image\" \/>\n<script type=\"application\/ld+json\" class=\"yoast-schema-graph\">{\"@context\":\"https:\/\/schema.org\",\"@graph\":[{\"@type\":\"WebPage\",\"@id\":\"https:\/\/toys.lt\/lv\/produktas\/galda-spele-hokejs-all-star-2\/\",\"url\":\"https:\/\/toys.lt\/lv\/produktas\/galda-spele-hokejs-all-star-2\/\",\"name\":\"Galda sp\u0113le - hokejs \\\"ALL-STAR\\\" - Toys.lt\",\"isPartOf\":{\"@id\":\"https:\/\/toys.lt\/lv\/#website\"},\"primaryImageOfPage\":{\"@id\":\"https:\/\/toys.lt\/lv\/produktas\/galda-spele-hokejs-all-star-2\/#primaryimage\"},\"image\":{\"@id\":\"https:\/\/toys.lt\/lv\/produktas\/galda-spele-hokejs-all-star-2\/#primaryimage\"},\"thumbnailUrl\":\"https:\/\/toys.lt\/wp-content\/uploads\/2020\/03\/products-264-scaled.jpg\",\"datePublished\":\"2020-03-30T05:22:16+00:00\",\"dateModified\":\"2026-04-09T00:03:09+00:00\",\"breadcrumb\":{\"@id\":\"https:\/\/toys.lt\/lv\/produktas\/galda-spele-hokejs-all-star-2\/#breadcrumb\"},\"inLanguage\":\"lv-LV\",\"potentialAction\":[{\"@type\":\"ReadAction\",\"target\":[\"https:\/\/toys.lt\/lv\/produktas\/galda-spele-hokejs-all-star-2\/\"]}]},{\"@type\":\"ImageObject\",\"inLanguage\":\"lv-LV\",\"@id\":\"https:\/\/toys.lt\/lv\/produktas\/galda-spele-hokejs-all-star-2\/#primaryimage\",\"url\":\"https:\/\/toys.lt\/wp-content\/uploads\/2020\/03\/products-264-scaled.jpg\",\"contentUrl\":\"https:\/\/toys.lt\/wp-content\/uploads\/2020\/03\/products-264-scaled.jpg\",\"width\":2560,\"height\":1828,\"caption\":\"Stalo \u017eaidimas &#8211; ledo ritulys &#8220;ALL-STAR&#8221;\"},{\"@type\":\"BreadcrumbList\",\"@id\":\"https:\/\/toys.lt\/lv\/produktas\/galda-spele-hokejs-all-star-2\/#breadcrumb\",\"itemListElement\":[{\"@type\":\"ListItem\",\"position\":1,\"name\":\"Home\",\"item\":\"https:\/\/toys.lt\/lv\/\"},{\"@type\":\"ListItem\",\"position\":2,\"name\":\"Veikals\",\"item\":\"https:\/\/toys.lt\/lv\/shop\/\"},{\"@type\":\"ListItem\",\"position\":3,\"name\":\"Galda sp\u0113le &#8211; hokejs &#8222;ALL-STAR&#8221;\"}]},{\"@type\":\"WebSite\",\"@id\":\"https:\/\/toys.lt\/lv\/#website\",\"url\":\"https:\/\/toys.lt\/lv\/\",\"name\":\"Toys.lt\",\"description\":\"\",\"potentialAction\":[{\"@type\":\"SearchAction\",\"target\":{\"@type\":\"EntryPoint\",\"urlTemplate\":\"https:\/\/toys.lt\/lv\/?s={search_term_string}\"},\"query-input\":{\"@type\":\"PropertyValueSpecification\",\"valueRequired\":true,\"valueName\":\"search_term_string\"}}],\"inLanguage\":\"lv-LV\"}]}<\/script>\n<!-- \/ Yoast SEO plugin. -->","yoast_head_json":{"title":"Galda sp\u0113le - hokejs \"ALL-STAR\" - Toys.lt","robots":{"index":"index","follow":"follow","max-snippet":"max-snippet:-1","max-image-preview":"max-image-preview:large","max-video-preview":"max-video-preview:-1"},"canonical":"https:\/\/toys.lt\/lv\/produktas\/galda-spele-hokejs-all-star-2\/","og_locale":"lv_LV","og_type":"article","og_title":"Galda sp\u0113le - hokejs \"ALL-STAR\" - Toys.lt","og_description":"Produkta veids: galda sp\u0113le Izcelsmes valsts: \u0136\u012bna Sp\u0113l\u0113t\u0101ju skaits: 2 Iepakojuma izm\u0113ri: 12 x 99 x 54 cm Produkta izm\u0113ri: 12 x 89 x 48 cm Svars: 5,250 kg Produkta materi\u0101ls: plastmasa, met\u0101ls Ieteicamais vecums: no 4 gadiem.","og_url":"https:\/\/toys.lt\/lv\/produktas\/galda-spele-hokejs-all-star-2\/","og_site_name":"Toys.lt","article_modified_time":"2026-04-09T00:03:09+00:00","og_image":[{"width":2560,"height":1828,"url":"https:\/\/toys.lt\/wp-content\/uploads\/2020\/03\/products-264-scaled.jpg","type":"image\/jpeg"}],"twitter_card":"summary_large_image","schema":{"@context":"https:\/\/schema.org","@graph":[{"@type":"WebPage","@id":"https:\/\/toys.lt\/lv\/produktas\/galda-spele-hokejs-all-star-2\/","url":"https:\/\/toys.lt\/lv\/produktas\/galda-spele-hokejs-all-star-2\/","name":"Galda sp\u0113le - hokejs \"ALL-STAR\" - Toys.lt","isPartOf":{"@id":"https:\/\/toys.lt\/lv\/#website"},"primaryImageOfPage":{"@id":"https:\/\/toys.lt\/lv\/produktas\/galda-spele-hokejs-all-star-2\/#primaryimage"},"image":{"@id":"https:\/\/toys.lt\/lv\/produktas\/galda-spele-hokejs-all-star-2\/#primaryimage"},"thumbnailUrl":"https:\/\/toys.lt\/wp-content\/uploads\/2020\/03\/products-264-scaled.jpg","datePublished":"2020-03-30T05:22:16+00:00","dateModified":"2026-04-09T00:03:09+00:00","breadcrumb":{"@id":"https:\/\/toys.lt\/lv\/produktas\/galda-spele-hokejs-all-star-2\/#breadcrumb"},"inLanguage":"lv-LV","potentialAction":[{"@type":"ReadAction","target":["https:\/\/toys.lt\/lv\/produktas\/galda-spele-hokejs-all-star-2\/"]}]},{"@type":"ImageObject","inLanguage":"lv-LV","@id":"https:\/\/toys.lt\/lv\/produktas\/galda-spele-hokejs-all-star-2\/#primaryimage","url":"https:\/\/toys.lt\/wp-content\/uploads\/2020\/03\/products-264-scaled.jpg","contentUrl":"https:\/\/toys.lt\/wp-content\/uploads\/2020\/03\/products-264-scaled.jpg","width":2560,"height":1828,"caption":"Stalo \u017eaidimas &#8211; ledo ritulys &#8220;ALL-STAR&#8221;"},{"@type":"BreadcrumbList","@id":"https:\/\/toys.lt\/lv\/produktas\/galda-spele-hokejs-all-star-2\/#breadcrumb","itemListElement":[{"@type":"ListItem","position":1,"name":"Home","item":"https:\/\/toys.lt\/lv\/"},{"@type":"ListItem","position":2,"name":"Veikals","item":"https:\/\/toys.lt\/lv\/shop\/"},{"@type":"ListItem","position":3,"name":"Galda sp\u0113le &#8211; hokejs &#8222;ALL-STAR&#8221;"}]},{"@type":"WebSite","@id":"https:\/\/toys.lt\/lv\/#website","url":"https:\/\/toys.lt\/lv\/","name":"Toys.lt","description":"","potentialAction":[{"@type":"SearchAction","target":{"@type":"EntryPoint","urlTemplate":"https:\/\/toys.lt\/lv\/?s={search_term_string}"},"query-input":{"@type":"PropertyValueSpecification","valueRequired":true,"valueName":"search_term_string"}}],"inLanguage":"lv-LV"}]}},"_links":{"self":[{"href":"https:\/\/toys.lt\/lv\/wp-json\/wp\/v2\/product\/42385","targetHints":{"allow":["GET"]}}],"collection":[{"href":"https:\/\/toys.lt\/lv\/wp-json\/wp\/v2\/product"}],"about":[{"href":"https:\/\/toys.lt\/lv\/wp-json\/wp\/v2\/types\/product"}],"replies":[{"embeddable":true,"href":"https:\/\/toys.lt\/lv\/wp-json\/wp\/v2\/comments?post=42385"}],"version-history":[{"count":1,"href":"https:\/\/toys.lt\/lv\/wp-json\/wp\/v2\/product\/42385\/revisions"}],"predecessor-version":[{"id":45986,"href":"https:\/\/toys.lt\/lv\/wp-json\/wp\/v2\/product\/42385\/revisions\/45986"}],"wp:featuredmedia":[{"embeddable":true,"href":"https:\/\/toys.lt\/lv\/wp-json\/wp\/v2\/media\/36403"}],"wp:attachment":[{"href":"https:\/\/toys.lt\/lv\/wp-json\/wp\/v2\/media?parent=42385"}],"wp:term":[{"taxonomy":"product_brand","embeddable":true,"href":"https:\/\/toys.lt\/lv\/wp-json\/wp\/v2\/product_brand?post=42385"},{"taxonomy":"product_cat","embeddable":true,"href":"https:\/\/toys.lt\/lv\/wp-json\/wp\/v2\/product_cat?post=42385"},{"taxonomy":"product_tag","embeddable":true,"href":"https:\/\/toys.lt\/lv\/wp-json\/wp\/v2\/product_tag?post=42385"}],"curies":[{"name":"wp","href":"https:\/\/api.w.org\/{rel}","templated":true}]}}