{"id":42379,"date":"2020-03-30T04:21:06","date_gmt":"2020-03-30T04:21:06","guid":{"rendered":"https:\/\/toys.lt\/produktas\/pastaigu-un-aktivitasu-centrs-zidainiem-2\/"},"modified":"2026-04-09T00:03:10","modified_gmt":"2026-04-09T00:03:10","slug":"pastaigu-un-aktivitasu-centrs-zidainiem-2","status":"publish","type":"product","link":"https:\/\/toys.lt\/lv\/produktas\/pastaigu-un-aktivitasu-centrs-zidainiem-2\/","title":{"rendered":"Pastaigu un aktivit\u0101\u0161u centrs z\u012bdai\u0146iem"},"content":{"rendered":"<p><strong>Funkcijas:<\/strong><\/p>\n<ul style=\"list-style-type:square\">\n<li>Ska\u0146as un gaismas efekti<\/li>\n<li>Sp\u0113\u013cu panelis: m\u016bzikas pogas, sviras, mini t\u0101lrunis, rot\u0113jo\u0161i un uznirsto\u0161i elementi, mirk\u0161\u0137in\u0101t\u0101ji, magn\u0113tisk\u0101 z\u012bm\u0113\u0161anas t\u0101fele, mini klavieres.<\/li>\n<li>Atbalsta l\u012bdz 25 kg<\/li>\n<li>Da\u017e\u0101du veidu un formu grabul\u012b\u0161i uz rati\u0146u s\u0101niem.<\/li>\n<li>Pal\u012bgs b\u0113rnam, kas m\u0101c\u0101s staig\u0101t<\/li>\n<li>Uzlabo kognit\u012bv\u0101s sp\u0113jas<\/li>\n<li>Dro\u0161a un uzticama rota\u013clieta  <\/li>\n<\/ul>\n","protected":false},"excerpt":{"rendered":"<p>Produkta veids: izgl\u012btojo\u0161s<\/p>\n<p>Z\u012bmola nosaukums: HUANGER<\/p>\n<p>Izcelsmes valsts: \u0136\u012bna<\/p>\n<p>Produkta materi\u0101ls: plastmasa<\/p>\n<p>Iepakojuma izm\u0113ri: 10 x 54 x 38 cm<\/p>\n<p>Izstr\u0101d\u0101juma izm\u0113ri: 45 x 32 x 42 cm<\/p>\n<p>Baterijas: 2 x AA (nav komplekt\u0101)<\/p>\n<p>Ieteicamais vecums: no 6 m\u0113ne\u0161iem<\/p>\n","protected":false},"featured_media":36400,"comment_status":"open","ping_status":"closed","template":"","meta":[],"product_brand":[],"product_cat":[1183,1157,1155],"product_tag":[],"class_list":{"0":"post-42379","1":"product","2":"type-product","3":"status-publish","4":"has-post-thumbnail","6":"product_cat-rotallietas-maziem-berniem","7":"product_cat-izglitojosas-un-interaktivas-rotallietas","8":"product_cat-leti","9":"pa_amziaus-grupe-6-lv","10":"pa_prek-s-tipas-rotallietas-dazadam-spejam","11":"pa_prekes-zenklas-huanger-lv","13":"first","14":"instock","15":"taxable","16":"shipping-taxable","17":"purchasable","18":"product-type-simple"},"yoast_head":"<!-- This site is optimized with the Yoast SEO plugin v26.3 - https:\/\/yoast.com\/wordpress\/plugins\/seo\/ -->\n<title>Pastaigu un aktivit\u0101\u0161u centrs z\u012bdai\u0146iem - Toys.lt<\/title>\n<meta name=\"robots\" content=\"index, follow, max-snippet:-1, max-image-preview:large, max-video-preview:-1\" \/>\n<link rel=\"canonical\" href=\"https:\/\/toys.lt\/lv\/produktas\/pastaigu-un-aktivitasu-centrs-zidainiem-2\/\" \/>\n<meta property=\"og:locale\" content=\"lv_LV\" \/>\n<meta property=\"og:type\" content=\"article\" \/>\n<meta property=\"og:title\" content=\"Pastaigu un aktivit\u0101\u0161u centrs z\u012bdai\u0146iem - Toys.lt\" \/>\n<meta property=\"og:description\" content=\"Produkta veids: izgl\u012btojo\u0161s Z\u012bmola nosaukums: HUANGER Izcelsmes valsts: \u0136\u012bna Produkta materi\u0101ls: plastmasa Iepakojuma izm\u0113ri: 10 x 54 x 38 cm Izstr\u0101d\u0101juma izm\u0113ri: 45 x 32 x 42 cm Baterijas: 2 x AA (nav komplekt\u0101) Ieteicamais vecums: no 6 m\u0113ne\u0161iem\" \/>\n<meta property=\"og:url\" content=\"https:\/\/toys.lt\/lv\/produktas\/pastaigu-un-aktivitasu-centrs-zidainiem-2\/\" \/>\n<meta property=\"og:site_name\" content=\"Toys.lt\" \/>\n<meta property=\"article:modified_time\" content=\"2026-04-09T00:03:10+00:00\" \/>\n<meta property=\"og:image\" content=\"https:\/\/toys.lt\/wp-content\/uploads\/2020\/03\/products-260-scaled.jpg\" \/>\n\t<meta property=\"og:image:width\" content=\"2560\" \/>\n\t<meta property=\"og:image:height\" content=\"2048\" \/>\n\t<meta property=\"og:image:type\" content=\"image\/jpeg\" \/>\n<meta name=\"twitter:card\" content=\"summary_large_image\" \/>\n<script type=\"application\/ld+json\" class=\"yoast-schema-graph\">{\"@context\":\"https:\/\/schema.org\",\"@graph\":[{\"@type\":\"WebPage\",\"@id\":\"https:\/\/toys.lt\/lv\/produktas\/pastaigu-un-aktivitasu-centrs-zidainiem-2\/\",\"url\":\"https:\/\/toys.lt\/lv\/produktas\/pastaigu-un-aktivitasu-centrs-zidainiem-2\/\",\"name\":\"Pastaigu un aktivit\u0101\u0161u centrs z\u012bdai\u0146iem - Toys.lt\",\"isPartOf\":{\"@id\":\"https:\/\/toys.lt\/lv\/#website\"},\"primaryImageOfPage\":{\"@id\":\"https:\/\/toys.lt\/lv\/produktas\/pastaigu-un-aktivitasu-centrs-zidainiem-2\/#primaryimage\"},\"image\":{\"@id\":\"https:\/\/toys.lt\/lv\/produktas\/pastaigu-un-aktivitasu-centrs-zidainiem-2\/#primaryimage\"},\"thumbnailUrl\":\"https:\/\/toys.lt\/wp-content\/uploads\/2020\/03\/products-260-scaled.jpg\",\"datePublished\":\"2020-03-30T04:21:06+00:00\",\"dateModified\":\"2026-04-09T00:03:10+00:00\",\"breadcrumb\":{\"@id\":\"https:\/\/toys.lt\/lv\/produktas\/pastaigu-un-aktivitasu-centrs-zidainiem-2\/#breadcrumb\"},\"inLanguage\":\"lv-LV\",\"potentialAction\":[{\"@type\":\"ReadAction\",\"target\":[\"https:\/\/toys.lt\/lv\/produktas\/pastaigu-un-aktivitasu-centrs-zidainiem-2\/\"]}]},{\"@type\":\"ImageObject\",\"inLanguage\":\"lv-LV\",\"@id\":\"https:\/\/toys.lt\/lv\/produktas\/pastaigu-un-aktivitasu-centrs-zidainiem-2\/#primaryimage\",\"url\":\"https:\/\/toys.lt\/wp-content\/uploads\/2020\/03\/products-260-scaled.jpg\",\"contentUrl\":\"https:\/\/toys.lt\/wp-content\/uploads\/2020\/03\/products-260-scaled.jpg\",\"width\":2560,\"height\":2048,\"caption\":\"Vaik\u0161tyn\u0117s ir veiklos centras k\u016bdikiams\"},{\"@type\":\"BreadcrumbList\",\"@id\":\"https:\/\/toys.lt\/lv\/produktas\/pastaigu-un-aktivitasu-centrs-zidainiem-2\/#breadcrumb\",\"itemListElement\":[{\"@type\":\"ListItem\",\"position\":1,\"name\":\"Home\",\"item\":\"https:\/\/toys.lt\/lv\/\"},{\"@type\":\"ListItem\",\"position\":2,\"name\":\"Veikals\",\"item\":\"https:\/\/toys.lt\/lv\/shop\/\"},{\"@type\":\"ListItem\",\"position\":3,\"name\":\"Pastaigu un aktivit\u0101\u0161u centrs z\u012bdai\u0146iem\"}]},{\"@type\":\"WebSite\",\"@id\":\"https:\/\/toys.lt\/lv\/#website\",\"url\":\"https:\/\/toys.lt\/lv\/\",\"name\":\"Toys.lt\",\"description\":\"\",\"potentialAction\":[{\"@type\":\"SearchAction\",\"target\":{\"@type\":\"EntryPoint\",\"urlTemplate\":\"https:\/\/toys.lt\/lv\/?s={search_term_string}\"},\"query-input\":{\"@type\":\"PropertyValueSpecification\",\"valueRequired\":true,\"valueName\":\"search_term_string\"}}],\"inLanguage\":\"lv-LV\"}]}<\/script>\n<!-- \/ Yoast SEO plugin. -->","yoast_head_json":{"title":"Pastaigu un aktivit\u0101\u0161u centrs z\u012bdai\u0146iem - Toys.lt","robots":{"index":"index","follow":"follow","max-snippet":"max-snippet:-1","max-image-preview":"max-image-preview:large","max-video-preview":"max-video-preview:-1"},"canonical":"https:\/\/toys.lt\/lv\/produktas\/pastaigu-un-aktivitasu-centrs-zidainiem-2\/","og_locale":"lv_LV","og_type":"article","og_title":"Pastaigu un aktivit\u0101\u0161u centrs z\u012bdai\u0146iem - Toys.lt","og_description":"Produkta veids: izgl\u012btojo\u0161s Z\u012bmola nosaukums: HUANGER Izcelsmes valsts: \u0136\u012bna Produkta materi\u0101ls: plastmasa Iepakojuma izm\u0113ri: 10 x 54 x 38 cm Izstr\u0101d\u0101juma izm\u0113ri: 45 x 32 x 42 cm Baterijas: 2 x AA (nav komplekt\u0101) Ieteicamais vecums: no 6 m\u0113ne\u0161iem","og_url":"https:\/\/toys.lt\/lv\/produktas\/pastaigu-un-aktivitasu-centrs-zidainiem-2\/","og_site_name":"Toys.lt","article_modified_time":"2026-04-09T00:03:10+00:00","og_image":[{"width":2560,"height":2048,"url":"https:\/\/toys.lt\/wp-content\/uploads\/2020\/03\/products-260-scaled.jpg","type":"image\/jpeg"}],"twitter_card":"summary_large_image","schema":{"@context":"https:\/\/schema.org","@graph":[{"@type":"WebPage","@id":"https:\/\/toys.lt\/lv\/produktas\/pastaigu-un-aktivitasu-centrs-zidainiem-2\/","url":"https:\/\/toys.lt\/lv\/produktas\/pastaigu-un-aktivitasu-centrs-zidainiem-2\/","name":"Pastaigu un aktivit\u0101\u0161u centrs z\u012bdai\u0146iem - Toys.lt","isPartOf":{"@id":"https:\/\/toys.lt\/lv\/#website"},"primaryImageOfPage":{"@id":"https:\/\/toys.lt\/lv\/produktas\/pastaigu-un-aktivitasu-centrs-zidainiem-2\/#primaryimage"},"image":{"@id":"https:\/\/toys.lt\/lv\/produktas\/pastaigu-un-aktivitasu-centrs-zidainiem-2\/#primaryimage"},"thumbnailUrl":"https:\/\/toys.lt\/wp-content\/uploads\/2020\/03\/products-260-scaled.jpg","datePublished":"2020-03-30T04:21:06+00:00","dateModified":"2026-04-09T00:03:10+00:00","breadcrumb":{"@id":"https:\/\/toys.lt\/lv\/produktas\/pastaigu-un-aktivitasu-centrs-zidainiem-2\/#breadcrumb"},"inLanguage":"lv-LV","potentialAction":[{"@type":"ReadAction","target":["https:\/\/toys.lt\/lv\/produktas\/pastaigu-un-aktivitasu-centrs-zidainiem-2\/"]}]},{"@type":"ImageObject","inLanguage":"lv-LV","@id":"https:\/\/toys.lt\/lv\/produktas\/pastaigu-un-aktivitasu-centrs-zidainiem-2\/#primaryimage","url":"https:\/\/toys.lt\/wp-content\/uploads\/2020\/03\/products-260-scaled.jpg","contentUrl":"https:\/\/toys.lt\/wp-content\/uploads\/2020\/03\/products-260-scaled.jpg","width":2560,"height":2048,"caption":"Vaik\u0161tyn\u0117s ir veiklos centras k\u016bdikiams"},{"@type":"BreadcrumbList","@id":"https:\/\/toys.lt\/lv\/produktas\/pastaigu-un-aktivitasu-centrs-zidainiem-2\/#breadcrumb","itemListElement":[{"@type":"ListItem","position":1,"name":"Home","item":"https:\/\/toys.lt\/lv\/"},{"@type":"ListItem","position":2,"name":"Veikals","item":"https:\/\/toys.lt\/lv\/shop\/"},{"@type":"ListItem","position":3,"name":"Pastaigu un aktivit\u0101\u0161u centrs z\u012bdai\u0146iem"}]},{"@type":"WebSite","@id":"https:\/\/toys.lt\/lv\/#website","url":"https:\/\/toys.lt\/lv\/","name":"Toys.lt","description":"","potentialAction":[{"@type":"SearchAction","target":{"@type":"EntryPoint","urlTemplate":"https:\/\/toys.lt\/lv\/?s={search_term_string}"},"query-input":{"@type":"PropertyValueSpecification","valueRequired":true,"valueName":"search_term_string"}}],"inLanguage":"lv-LV"}]}},"_links":{"self":[{"href":"https:\/\/toys.lt\/lv\/wp-json\/wp\/v2\/product\/42379","targetHints":{"allow":["GET"]}}],"collection":[{"href":"https:\/\/toys.lt\/lv\/wp-json\/wp\/v2\/product"}],"about":[{"href":"https:\/\/toys.lt\/lv\/wp-json\/wp\/v2\/types\/product"}],"replies":[{"embeddable":true,"href":"https:\/\/toys.lt\/lv\/wp-json\/wp\/v2\/comments?post=42379"}],"version-history":[{"count":1,"href":"https:\/\/toys.lt\/lv\/wp-json\/wp\/v2\/product\/42379\/revisions"}],"predecessor-version":[{"id":45983,"href":"https:\/\/toys.lt\/lv\/wp-json\/wp\/v2\/product\/42379\/revisions\/45983"}],"wp:featuredmedia":[{"embeddable":true,"href":"https:\/\/toys.lt\/lv\/wp-json\/wp\/v2\/media\/36400"}],"wp:attachment":[{"href":"https:\/\/toys.lt\/lv\/wp-json\/wp\/v2\/media?parent=42379"}],"wp:term":[{"taxonomy":"product_brand","embeddable":true,"href":"https:\/\/toys.lt\/lv\/wp-json\/wp\/v2\/product_brand?post=42379"},{"taxonomy":"product_cat","embeddable":true,"href":"https:\/\/toys.lt\/lv\/wp-json\/wp\/v2\/product_cat?post=42379"},{"taxonomy":"product_tag","embeddable":true,"href":"https:\/\/toys.lt\/lv\/wp-json\/wp\/v2\/product_tag?post=42379"}],"curies":[{"name":"wp","href":"https:\/\/api.w.org\/{rel}","templated":true}]}}