{"id":42377,"date":"2020-03-30T03:56:56","date_gmt":"2020-03-30T03:56:56","guid":{"rendered":"https:\/\/toys.lt\/produktas\/rotallietu-muzikas-bungas-zidainiem\/"},"modified":"2026-04-09T00:03:10","modified_gmt":"2026-04-09T00:03:10","slug":"rotallietu-muzikas-bungas-zidainiem","status":"publish","type":"product","link":"https:\/\/toys.lt\/lv\/produktas\/rotallietu-muzikas-bungas-zidainiem\/","title":{"rendered":"Rota\u013clietu m\u016bzikas bungas z\u012bdai\u0146iem"},"content":{"rendered":"<p><strong>Funkcijas:<\/strong><\/p>\n<ul style=\"list-style-type: square\">\n<li>Bungas iek\u0161pus\u0113 ir rota\u013cu karuselis ar apgaismojumu.<\/li>\n<li>Bungai ir 3 rite\u0146i, t\u0101p\u0113c t\u0101 brauc un grie\u017eas.<\/li>\n<li>5 ska\u0146as re\u017e\u012bmi: dz\u012bvnieku ska\u0146as, smiekl\u012bgas ska\u0146as, melodijas, m\u016bzikas notis, bungu ska\u0146as.<\/li>\n<li>Poga, lai izveidotu savienojumu un p\u0101rsl\u0113gtos starp 9 zvana sign\u0101liem<\/li>\n<li>Poga ska\u013cuma regul\u0113\u0161anai<\/li>\n<li>Att\u012bsta klaus\u012b\u0161an\u0101s un ska\u0146u iz\u0161\u0137ir\u0161anas prasmes<\/li>\n<li>Uzlabo kognit\u012bv\u0101s sp\u0113jas<\/li>\n<li>Dro\u0161s b\u0113rnu vesel\u012bbai<\/li>\n<\/ul>\n<p>&nbsp;<\/p>\n","protected":false},"excerpt":{"rendered":"<p>Produkta veids: muzik\u0101la rota\u013clieta<\/p>\n<p>Z\u012bmola nosaukums: HUANGER<\/p>\n<p>Izcelsmes valsts: \u0136\u012bna<\/p>\n<p>Iepakojuma izm\u0113ri: 19 x 19 x 20,6 cm<\/p>\n<p>Produkta izm\u0113ri: 17 x 17 x 18 cm<\/p>\n<p>Produkta materi\u0101ls: plastmasa<\/p>\n<p>Ieteicamais vecums: no 18 m\u0113ne\u0161iem<\/p>\n<p>Elementi: 3 x AA (nav iek\u013cauti)<\/p>\n","protected":false},"featured_media":36399,"comment_status":"open","ping_status":"closed","template":"","meta":[],"product_brand":[],"product_cat":[1182,1183,1155],"product_tag":[],"class_list":{"0":"post-42377","1":"product","2":"type-product","3":"status-publish","4":"has-post-thumbnail","6":"product_cat-muzikalas-rotallietas","7":"product_cat-rotallietas-maziem-berniem","8":"product_cat-leti","9":"pa_amziaus-grupe-1-lv","10":"pa_prek-s-tipas-bernu-instrumenti","11":"pa_prekes-zenklas-huanger-lv","13":"first","14":"instock","15":"sale","16":"taxable","17":"shipping-taxable","18":"purchasable","19":"product-type-simple"},"yoast_head":"<!-- This site is optimized with the Yoast SEO plugin v26.3 - https:\/\/yoast.com\/wordpress\/plugins\/seo\/ -->\n<title>Rota\u013clietu m\u016bzikas bungas z\u012bdai\u0146iem - Toys.lt<\/title>\n<meta name=\"robots\" content=\"index, follow, max-snippet:-1, max-image-preview:large, max-video-preview:-1\" \/>\n<link rel=\"canonical\" href=\"https:\/\/toys.lt\/lv\/produktas\/rotallietu-muzikas-bungas-zidainiem\/\" \/>\n<meta property=\"og:locale\" content=\"lv_LV\" \/>\n<meta property=\"og:type\" content=\"article\" \/>\n<meta property=\"og:title\" content=\"Rota\u013clietu m\u016bzikas bungas z\u012bdai\u0146iem - Toys.lt\" \/>\n<meta property=\"og:description\" content=\"Produkta veids: muzik\u0101la rota\u013clieta Z\u012bmola nosaukums: HUANGER Izcelsmes valsts: \u0136\u012bna Iepakojuma izm\u0113ri: 19 x 19 x 20,6 cm Produkta izm\u0113ri: 17 x 17 x 18 cm Produkta materi\u0101ls: plastmasa Ieteicamais vecums: no 18 m\u0113ne\u0161iem Elementi: 3 x AA (nav iek\u013cauti)\" \/>\n<meta property=\"og:url\" content=\"https:\/\/toys.lt\/lv\/produktas\/rotallietu-muzikas-bungas-zidainiem\/\" \/>\n<meta property=\"og:site_name\" content=\"Toys.lt\" \/>\n<meta property=\"article:modified_time\" content=\"2026-04-09T00:03:10+00:00\" \/>\n<meta property=\"og:image\" content=\"https:\/\/toys.lt\/wp-content\/uploads\/2020\/03\/products-259-scaled.jpg\" \/>\n\t<meta property=\"og:image:width\" content=\"2560\" \/>\n\t<meta property=\"og:image:height\" content=\"2048\" \/>\n\t<meta property=\"og:image:type\" content=\"image\/jpeg\" \/>\n<meta name=\"twitter:card\" content=\"summary_large_image\" \/>\n<script type=\"application\/ld+json\" class=\"yoast-schema-graph\">{\"@context\":\"https:\/\/schema.org\",\"@graph\":[{\"@type\":\"WebPage\",\"@id\":\"https:\/\/toys.lt\/lv\/produktas\/rotallietu-muzikas-bungas-zidainiem\/\",\"url\":\"https:\/\/toys.lt\/lv\/produktas\/rotallietu-muzikas-bungas-zidainiem\/\",\"name\":\"Rota\u013clietu m\u016bzikas bungas z\u012bdai\u0146iem - Toys.lt\",\"isPartOf\":{\"@id\":\"https:\/\/toys.lt\/lv\/#website\"},\"primaryImageOfPage\":{\"@id\":\"https:\/\/toys.lt\/lv\/produktas\/rotallietu-muzikas-bungas-zidainiem\/#primaryimage\"},\"image\":{\"@id\":\"https:\/\/toys.lt\/lv\/produktas\/rotallietu-muzikas-bungas-zidainiem\/#primaryimage\"},\"thumbnailUrl\":\"https:\/\/toys.lt\/wp-content\/uploads\/2020\/03\/products-259-scaled.jpg\",\"datePublished\":\"2020-03-30T03:56:56+00:00\",\"dateModified\":\"2026-04-09T00:03:10+00:00\",\"breadcrumb\":{\"@id\":\"https:\/\/toys.lt\/lv\/produktas\/rotallietu-muzikas-bungas-zidainiem\/#breadcrumb\"},\"inLanguage\":\"lv-LV\",\"potentialAction\":[{\"@type\":\"ReadAction\",\"target\":[\"https:\/\/toys.lt\/lv\/produktas\/rotallietu-muzikas-bungas-zidainiem\/\"]}]},{\"@type\":\"ImageObject\",\"inLanguage\":\"lv-LV\",\"@id\":\"https:\/\/toys.lt\/lv\/produktas\/rotallietu-muzikas-bungas-zidainiem\/#primaryimage\",\"url\":\"https:\/\/toys.lt\/wp-content\/uploads\/2020\/03\/products-259-scaled.jpg\",\"contentUrl\":\"https:\/\/toys.lt\/wp-content\/uploads\/2020\/03\/products-259-scaled.jpg\",\"width\":2560,\"height\":2048,\"caption\":\"\u017daislinis muzikinis b\u016bgnas k\u016bdikiams\"},{\"@type\":\"BreadcrumbList\",\"@id\":\"https:\/\/toys.lt\/lv\/produktas\/rotallietu-muzikas-bungas-zidainiem\/#breadcrumb\",\"itemListElement\":[{\"@type\":\"ListItem\",\"position\":1,\"name\":\"Home\",\"item\":\"https:\/\/toys.lt\/lv\/\"},{\"@type\":\"ListItem\",\"position\":2,\"name\":\"Veikals\",\"item\":\"https:\/\/toys.lt\/lv\/shop\/\"},{\"@type\":\"ListItem\",\"position\":3,\"name\":\"Rota\u013clietu m\u016bzikas bungas z\u012bdai\u0146iem\"}]},{\"@type\":\"WebSite\",\"@id\":\"https:\/\/toys.lt\/lv\/#website\",\"url\":\"https:\/\/toys.lt\/lv\/\",\"name\":\"Toys.lt\",\"description\":\"\",\"potentialAction\":[{\"@type\":\"SearchAction\",\"target\":{\"@type\":\"EntryPoint\",\"urlTemplate\":\"https:\/\/toys.lt\/lv\/?s={search_term_string}\"},\"query-input\":{\"@type\":\"PropertyValueSpecification\",\"valueRequired\":true,\"valueName\":\"search_term_string\"}}],\"inLanguage\":\"lv-LV\"}]}<\/script>\n<!-- \/ Yoast SEO plugin. -->","yoast_head_json":{"title":"Rota\u013clietu m\u016bzikas bungas z\u012bdai\u0146iem - Toys.lt","robots":{"index":"index","follow":"follow","max-snippet":"max-snippet:-1","max-image-preview":"max-image-preview:large","max-video-preview":"max-video-preview:-1"},"canonical":"https:\/\/toys.lt\/lv\/produktas\/rotallietu-muzikas-bungas-zidainiem\/","og_locale":"lv_LV","og_type":"article","og_title":"Rota\u013clietu m\u016bzikas bungas z\u012bdai\u0146iem - Toys.lt","og_description":"Produkta veids: muzik\u0101la rota\u013clieta Z\u012bmola nosaukums: HUANGER Izcelsmes valsts: \u0136\u012bna Iepakojuma izm\u0113ri: 19 x 19 x 20,6 cm Produkta izm\u0113ri: 17 x 17 x 18 cm Produkta materi\u0101ls: plastmasa Ieteicamais vecums: no 18 m\u0113ne\u0161iem Elementi: 3 x AA (nav iek\u013cauti)","og_url":"https:\/\/toys.lt\/lv\/produktas\/rotallietu-muzikas-bungas-zidainiem\/","og_site_name":"Toys.lt","article_modified_time":"2026-04-09T00:03:10+00:00","og_image":[{"width":2560,"height":2048,"url":"https:\/\/toys.lt\/wp-content\/uploads\/2020\/03\/products-259-scaled.jpg","type":"image\/jpeg"}],"twitter_card":"summary_large_image","schema":{"@context":"https:\/\/schema.org","@graph":[{"@type":"WebPage","@id":"https:\/\/toys.lt\/lv\/produktas\/rotallietu-muzikas-bungas-zidainiem\/","url":"https:\/\/toys.lt\/lv\/produktas\/rotallietu-muzikas-bungas-zidainiem\/","name":"Rota\u013clietu m\u016bzikas bungas z\u012bdai\u0146iem - Toys.lt","isPartOf":{"@id":"https:\/\/toys.lt\/lv\/#website"},"primaryImageOfPage":{"@id":"https:\/\/toys.lt\/lv\/produktas\/rotallietu-muzikas-bungas-zidainiem\/#primaryimage"},"image":{"@id":"https:\/\/toys.lt\/lv\/produktas\/rotallietu-muzikas-bungas-zidainiem\/#primaryimage"},"thumbnailUrl":"https:\/\/toys.lt\/wp-content\/uploads\/2020\/03\/products-259-scaled.jpg","datePublished":"2020-03-30T03:56:56+00:00","dateModified":"2026-04-09T00:03:10+00:00","breadcrumb":{"@id":"https:\/\/toys.lt\/lv\/produktas\/rotallietu-muzikas-bungas-zidainiem\/#breadcrumb"},"inLanguage":"lv-LV","potentialAction":[{"@type":"ReadAction","target":["https:\/\/toys.lt\/lv\/produktas\/rotallietu-muzikas-bungas-zidainiem\/"]}]},{"@type":"ImageObject","inLanguage":"lv-LV","@id":"https:\/\/toys.lt\/lv\/produktas\/rotallietu-muzikas-bungas-zidainiem\/#primaryimage","url":"https:\/\/toys.lt\/wp-content\/uploads\/2020\/03\/products-259-scaled.jpg","contentUrl":"https:\/\/toys.lt\/wp-content\/uploads\/2020\/03\/products-259-scaled.jpg","width":2560,"height":2048,"caption":"\u017daislinis muzikinis b\u016bgnas k\u016bdikiams"},{"@type":"BreadcrumbList","@id":"https:\/\/toys.lt\/lv\/produktas\/rotallietu-muzikas-bungas-zidainiem\/#breadcrumb","itemListElement":[{"@type":"ListItem","position":1,"name":"Home","item":"https:\/\/toys.lt\/lv\/"},{"@type":"ListItem","position":2,"name":"Veikals","item":"https:\/\/toys.lt\/lv\/shop\/"},{"@type":"ListItem","position":3,"name":"Rota\u013clietu m\u016bzikas bungas z\u012bdai\u0146iem"}]},{"@type":"WebSite","@id":"https:\/\/toys.lt\/lv\/#website","url":"https:\/\/toys.lt\/lv\/","name":"Toys.lt","description":"","potentialAction":[{"@type":"SearchAction","target":{"@type":"EntryPoint","urlTemplate":"https:\/\/toys.lt\/lv\/?s={search_term_string}"},"query-input":{"@type":"PropertyValueSpecification","valueRequired":true,"valueName":"search_term_string"}}],"inLanguage":"lv-LV"}]}},"_links":{"self":[{"href":"https:\/\/toys.lt\/lv\/wp-json\/wp\/v2\/product\/42377","targetHints":{"allow":["GET"]}}],"collection":[{"href":"https:\/\/toys.lt\/lv\/wp-json\/wp\/v2\/product"}],"about":[{"href":"https:\/\/toys.lt\/lv\/wp-json\/wp\/v2\/types\/product"}],"replies":[{"embeddable":true,"href":"https:\/\/toys.lt\/lv\/wp-json\/wp\/v2\/comments?post=42377"}],"version-history":[{"count":1,"href":"https:\/\/toys.lt\/lv\/wp-json\/wp\/v2\/product\/42377\/revisions"}],"predecessor-version":[{"id":45981,"href":"https:\/\/toys.lt\/lv\/wp-json\/wp\/v2\/product\/42377\/revisions\/45981"}],"wp:featuredmedia":[{"embeddable":true,"href":"https:\/\/toys.lt\/lv\/wp-json\/wp\/v2\/media\/36399"}],"wp:attachment":[{"href":"https:\/\/toys.lt\/lv\/wp-json\/wp\/v2\/media?parent=42377"}],"wp:term":[{"taxonomy":"product_brand","embeddable":true,"href":"https:\/\/toys.lt\/lv\/wp-json\/wp\/v2\/product_brand?post=42377"},{"taxonomy":"product_cat","embeddable":true,"href":"https:\/\/toys.lt\/lv\/wp-json\/wp\/v2\/product_cat?post=42377"},{"taxonomy":"product_tag","embeddable":true,"href":"https:\/\/toys.lt\/lv\/wp-json\/wp\/v2\/product_tag?post=42377"}],"curies":[{"name":"wp","href":"https:\/\/api.w.org\/{rel}","templated":true}]}}