{"id":42374,"date":"2020-03-27T13:09:33","date_gmt":"2020-03-27T13:09:33","guid":{"rendered":"https:\/\/toys.lt\/produktas\/bernu-staigulitis-4in1\/"},"modified":"2026-04-09T00:03:11","modified_gmt":"2026-04-09T00:03:11","slug":"bernu-staigulitis-4in1","status":"publish","type":"product","link":"https:\/\/toys.lt\/lv\/produktas\/bernu-staigulitis-4in1\/","title":{"rendered":"B\u0113rnu staigul\u012btis 4in1"},"content":{"rendered":"<p><strong>4in1:<\/strong><\/p>\n<ul style=\"list-style-type:square\">\n<li>Walkers<\/li>\n<li>\u0112\u0161anas kr\u0113sls<\/li>\n<li>M\u016bzikas centrs<\/li>\n<li>\u0160\u016bpoles<\/li>\n<\/ul>\n<p><strong>Funkcijas:<\/strong><\/p>\n<ul style=\"list-style-type:square\">\n<li>No\u0146emams sp\u0113\u013cu panelis ar m\u016bzikas pog\u0101m, mikrofonu un grabul\u012bti<\/li>\n<li>Pogas un mikrofons ar 2 ska\u013cuma re\u017e\u012bmiem<\/li>\n<li>Pateicoties staigul\u012b\u0161a rite\u0146iem, b\u0113rns ar rota\u013clietu var sp\u0113l\u0113ties s\u0113dus, st\u0101vus vai staig\u0101jot.<\/li>\n<li>Rokturis aizmugur\u0113, lai b\u0113rns var\u0113tu stumt staiguli priek\u0161\u0101.<\/li>\n<li>Pal\u012bdziet b\u0113rnam iem\u0101c\u012bties \u0101tr\u0101k staig\u0101t<\/li>\n<\/ul>\n<p>Dr\u012bzum\u0101 b\u016bs pieejams pla\u0161\u0101ks produkta apraksts.<\/p>\n<p>Lai ieg\u016btu vair\u0101k inform\u0101cijas par produktu, zvaniet pa lap\u0101 nor\u0101d\u012bto t\u0101lru\u0146a numuru.<\/p>\n","protected":false},"excerpt":{"rendered":"<p>Produkta veids: p\u0101rvieto\u0161an\u0101s pal\u012bgl\u012bdzeklis<\/p>\n<p>Z\u012bmola nosaukums: HUANGER<\/p>\n<p>Izcelsmes valsts: \u0136\u012bna<\/p>\n<p>Produkta materi\u0101ls: plastmasa<\/p>\n<p>Iepakojuma izm\u0113ri: 18,5 x 59,5 x 50,5 cm<\/p>\n<p>Elementi: 3 x AA<\/p>\n<p>Ieteicamais vecums: no 6 m\u0113ne\u0161iem<\/p>\n","protected":false},"featured_media":36398,"comment_status":"open","ping_status":"closed","template":"","meta":[],"product_brand":[],"product_cat":[1183,1162,1155],"product_tag":[],"class_list":{"0":"post-42374","1":"product","2":"type-product","3":"status-publish","4":"has-post-thumbnail","6":"product_cat-rotallietas-maziem-berniem","7":"product_cat-ara-un-vasaras-rotallietas","8":"product_cat-leti","9":"pa_amziaus-grupe-6-lv","10":"pa_prekes-zenklas-huanger-lv","12":"first","13":"instock","14":"taxable","15":"shipping-taxable","16":"purchasable","17":"product-type-simple"},"yoast_head":"<!-- This site is optimized with the Yoast SEO plugin v26.3 - https:\/\/yoast.com\/wordpress\/plugins\/seo\/ -->\n<title>B\u0113rnu staigul\u012btis 4in1 - Toys.lt<\/title>\n<meta name=\"robots\" content=\"index, follow, max-snippet:-1, max-image-preview:large, max-video-preview:-1\" \/>\n<link rel=\"canonical\" href=\"https:\/\/toys.lt\/lv\/produktas\/bernu-staigulitis-4in1\/\" \/>\n<meta property=\"og:locale\" content=\"lv_LV\" \/>\n<meta property=\"og:type\" content=\"article\" \/>\n<meta property=\"og:title\" content=\"B\u0113rnu staigul\u012btis 4in1 - Toys.lt\" \/>\n<meta property=\"og:description\" content=\"Produkta veids: p\u0101rvieto\u0161an\u0101s pal\u012bgl\u012bdzeklis Z\u012bmola nosaukums: HUANGER Izcelsmes valsts: \u0136\u012bna Produkta materi\u0101ls: plastmasa Iepakojuma izm\u0113ri: 18,5 x 59,5 x 50,5 cm Elementi: 3 x AA Ieteicamais vecums: no 6 m\u0113ne\u0161iem\" \/>\n<meta property=\"og:url\" content=\"https:\/\/toys.lt\/lv\/produktas\/bernu-staigulitis-4in1\/\" \/>\n<meta property=\"og:site_name\" content=\"Toys.lt\" \/>\n<meta property=\"article:modified_time\" content=\"2026-04-09T00:03:11+00:00\" \/>\n<meta property=\"og:image\" content=\"https:\/\/toys.lt\/wp-content\/uploads\/2020\/03\/products-258-scaled.jpg\" \/>\n\t<meta property=\"og:image:width\" content=\"2560\" \/>\n\t<meta property=\"og:image:height\" content=\"2048\" \/>\n\t<meta property=\"og:image:type\" content=\"image\/jpeg\" \/>\n<meta name=\"twitter:card\" content=\"summary_large_image\" \/>\n<meta name=\"twitter:label1\" content=\"Est. reading time\" \/>\n\t<meta name=\"twitter:data1\" content=\"1 minute\" \/>\n<script type=\"application\/ld+json\" class=\"yoast-schema-graph\">{\"@context\":\"https:\/\/schema.org\",\"@graph\":[{\"@type\":\"WebPage\",\"@id\":\"https:\/\/toys.lt\/lv\/produktas\/bernu-staigulitis-4in1\/\",\"url\":\"https:\/\/toys.lt\/lv\/produktas\/bernu-staigulitis-4in1\/\",\"name\":\"B\u0113rnu staigul\u012btis 4in1 - Toys.lt\",\"isPartOf\":{\"@id\":\"https:\/\/toys.lt\/lv\/#website\"},\"primaryImageOfPage\":{\"@id\":\"https:\/\/toys.lt\/lv\/produktas\/bernu-staigulitis-4in1\/#primaryimage\"},\"image\":{\"@id\":\"https:\/\/toys.lt\/lv\/produktas\/bernu-staigulitis-4in1\/#primaryimage\"},\"thumbnailUrl\":\"https:\/\/toys.lt\/wp-content\/uploads\/2020\/03\/products-258-scaled.jpg\",\"datePublished\":\"2020-03-27T13:09:33+00:00\",\"dateModified\":\"2026-04-09T00:03:11+00:00\",\"breadcrumb\":{\"@id\":\"https:\/\/toys.lt\/lv\/produktas\/bernu-staigulitis-4in1\/#breadcrumb\"},\"inLanguage\":\"lv-LV\",\"potentialAction\":[{\"@type\":\"ReadAction\",\"target\":[\"https:\/\/toys.lt\/lv\/produktas\/bernu-staigulitis-4in1\/\"]}]},{\"@type\":\"ImageObject\",\"inLanguage\":\"lv-LV\",\"@id\":\"https:\/\/toys.lt\/lv\/produktas\/bernu-staigulitis-4in1\/#primaryimage\",\"url\":\"https:\/\/toys.lt\/wp-content\/uploads\/2020\/03\/products-258-scaled.jpg\",\"contentUrl\":\"https:\/\/toys.lt\/wp-content\/uploads\/2020\/03\/products-258-scaled.jpg\",\"width\":2560,\"height\":2048,\"caption\":\"Vaik\u0161tyn\u0117s k\u016bdikiui 4in1\"},{\"@type\":\"BreadcrumbList\",\"@id\":\"https:\/\/toys.lt\/lv\/produktas\/bernu-staigulitis-4in1\/#breadcrumb\",\"itemListElement\":[{\"@type\":\"ListItem\",\"position\":1,\"name\":\"Home\",\"item\":\"https:\/\/toys.lt\/lv\/\"},{\"@type\":\"ListItem\",\"position\":2,\"name\":\"Veikals\",\"item\":\"https:\/\/toys.lt\/lv\/shop\/\"},{\"@type\":\"ListItem\",\"position\":3,\"name\":\"B\u0113rnu staigul\u012btis 4in1\"}]},{\"@type\":\"WebSite\",\"@id\":\"https:\/\/toys.lt\/lv\/#website\",\"url\":\"https:\/\/toys.lt\/lv\/\",\"name\":\"Toys.lt\",\"description\":\"\",\"potentialAction\":[{\"@type\":\"SearchAction\",\"target\":{\"@type\":\"EntryPoint\",\"urlTemplate\":\"https:\/\/toys.lt\/lv\/?s={search_term_string}\"},\"query-input\":{\"@type\":\"PropertyValueSpecification\",\"valueRequired\":true,\"valueName\":\"search_term_string\"}}],\"inLanguage\":\"lv-LV\"}]}<\/script>\n<!-- \/ Yoast SEO plugin. -->","yoast_head_json":{"title":"B\u0113rnu staigul\u012btis 4in1 - Toys.lt","robots":{"index":"index","follow":"follow","max-snippet":"max-snippet:-1","max-image-preview":"max-image-preview:large","max-video-preview":"max-video-preview:-1"},"canonical":"https:\/\/toys.lt\/lv\/produktas\/bernu-staigulitis-4in1\/","og_locale":"lv_LV","og_type":"article","og_title":"B\u0113rnu staigul\u012btis 4in1 - Toys.lt","og_description":"Produkta veids: p\u0101rvieto\u0161an\u0101s pal\u012bgl\u012bdzeklis Z\u012bmola nosaukums: HUANGER Izcelsmes valsts: \u0136\u012bna Produkta materi\u0101ls: plastmasa Iepakojuma izm\u0113ri: 18,5 x 59,5 x 50,5 cm Elementi: 3 x AA Ieteicamais vecums: no 6 m\u0113ne\u0161iem","og_url":"https:\/\/toys.lt\/lv\/produktas\/bernu-staigulitis-4in1\/","og_site_name":"Toys.lt","article_modified_time":"2026-04-09T00:03:11+00:00","og_image":[{"width":2560,"height":2048,"url":"https:\/\/toys.lt\/wp-content\/uploads\/2020\/03\/products-258-scaled.jpg","type":"image\/jpeg"}],"twitter_card":"summary_large_image","twitter_misc":{"Est. reading time":"1 minute"},"schema":{"@context":"https:\/\/schema.org","@graph":[{"@type":"WebPage","@id":"https:\/\/toys.lt\/lv\/produktas\/bernu-staigulitis-4in1\/","url":"https:\/\/toys.lt\/lv\/produktas\/bernu-staigulitis-4in1\/","name":"B\u0113rnu staigul\u012btis 4in1 - Toys.lt","isPartOf":{"@id":"https:\/\/toys.lt\/lv\/#website"},"primaryImageOfPage":{"@id":"https:\/\/toys.lt\/lv\/produktas\/bernu-staigulitis-4in1\/#primaryimage"},"image":{"@id":"https:\/\/toys.lt\/lv\/produktas\/bernu-staigulitis-4in1\/#primaryimage"},"thumbnailUrl":"https:\/\/toys.lt\/wp-content\/uploads\/2020\/03\/products-258-scaled.jpg","datePublished":"2020-03-27T13:09:33+00:00","dateModified":"2026-04-09T00:03:11+00:00","breadcrumb":{"@id":"https:\/\/toys.lt\/lv\/produktas\/bernu-staigulitis-4in1\/#breadcrumb"},"inLanguage":"lv-LV","potentialAction":[{"@type":"ReadAction","target":["https:\/\/toys.lt\/lv\/produktas\/bernu-staigulitis-4in1\/"]}]},{"@type":"ImageObject","inLanguage":"lv-LV","@id":"https:\/\/toys.lt\/lv\/produktas\/bernu-staigulitis-4in1\/#primaryimage","url":"https:\/\/toys.lt\/wp-content\/uploads\/2020\/03\/products-258-scaled.jpg","contentUrl":"https:\/\/toys.lt\/wp-content\/uploads\/2020\/03\/products-258-scaled.jpg","width":2560,"height":2048,"caption":"Vaik\u0161tyn\u0117s k\u016bdikiui 4in1"},{"@type":"BreadcrumbList","@id":"https:\/\/toys.lt\/lv\/produktas\/bernu-staigulitis-4in1\/#breadcrumb","itemListElement":[{"@type":"ListItem","position":1,"name":"Home","item":"https:\/\/toys.lt\/lv\/"},{"@type":"ListItem","position":2,"name":"Veikals","item":"https:\/\/toys.lt\/lv\/shop\/"},{"@type":"ListItem","position":3,"name":"B\u0113rnu staigul\u012btis 4in1"}]},{"@type":"WebSite","@id":"https:\/\/toys.lt\/lv\/#website","url":"https:\/\/toys.lt\/lv\/","name":"Toys.lt","description":"","potentialAction":[{"@type":"SearchAction","target":{"@type":"EntryPoint","urlTemplate":"https:\/\/toys.lt\/lv\/?s={search_term_string}"},"query-input":{"@type":"PropertyValueSpecification","valueRequired":true,"valueName":"search_term_string"}}],"inLanguage":"lv-LV"}]}},"_links":{"self":[{"href":"https:\/\/toys.lt\/lv\/wp-json\/wp\/v2\/product\/42374","targetHints":{"allow":["GET"]}}],"collection":[{"href":"https:\/\/toys.lt\/lv\/wp-json\/wp\/v2\/product"}],"about":[{"href":"https:\/\/toys.lt\/lv\/wp-json\/wp\/v2\/types\/product"}],"replies":[{"embeddable":true,"href":"https:\/\/toys.lt\/lv\/wp-json\/wp\/v2\/comments?post=42374"}],"version-history":[{"count":1,"href":"https:\/\/toys.lt\/lv\/wp-json\/wp\/v2\/product\/42374\/revisions"}],"predecessor-version":[{"id":45979,"href":"https:\/\/toys.lt\/lv\/wp-json\/wp\/v2\/product\/42374\/revisions\/45979"}],"wp:featuredmedia":[{"embeddable":true,"href":"https:\/\/toys.lt\/lv\/wp-json\/wp\/v2\/media\/36398"}],"wp:attachment":[{"href":"https:\/\/toys.lt\/lv\/wp-json\/wp\/v2\/media?parent=42374"}],"wp:term":[{"taxonomy":"product_brand","embeddable":true,"href":"https:\/\/toys.lt\/lv\/wp-json\/wp\/v2\/product_brand?post=42374"},{"taxonomy":"product_cat","embeddable":true,"href":"https:\/\/toys.lt\/lv\/wp-json\/wp\/v2\/product_cat?post=42374"},{"taxonomy":"product_tag","embeddable":true,"href":"https:\/\/toys.lt\/lv\/wp-json\/wp\/v2\/product_tag?post=42374"}],"curies":[{"name":"wp","href":"https:\/\/api.w.org\/{rel}","templated":true}]}}