{"id":42358,"date":"2020-03-27T08:59:52","date_gmt":"2020-03-27T08:59:52","guid":{"rendered":"https:\/\/toys.lt\/produktas\/policijas-automasina-transformators-ar-piederumiem\/"},"modified":"2026-04-09T00:03:14","modified_gmt":"2026-04-09T00:03:14","slug":"policijas-automasina-transformators-ar-piederumiem","status":"publish","type":"product","link":"https:\/\/toys.lt\/lv\/produktas\/policijas-automasina-transformators-ar-piederumiem\/","title":{"rendered":"Policijas automa\u0161\u012bna &#8211; Transformators ar piederumiem"},"content":{"rendered":"<p><strong>Funkcijas:<\/strong><\/p>\n<ul style=\"list-style-type:square;\">\n<li>Ska\u0146as un gaismas efekti<\/li>\n<li>Automa\u0161\u012bna izliekas mini park\u0101<\/li>\n<li>Komplekt\u0101 iek\u013cauta vad\u012bt\u0101ja fig\u016bri\u0146a un 3 mazas met\u0101la ma\u0161\u012bnas<\/li>\n<li>Met\u0101la virsb\u016bve<\/li>\n<li>Dro\u0161s b\u0113rnu vesel\u012bbai<\/li>\n<li>Uzlabo kust\u012bbu koordin\u0101ciju un motorisk\u0101s prasmes<\/li>\n<\/ul>\n<p>Dr\u012bzum\u0101 b\u016bs pieejams pla\u0161\u0101ks produkta apraksts.<\/p>\n<p>Lai ieg\u016btu vair\u0101k inform\u0101cijas par produktu, zvaniet pa lap\u0101 nor\u0101d\u012bto t\u0101lru\u0146a numuru.<\/p>\n","protected":false},"excerpt":{"rendered":"<p>Ra\u017eojuma veids; transportl\u012bdzeklis<\/p>\n<p>Izcelsmes valsts: \u0136\u012bna<\/p>\n<p>Izstr\u0101d\u0101juma materi\u0101ls: met\u0101ls, plastmasa<\/p>\n<p>Iepakojuma izm\u0113ri: 17 x 35,5 x 20 cm<\/p>\n<p>Automa\u0161\u012bnas izm\u0113ri: 10 x 30 x 13 cm<\/p>\n<p>M\u0113rogi: 1:64<\/p>\n<p>Ieteicamais vecums: no 3 gadiem<\/p>\n<p>Elementi: 3 x LR44 (nav iek\u013cauti komplekt\u0101)<\/p>\n","protected":false},"featured_media":36381,"comment_status":"open","ping_status":"open","template":"","meta":[],"product_brand":[],"product_cat":[1176,1177,1156],"product_tag":[],"class_list":{"0":"post-42358","1":"product","2":"type-product","3":"status-publish","4":"has-post-thumbnail","6":"product_cat-rotallietas-zeniem","7":"product_cat-rotalu-automasinas-traktori-un-kapurkedes","8":"product_cat-rotallietu-roboti-un-transformatori","9":"pa_amziaus-grupe-3-lv","11":"first","12":"outofstock","13":"taxable","14":"shipping-taxable","15":"purchasable","16":"product-type-simple"},"yoast_head":"<!-- This site is optimized with the Yoast SEO plugin v26.3 - https:\/\/yoast.com\/wordpress\/plugins\/seo\/ -->\n<title>Policijas automa\u0161\u012bna - Transformators ar piederumiem - Toys.lt<\/title>\n<meta name=\"robots\" content=\"index, follow, max-snippet:-1, max-image-preview:large, max-video-preview:-1\" \/>\n<link rel=\"canonical\" href=\"https:\/\/toys.lt\/lv\/produktas\/policijas-automasina-transformators-ar-piederumiem\/\" \/>\n<meta property=\"og:locale\" content=\"lv_LV\" \/>\n<meta property=\"og:type\" content=\"article\" \/>\n<meta property=\"og:title\" content=\"Policijas automa\u0161\u012bna - Transformators ar piederumiem - Toys.lt\" \/>\n<meta property=\"og:description\" content=\"Ra\u017eojuma veids; transportl\u012bdzeklis Izcelsmes valsts: \u0136\u012bna Izstr\u0101d\u0101juma materi\u0101ls: met\u0101ls, plastmasa Iepakojuma izm\u0113ri: 17 x 35,5 x 20 cm Automa\u0161\u012bnas izm\u0113ri: 10 x 30 x 13 cm M\u0113rogi: 1:64 Ieteicamais vecums: no 3 gadiem Elementi: 3 x LR44 (nav iek\u013cauti komplekt\u0101)\" \/>\n<meta property=\"og:url\" content=\"https:\/\/toys.lt\/lv\/produktas\/policijas-automasina-transformators-ar-piederumiem\/\" \/>\n<meta property=\"og:site_name\" content=\"Toys.lt\" \/>\n<meta property=\"article:modified_time\" content=\"2026-04-09T00:03:14+00:00\" \/>\n<meta property=\"og:image\" content=\"https:\/\/toys.lt\/wp-content\/uploads\/2020\/03\/products-240-scaled.jpg\" \/>\n\t<meta property=\"og:image:width\" content=\"2560\" \/>\n\t<meta property=\"og:image:height\" content=\"1921\" \/>\n\t<meta property=\"og:image:type\" content=\"image\/jpeg\" \/>\n<meta name=\"twitter:card\" content=\"summary_large_image\" \/>\n<script type=\"application\/ld+json\" class=\"yoast-schema-graph\">{\"@context\":\"https:\/\/schema.org\",\"@graph\":[{\"@type\":\"WebPage\",\"@id\":\"https:\/\/toys.lt\/lv\/produktas\/policijas-automasina-transformators-ar-piederumiem\/\",\"url\":\"https:\/\/toys.lt\/lv\/produktas\/policijas-automasina-transformators-ar-piederumiem\/\",\"name\":\"Policijas automa\u0161\u012bna - Transformators ar piederumiem - Toys.lt\",\"isPartOf\":{\"@id\":\"https:\/\/toys.lt\/lv\/#website\"},\"primaryImageOfPage\":{\"@id\":\"https:\/\/toys.lt\/lv\/produktas\/policijas-automasina-transformators-ar-piederumiem\/#primaryimage\"},\"image\":{\"@id\":\"https:\/\/toys.lt\/lv\/produktas\/policijas-automasina-transformators-ar-piederumiem\/#primaryimage\"},\"thumbnailUrl\":\"https:\/\/toys.lt\/wp-content\/uploads\/2020\/03\/products-240-scaled.jpg\",\"datePublished\":\"2020-03-27T08:59:52+00:00\",\"dateModified\":\"2026-04-09T00:03:14+00:00\",\"breadcrumb\":{\"@id\":\"https:\/\/toys.lt\/lv\/produktas\/policijas-automasina-transformators-ar-piederumiem\/#breadcrumb\"},\"inLanguage\":\"lv-LV\",\"potentialAction\":[{\"@type\":\"ReadAction\",\"target\":[\"https:\/\/toys.lt\/lv\/produktas\/policijas-automasina-transformators-ar-piederumiem\/\"]}]},{\"@type\":\"ImageObject\",\"inLanguage\":\"lv-LV\",\"@id\":\"https:\/\/toys.lt\/lv\/produktas\/policijas-automasina-transformators-ar-piederumiem\/#primaryimage\",\"url\":\"https:\/\/toys.lt\/wp-content\/uploads\/2020\/03\/products-240-scaled.jpg\",\"contentUrl\":\"https:\/\/toys.lt\/wp-content\/uploads\/2020\/03\/products-240-scaled.jpg\",\"width\":2560,\"height\":1921,\"caption\":\"Policijos automobilis &#8211; transformeris su priedais\"},{\"@type\":\"BreadcrumbList\",\"@id\":\"https:\/\/toys.lt\/lv\/produktas\/policijas-automasina-transformators-ar-piederumiem\/#breadcrumb\",\"itemListElement\":[{\"@type\":\"ListItem\",\"position\":1,\"name\":\"Home\",\"item\":\"https:\/\/toys.lt\/lv\/\"},{\"@type\":\"ListItem\",\"position\":2,\"name\":\"Veikals\",\"item\":\"https:\/\/toys.lt\/lv\/shop\/\"},{\"@type\":\"ListItem\",\"position\":3,\"name\":\"Policijas automa\u0161\u012bna &#8211; Transformators ar piederumiem\"}]},{\"@type\":\"WebSite\",\"@id\":\"https:\/\/toys.lt\/lv\/#website\",\"url\":\"https:\/\/toys.lt\/lv\/\",\"name\":\"Toys.lt\",\"description\":\"\",\"potentialAction\":[{\"@type\":\"SearchAction\",\"target\":{\"@type\":\"EntryPoint\",\"urlTemplate\":\"https:\/\/toys.lt\/lv\/?s={search_term_string}\"},\"query-input\":{\"@type\":\"PropertyValueSpecification\",\"valueRequired\":true,\"valueName\":\"search_term_string\"}}],\"inLanguage\":\"lv-LV\"}]}<\/script>\n<!-- \/ Yoast SEO plugin. -->","yoast_head_json":{"title":"Policijas automa\u0161\u012bna - Transformators ar piederumiem - Toys.lt","robots":{"index":"index","follow":"follow","max-snippet":"max-snippet:-1","max-image-preview":"max-image-preview:large","max-video-preview":"max-video-preview:-1"},"canonical":"https:\/\/toys.lt\/lv\/produktas\/policijas-automasina-transformators-ar-piederumiem\/","og_locale":"lv_LV","og_type":"article","og_title":"Policijas automa\u0161\u012bna - Transformators ar piederumiem - Toys.lt","og_description":"Ra\u017eojuma veids; transportl\u012bdzeklis Izcelsmes valsts: \u0136\u012bna Izstr\u0101d\u0101juma materi\u0101ls: met\u0101ls, plastmasa Iepakojuma izm\u0113ri: 17 x 35,5 x 20 cm Automa\u0161\u012bnas izm\u0113ri: 10 x 30 x 13 cm M\u0113rogi: 1:64 Ieteicamais vecums: no 3 gadiem Elementi: 3 x LR44 (nav iek\u013cauti komplekt\u0101)","og_url":"https:\/\/toys.lt\/lv\/produktas\/policijas-automasina-transformators-ar-piederumiem\/","og_site_name":"Toys.lt","article_modified_time":"2026-04-09T00:03:14+00:00","og_image":[{"width":2560,"height":1921,"url":"https:\/\/toys.lt\/wp-content\/uploads\/2020\/03\/products-240-scaled.jpg","type":"image\/jpeg"}],"twitter_card":"summary_large_image","schema":{"@context":"https:\/\/schema.org","@graph":[{"@type":"WebPage","@id":"https:\/\/toys.lt\/lv\/produktas\/policijas-automasina-transformators-ar-piederumiem\/","url":"https:\/\/toys.lt\/lv\/produktas\/policijas-automasina-transformators-ar-piederumiem\/","name":"Policijas automa\u0161\u012bna - Transformators ar piederumiem - Toys.lt","isPartOf":{"@id":"https:\/\/toys.lt\/lv\/#website"},"primaryImageOfPage":{"@id":"https:\/\/toys.lt\/lv\/produktas\/policijas-automasina-transformators-ar-piederumiem\/#primaryimage"},"image":{"@id":"https:\/\/toys.lt\/lv\/produktas\/policijas-automasina-transformators-ar-piederumiem\/#primaryimage"},"thumbnailUrl":"https:\/\/toys.lt\/wp-content\/uploads\/2020\/03\/products-240-scaled.jpg","datePublished":"2020-03-27T08:59:52+00:00","dateModified":"2026-04-09T00:03:14+00:00","breadcrumb":{"@id":"https:\/\/toys.lt\/lv\/produktas\/policijas-automasina-transformators-ar-piederumiem\/#breadcrumb"},"inLanguage":"lv-LV","potentialAction":[{"@type":"ReadAction","target":["https:\/\/toys.lt\/lv\/produktas\/policijas-automasina-transformators-ar-piederumiem\/"]}]},{"@type":"ImageObject","inLanguage":"lv-LV","@id":"https:\/\/toys.lt\/lv\/produktas\/policijas-automasina-transformators-ar-piederumiem\/#primaryimage","url":"https:\/\/toys.lt\/wp-content\/uploads\/2020\/03\/products-240-scaled.jpg","contentUrl":"https:\/\/toys.lt\/wp-content\/uploads\/2020\/03\/products-240-scaled.jpg","width":2560,"height":1921,"caption":"Policijos automobilis &#8211; transformeris su priedais"},{"@type":"BreadcrumbList","@id":"https:\/\/toys.lt\/lv\/produktas\/policijas-automasina-transformators-ar-piederumiem\/#breadcrumb","itemListElement":[{"@type":"ListItem","position":1,"name":"Home","item":"https:\/\/toys.lt\/lv\/"},{"@type":"ListItem","position":2,"name":"Veikals","item":"https:\/\/toys.lt\/lv\/shop\/"},{"@type":"ListItem","position":3,"name":"Policijas automa\u0161\u012bna &#8211; Transformators ar piederumiem"}]},{"@type":"WebSite","@id":"https:\/\/toys.lt\/lv\/#website","url":"https:\/\/toys.lt\/lv\/","name":"Toys.lt","description":"","potentialAction":[{"@type":"SearchAction","target":{"@type":"EntryPoint","urlTemplate":"https:\/\/toys.lt\/lv\/?s={search_term_string}"},"query-input":{"@type":"PropertyValueSpecification","valueRequired":true,"valueName":"search_term_string"}}],"inLanguage":"lv-LV"}]}},"_links":{"self":[{"href":"https:\/\/toys.lt\/lv\/wp-json\/wp\/v2\/product\/42358","targetHints":{"allow":["GET"]}}],"collection":[{"href":"https:\/\/toys.lt\/lv\/wp-json\/wp\/v2\/product"}],"about":[{"href":"https:\/\/toys.lt\/lv\/wp-json\/wp\/v2\/types\/product"}],"replies":[{"embeddable":true,"href":"https:\/\/toys.lt\/lv\/wp-json\/wp\/v2\/comments?post=42358"}],"version-history":[{"count":0,"href":"https:\/\/toys.lt\/lv\/wp-json\/wp\/v2\/product\/42358\/revisions"}],"wp:featuredmedia":[{"embeddable":true,"href":"https:\/\/toys.lt\/lv\/wp-json\/wp\/v2\/media\/36381"}],"wp:attachment":[{"href":"https:\/\/toys.lt\/lv\/wp-json\/wp\/v2\/media?parent=42358"}],"wp:term":[{"taxonomy":"product_brand","embeddable":true,"href":"https:\/\/toys.lt\/lv\/wp-json\/wp\/v2\/product_brand?post=42358"},{"taxonomy":"product_cat","embeddable":true,"href":"https:\/\/toys.lt\/lv\/wp-json\/wp\/v2\/product_cat?post=42358"},{"taxonomy":"product_tag","embeddable":true,"href":"https:\/\/toys.lt\/lv\/wp-json\/wp\/v2\/product_tag?post=42358"}],"curies":[{"name":"wp","href":"https:\/\/api.w.org\/{rel}","templated":true}]}}