{"id":42338,"date":"2020-12-17T17:08:46","date_gmt":"2020-12-17T17:08:46","guid":{"rendered":"https:\/\/toys.lt\/produktas\/rotallietu-komplekts-pizza\/"},"modified":"2026-04-09T00:01:45","modified_gmt":"2026-04-09T00:01:45","slug":"rotallietu-komplekts-pizza","status":"publish","type":"product","link":"https:\/\/toys.lt\/lv\/produktas\/rotallietu-komplekts-pizza\/","title":{"rendered":"Rota\u013clietu komplekts (Pizza)"},"content":{"rendered":"<p><strong>Rota\u013clietu komplekts (pica):<\/strong><\/p>\n<ul>\n<li>24 da\u013cas<\/li>\n<li>Kr\u0101sains salikums<\/li>\n<li>Piem\u0113rots uz\u0146\u0113mumam<\/li>\n<\/ul>\n","protected":false},"excerpt":{"rendered":"<p>24 gab.<\/p>\n<p>Iepakojuma izm\u0113ri: 37 x 43 x 6 cm<\/p>\n<p>Svars: 800 g<\/p>\n<p>Izcelsmes valsts: \u0136\u012bna<\/p>\n<p>Ieteicamais vecums: no 3 gadiem.<\/p>\n","protected":false},"featured_media":37697,"comment_status":"open","ping_status":"closed","template":"","meta":[],"product_brand":[],"product_cat":[1180,1178,1155],"product_tag":[],"class_list":{"0":"post-42338","1":"product","2":"type-product","3":"status-publish","4":"has-post-thumbnail","6":"product_cat-rotallietas-meitenem","7":"product_cat-rotallietu-virtuves-piederumi-un-aksesuari","8":"product_cat-leti","9":"pa_prek-s-tipas-virtuves-piederumi","10":"pa_spalva-dazadi","12":"first","13":"outofstock","14":"taxable","15":"shipping-taxable","16":"purchasable","17":"product-type-simple"},"yoast_head":"<!-- This site is optimized with the Yoast SEO plugin v26.3 - https:\/\/yoast.com\/wordpress\/plugins\/seo\/ -->\n<title>Rota\u013clietu komplekts (Pizza) - Toys.lt<\/title>\n<meta name=\"robots\" content=\"index, follow, max-snippet:-1, max-image-preview:large, max-video-preview:-1\" \/>\n<link rel=\"canonical\" href=\"https:\/\/toys.lt\/lv\/produktas\/rotallietu-komplekts-pizza\/\" \/>\n<meta property=\"og:locale\" content=\"lv_LV\" \/>\n<meta property=\"og:type\" content=\"article\" \/>\n<meta property=\"og:title\" content=\"Rota\u013clietu komplekts (Pizza) - Toys.lt\" \/>\n<meta property=\"og:description\" content=\"24 gab. Iepakojuma izm\u0113ri: 37 x 43 x 6 cm Svars: 800 g Izcelsmes valsts: \u0136\u012bna Ieteicamais vecums: no 3 gadiem.\" \/>\n<meta property=\"og:url\" content=\"https:\/\/toys.lt\/lv\/produktas\/rotallietu-komplekts-pizza\/\" \/>\n<meta property=\"og:site_name\" content=\"Toys.lt\" \/>\n<meta property=\"article:modified_time\" content=\"2026-04-09T00:01:45+00:00\" \/>\n<meta property=\"og:image\" content=\"https:\/\/toys.lt\/wp-content\/uploads\/2020\/12\/products-1730.jpg\" \/>\n\t<meta property=\"og:image:width\" content=\"400\" \/>\n\t<meta property=\"og:image:height\" content=\"256\" \/>\n\t<meta property=\"og:image:type\" content=\"image\/jpeg\" \/>\n<meta name=\"twitter:card\" content=\"summary_large_image\" \/>\n<script type=\"application\/ld+json\" class=\"yoast-schema-graph\">{\"@context\":\"https:\/\/schema.org\",\"@graph\":[{\"@type\":\"WebPage\",\"@id\":\"https:\/\/toys.lt\/lv\/produktas\/rotallietu-komplekts-pizza\/\",\"url\":\"https:\/\/toys.lt\/lv\/produktas\/rotallietu-komplekts-pizza\/\",\"name\":\"Rota\u013clietu komplekts (Pizza) - Toys.lt\",\"isPartOf\":{\"@id\":\"https:\/\/toys.lt\/lv\/#website\"},\"primaryImageOfPage\":{\"@id\":\"https:\/\/toys.lt\/lv\/produktas\/rotallietu-komplekts-pizza\/#primaryimage\"},\"image\":{\"@id\":\"https:\/\/toys.lt\/lv\/produktas\/rotallietu-komplekts-pizza\/#primaryimage\"},\"thumbnailUrl\":\"https:\/\/toys.lt\/wp-content\/uploads\/2020\/12\/products-1730.jpg\",\"datePublished\":\"2020-12-17T17:08:46+00:00\",\"dateModified\":\"2026-04-09T00:01:45+00:00\",\"breadcrumb\":{\"@id\":\"https:\/\/toys.lt\/lv\/produktas\/rotallietu-komplekts-pizza\/#breadcrumb\"},\"inLanguage\":\"lv-LV\",\"potentialAction\":[{\"@type\":\"ReadAction\",\"target\":[\"https:\/\/toys.lt\/lv\/produktas\/rotallietu-komplekts-pizza\/\"]}]},{\"@type\":\"ImageObject\",\"inLanguage\":\"lv-LV\",\"@id\":\"https:\/\/toys.lt\/lv\/produktas\/rotallietu-komplekts-pizza\/#primaryimage\",\"url\":\"https:\/\/toys.lt\/wp-content\/uploads\/2020\/12\/products-1730.jpg\",\"contentUrl\":\"https:\/\/toys.lt\/wp-content\/uploads\/2020\/12\/products-1730.jpg\",\"width\":400,\"height\":256,\"caption\":\"\u017daislinis rinkinys (Pizza)\"},{\"@type\":\"BreadcrumbList\",\"@id\":\"https:\/\/toys.lt\/lv\/produktas\/rotallietu-komplekts-pizza\/#breadcrumb\",\"itemListElement\":[{\"@type\":\"ListItem\",\"position\":1,\"name\":\"Home\",\"item\":\"https:\/\/toys.lt\/lv\/\"},{\"@type\":\"ListItem\",\"position\":2,\"name\":\"Veikals\",\"item\":\"https:\/\/toys.lt\/lv\/shop\/\"},{\"@type\":\"ListItem\",\"position\":3,\"name\":\"Rota\u013clietu komplekts (Pizza)\"}]},{\"@type\":\"WebSite\",\"@id\":\"https:\/\/toys.lt\/lv\/#website\",\"url\":\"https:\/\/toys.lt\/lv\/\",\"name\":\"Toys.lt\",\"description\":\"\",\"potentialAction\":[{\"@type\":\"SearchAction\",\"target\":{\"@type\":\"EntryPoint\",\"urlTemplate\":\"https:\/\/toys.lt\/lv\/?s={search_term_string}\"},\"query-input\":{\"@type\":\"PropertyValueSpecification\",\"valueRequired\":true,\"valueName\":\"search_term_string\"}}],\"inLanguage\":\"lv-LV\"}]}<\/script>\n<!-- \/ Yoast SEO plugin. -->","yoast_head_json":{"title":"Rota\u013clietu komplekts (Pizza) - Toys.lt","robots":{"index":"index","follow":"follow","max-snippet":"max-snippet:-1","max-image-preview":"max-image-preview:large","max-video-preview":"max-video-preview:-1"},"canonical":"https:\/\/toys.lt\/lv\/produktas\/rotallietu-komplekts-pizza\/","og_locale":"lv_LV","og_type":"article","og_title":"Rota\u013clietu komplekts (Pizza) - Toys.lt","og_description":"24 gab. Iepakojuma izm\u0113ri: 37 x 43 x 6 cm Svars: 800 g Izcelsmes valsts: \u0136\u012bna Ieteicamais vecums: no 3 gadiem.","og_url":"https:\/\/toys.lt\/lv\/produktas\/rotallietu-komplekts-pizza\/","og_site_name":"Toys.lt","article_modified_time":"2026-04-09T00:01:45+00:00","og_image":[{"width":400,"height":256,"url":"https:\/\/toys.lt\/wp-content\/uploads\/2020\/12\/products-1730.jpg","type":"image\/jpeg"}],"twitter_card":"summary_large_image","schema":{"@context":"https:\/\/schema.org","@graph":[{"@type":"WebPage","@id":"https:\/\/toys.lt\/lv\/produktas\/rotallietu-komplekts-pizza\/","url":"https:\/\/toys.lt\/lv\/produktas\/rotallietu-komplekts-pizza\/","name":"Rota\u013clietu komplekts (Pizza) - Toys.lt","isPartOf":{"@id":"https:\/\/toys.lt\/lv\/#website"},"primaryImageOfPage":{"@id":"https:\/\/toys.lt\/lv\/produktas\/rotallietu-komplekts-pizza\/#primaryimage"},"image":{"@id":"https:\/\/toys.lt\/lv\/produktas\/rotallietu-komplekts-pizza\/#primaryimage"},"thumbnailUrl":"https:\/\/toys.lt\/wp-content\/uploads\/2020\/12\/products-1730.jpg","datePublished":"2020-12-17T17:08:46+00:00","dateModified":"2026-04-09T00:01:45+00:00","breadcrumb":{"@id":"https:\/\/toys.lt\/lv\/produktas\/rotallietu-komplekts-pizza\/#breadcrumb"},"inLanguage":"lv-LV","potentialAction":[{"@type":"ReadAction","target":["https:\/\/toys.lt\/lv\/produktas\/rotallietu-komplekts-pizza\/"]}]},{"@type":"ImageObject","inLanguage":"lv-LV","@id":"https:\/\/toys.lt\/lv\/produktas\/rotallietu-komplekts-pizza\/#primaryimage","url":"https:\/\/toys.lt\/wp-content\/uploads\/2020\/12\/products-1730.jpg","contentUrl":"https:\/\/toys.lt\/wp-content\/uploads\/2020\/12\/products-1730.jpg","width":400,"height":256,"caption":"\u017daislinis rinkinys (Pizza)"},{"@type":"BreadcrumbList","@id":"https:\/\/toys.lt\/lv\/produktas\/rotallietu-komplekts-pizza\/#breadcrumb","itemListElement":[{"@type":"ListItem","position":1,"name":"Home","item":"https:\/\/toys.lt\/lv\/"},{"@type":"ListItem","position":2,"name":"Veikals","item":"https:\/\/toys.lt\/lv\/shop\/"},{"@type":"ListItem","position":3,"name":"Rota\u013clietu komplekts (Pizza)"}]},{"@type":"WebSite","@id":"https:\/\/toys.lt\/lv\/#website","url":"https:\/\/toys.lt\/lv\/","name":"Toys.lt","description":"","potentialAction":[{"@type":"SearchAction","target":{"@type":"EntryPoint","urlTemplate":"https:\/\/toys.lt\/lv\/?s={search_term_string}"},"query-input":{"@type":"PropertyValueSpecification","valueRequired":true,"valueName":"search_term_string"}}],"inLanguage":"lv-LV"}]}},"_links":{"self":[{"href":"https:\/\/toys.lt\/lv\/wp-json\/wp\/v2\/product\/42338","targetHints":{"allow":["GET"]}}],"collection":[{"href":"https:\/\/toys.lt\/lv\/wp-json\/wp\/v2\/product"}],"about":[{"href":"https:\/\/toys.lt\/lv\/wp-json\/wp\/v2\/types\/product"}],"replies":[{"embeddable":true,"href":"https:\/\/toys.lt\/lv\/wp-json\/wp\/v2\/comments?post=42338"}],"version-history":[{"count":1,"href":"https:\/\/toys.lt\/lv\/wp-json\/wp\/v2\/product\/42338\/revisions"}],"predecessor-version":[{"id":46201,"href":"https:\/\/toys.lt\/lv\/wp-json\/wp\/v2\/product\/42338\/revisions\/46201"}],"wp:featuredmedia":[{"embeddable":true,"href":"https:\/\/toys.lt\/lv\/wp-json\/wp\/v2\/media\/37697"}],"wp:attachment":[{"href":"https:\/\/toys.lt\/lv\/wp-json\/wp\/v2\/media?parent=42338"}],"wp:term":[{"taxonomy":"product_brand","embeddable":true,"href":"https:\/\/toys.lt\/lv\/wp-json\/wp\/v2\/product_brand?post=42338"},{"taxonomy":"product_cat","embeddable":true,"href":"https:\/\/toys.lt\/lv\/wp-json\/wp\/v2\/product_cat?post=42338"},{"taxonomy":"product_tag","embeddable":true,"href":"https:\/\/toys.lt\/lv\/wp-json\/wp\/v2\/product_tag?post=42338"}],"curies":[{"name":"wp","href":"https:\/\/api.w.org\/{rel}","templated":true}]}}