{"id":42336,"date":"2020-12-03T19:22:07","date_gmt":"2020-12-03T19:22:07","guid":{"rendered":"https:\/\/toys.lt\/produktas\/mag-building-magnetiskais-konstruktors-78-gab\/"},"modified":"2026-04-09T00:01:46","modified_gmt":"2026-04-09T00:01:46","slug":"mag-building-magnetiskais-konstruktors-78-gab","status":"publish","type":"product","link":"https:\/\/toys.lt\/lv\/produktas\/mag-building-magnetiskais-konstruktors-78-gab\/","title":{"rendered":"Mag-Building Magn\u0113tiskais konstruktors (78 gab.)"},"content":{"rendered":"<p><strong>Mag-Building Magn\u0113tiskais konstruktors<\/strong> ir univers\u0101ls komplekts, kas piem\u0113rots visu vecumu b\u0113rniem no 3 gadu vecuma. J\u016bsu b\u0113rns att\u012bst\u012bs lo\u0123isko dom\u0101\u0161anu, interesi par zin\u0101tni un rado\u0161\u0101s prasmes. <strong>&#8220;Mag-Building&#8221; <\/strong>da\u013cas <strong> <\/strong>ir savstarp\u0113ji savienoti ar magn\u0113tiem. Kad deta\u013cas ir savienotas, t\u0101s var pagriezt vajadz\u012bgaj\u0101 le\u0146\u0137\u012b, lai ar savu izt\u0113li rad\u012btu vissp\u0113c\u012bg\u0101k\u0101s \u0123eometrisk\u0101s fig\u016bras. <\/p>\n<p>Deta\u013cas ir izgatavotas no augstas kvalit\u0101tes plastmasas, kas nelau\u017eas un nesmird, t\u0101p\u0113c t\u0101s b\u016bs dro\u0161as j\u016bsu b\u0113rnam. Deta\u013cas kop\u0101 satur sp\u0113c\u012bgs magn\u0113ts, kas ne\u013cauj konstrukcijai sadal\u012bties. <\/p>\n<p><strong>Mag-Building magn\u0113tiskajam konstruktoram<\/strong> ir 78 deta\u013cas, tostarp kvadr\u0101ti, trijst\u016bri, se\u0161st\u016bri, auto rite\u0146u balstiek\u0101rtas, stat\u012bvs un tur\u0113t\u0101ji karuselim un daudzas citas.<\/p>\n","protected":false},"excerpt":{"rendered":"<p>Izstr\u0101d\u0101juma veids &#8211; magn\u0113tisk\u0101 izgl\u012btojo\u0161\u0101 rota\u013clieta<\/p>\n<p>Materi\u0101ls &#8211; plastmasa<\/p>\n<p>Da\u013cu skaits. &#8211; 78 gab. <\/p>\n<p>Iepakojuma izm\u0113ri &#8211; 45 x 35 x 10 cm<\/p>\n<p>Svars &#8211; 1,2 kg<\/p>\n<p>Ieteicamais vecums &#8211; 3 gadi un vec\u0101ki<\/p>\n<p>Izcelsmes valsts &#8211; \u0136\u012bna<\/p>\n","protected":false},"featured_media":37691,"comment_status":"open","ping_status":"closed","template":"","meta":[],"product_brand":[],"product_cat":[1157,1158,1155],"product_tag":[],"class_list":{"0":"post-42336","1":"product","2":"type-product","3":"status-publish","4":"has-post-thumbnail","6":"product_cat-izglitojosas-un-interaktivas-rotallietas","7":"product_cat-konstruktori","8":"product_cat-leti","9":"pa_prek-s-tipas-konstruktori-un-modulu-bloki","10":"pa_spalva-dazadi","12":"first","13":"instock","14":"sale","15":"taxable","16":"shipping-taxable","17":"purchasable","18":"product-type-simple"},"yoast_head":"<!-- This site is optimized with the Yoast SEO plugin v26.3 - https:\/\/yoast.com\/wordpress\/plugins\/seo\/ -->\n<title>Mag-Building Magn\u0113tiskais konstruktors (78 gab.) - Toys.lt<\/title>\n<meta name=\"robots\" content=\"index, follow, max-snippet:-1, max-image-preview:large, max-video-preview:-1\" \/>\n<link rel=\"canonical\" href=\"https:\/\/toys.lt\/lv\/produktas\/mag-building-magnetiskais-konstruktors-78-gab\/\" \/>\n<meta property=\"og:locale\" content=\"lv_LV\" \/>\n<meta property=\"og:type\" content=\"article\" \/>\n<meta property=\"og:title\" content=\"Mag-Building Magn\u0113tiskais konstruktors (78 gab.) - Toys.lt\" \/>\n<meta property=\"og:description\" content=\"Izstr\u0101d\u0101juma veids - magn\u0113tisk\u0101 izgl\u012btojo\u0161\u0101 rota\u013clieta Materi\u0101ls - plastmasa Da\u013cu skaits. - 78 gab.  Iepakojuma izm\u0113ri - 45 x 35 x 10 cm Svars - 1,2 kg Ieteicamais vecums - 3 gadi un vec\u0101ki Izcelsmes valsts - \u0136\u012bna\" \/>\n<meta property=\"og:url\" content=\"https:\/\/toys.lt\/lv\/produktas\/mag-building-magnetiskais-konstruktors-78-gab\/\" \/>\n<meta property=\"og:site_name\" content=\"Toys.lt\" \/>\n<meta property=\"article:modified_time\" content=\"2026-04-09T00:01:46+00:00\" \/>\n<meta property=\"og:image\" content=\"https:\/\/toys.lt\/wp-content\/uploads\/2020\/12\/products-1719.jpg\" \/>\n\t<meta property=\"og:image:width\" content=\"800\" \/>\n\t<meta property=\"og:image:height\" content=\"800\" \/>\n\t<meta property=\"og:image:type\" content=\"image\/jpeg\" \/>\n<meta name=\"twitter:card\" content=\"summary_large_image\" \/>\n<meta name=\"twitter:label1\" content=\"Est. reading time\" \/>\n\t<meta name=\"twitter:data1\" content=\"1 minute\" \/>\n<script type=\"application\/ld+json\" class=\"yoast-schema-graph\">{\"@context\":\"https:\/\/schema.org\",\"@graph\":[{\"@type\":\"WebPage\",\"@id\":\"https:\/\/toys.lt\/lv\/produktas\/mag-building-magnetiskais-konstruktors-78-gab\/\",\"url\":\"https:\/\/toys.lt\/lv\/produktas\/mag-building-magnetiskais-konstruktors-78-gab\/\",\"name\":\"Mag-Building Magn\u0113tiskais konstruktors (78 gab.) - Toys.lt\",\"isPartOf\":{\"@id\":\"https:\/\/toys.lt\/lv\/#website\"},\"primaryImageOfPage\":{\"@id\":\"https:\/\/toys.lt\/lv\/produktas\/mag-building-magnetiskais-konstruktors-78-gab\/#primaryimage\"},\"image\":{\"@id\":\"https:\/\/toys.lt\/lv\/produktas\/mag-building-magnetiskais-konstruktors-78-gab\/#primaryimage\"},\"thumbnailUrl\":\"https:\/\/toys.lt\/wp-content\/uploads\/2020\/12\/products-1719.jpg\",\"datePublished\":\"2020-12-03T19:22:07+00:00\",\"dateModified\":\"2026-04-09T00:01:46+00:00\",\"breadcrumb\":{\"@id\":\"https:\/\/toys.lt\/lv\/produktas\/mag-building-magnetiskais-konstruktors-78-gab\/#breadcrumb\"},\"inLanguage\":\"lv-LV\",\"potentialAction\":[{\"@type\":\"ReadAction\",\"target\":[\"https:\/\/toys.lt\/lv\/produktas\/mag-building-magnetiskais-konstruktors-78-gab\/\"]}]},{\"@type\":\"ImageObject\",\"inLanguage\":\"lv-LV\",\"@id\":\"https:\/\/toys.lt\/lv\/produktas\/mag-building-magnetiskais-konstruktors-78-gab\/#primaryimage\",\"url\":\"https:\/\/toys.lt\/wp-content\/uploads\/2020\/12\/products-1719.jpg\",\"contentUrl\":\"https:\/\/toys.lt\/wp-content\/uploads\/2020\/12\/products-1719.jpg\",\"width\":800,\"height\":800,\"caption\":\"Magnetinis konstruktorius &#8220;Mag-Building&#8221; (78 detal\u0117s)\"},{\"@type\":\"BreadcrumbList\",\"@id\":\"https:\/\/toys.lt\/lv\/produktas\/mag-building-magnetiskais-konstruktors-78-gab\/#breadcrumb\",\"itemListElement\":[{\"@type\":\"ListItem\",\"position\":1,\"name\":\"Home\",\"item\":\"https:\/\/toys.lt\/lv\/\"},{\"@type\":\"ListItem\",\"position\":2,\"name\":\"Veikals\",\"item\":\"https:\/\/toys.lt\/lv\/shop\/\"},{\"@type\":\"ListItem\",\"position\":3,\"name\":\"Mag-Building Magn\u0113tiskais konstruktors (78 gab.)\"}]},{\"@type\":\"WebSite\",\"@id\":\"https:\/\/toys.lt\/lv\/#website\",\"url\":\"https:\/\/toys.lt\/lv\/\",\"name\":\"Toys.lt\",\"description\":\"\",\"potentialAction\":[{\"@type\":\"SearchAction\",\"target\":{\"@type\":\"EntryPoint\",\"urlTemplate\":\"https:\/\/toys.lt\/lv\/?s={search_term_string}\"},\"query-input\":{\"@type\":\"PropertyValueSpecification\",\"valueRequired\":true,\"valueName\":\"search_term_string\"}}],\"inLanguage\":\"lv-LV\"}]}<\/script>\n<!-- \/ Yoast SEO plugin. -->","yoast_head_json":{"title":"Mag-Building Magn\u0113tiskais konstruktors (78 gab.) - Toys.lt","robots":{"index":"index","follow":"follow","max-snippet":"max-snippet:-1","max-image-preview":"max-image-preview:large","max-video-preview":"max-video-preview:-1"},"canonical":"https:\/\/toys.lt\/lv\/produktas\/mag-building-magnetiskais-konstruktors-78-gab\/","og_locale":"lv_LV","og_type":"article","og_title":"Mag-Building Magn\u0113tiskais konstruktors (78 gab.) - Toys.lt","og_description":"Izstr\u0101d\u0101juma veids - magn\u0113tisk\u0101 izgl\u012btojo\u0161\u0101 rota\u013clieta Materi\u0101ls - plastmasa Da\u013cu skaits. - 78 gab.  Iepakojuma izm\u0113ri - 45 x 35 x 10 cm Svars - 1,2 kg Ieteicamais vecums - 3 gadi un vec\u0101ki Izcelsmes valsts - \u0136\u012bna","og_url":"https:\/\/toys.lt\/lv\/produktas\/mag-building-magnetiskais-konstruktors-78-gab\/","og_site_name":"Toys.lt","article_modified_time":"2026-04-09T00:01:46+00:00","og_image":[{"width":800,"height":800,"url":"https:\/\/toys.lt\/wp-content\/uploads\/2020\/12\/products-1719.jpg","type":"image\/jpeg"}],"twitter_card":"summary_large_image","twitter_misc":{"Est. reading time":"1 minute"},"schema":{"@context":"https:\/\/schema.org","@graph":[{"@type":"WebPage","@id":"https:\/\/toys.lt\/lv\/produktas\/mag-building-magnetiskais-konstruktors-78-gab\/","url":"https:\/\/toys.lt\/lv\/produktas\/mag-building-magnetiskais-konstruktors-78-gab\/","name":"Mag-Building Magn\u0113tiskais konstruktors (78 gab.) - Toys.lt","isPartOf":{"@id":"https:\/\/toys.lt\/lv\/#website"},"primaryImageOfPage":{"@id":"https:\/\/toys.lt\/lv\/produktas\/mag-building-magnetiskais-konstruktors-78-gab\/#primaryimage"},"image":{"@id":"https:\/\/toys.lt\/lv\/produktas\/mag-building-magnetiskais-konstruktors-78-gab\/#primaryimage"},"thumbnailUrl":"https:\/\/toys.lt\/wp-content\/uploads\/2020\/12\/products-1719.jpg","datePublished":"2020-12-03T19:22:07+00:00","dateModified":"2026-04-09T00:01:46+00:00","breadcrumb":{"@id":"https:\/\/toys.lt\/lv\/produktas\/mag-building-magnetiskais-konstruktors-78-gab\/#breadcrumb"},"inLanguage":"lv-LV","potentialAction":[{"@type":"ReadAction","target":["https:\/\/toys.lt\/lv\/produktas\/mag-building-magnetiskais-konstruktors-78-gab\/"]}]},{"@type":"ImageObject","inLanguage":"lv-LV","@id":"https:\/\/toys.lt\/lv\/produktas\/mag-building-magnetiskais-konstruktors-78-gab\/#primaryimage","url":"https:\/\/toys.lt\/wp-content\/uploads\/2020\/12\/products-1719.jpg","contentUrl":"https:\/\/toys.lt\/wp-content\/uploads\/2020\/12\/products-1719.jpg","width":800,"height":800,"caption":"Magnetinis konstruktorius &#8220;Mag-Building&#8221; (78 detal\u0117s)"},{"@type":"BreadcrumbList","@id":"https:\/\/toys.lt\/lv\/produktas\/mag-building-magnetiskais-konstruktors-78-gab\/#breadcrumb","itemListElement":[{"@type":"ListItem","position":1,"name":"Home","item":"https:\/\/toys.lt\/lv\/"},{"@type":"ListItem","position":2,"name":"Veikals","item":"https:\/\/toys.lt\/lv\/shop\/"},{"@type":"ListItem","position":3,"name":"Mag-Building Magn\u0113tiskais konstruktors (78 gab.)"}]},{"@type":"WebSite","@id":"https:\/\/toys.lt\/lv\/#website","url":"https:\/\/toys.lt\/lv\/","name":"Toys.lt","description":"","potentialAction":[{"@type":"SearchAction","target":{"@type":"EntryPoint","urlTemplate":"https:\/\/toys.lt\/lv\/?s={search_term_string}"},"query-input":{"@type":"PropertyValueSpecification","valueRequired":true,"valueName":"search_term_string"}}],"inLanguage":"lv-LV"}]}},"_links":{"self":[{"href":"https:\/\/toys.lt\/lv\/wp-json\/wp\/v2\/product\/42336","targetHints":{"allow":["GET"]}}],"collection":[{"href":"https:\/\/toys.lt\/lv\/wp-json\/wp\/v2\/product"}],"about":[{"href":"https:\/\/toys.lt\/lv\/wp-json\/wp\/v2\/types\/product"}],"replies":[{"embeddable":true,"href":"https:\/\/toys.lt\/lv\/wp-json\/wp\/v2\/comments?post=42336"}],"version-history":[{"count":1,"href":"https:\/\/toys.lt\/lv\/wp-json\/wp\/v2\/product\/42336\/revisions"}],"predecessor-version":[{"id":46199,"href":"https:\/\/toys.lt\/lv\/wp-json\/wp\/v2\/product\/42336\/revisions\/46199"}],"wp:featuredmedia":[{"embeddable":true,"href":"https:\/\/toys.lt\/lv\/wp-json\/wp\/v2\/media\/37691"}],"wp:attachment":[{"href":"https:\/\/toys.lt\/lv\/wp-json\/wp\/v2\/media?parent=42336"}],"wp:term":[{"taxonomy":"product_brand","embeddable":true,"href":"https:\/\/toys.lt\/lv\/wp-json\/wp\/v2\/product_brand?post=42336"},{"taxonomy":"product_cat","embeddable":true,"href":"https:\/\/toys.lt\/lv\/wp-json\/wp\/v2\/product_cat?post=42336"},{"taxonomy":"product_tag","embeddable":true,"href":"https:\/\/toys.lt\/lv\/wp-json\/wp\/v2\/product_tag?post=42336"}],"curies":[{"name":"wp","href":"https:\/\/api.w.org\/{rel}","templated":true}]}}