{"id":42334,"date":"2020-12-03T17:59:04","date_gmt":"2020-12-03T17:59:04","guid":{"rendered":"https:\/\/toys.lt\/produktas\/bernu-telts\/"},"modified":"2026-04-09T00:01:46","modified_gmt":"2026-04-09T00:01:46","slug":"bernu-telts","status":"publish","type":"product","link":"https:\/\/toys.lt\/lv\/produktas\/bernu-telts\/","title":{"rendered":"B\u0113rnu telts"},"content":{"rendered":"<p>Funkcijas:<\/p>\n<ul>\n<li>Pla\u0161a <strong>b\u0113rnu telts, <\/strong>lai b\u0113rni var\u0113tu sp\u0113l\u0113ties gan telp\u0101s, gan \u0101r\u0101.<\/li>\n<li>Dab\u0101 tas pasarg\u0101 no v\u0113ja, kukai\u0146iem un saules.<\/li>\n<li>Viegli izv\u0113r\u0161as<\/li>\n<\/ul>\n<p><a class=\"btn btn-default\" href=\"https:\/\/www.youtube.com\/watch?v=dYNsbbfOBQ4&amp;feature=emb_logo\">VIDEO<\/a><\/p>\n","protected":false},"excerpt":{"rendered":"<p>Materi\u0101ls &#8211; poliesteris<\/p>\n<p>Iepakojuma izm\u0113ri &#8211; 34 x 34 x 5 cm<\/p>\n<p>Telts izm\u0113ri &#8211; 95 x 95 x 92 cm<\/p>\n<p>Ieteicamais vecums: no 3 gadiem. Telts j\u0101ce\u013c pieaugu\u0161ajam. <\/p>\n<p>Izcelsmes valsts &#8211; \u0136\u012bna<\/p>\n","protected":false},"featured_media":37690,"comment_status":"open","ping_status":"closed","template":"","meta":[],"product_brand":[],"product_cat":[1183,1180,1176,1162],"product_tag":[],"class_list":{"0":"post-42334","1":"product","2":"type-product","3":"status-publish","4":"has-post-thumbnail","6":"product_cat-rotallietas-maziem-berniem","7":"product_cat-rotallietas-meitenem","8":"product_cat-rotallietas-zeniem","9":"product_cat-ara-un-vasaras-rotallietas","10":"pa_prek-s-tipas-ara-rotallietas","11":"pa_spalva-dazadi","13":"first","14":"outofstock","15":"taxable","16":"shipping-taxable","17":"purchasable","18":"product-type-simple"},"yoast_head":"<!-- This site is optimized with the Yoast SEO plugin v26.3 - https:\/\/yoast.com\/wordpress\/plugins\/seo\/ -->\n<title>B\u0113rnu telts - Toys.lt<\/title>\n<meta name=\"robots\" content=\"index, follow, max-snippet:-1, max-image-preview:large, max-video-preview:-1\" \/>\n<link rel=\"canonical\" href=\"https:\/\/toys.lt\/lv\/produktas\/bernu-telts\/\" \/>\n<meta property=\"og:locale\" content=\"lv_LV\" \/>\n<meta property=\"og:type\" content=\"article\" \/>\n<meta property=\"og:title\" content=\"B\u0113rnu telts - Toys.lt\" \/>\n<meta property=\"og:description\" content=\"Materi\u0101ls - poliesteris Iepakojuma izm\u0113ri - 34 x 34 x 5 cm Telts izm\u0113ri - 95 x 95 x 92 cm Ieteicamais vecums: no 3 gadiem. Telts j\u0101ce\u013c pieaugu\u0161ajam.  Izcelsmes valsts - \u0136\u012bna\" \/>\n<meta property=\"og:url\" content=\"https:\/\/toys.lt\/lv\/produktas\/bernu-telts\/\" \/>\n<meta property=\"og:site_name\" content=\"Toys.lt\" \/>\n<meta property=\"article:modified_time\" content=\"2026-04-09T00:01:46+00:00\" \/>\n<meta property=\"og:image\" content=\"https:\/\/toys.lt\/wp-content\/uploads\/2020\/12\/products-1716.jpg\" \/>\n\t<meta property=\"og:image:width\" content=\"348\" \/>\n\t<meta property=\"og:image:height\" content=\"325\" \/>\n\t<meta property=\"og:image:type\" content=\"image\/jpeg\" \/>\n<meta name=\"twitter:card\" content=\"summary_large_image\" \/>\n<script type=\"application\/ld+json\" class=\"yoast-schema-graph\">{\"@context\":\"https:\/\/schema.org\",\"@graph\":[{\"@type\":\"WebPage\",\"@id\":\"https:\/\/toys.lt\/lv\/produktas\/bernu-telts\/\",\"url\":\"https:\/\/toys.lt\/lv\/produktas\/bernu-telts\/\",\"name\":\"B\u0113rnu telts - Toys.lt\",\"isPartOf\":{\"@id\":\"https:\/\/toys.lt\/lv\/#website\"},\"primaryImageOfPage\":{\"@id\":\"https:\/\/toys.lt\/lv\/produktas\/bernu-telts\/#primaryimage\"},\"image\":{\"@id\":\"https:\/\/toys.lt\/lv\/produktas\/bernu-telts\/#primaryimage\"},\"thumbnailUrl\":\"https:\/\/toys.lt\/wp-content\/uploads\/2020\/12\/products-1716.jpg\",\"datePublished\":\"2020-12-03T17:59:04+00:00\",\"dateModified\":\"2026-04-09T00:01:46+00:00\",\"breadcrumb\":{\"@id\":\"https:\/\/toys.lt\/lv\/produktas\/bernu-telts\/#breadcrumb\"},\"inLanguage\":\"lv-LV\",\"potentialAction\":[{\"@type\":\"ReadAction\",\"target\":[\"https:\/\/toys.lt\/lv\/produktas\/bernu-telts\/\"]}]},{\"@type\":\"ImageObject\",\"inLanguage\":\"lv-LV\",\"@id\":\"https:\/\/toys.lt\/lv\/produktas\/bernu-telts\/#primaryimage\",\"url\":\"https:\/\/toys.lt\/wp-content\/uploads\/2020\/12\/products-1716.jpg\",\"contentUrl\":\"https:\/\/toys.lt\/wp-content\/uploads\/2020\/12\/products-1716.jpg\",\"width\":348,\"height\":325,\"caption\":\"Vaiki\u0161ka palapin\u0117\"},{\"@type\":\"BreadcrumbList\",\"@id\":\"https:\/\/toys.lt\/lv\/produktas\/bernu-telts\/#breadcrumb\",\"itemListElement\":[{\"@type\":\"ListItem\",\"position\":1,\"name\":\"Home\",\"item\":\"https:\/\/toys.lt\/lv\/\"},{\"@type\":\"ListItem\",\"position\":2,\"name\":\"Veikals\",\"item\":\"https:\/\/toys.lt\/lv\/shop\/\"},{\"@type\":\"ListItem\",\"position\":3,\"name\":\"B\u0113rnu telts\"}]},{\"@type\":\"WebSite\",\"@id\":\"https:\/\/toys.lt\/lv\/#website\",\"url\":\"https:\/\/toys.lt\/lv\/\",\"name\":\"Toys.lt\",\"description\":\"\",\"potentialAction\":[{\"@type\":\"SearchAction\",\"target\":{\"@type\":\"EntryPoint\",\"urlTemplate\":\"https:\/\/toys.lt\/lv\/?s={search_term_string}\"},\"query-input\":{\"@type\":\"PropertyValueSpecification\",\"valueRequired\":true,\"valueName\":\"search_term_string\"}}],\"inLanguage\":\"lv-LV\"}]}<\/script>\n<!-- \/ Yoast SEO plugin. -->","yoast_head_json":{"title":"B\u0113rnu telts - Toys.lt","robots":{"index":"index","follow":"follow","max-snippet":"max-snippet:-1","max-image-preview":"max-image-preview:large","max-video-preview":"max-video-preview:-1"},"canonical":"https:\/\/toys.lt\/lv\/produktas\/bernu-telts\/","og_locale":"lv_LV","og_type":"article","og_title":"B\u0113rnu telts - Toys.lt","og_description":"Materi\u0101ls - poliesteris Iepakojuma izm\u0113ri - 34 x 34 x 5 cm Telts izm\u0113ri - 95 x 95 x 92 cm Ieteicamais vecums: no 3 gadiem. Telts j\u0101ce\u013c pieaugu\u0161ajam.  Izcelsmes valsts - \u0136\u012bna","og_url":"https:\/\/toys.lt\/lv\/produktas\/bernu-telts\/","og_site_name":"Toys.lt","article_modified_time":"2026-04-09T00:01:46+00:00","og_image":[{"width":348,"height":325,"url":"https:\/\/toys.lt\/wp-content\/uploads\/2020\/12\/products-1716.jpg","type":"image\/jpeg"}],"twitter_card":"summary_large_image","schema":{"@context":"https:\/\/schema.org","@graph":[{"@type":"WebPage","@id":"https:\/\/toys.lt\/lv\/produktas\/bernu-telts\/","url":"https:\/\/toys.lt\/lv\/produktas\/bernu-telts\/","name":"B\u0113rnu telts - Toys.lt","isPartOf":{"@id":"https:\/\/toys.lt\/lv\/#website"},"primaryImageOfPage":{"@id":"https:\/\/toys.lt\/lv\/produktas\/bernu-telts\/#primaryimage"},"image":{"@id":"https:\/\/toys.lt\/lv\/produktas\/bernu-telts\/#primaryimage"},"thumbnailUrl":"https:\/\/toys.lt\/wp-content\/uploads\/2020\/12\/products-1716.jpg","datePublished":"2020-12-03T17:59:04+00:00","dateModified":"2026-04-09T00:01:46+00:00","breadcrumb":{"@id":"https:\/\/toys.lt\/lv\/produktas\/bernu-telts\/#breadcrumb"},"inLanguage":"lv-LV","potentialAction":[{"@type":"ReadAction","target":["https:\/\/toys.lt\/lv\/produktas\/bernu-telts\/"]}]},{"@type":"ImageObject","inLanguage":"lv-LV","@id":"https:\/\/toys.lt\/lv\/produktas\/bernu-telts\/#primaryimage","url":"https:\/\/toys.lt\/wp-content\/uploads\/2020\/12\/products-1716.jpg","contentUrl":"https:\/\/toys.lt\/wp-content\/uploads\/2020\/12\/products-1716.jpg","width":348,"height":325,"caption":"Vaiki\u0161ka palapin\u0117"},{"@type":"BreadcrumbList","@id":"https:\/\/toys.lt\/lv\/produktas\/bernu-telts\/#breadcrumb","itemListElement":[{"@type":"ListItem","position":1,"name":"Home","item":"https:\/\/toys.lt\/lv\/"},{"@type":"ListItem","position":2,"name":"Veikals","item":"https:\/\/toys.lt\/lv\/shop\/"},{"@type":"ListItem","position":3,"name":"B\u0113rnu telts"}]},{"@type":"WebSite","@id":"https:\/\/toys.lt\/lv\/#website","url":"https:\/\/toys.lt\/lv\/","name":"Toys.lt","description":"","potentialAction":[{"@type":"SearchAction","target":{"@type":"EntryPoint","urlTemplate":"https:\/\/toys.lt\/lv\/?s={search_term_string}"},"query-input":{"@type":"PropertyValueSpecification","valueRequired":true,"valueName":"search_term_string"}}],"inLanguage":"lv-LV"}]}},"_links":{"self":[{"href":"https:\/\/toys.lt\/lv\/wp-json\/wp\/v2\/product\/42334","targetHints":{"allow":["GET"]}}],"collection":[{"href":"https:\/\/toys.lt\/lv\/wp-json\/wp\/v2\/product"}],"about":[{"href":"https:\/\/toys.lt\/lv\/wp-json\/wp\/v2\/types\/product"}],"replies":[{"embeddable":true,"href":"https:\/\/toys.lt\/lv\/wp-json\/wp\/v2\/comments?post=42334"}],"version-history":[{"count":0,"href":"https:\/\/toys.lt\/lv\/wp-json\/wp\/v2\/product\/42334\/revisions"}],"wp:featuredmedia":[{"embeddable":true,"href":"https:\/\/toys.lt\/lv\/wp-json\/wp\/v2\/media\/37690"}],"wp:attachment":[{"href":"https:\/\/toys.lt\/lv\/wp-json\/wp\/v2\/media?parent=42334"}],"wp:term":[{"taxonomy":"product_brand","embeddable":true,"href":"https:\/\/toys.lt\/lv\/wp-json\/wp\/v2\/product_brand?post=42334"},{"taxonomy":"product_cat","embeddable":true,"href":"https:\/\/toys.lt\/lv\/wp-json\/wp\/v2\/product_cat?post=42334"},{"taxonomy":"product_tag","embeddable":true,"href":"https:\/\/toys.lt\/lv\/wp-json\/wp\/v2\/product_tag?post=42334"}],"curies":[{"name":"wp","href":"https:\/\/api.w.org\/{rel}","templated":true}]}}