{"id":42331,"date":"2020-11-30T20:19:05","date_gmt":"2020-11-30T20:19:05","guid":{"rendered":"https:\/\/toys.lt\/produktas\/koka-lellu-maja-ar-piederumiem\/"},"modified":"2026-04-09T00:01:46","modified_gmt":"2026-04-09T00:01:46","slug":"koka-lellu-maja-ar-piederumiem","status":"publish","type":"product","link":"https:\/\/toys.lt\/lv\/produktas\/koka-lellu-maja-ar-piederumiem\/","title":{"rendered":"Koka le\u013c\u013cu m\u0101ja ar piederumiem"},"content":{"rendered":"<p><strong>Funkcijas:<\/strong><\/p>\n<ul style=\"list-style-type: square;\">\n<li style=\"margin: 0px; padding: 0px; font: inherit; border: 0px;\">Kr\u0101sains m\u0101jas dekors<\/li>\n<li style=\"margin: 0px; padding: 0px; font: inherit; border: 0px;\">2 st\u0101vi ar gu\u013camistab\u0101m un viesistab\u0101m<\/li>\n<li style=\"margin: 0px; padding: 0px; font: inherit; border: 0px;\">Pielikuma koka m\u0113beles<\/li>\n<li style=\"margin: 0px; padding: 0px; font: inherit; border: 0px;\">Ir pieejams m\u0101jas mont\u0101\u017eas ce\u013cvedis.<\/li>\n<li style=\"margin: 0px; padding: 0px; font: inherit; border: 0px;\">Videi draudz\u012bgs, netoksisks produkts<\/li>\n<\/ul>\n","protected":false},"excerpt":{"rendered":"<p>Produkta veids: le\u013c\u013cu m\u0101ja<\/p>\n<p>Izcelsmes valsts: \u0136\u012bna<\/p>\n<p>Produkta materi\u0101ls: koks<\/p>\n<p>Iepakojuma izm\u0113ri: 40 x 38 x 8,5 cm<\/p>\n<p>M\u0101jas izm\u0113ri: 39,5 x 37 x 26,5 cm<\/p>\n<p>Svars: 2,8 kg<\/p>\n<p>Ieteicamais vecums: no 3 gadiem.<\/p>\n","protected":false},"featured_media":37689,"comment_status":"open","ping_status":"closed","template":"","meta":[],"product_brand":[],"product_cat":[1349,1276,1180,1221],"product_tag":[],"class_list":{"0":"post-42331","1":"product","2":"type-product","3":"status-publish","4":"has-post-thumbnail","6":"product_cat-koka-rotallietas","7":"product_cat-lellu-maja","8":"product_cat-rotallietas-meitenem","9":"product_cat-rotalu-lelles-un-aksesuari","10":"pa_prek-s-tipas-lellu-maja","11":"pa_spalva-dazadi","13":"first","14":"outofstock","15":"taxable","16":"shipping-taxable","17":"purchasable","18":"product-type-simple"},"yoast_head":"<!-- This site is optimized with the Yoast SEO plugin v26.3 - https:\/\/yoast.com\/wordpress\/plugins\/seo\/ -->\n<title>Koka le\u013c\u013cu m\u0101ja ar piederumiem - Toys.lt<\/title>\n<meta name=\"robots\" content=\"index, follow, max-snippet:-1, max-image-preview:large, max-video-preview:-1\" \/>\n<link rel=\"canonical\" href=\"https:\/\/toys.lt\/lv\/produktas\/koka-lellu-maja-ar-piederumiem\/\" \/>\n<meta property=\"og:locale\" content=\"lv_LV\" \/>\n<meta property=\"og:type\" content=\"article\" \/>\n<meta property=\"og:title\" content=\"Koka le\u013c\u013cu m\u0101ja ar piederumiem - Toys.lt\" \/>\n<meta property=\"og:description\" content=\"Produkta veids: le\u013c\u013cu m\u0101ja Izcelsmes valsts: \u0136\u012bna Produkta materi\u0101ls: koks Iepakojuma izm\u0113ri: 40 x 38 x 8,5 cm M\u0101jas izm\u0113ri: 39,5 x 37 x 26,5 cm Svars: 2,8 kg Ieteicamais vecums: no 3 gadiem.\" \/>\n<meta property=\"og:url\" content=\"https:\/\/toys.lt\/lv\/produktas\/koka-lellu-maja-ar-piederumiem\/\" \/>\n<meta property=\"og:site_name\" content=\"Toys.lt\" \/>\n<meta property=\"article:modified_time\" content=\"2026-04-09T00:01:46+00:00\" \/>\n<meta property=\"og:image\" content=\"https:\/\/toys.lt\/wp-content\/uploads\/2020\/11\/products-1715.jpg\" \/>\n\t<meta property=\"og:image:width\" content=\"800\" \/>\n\t<meta property=\"og:image:height\" content=\"800\" \/>\n\t<meta property=\"og:image:type\" content=\"image\/jpeg\" \/>\n<meta name=\"twitter:card\" content=\"summary_large_image\" \/>\n<script type=\"application\/ld+json\" class=\"yoast-schema-graph\">{\"@context\":\"https:\/\/schema.org\",\"@graph\":[{\"@type\":\"WebPage\",\"@id\":\"https:\/\/toys.lt\/lv\/produktas\/koka-lellu-maja-ar-piederumiem\/\",\"url\":\"https:\/\/toys.lt\/lv\/produktas\/koka-lellu-maja-ar-piederumiem\/\",\"name\":\"Koka le\u013c\u013cu m\u0101ja ar piederumiem - Toys.lt\",\"isPartOf\":{\"@id\":\"https:\/\/toys.lt\/lv\/#website\"},\"primaryImageOfPage\":{\"@id\":\"https:\/\/toys.lt\/lv\/produktas\/koka-lellu-maja-ar-piederumiem\/#primaryimage\"},\"image\":{\"@id\":\"https:\/\/toys.lt\/lv\/produktas\/koka-lellu-maja-ar-piederumiem\/#primaryimage\"},\"thumbnailUrl\":\"https:\/\/toys.lt\/wp-content\/uploads\/2020\/11\/products-1715.jpg\",\"datePublished\":\"2020-11-30T20:19:05+00:00\",\"dateModified\":\"2026-04-09T00:01:46+00:00\",\"breadcrumb\":{\"@id\":\"https:\/\/toys.lt\/lv\/produktas\/koka-lellu-maja-ar-piederumiem\/#breadcrumb\"},\"inLanguage\":\"lv-LV\",\"potentialAction\":[{\"@type\":\"ReadAction\",\"target\":[\"https:\/\/toys.lt\/lv\/produktas\/koka-lellu-maja-ar-piederumiem\/\"]}]},{\"@type\":\"ImageObject\",\"inLanguage\":\"lv-LV\",\"@id\":\"https:\/\/toys.lt\/lv\/produktas\/koka-lellu-maja-ar-piederumiem\/#primaryimage\",\"url\":\"https:\/\/toys.lt\/wp-content\/uploads\/2020\/11\/products-1715.jpg\",\"contentUrl\":\"https:\/\/toys.lt\/wp-content\/uploads\/2020\/11\/products-1715.jpg\",\"width\":800,\"height\":800,\"caption\":\"Medinis l\u0117li\u0173 namas su priedais\"},{\"@type\":\"BreadcrumbList\",\"@id\":\"https:\/\/toys.lt\/lv\/produktas\/koka-lellu-maja-ar-piederumiem\/#breadcrumb\",\"itemListElement\":[{\"@type\":\"ListItem\",\"position\":1,\"name\":\"Home\",\"item\":\"https:\/\/toys.lt\/lv\/\"},{\"@type\":\"ListItem\",\"position\":2,\"name\":\"Veikals\",\"item\":\"https:\/\/toys.lt\/lv\/shop\/\"},{\"@type\":\"ListItem\",\"position\":3,\"name\":\"Koka le\u013c\u013cu m\u0101ja ar piederumiem\"}]},{\"@type\":\"WebSite\",\"@id\":\"https:\/\/toys.lt\/lv\/#website\",\"url\":\"https:\/\/toys.lt\/lv\/\",\"name\":\"Toys.lt\",\"description\":\"\",\"potentialAction\":[{\"@type\":\"SearchAction\",\"target\":{\"@type\":\"EntryPoint\",\"urlTemplate\":\"https:\/\/toys.lt\/lv\/?s={search_term_string}\"},\"query-input\":{\"@type\":\"PropertyValueSpecification\",\"valueRequired\":true,\"valueName\":\"search_term_string\"}}],\"inLanguage\":\"lv-LV\"}]}<\/script>\n<!-- \/ Yoast SEO plugin. -->","yoast_head_json":{"title":"Koka le\u013c\u013cu m\u0101ja ar piederumiem - Toys.lt","robots":{"index":"index","follow":"follow","max-snippet":"max-snippet:-1","max-image-preview":"max-image-preview:large","max-video-preview":"max-video-preview:-1"},"canonical":"https:\/\/toys.lt\/lv\/produktas\/koka-lellu-maja-ar-piederumiem\/","og_locale":"lv_LV","og_type":"article","og_title":"Koka le\u013c\u013cu m\u0101ja ar piederumiem - Toys.lt","og_description":"Produkta veids: le\u013c\u013cu m\u0101ja Izcelsmes valsts: \u0136\u012bna Produkta materi\u0101ls: koks Iepakojuma izm\u0113ri: 40 x 38 x 8,5 cm M\u0101jas izm\u0113ri: 39,5 x 37 x 26,5 cm Svars: 2,8 kg Ieteicamais vecums: no 3 gadiem.","og_url":"https:\/\/toys.lt\/lv\/produktas\/koka-lellu-maja-ar-piederumiem\/","og_site_name":"Toys.lt","article_modified_time":"2026-04-09T00:01:46+00:00","og_image":[{"width":800,"height":800,"url":"https:\/\/toys.lt\/wp-content\/uploads\/2020\/11\/products-1715.jpg","type":"image\/jpeg"}],"twitter_card":"summary_large_image","schema":{"@context":"https:\/\/schema.org","@graph":[{"@type":"WebPage","@id":"https:\/\/toys.lt\/lv\/produktas\/koka-lellu-maja-ar-piederumiem\/","url":"https:\/\/toys.lt\/lv\/produktas\/koka-lellu-maja-ar-piederumiem\/","name":"Koka le\u013c\u013cu m\u0101ja ar piederumiem - Toys.lt","isPartOf":{"@id":"https:\/\/toys.lt\/lv\/#website"},"primaryImageOfPage":{"@id":"https:\/\/toys.lt\/lv\/produktas\/koka-lellu-maja-ar-piederumiem\/#primaryimage"},"image":{"@id":"https:\/\/toys.lt\/lv\/produktas\/koka-lellu-maja-ar-piederumiem\/#primaryimage"},"thumbnailUrl":"https:\/\/toys.lt\/wp-content\/uploads\/2020\/11\/products-1715.jpg","datePublished":"2020-11-30T20:19:05+00:00","dateModified":"2026-04-09T00:01:46+00:00","breadcrumb":{"@id":"https:\/\/toys.lt\/lv\/produktas\/koka-lellu-maja-ar-piederumiem\/#breadcrumb"},"inLanguage":"lv-LV","potentialAction":[{"@type":"ReadAction","target":["https:\/\/toys.lt\/lv\/produktas\/koka-lellu-maja-ar-piederumiem\/"]}]},{"@type":"ImageObject","inLanguage":"lv-LV","@id":"https:\/\/toys.lt\/lv\/produktas\/koka-lellu-maja-ar-piederumiem\/#primaryimage","url":"https:\/\/toys.lt\/wp-content\/uploads\/2020\/11\/products-1715.jpg","contentUrl":"https:\/\/toys.lt\/wp-content\/uploads\/2020\/11\/products-1715.jpg","width":800,"height":800,"caption":"Medinis l\u0117li\u0173 namas su priedais"},{"@type":"BreadcrumbList","@id":"https:\/\/toys.lt\/lv\/produktas\/koka-lellu-maja-ar-piederumiem\/#breadcrumb","itemListElement":[{"@type":"ListItem","position":1,"name":"Home","item":"https:\/\/toys.lt\/lv\/"},{"@type":"ListItem","position":2,"name":"Veikals","item":"https:\/\/toys.lt\/lv\/shop\/"},{"@type":"ListItem","position":3,"name":"Koka le\u013c\u013cu m\u0101ja ar piederumiem"}]},{"@type":"WebSite","@id":"https:\/\/toys.lt\/lv\/#website","url":"https:\/\/toys.lt\/lv\/","name":"Toys.lt","description":"","potentialAction":[{"@type":"SearchAction","target":{"@type":"EntryPoint","urlTemplate":"https:\/\/toys.lt\/lv\/?s={search_term_string}"},"query-input":{"@type":"PropertyValueSpecification","valueRequired":true,"valueName":"search_term_string"}}],"inLanguage":"lv-LV"}]}},"_links":{"self":[{"href":"https:\/\/toys.lt\/lv\/wp-json\/wp\/v2\/product\/42331","targetHints":{"allow":["GET"]}}],"collection":[{"href":"https:\/\/toys.lt\/lv\/wp-json\/wp\/v2\/product"}],"about":[{"href":"https:\/\/toys.lt\/lv\/wp-json\/wp\/v2\/types\/product"}],"replies":[{"embeddable":true,"href":"https:\/\/toys.lt\/lv\/wp-json\/wp\/v2\/comments?post=42331"}],"version-history":[{"count":0,"href":"https:\/\/toys.lt\/lv\/wp-json\/wp\/v2\/product\/42331\/revisions"}],"wp:featuredmedia":[{"embeddable":true,"href":"https:\/\/toys.lt\/lv\/wp-json\/wp\/v2\/media\/37689"}],"wp:attachment":[{"href":"https:\/\/toys.lt\/lv\/wp-json\/wp\/v2\/media?parent=42331"}],"wp:term":[{"taxonomy":"product_brand","embeddable":true,"href":"https:\/\/toys.lt\/lv\/wp-json\/wp\/v2\/product_brand?post=42331"},{"taxonomy":"product_cat","embeddable":true,"href":"https:\/\/toys.lt\/lv\/wp-json\/wp\/v2\/product_cat?post=42331"},{"taxonomy":"product_tag","embeddable":true,"href":"https:\/\/toys.lt\/lv\/wp-json\/wp\/v2\/product_tag?post=42331"}],"curies":[{"name":"wp","href":"https:\/\/api.w.org\/{rel}","templated":true}]}}