{"id":42326,"date":"2020-11-17T12:50:12","date_gmt":"2020-11-17T12:50:12","guid":{"rendered":"https:\/\/toys.lt\/produktas\/grasshopper-ar-gaismam-un-skanam\/"},"modified":"2026-04-09T00:01:49","modified_gmt":"2026-04-09T00:01:49","slug":"grasshopper-ar-gaismam-un-skanam","status":"publish","type":"product","link":"https:\/\/toys.lt\/lv\/produktas\/grasshopper-ar-gaismam-un-skanam\/","title":{"rendered":"Grasshopper ar gaism\u0101m un ska\u0146\u0101m"},"content":{"rendered":"<p>Stil\u012bga <strong>rota\u013cu automa\u0161\u012bna <\/strong>atska\u0146o m\u016bziku un iedegas&#8230;&#8230;.<\/p>\n","protected":false},"excerpt":{"rendered":"<p>Izm\u0113ri: 17 x 11 x 8,5 cm<\/p>\n<p>Svars: 240 g<\/p>\n<p>Materi\u0101ls: plastmasa<\/p>\n<p>Izcelsmes valsts: \u0136\u012bna<\/p>\n<p>Ieteicamais vecums: Ieteicamais vecums: no 3 gadiem<\/p>\n<p>Darbojas ar elementu pal\u012bdz\u012bbu: <strong>TYPE?<\/strong><\/p>\n","protected":false},"featured_media":37680,"comment_status":"open","ping_status":"closed","template":"","meta":[],"product_brand":[],"product_cat":[1176,1177],"product_tag":[],"class_list":{"0":"post-42326","1":"product","2":"type-product","3":"status-publish","4":"has-post-thumbnail","6":"product_cat-rotallietas-zeniem","7":"product_cat-rotalu-automasinas-traktori-un-kapurkedes","8":"pa_amziaus-grupe-3-lv","9":"pa_spalva-white","11":"first","12":"outofstock","13":"taxable","14":"shipping-taxable","15":"purchasable","16":"product-type-simple"},"yoast_head":"<!-- This site is optimized with the Yoast SEO plugin v26.3 - https:\/\/yoast.com\/wordpress\/plugins\/seo\/ -->\n<title>Grasshopper ar gaism\u0101m un ska\u0146\u0101m - Toys.lt<\/title>\n<meta name=\"robots\" content=\"index, follow, max-snippet:-1, max-image-preview:large, max-video-preview:-1\" \/>\n<link rel=\"canonical\" href=\"https:\/\/toys.lt\/lv\/produktas\/grasshopper-ar-gaismam-un-skanam\/\" \/>\n<meta property=\"og:locale\" content=\"lv_LV\" \/>\n<meta property=\"og:type\" content=\"article\" \/>\n<meta property=\"og:title\" content=\"Grasshopper ar gaism\u0101m un ska\u0146\u0101m - Toys.lt\" \/>\n<meta property=\"og:description\" content=\"Izm\u0113ri: 17 x 11 x 8,5 cm Svars: 240 g Materi\u0101ls: plastmasa Izcelsmes valsts: \u0136\u012bna Ieteicamais vecums: Ieteicamais vecums: no 3 gadiem Darbojas ar elementu pal\u012bdz\u012bbu: TYPE?\" \/>\n<meta property=\"og:url\" content=\"https:\/\/toys.lt\/lv\/produktas\/grasshopper-ar-gaismam-un-skanam\/\" \/>\n<meta property=\"og:site_name\" content=\"Toys.lt\" \/>\n<meta property=\"article:modified_time\" content=\"2026-04-09T00:01:49+00:00\" \/>\n<meta property=\"og:image\" content=\"https:\/\/toys.lt\/wp-content\/uploads\/2020\/11\/products-1696.jpg\" \/>\n\t<meta property=\"og:image:width\" content=\"772\" \/>\n\t<meta property=\"og:image:height\" content=\"554\" \/>\n\t<meta property=\"og:image:type\" content=\"image\/jpeg\" \/>\n<meta name=\"twitter:card\" content=\"summary_large_image\" \/>\n<script type=\"application\/ld+json\" class=\"yoast-schema-graph\">{\"@context\":\"https:\/\/schema.org\",\"@graph\":[{\"@type\":\"WebPage\",\"@id\":\"https:\/\/toys.lt\/lv\/produktas\/grasshopper-ar-gaismam-un-skanam\/\",\"url\":\"https:\/\/toys.lt\/lv\/produktas\/grasshopper-ar-gaismam-un-skanam\/\",\"name\":\"Grasshopper ar gaism\u0101m un ska\u0146\u0101m - Toys.lt\",\"isPartOf\":{\"@id\":\"https:\/\/toys.lt\/lv\/#website\"},\"primaryImageOfPage\":{\"@id\":\"https:\/\/toys.lt\/lv\/produktas\/grasshopper-ar-gaismam-un-skanam\/#primaryimage\"},\"image\":{\"@id\":\"https:\/\/toys.lt\/lv\/produktas\/grasshopper-ar-gaismam-un-skanam\/#primaryimage\"},\"thumbnailUrl\":\"https:\/\/toys.lt\/wp-content\/uploads\/2020\/11\/products-1696.jpg\",\"datePublished\":\"2020-11-17T12:50:12+00:00\",\"dateModified\":\"2026-04-09T00:01:49+00:00\",\"breadcrumb\":{\"@id\":\"https:\/\/toys.lt\/lv\/produktas\/grasshopper-ar-gaismam-un-skanam\/#breadcrumb\"},\"inLanguage\":\"lv-LV\",\"potentialAction\":[{\"@type\":\"ReadAction\",\"target\":[\"https:\/\/toys.lt\/lv\/produktas\/grasshopper-ar-gaismam-un-skanam\/\"]}]},{\"@type\":\"ImageObject\",\"inLanguage\":\"lv-LV\",\"@id\":\"https:\/\/toys.lt\/lv\/produktas\/grasshopper-ar-gaismam-un-skanam\/#primaryimage\",\"url\":\"https:\/\/toys.lt\/wp-content\/uploads\/2020\/11\/products-1696.jpg\",\"contentUrl\":\"https:\/\/toys.lt\/wp-content\/uploads\/2020\/11\/products-1696.jpg\",\"width\":772,\"height\":554,\"caption\":\"\u017dasilin\u0117 ma\u0161ina su \u0161viesa ir garsais\"},{\"@type\":\"BreadcrumbList\",\"@id\":\"https:\/\/toys.lt\/lv\/produktas\/grasshopper-ar-gaismam-un-skanam\/#breadcrumb\",\"itemListElement\":[{\"@type\":\"ListItem\",\"position\":1,\"name\":\"Home\",\"item\":\"https:\/\/toys.lt\/lv\/\"},{\"@type\":\"ListItem\",\"position\":2,\"name\":\"Veikals\",\"item\":\"https:\/\/toys.lt\/lv\/shop\/\"},{\"@type\":\"ListItem\",\"position\":3,\"name\":\"Grasshopper ar gaism\u0101m un ska\u0146\u0101m\"}]},{\"@type\":\"WebSite\",\"@id\":\"https:\/\/toys.lt\/lv\/#website\",\"url\":\"https:\/\/toys.lt\/lv\/\",\"name\":\"Toys.lt\",\"description\":\"\",\"potentialAction\":[{\"@type\":\"SearchAction\",\"target\":{\"@type\":\"EntryPoint\",\"urlTemplate\":\"https:\/\/toys.lt\/lv\/?s={search_term_string}\"},\"query-input\":{\"@type\":\"PropertyValueSpecification\",\"valueRequired\":true,\"valueName\":\"search_term_string\"}}],\"inLanguage\":\"lv-LV\"}]}<\/script>\n<!-- \/ Yoast SEO plugin. -->","yoast_head_json":{"title":"Grasshopper ar gaism\u0101m un ska\u0146\u0101m - Toys.lt","robots":{"index":"index","follow":"follow","max-snippet":"max-snippet:-1","max-image-preview":"max-image-preview:large","max-video-preview":"max-video-preview:-1"},"canonical":"https:\/\/toys.lt\/lv\/produktas\/grasshopper-ar-gaismam-un-skanam\/","og_locale":"lv_LV","og_type":"article","og_title":"Grasshopper ar gaism\u0101m un ska\u0146\u0101m - Toys.lt","og_description":"Izm\u0113ri: 17 x 11 x 8,5 cm Svars: 240 g Materi\u0101ls: plastmasa Izcelsmes valsts: \u0136\u012bna Ieteicamais vecums: Ieteicamais vecums: no 3 gadiem Darbojas ar elementu pal\u012bdz\u012bbu: TYPE?","og_url":"https:\/\/toys.lt\/lv\/produktas\/grasshopper-ar-gaismam-un-skanam\/","og_site_name":"Toys.lt","article_modified_time":"2026-04-09T00:01:49+00:00","og_image":[{"width":772,"height":554,"url":"https:\/\/toys.lt\/wp-content\/uploads\/2020\/11\/products-1696.jpg","type":"image\/jpeg"}],"twitter_card":"summary_large_image","schema":{"@context":"https:\/\/schema.org","@graph":[{"@type":"WebPage","@id":"https:\/\/toys.lt\/lv\/produktas\/grasshopper-ar-gaismam-un-skanam\/","url":"https:\/\/toys.lt\/lv\/produktas\/grasshopper-ar-gaismam-un-skanam\/","name":"Grasshopper ar gaism\u0101m un ska\u0146\u0101m - Toys.lt","isPartOf":{"@id":"https:\/\/toys.lt\/lv\/#website"},"primaryImageOfPage":{"@id":"https:\/\/toys.lt\/lv\/produktas\/grasshopper-ar-gaismam-un-skanam\/#primaryimage"},"image":{"@id":"https:\/\/toys.lt\/lv\/produktas\/grasshopper-ar-gaismam-un-skanam\/#primaryimage"},"thumbnailUrl":"https:\/\/toys.lt\/wp-content\/uploads\/2020\/11\/products-1696.jpg","datePublished":"2020-11-17T12:50:12+00:00","dateModified":"2026-04-09T00:01:49+00:00","breadcrumb":{"@id":"https:\/\/toys.lt\/lv\/produktas\/grasshopper-ar-gaismam-un-skanam\/#breadcrumb"},"inLanguage":"lv-LV","potentialAction":[{"@type":"ReadAction","target":["https:\/\/toys.lt\/lv\/produktas\/grasshopper-ar-gaismam-un-skanam\/"]}]},{"@type":"ImageObject","inLanguage":"lv-LV","@id":"https:\/\/toys.lt\/lv\/produktas\/grasshopper-ar-gaismam-un-skanam\/#primaryimage","url":"https:\/\/toys.lt\/wp-content\/uploads\/2020\/11\/products-1696.jpg","contentUrl":"https:\/\/toys.lt\/wp-content\/uploads\/2020\/11\/products-1696.jpg","width":772,"height":554,"caption":"\u017dasilin\u0117 ma\u0161ina su \u0161viesa ir garsais"},{"@type":"BreadcrumbList","@id":"https:\/\/toys.lt\/lv\/produktas\/grasshopper-ar-gaismam-un-skanam\/#breadcrumb","itemListElement":[{"@type":"ListItem","position":1,"name":"Home","item":"https:\/\/toys.lt\/lv\/"},{"@type":"ListItem","position":2,"name":"Veikals","item":"https:\/\/toys.lt\/lv\/shop\/"},{"@type":"ListItem","position":3,"name":"Grasshopper ar gaism\u0101m un ska\u0146\u0101m"}]},{"@type":"WebSite","@id":"https:\/\/toys.lt\/lv\/#website","url":"https:\/\/toys.lt\/lv\/","name":"Toys.lt","description":"","potentialAction":[{"@type":"SearchAction","target":{"@type":"EntryPoint","urlTemplate":"https:\/\/toys.lt\/lv\/?s={search_term_string}"},"query-input":{"@type":"PropertyValueSpecification","valueRequired":true,"valueName":"search_term_string"}}],"inLanguage":"lv-LV"}]}},"_links":{"self":[{"href":"https:\/\/toys.lt\/lv\/wp-json\/wp\/v2\/product\/42326","targetHints":{"allow":["GET"]}}],"collection":[{"href":"https:\/\/toys.lt\/lv\/wp-json\/wp\/v2\/product"}],"about":[{"href":"https:\/\/toys.lt\/lv\/wp-json\/wp\/v2\/types\/product"}],"replies":[{"embeddable":true,"href":"https:\/\/toys.lt\/lv\/wp-json\/wp\/v2\/comments?post=42326"}],"version-history":[{"count":0,"href":"https:\/\/toys.lt\/lv\/wp-json\/wp\/v2\/product\/42326\/revisions"}],"wp:featuredmedia":[{"embeddable":true,"href":"https:\/\/toys.lt\/lv\/wp-json\/wp\/v2\/media\/37680"}],"wp:attachment":[{"href":"https:\/\/toys.lt\/lv\/wp-json\/wp\/v2\/media?parent=42326"}],"wp:term":[{"taxonomy":"product_brand","embeddable":true,"href":"https:\/\/toys.lt\/lv\/wp-json\/wp\/v2\/product_brand?post=42326"},{"taxonomy":"product_cat","embeddable":true,"href":"https:\/\/toys.lt\/lv\/wp-json\/wp\/v2\/product_cat?post=42326"},{"taxonomy":"product_tag","embeddable":true,"href":"https:\/\/toys.lt\/lv\/wp-json\/wp\/v2\/product_tag?post=42326"}],"curies":[{"name":"wp","href":"https:\/\/api.w.org\/{rel}","templated":true}]}}