{"id":42313,"date":"2020-11-05T17:07:44","date_gmt":"2020-11-05T17:07:44","guid":{"rendered":"https:\/\/toys.lt\/produktas\/rotallietu-krasojama-keramikas-tejas-komplekts\/"},"modified":"2026-04-09T00:01:53","modified_gmt":"2026-04-09T00:01:53","slug":"rotallietu-krasojama-keramikas-tejas-komplekts","status":"publish","type":"product","link":"https:\/\/toys.lt\/lv\/produktas\/rotallietu-krasojama-keramikas-tejas-komplekts\/","title":{"rendered":"Rota\u013clietu kr\u0101sojama keramikas t\u0113jas komplekts"},"content":{"rendered":"<p><strong>Rota\u013clietu kr\u0101sojamais keramikas t\u0113jas<\/strong> <strong>komplekts <\/strong>, kas \u013caus j\u016bsu mazulim izveidot savu sap\u0146u t\u0113jas ball\u012bti sev un saviem draugiem! <strong>Rota\u013clietu traukus <\/strong>ir viegli apgleznot, un tie rosin\u0101s j\u016bsu b\u0113rna izt\u0113li un rado\u0161umu.<\/p>\n<ul>\n<li>Viegli kr\u0101sojami <strong>keramikas rota\u013clietu trauki<\/strong><\/li>\n<li>10 da\u017e\u0101das kr\u0101su kr\u0101sas<\/li>\n<li>Birstes<\/li>\n<li>Ieteicamais vecums: no 3 gadiem. Ieteicama pieaugu\u0161o uzraudz\u012bba<\/li>\n<\/ul>\n","protected":false},"excerpt":{"rendered":"<ul>\n<li>Viegli kr\u0101sojami <strong>keramikas rota\u013clietu trauki<\/strong><\/li>\n<li>10 da\u017e\u0101das kr\u0101su kr\u0101sas<\/li>\n<li>Birste<\/li>\n<li>Ieteicamais vecums: no 3 gadiem. Ieteicama pieaugu\u0161o uzraudz\u012bba<\/li>\n<li>Iepakojuma izm\u0113ri: 23 x 29 x 5,1 cm<\/li>\n<li>Iepakojuma svars: 0,64 kg<\/li>\n<\/ul>\n","protected":false},"featured_media":37666,"comment_status":"open","ping_status":"closed","template":"","meta":[],"product_brand":[],"product_cat":[1257,1180,1151,1155],"product_tag":[],"class_list":{"0":"post-42313","1":"product","2":"type-product","3":"status-publish","4":"has-post-thumbnail","6":"product_cat-rokdarbi-un-radosums","7":"product_cat-rotallietas-meitenem","8":"product_cat-specializeti-rotallietu-darbariki","9":"product_cat-leti","10":"pa_amziaus-grupe-3-lv","11":"pa_prek-s-tipas-virtuves-piederumi","12":"pa_spalva-dazadi","14":"first","15":"instock","16":"sale","17":"taxable","18":"shipping-taxable","19":"purchasable","20":"product-type-simple"},"yoast_head":"<!-- This site is optimized with the Yoast SEO plugin v26.3 - https:\/\/yoast.com\/wordpress\/plugins\/seo\/ -->\n<title>Rota\u013clietu kr\u0101sojama keramikas t\u0113jas komplekts - Toys.lt<\/title>\n<meta name=\"robots\" content=\"index, follow, max-snippet:-1, max-image-preview:large, max-video-preview:-1\" \/>\n<link rel=\"canonical\" href=\"https:\/\/toys.lt\/lv\/produktas\/rotallietu-krasojama-keramikas-tejas-komplekts\/\" \/>\n<meta property=\"og:locale\" content=\"lv_LV\" \/>\n<meta property=\"og:type\" content=\"article\" \/>\n<meta property=\"og:title\" content=\"Rota\u013clietu kr\u0101sojama keramikas t\u0113jas komplekts - Toys.lt\" \/>\n<meta property=\"og:description\" content=\"Viegli kr\u0101sojami keramikas rota\u013clietu trauki  10 da\u017e\u0101das kr\u0101su kr\u0101sas  Birste  Ieteicamais vecums: no 3 gadiem. Ieteicama pieaugu\u0161o uzraudz\u012bba  Iepakojuma izm\u0113ri: 23 x 29 x 5,1 cm  Iepakojuma svars: 0,64 kg\" \/>\n<meta property=\"og:url\" content=\"https:\/\/toys.lt\/lv\/produktas\/rotallietu-krasojama-keramikas-tejas-komplekts\/\" \/>\n<meta property=\"og:site_name\" content=\"Toys.lt\" \/>\n<meta property=\"article:modified_time\" content=\"2026-04-09T00:01:53+00:00\" \/>\n<meta property=\"og:image\" content=\"https:\/\/toys.lt\/wp-content\/uploads\/2020\/11\/products-1671-scaled.jpg\" \/>\n\t<meta property=\"og:image:width\" content=\"2560\" \/>\n\t<meta property=\"og:image:height\" content=\"2234\" \/>\n\t<meta property=\"og:image:type\" content=\"image\/jpeg\" \/>\n<meta name=\"twitter:card\" content=\"summary_large_image\" \/>\n<script type=\"application\/ld+json\" class=\"yoast-schema-graph\">{\"@context\":\"https:\/\/schema.org\",\"@graph\":[{\"@type\":\"WebPage\",\"@id\":\"https:\/\/toys.lt\/lv\/produktas\/rotallietu-krasojama-keramikas-tejas-komplekts\/\",\"url\":\"https:\/\/toys.lt\/lv\/produktas\/rotallietu-krasojama-keramikas-tejas-komplekts\/\",\"name\":\"Rota\u013clietu kr\u0101sojama keramikas t\u0113jas komplekts - Toys.lt\",\"isPartOf\":{\"@id\":\"https:\/\/toys.lt\/lv\/#website\"},\"primaryImageOfPage\":{\"@id\":\"https:\/\/toys.lt\/lv\/produktas\/rotallietu-krasojama-keramikas-tejas-komplekts\/#primaryimage\"},\"image\":{\"@id\":\"https:\/\/toys.lt\/lv\/produktas\/rotallietu-krasojama-keramikas-tejas-komplekts\/#primaryimage\"},\"thumbnailUrl\":\"https:\/\/toys.lt\/wp-content\/uploads\/2020\/11\/products-1671-scaled.jpg\",\"datePublished\":\"2020-11-05T17:07:44+00:00\",\"dateModified\":\"2026-04-09T00:01:53+00:00\",\"breadcrumb\":{\"@id\":\"https:\/\/toys.lt\/lv\/produktas\/rotallietu-krasojama-keramikas-tejas-komplekts\/#breadcrumb\"},\"inLanguage\":\"lv-LV\",\"potentialAction\":[{\"@type\":\"ReadAction\",\"target\":[\"https:\/\/toys.lt\/lv\/produktas\/rotallietu-krasojama-keramikas-tejas-komplekts\/\"]}]},{\"@type\":\"ImageObject\",\"inLanguage\":\"lv-LV\",\"@id\":\"https:\/\/toys.lt\/lv\/produktas\/rotallietu-krasojama-keramikas-tejas-komplekts\/#primaryimage\",\"url\":\"https:\/\/toys.lt\/wp-content\/uploads\/2020\/11\/products-1671-scaled.jpg\",\"contentUrl\":\"https:\/\/toys.lt\/wp-content\/uploads\/2020\/11\/products-1671-scaled.jpg\",\"width\":2560,\"height\":2234,\"caption\":\"\u017daislinis da\u017eomas keramikinis arbatos rinkinys\"},{\"@type\":\"BreadcrumbList\",\"@id\":\"https:\/\/toys.lt\/lv\/produktas\/rotallietu-krasojama-keramikas-tejas-komplekts\/#breadcrumb\",\"itemListElement\":[{\"@type\":\"ListItem\",\"position\":1,\"name\":\"Home\",\"item\":\"https:\/\/toys.lt\/lv\/\"},{\"@type\":\"ListItem\",\"position\":2,\"name\":\"Veikals\",\"item\":\"https:\/\/toys.lt\/lv\/shop\/\"},{\"@type\":\"ListItem\",\"position\":3,\"name\":\"Rota\u013clietu kr\u0101sojama keramikas t\u0113jas komplekts\"}]},{\"@type\":\"WebSite\",\"@id\":\"https:\/\/toys.lt\/lv\/#website\",\"url\":\"https:\/\/toys.lt\/lv\/\",\"name\":\"Toys.lt\",\"description\":\"\",\"potentialAction\":[{\"@type\":\"SearchAction\",\"target\":{\"@type\":\"EntryPoint\",\"urlTemplate\":\"https:\/\/toys.lt\/lv\/?s={search_term_string}\"},\"query-input\":{\"@type\":\"PropertyValueSpecification\",\"valueRequired\":true,\"valueName\":\"search_term_string\"}}],\"inLanguage\":\"lv-LV\"}]}<\/script>\n<!-- \/ Yoast SEO plugin. -->","yoast_head_json":{"title":"Rota\u013clietu kr\u0101sojama keramikas t\u0113jas komplekts - Toys.lt","robots":{"index":"index","follow":"follow","max-snippet":"max-snippet:-1","max-image-preview":"max-image-preview:large","max-video-preview":"max-video-preview:-1"},"canonical":"https:\/\/toys.lt\/lv\/produktas\/rotallietu-krasojama-keramikas-tejas-komplekts\/","og_locale":"lv_LV","og_type":"article","og_title":"Rota\u013clietu kr\u0101sojama keramikas t\u0113jas komplekts - Toys.lt","og_description":"Viegli kr\u0101sojami keramikas rota\u013clietu trauki  10 da\u017e\u0101das kr\u0101su kr\u0101sas  Birste  Ieteicamais vecums: no 3 gadiem. Ieteicama pieaugu\u0161o uzraudz\u012bba  Iepakojuma izm\u0113ri: 23 x 29 x 5,1 cm  Iepakojuma svars: 0,64 kg","og_url":"https:\/\/toys.lt\/lv\/produktas\/rotallietu-krasojama-keramikas-tejas-komplekts\/","og_site_name":"Toys.lt","article_modified_time":"2026-04-09T00:01:53+00:00","og_image":[{"width":2560,"height":2234,"url":"https:\/\/toys.lt\/wp-content\/uploads\/2020\/11\/products-1671-scaled.jpg","type":"image\/jpeg"}],"twitter_card":"summary_large_image","schema":{"@context":"https:\/\/schema.org","@graph":[{"@type":"WebPage","@id":"https:\/\/toys.lt\/lv\/produktas\/rotallietu-krasojama-keramikas-tejas-komplekts\/","url":"https:\/\/toys.lt\/lv\/produktas\/rotallietu-krasojama-keramikas-tejas-komplekts\/","name":"Rota\u013clietu kr\u0101sojama keramikas t\u0113jas komplekts - Toys.lt","isPartOf":{"@id":"https:\/\/toys.lt\/lv\/#website"},"primaryImageOfPage":{"@id":"https:\/\/toys.lt\/lv\/produktas\/rotallietu-krasojama-keramikas-tejas-komplekts\/#primaryimage"},"image":{"@id":"https:\/\/toys.lt\/lv\/produktas\/rotallietu-krasojama-keramikas-tejas-komplekts\/#primaryimage"},"thumbnailUrl":"https:\/\/toys.lt\/wp-content\/uploads\/2020\/11\/products-1671-scaled.jpg","datePublished":"2020-11-05T17:07:44+00:00","dateModified":"2026-04-09T00:01:53+00:00","breadcrumb":{"@id":"https:\/\/toys.lt\/lv\/produktas\/rotallietu-krasojama-keramikas-tejas-komplekts\/#breadcrumb"},"inLanguage":"lv-LV","potentialAction":[{"@type":"ReadAction","target":["https:\/\/toys.lt\/lv\/produktas\/rotallietu-krasojama-keramikas-tejas-komplekts\/"]}]},{"@type":"ImageObject","inLanguage":"lv-LV","@id":"https:\/\/toys.lt\/lv\/produktas\/rotallietu-krasojama-keramikas-tejas-komplekts\/#primaryimage","url":"https:\/\/toys.lt\/wp-content\/uploads\/2020\/11\/products-1671-scaled.jpg","contentUrl":"https:\/\/toys.lt\/wp-content\/uploads\/2020\/11\/products-1671-scaled.jpg","width":2560,"height":2234,"caption":"\u017daislinis da\u017eomas keramikinis arbatos rinkinys"},{"@type":"BreadcrumbList","@id":"https:\/\/toys.lt\/lv\/produktas\/rotallietu-krasojama-keramikas-tejas-komplekts\/#breadcrumb","itemListElement":[{"@type":"ListItem","position":1,"name":"Home","item":"https:\/\/toys.lt\/lv\/"},{"@type":"ListItem","position":2,"name":"Veikals","item":"https:\/\/toys.lt\/lv\/shop\/"},{"@type":"ListItem","position":3,"name":"Rota\u013clietu kr\u0101sojama keramikas t\u0113jas komplekts"}]},{"@type":"WebSite","@id":"https:\/\/toys.lt\/lv\/#website","url":"https:\/\/toys.lt\/lv\/","name":"Toys.lt","description":"","potentialAction":[{"@type":"SearchAction","target":{"@type":"EntryPoint","urlTemplate":"https:\/\/toys.lt\/lv\/?s={search_term_string}"},"query-input":{"@type":"PropertyValueSpecification","valueRequired":true,"valueName":"search_term_string"}}],"inLanguage":"lv-LV"}]}},"_links":{"self":[{"href":"https:\/\/toys.lt\/lv\/wp-json\/wp\/v2\/product\/42313","targetHints":{"allow":["GET"]}}],"collection":[{"href":"https:\/\/toys.lt\/lv\/wp-json\/wp\/v2\/product"}],"about":[{"href":"https:\/\/toys.lt\/lv\/wp-json\/wp\/v2\/types\/product"}],"replies":[{"embeddable":true,"href":"https:\/\/toys.lt\/lv\/wp-json\/wp\/v2\/comments?post=42313"}],"version-history":[{"count":1,"href":"https:\/\/toys.lt\/lv\/wp-json\/wp\/v2\/product\/42313\/revisions"}],"predecessor-version":[{"id":46188,"href":"https:\/\/toys.lt\/lv\/wp-json\/wp\/v2\/product\/42313\/revisions\/46188"}],"wp:featuredmedia":[{"embeddable":true,"href":"https:\/\/toys.lt\/lv\/wp-json\/wp\/v2\/media\/37666"}],"wp:attachment":[{"href":"https:\/\/toys.lt\/lv\/wp-json\/wp\/v2\/media?parent=42313"}],"wp:term":[{"taxonomy":"product_brand","embeddable":true,"href":"https:\/\/toys.lt\/lv\/wp-json\/wp\/v2\/product_brand?post=42313"},{"taxonomy":"product_cat","embeddable":true,"href":"https:\/\/toys.lt\/lv\/wp-json\/wp\/v2\/product_cat?post=42313"},{"taxonomy":"product_tag","embeddable":true,"href":"https:\/\/toys.lt\/lv\/wp-json\/wp\/v2\/product_tag?post=42313"}],"curies":[{"name":"wp","href":"https:\/\/api.w.org\/{rel}","templated":true}]}}