{"id":42311,"date":"2020-11-04T18:39:08","date_gmt":"2020-11-04T18:39:08","guid":{"rendered":"https:\/\/toys.lt\/produktas\/policijas-automasina-inerce\/"},"modified":"2026-04-09T00:01:56","modified_gmt":"2026-04-09T00:01:56","slug":"policijas-automasina-inerce","status":"publish","type":"product","link":"https:\/\/toys.lt\/lv\/produktas\/policijas-automasina-inerce\/","title":{"rendered":"Policijas automa\u0161\u012bna &#8211; inerce"},"content":{"rendered":"<p><strong>Policijas automa\u0161\u012bna<\/strong> ar ska\u0146as un gaismas sign\u0101liem brauc atpaka\u013cgait\u0101.<\/p>\n<p><strong>Funkcijas:<\/strong><\/p>\n<ul>\n<li>Ska\u0146as (sir\u0113na, atpaka\u013cgaitas ska\u0146a, motora iedarbin\u0101\u0161ana) un gaismas.<\/li>\n<li>Durvis darbos<\/li>\n<\/ul>\n","protected":false},"excerpt":{"rendered":"<p>Izm\u0113ri: 23 x 10 x 9 cm<\/p>\n<p>Iepakojuma izm\u0113ri: 29 x 12,5 x 15 cm<\/p>\n<p>Svars: 440 g<\/p>\n<p>Ieteicamais vecums: no 3 gadiem<\/p>\n<p>Materi\u0101ls: plastmasa<\/p>\n<p>Izcelsmes valsts: \u0136\u012bna<\/p>\n<p>Darbojas ar 3 gab AG13 (LR44). Nav iek\u013cauts komplekt\u0101 <\/p>\n","protected":false},"featured_media":37655,"comment_status":"open","ping_status":"closed","template":"","meta":[],"product_brand":[],"product_cat":[1177,1155],"product_tag":[],"class_list":{"0":"post-42311","1":"product","2":"type-product","3":"status-publish","4":"has-post-thumbnail","6":"product_cat-rotalu-automasinas-traktori-un-kapurkedes","7":"product_cat-leti","8":"pa_amziaus-grupe-3-lv","9":"pa_prek-s-tipas-masinas","10":"pa_spalva-dazadi","12":"first","13":"outofstock","14":"taxable","15":"shipping-taxable","16":"purchasable","17":"product-type-simple"},"yoast_head":"<!-- This site is optimized with the Yoast SEO plugin v26.3 - https:\/\/yoast.com\/wordpress\/plugins\/seo\/ -->\n<title>Policijas automa\u0161\u012bna - inerce - Toys.lt<\/title>\n<meta name=\"robots\" content=\"index, follow, max-snippet:-1, max-image-preview:large, max-video-preview:-1\" \/>\n<link rel=\"canonical\" href=\"https:\/\/toys.lt\/lv\/produktas\/policijas-automasina-inerce\/\" \/>\n<meta property=\"og:locale\" content=\"lv_LV\" \/>\n<meta property=\"og:type\" content=\"article\" \/>\n<meta property=\"og:title\" content=\"Policijas automa\u0161\u012bna - inerce - Toys.lt\" \/>\n<meta property=\"og:description\" content=\"Izm\u0113ri: 23 x 10 x 9 cm Iepakojuma izm\u0113ri: 29 x 12,5 x 15 cm Svars: 440 g Ieteicamais vecums: no 3 gadiem Materi\u0101ls: plastmasa Izcelsmes valsts: \u0136\u012bna Darbojas ar 3 gab AG13 (LR44). Nav iek\u013cauts komplekt\u0101\" \/>\n<meta property=\"og:url\" content=\"https:\/\/toys.lt\/lv\/produktas\/policijas-automasina-inerce\/\" \/>\n<meta property=\"og:site_name\" content=\"Toys.lt\" \/>\n<meta property=\"article:modified_time\" content=\"2026-04-09T00:01:56+00:00\" \/>\n<meta property=\"og:image\" content=\"https:\/\/toys.lt\/wp-content\/uploads\/2020\/11\/products-1648.jpg\" \/>\n\t<meta property=\"og:image:width\" content=\"1283\" \/>\n\t<meta property=\"og:image:height\" content=\"1043\" \/>\n\t<meta property=\"og:image:type\" content=\"image\/jpeg\" \/>\n<meta name=\"twitter:card\" content=\"summary_large_image\" \/>\n<script type=\"application\/ld+json\" class=\"yoast-schema-graph\">{\"@context\":\"https:\/\/schema.org\",\"@graph\":[{\"@type\":\"WebPage\",\"@id\":\"https:\/\/toys.lt\/lv\/produktas\/policijas-automasina-inerce\/\",\"url\":\"https:\/\/toys.lt\/lv\/produktas\/policijas-automasina-inerce\/\",\"name\":\"Policijas automa\u0161\u012bna - inerce - Toys.lt\",\"isPartOf\":{\"@id\":\"https:\/\/toys.lt\/lv\/#website\"},\"primaryImageOfPage\":{\"@id\":\"https:\/\/toys.lt\/lv\/produktas\/policijas-automasina-inerce\/#primaryimage\"},\"image\":{\"@id\":\"https:\/\/toys.lt\/lv\/produktas\/policijas-automasina-inerce\/#primaryimage\"},\"thumbnailUrl\":\"https:\/\/toys.lt\/wp-content\/uploads\/2020\/11\/products-1648.jpg\",\"datePublished\":\"2020-11-04T18:39:08+00:00\",\"dateModified\":\"2026-04-09T00:01:56+00:00\",\"breadcrumb\":{\"@id\":\"https:\/\/toys.lt\/lv\/produktas\/policijas-automasina-inerce\/#breadcrumb\"},\"inLanguage\":\"lv-LV\",\"potentialAction\":[{\"@type\":\"ReadAction\",\"target\":[\"https:\/\/toys.lt\/lv\/produktas\/policijas-automasina-inerce\/\"]}]},{\"@type\":\"ImageObject\",\"inLanguage\":\"lv-LV\",\"@id\":\"https:\/\/toys.lt\/lv\/produktas\/policijas-automasina-inerce\/#primaryimage\",\"url\":\"https:\/\/toys.lt\/wp-content\/uploads\/2020\/11\/products-1648.jpg\",\"contentUrl\":\"https:\/\/toys.lt\/wp-content\/uploads\/2020\/11\/products-1648.jpg\",\"width\":1283,\"height\":1043,\"caption\":\"Policijos ma\u0161ina &#8211; inercin\u0117\"},{\"@type\":\"BreadcrumbList\",\"@id\":\"https:\/\/toys.lt\/lv\/produktas\/policijas-automasina-inerce\/#breadcrumb\",\"itemListElement\":[{\"@type\":\"ListItem\",\"position\":1,\"name\":\"Home\",\"item\":\"https:\/\/toys.lt\/lv\/\"},{\"@type\":\"ListItem\",\"position\":2,\"name\":\"Veikals\",\"item\":\"https:\/\/toys.lt\/lv\/shop\/\"},{\"@type\":\"ListItem\",\"position\":3,\"name\":\"Policijas automa\u0161\u012bna &#8211; inerce\"}]},{\"@type\":\"WebSite\",\"@id\":\"https:\/\/toys.lt\/lv\/#website\",\"url\":\"https:\/\/toys.lt\/lv\/\",\"name\":\"Toys.lt\",\"description\":\"\",\"potentialAction\":[{\"@type\":\"SearchAction\",\"target\":{\"@type\":\"EntryPoint\",\"urlTemplate\":\"https:\/\/toys.lt\/lv\/?s={search_term_string}\"},\"query-input\":{\"@type\":\"PropertyValueSpecification\",\"valueRequired\":true,\"valueName\":\"search_term_string\"}}],\"inLanguage\":\"lv-LV\"}]}<\/script>\n<!-- \/ Yoast SEO plugin. -->","yoast_head_json":{"title":"Policijas automa\u0161\u012bna - inerce - Toys.lt","robots":{"index":"index","follow":"follow","max-snippet":"max-snippet:-1","max-image-preview":"max-image-preview:large","max-video-preview":"max-video-preview:-1"},"canonical":"https:\/\/toys.lt\/lv\/produktas\/policijas-automasina-inerce\/","og_locale":"lv_LV","og_type":"article","og_title":"Policijas automa\u0161\u012bna - inerce - Toys.lt","og_description":"Izm\u0113ri: 23 x 10 x 9 cm Iepakojuma izm\u0113ri: 29 x 12,5 x 15 cm Svars: 440 g Ieteicamais vecums: no 3 gadiem Materi\u0101ls: plastmasa Izcelsmes valsts: \u0136\u012bna Darbojas ar 3 gab AG13 (LR44). Nav iek\u013cauts komplekt\u0101","og_url":"https:\/\/toys.lt\/lv\/produktas\/policijas-automasina-inerce\/","og_site_name":"Toys.lt","article_modified_time":"2026-04-09T00:01:56+00:00","og_image":[{"width":1283,"height":1043,"url":"https:\/\/toys.lt\/wp-content\/uploads\/2020\/11\/products-1648.jpg","type":"image\/jpeg"}],"twitter_card":"summary_large_image","schema":{"@context":"https:\/\/schema.org","@graph":[{"@type":"WebPage","@id":"https:\/\/toys.lt\/lv\/produktas\/policijas-automasina-inerce\/","url":"https:\/\/toys.lt\/lv\/produktas\/policijas-automasina-inerce\/","name":"Policijas automa\u0161\u012bna - inerce - Toys.lt","isPartOf":{"@id":"https:\/\/toys.lt\/lv\/#website"},"primaryImageOfPage":{"@id":"https:\/\/toys.lt\/lv\/produktas\/policijas-automasina-inerce\/#primaryimage"},"image":{"@id":"https:\/\/toys.lt\/lv\/produktas\/policijas-automasina-inerce\/#primaryimage"},"thumbnailUrl":"https:\/\/toys.lt\/wp-content\/uploads\/2020\/11\/products-1648.jpg","datePublished":"2020-11-04T18:39:08+00:00","dateModified":"2026-04-09T00:01:56+00:00","breadcrumb":{"@id":"https:\/\/toys.lt\/lv\/produktas\/policijas-automasina-inerce\/#breadcrumb"},"inLanguage":"lv-LV","potentialAction":[{"@type":"ReadAction","target":["https:\/\/toys.lt\/lv\/produktas\/policijas-automasina-inerce\/"]}]},{"@type":"ImageObject","inLanguage":"lv-LV","@id":"https:\/\/toys.lt\/lv\/produktas\/policijas-automasina-inerce\/#primaryimage","url":"https:\/\/toys.lt\/wp-content\/uploads\/2020\/11\/products-1648.jpg","contentUrl":"https:\/\/toys.lt\/wp-content\/uploads\/2020\/11\/products-1648.jpg","width":1283,"height":1043,"caption":"Policijos ma\u0161ina &#8211; inercin\u0117"},{"@type":"BreadcrumbList","@id":"https:\/\/toys.lt\/lv\/produktas\/policijas-automasina-inerce\/#breadcrumb","itemListElement":[{"@type":"ListItem","position":1,"name":"Home","item":"https:\/\/toys.lt\/lv\/"},{"@type":"ListItem","position":2,"name":"Veikals","item":"https:\/\/toys.lt\/lv\/shop\/"},{"@type":"ListItem","position":3,"name":"Policijas automa\u0161\u012bna &#8211; inerce"}]},{"@type":"WebSite","@id":"https:\/\/toys.lt\/lv\/#website","url":"https:\/\/toys.lt\/lv\/","name":"Toys.lt","description":"","potentialAction":[{"@type":"SearchAction","target":{"@type":"EntryPoint","urlTemplate":"https:\/\/toys.lt\/lv\/?s={search_term_string}"},"query-input":{"@type":"PropertyValueSpecification","valueRequired":true,"valueName":"search_term_string"}}],"inLanguage":"lv-LV"}]}},"_links":{"self":[{"href":"https:\/\/toys.lt\/lv\/wp-json\/wp\/v2\/product\/42311","targetHints":{"allow":["GET"]}}],"collection":[{"href":"https:\/\/toys.lt\/lv\/wp-json\/wp\/v2\/product"}],"about":[{"href":"https:\/\/toys.lt\/lv\/wp-json\/wp\/v2\/types\/product"}],"replies":[{"embeddable":true,"href":"https:\/\/toys.lt\/lv\/wp-json\/wp\/v2\/comments?post=42311"}],"version-history":[{"count":1,"href":"https:\/\/toys.lt\/lv\/wp-json\/wp\/v2\/product\/42311\/revisions"}],"predecessor-version":[{"id":46185,"href":"https:\/\/toys.lt\/lv\/wp-json\/wp\/v2\/product\/42311\/revisions\/46185"}],"wp:featuredmedia":[{"embeddable":true,"href":"https:\/\/toys.lt\/lv\/wp-json\/wp\/v2\/media\/37655"}],"wp:attachment":[{"href":"https:\/\/toys.lt\/lv\/wp-json\/wp\/v2\/media?parent=42311"}],"wp:term":[{"taxonomy":"product_brand","embeddable":true,"href":"https:\/\/toys.lt\/lv\/wp-json\/wp\/v2\/product_brand?post=42311"},{"taxonomy":"product_cat","embeddable":true,"href":"https:\/\/toys.lt\/lv\/wp-json\/wp\/v2\/product_cat?post=42311"},{"taxonomy":"product_tag","embeddable":true,"href":"https:\/\/toys.lt\/lv\/wp-json\/wp\/v2\/product_tag?post=42311"}],"curies":[{"name":"wp","href":"https:\/\/api.w.org\/{rel}","templated":true}]}}