{"id":42307,"date":"2020-11-04T16:28:32","date_gmt":"2020-11-04T16:28:32","guid":{"rendered":"https:\/\/toys.lt\/produktas\/rotallietu-auglu-komplekts-3\/"},"modified":"2026-04-09T00:01:56","modified_gmt":"2026-04-09T00:01:56","slug":"rotallietu-auglu-komplekts-3","status":"publish","type":"product","link":"https:\/\/toys.lt\/lv\/produktas\/rotallietu-auglu-komplekts-3\/","title":{"rendered":"Rota\u013clietu aug\u013cu komplekts"},"content":{"rendered":"<p><strong>Rota\u013clietu aug\u013cu komplekts ar <\/strong>7 sagrie\u017eamiem aug\u013ciem un nazi.<\/p>\n","protected":false},"excerpt":{"rendered":"<p><strong>Rota\u013clietu komplekts<\/strong> ar 7 aug\u013cu griez\u0113jiem un nazi.<\/p>\n<p>Iepakojuma izm\u0113ri 28 x 5 x 33,5 cm<\/p>\n<p>Svars: 0,32 kg<\/p>\n<p>Materi\u0101ls: plastmasa<\/p>\n<p>Izcelsmes valsts: \u0136\u012bna<\/p>\n<p>Ieteicamais vecums: no 3 gadiem.<\/p>\n","protected":false},"featured_media":37653,"comment_status":"open","ping_status":"closed","template":"","meta":[],"product_brand":[],"product_cat":[1180,1176,1178],"product_tag":[],"class_list":{"0":"post-42307","1":"product","2":"type-product","3":"status-publish","4":"has-post-thumbnail","6":"product_cat-rotallietas-meitenem","7":"product_cat-rotallietas-zeniem","8":"product_cat-rotallietu-virtuves-piederumi-un-aksesuari","9":"pa_amziaus-grupe-3-lv","10":"pa_prek-s-tipas-virtuves-piederumi","11":"pa_spalva-dazadi","13":"first","14":"instock","15":"sale","16":"taxable","17":"shipping-taxable","18":"purchasable","19":"product-type-simple"},"yoast_head":"<!-- This site is optimized with the Yoast SEO plugin v26.3 - https:\/\/yoast.com\/wordpress\/plugins\/seo\/ -->\n<title>Rota\u013clietu aug\u013cu komplekts - Toys.lt<\/title>\n<meta name=\"robots\" content=\"index, follow, max-snippet:-1, max-image-preview:large, max-video-preview:-1\" \/>\n<link rel=\"canonical\" href=\"https:\/\/toys.lt\/lv\/produktas\/rotallietu-auglu-komplekts-3\/\" \/>\n<meta property=\"og:locale\" content=\"lv_LV\" \/>\n<meta property=\"og:type\" content=\"article\" \/>\n<meta property=\"og:title\" content=\"Rota\u013clietu aug\u013cu komplekts - Toys.lt\" \/>\n<meta property=\"og:description\" content=\"Rota\u013clietu komplekts ar 7 aug\u013cu griez\u0113jiem un nazi. Iepakojuma izm\u0113ri 28 x 5 x 33,5 cm Svars: 0,32 kg Materi\u0101ls: plastmasa Izcelsmes valsts: \u0136\u012bna Ieteicamais vecums: no 3 gadiem.\" \/>\n<meta property=\"og:url\" content=\"https:\/\/toys.lt\/lv\/produktas\/rotallietu-auglu-komplekts-3\/\" \/>\n<meta property=\"og:site_name\" content=\"Toys.lt\" \/>\n<meta property=\"article:modified_time\" content=\"2026-04-09T00:01:56+00:00\" \/>\n<meta property=\"og:image\" content=\"https:\/\/toys.lt\/wp-content\/uploads\/2020\/11\/products-1644.jpg\" \/>\n\t<meta property=\"og:image:width\" content=\"1286\" \/>\n\t<meta property=\"og:image:height\" content=\"1169\" \/>\n\t<meta property=\"og:image:type\" content=\"image\/jpeg\" \/>\n<meta name=\"twitter:card\" content=\"summary_large_image\" \/>\n<script type=\"application\/ld+json\" class=\"yoast-schema-graph\">{\"@context\":\"https:\/\/schema.org\",\"@graph\":[{\"@type\":\"WebPage\",\"@id\":\"https:\/\/toys.lt\/lv\/produktas\/rotallietu-auglu-komplekts-3\/\",\"url\":\"https:\/\/toys.lt\/lv\/produktas\/rotallietu-auglu-komplekts-3\/\",\"name\":\"Rota\u013clietu aug\u013cu komplekts - Toys.lt\",\"isPartOf\":{\"@id\":\"https:\/\/toys.lt\/lv\/#website\"},\"primaryImageOfPage\":{\"@id\":\"https:\/\/toys.lt\/lv\/produktas\/rotallietu-auglu-komplekts-3\/#primaryimage\"},\"image\":{\"@id\":\"https:\/\/toys.lt\/lv\/produktas\/rotallietu-auglu-komplekts-3\/#primaryimage\"},\"thumbnailUrl\":\"https:\/\/toys.lt\/wp-content\/uploads\/2020\/11\/products-1644.jpg\",\"datePublished\":\"2020-11-04T16:28:32+00:00\",\"dateModified\":\"2026-04-09T00:01:56+00:00\",\"breadcrumb\":{\"@id\":\"https:\/\/toys.lt\/lv\/produktas\/rotallietu-auglu-komplekts-3\/#breadcrumb\"},\"inLanguage\":\"lv-LV\",\"potentialAction\":[{\"@type\":\"ReadAction\",\"target\":[\"https:\/\/toys.lt\/lv\/produktas\/rotallietu-auglu-komplekts-3\/\"]}]},{\"@type\":\"ImageObject\",\"inLanguage\":\"lv-LV\",\"@id\":\"https:\/\/toys.lt\/lv\/produktas\/rotallietu-auglu-komplekts-3\/#primaryimage\",\"url\":\"https:\/\/toys.lt\/wp-content\/uploads\/2020\/11\/products-1644.jpg\",\"contentUrl\":\"https:\/\/toys.lt\/wp-content\/uploads\/2020\/11\/products-1644.jpg\",\"width\":1286,\"height\":1169,\"caption\":\"\u017daislinis vaisi\u0173 rinkinys\"},{\"@type\":\"BreadcrumbList\",\"@id\":\"https:\/\/toys.lt\/lv\/produktas\/rotallietu-auglu-komplekts-3\/#breadcrumb\",\"itemListElement\":[{\"@type\":\"ListItem\",\"position\":1,\"name\":\"Home\",\"item\":\"https:\/\/toys.lt\/lv\/\"},{\"@type\":\"ListItem\",\"position\":2,\"name\":\"Veikals\",\"item\":\"https:\/\/toys.lt\/lv\/shop\/\"},{\"@type\":\"ListItem\",\"position\":3,\"name\":\"Rota\u013clietu aug\u013cu komplekts\"}]},{\"@type\":\"WebSite\",\"@id\":\"https:\/\/toys.lt\/lv\/#website\",\"url\":\"https:\/\/toys.lt\/lv\/\",\"name\":\"Toys.lt\",\"description\":\"\",\"potentialAction\":[{\"@type\":\"SearchAction\",\"target\":{\"@type\":\"EntryPoint\",\"urlTemplate\":\"https:\/\/toys.lt\/lv\/?s={search_term_string}\"},\"query-input\":{\"@type\":\"PropertyValueSpecification\",\"valueRequired\":true,\"valueName\":\"search_term_string\"}}],\"inLanguage\":\"lv-LV\"}]}<\/script>\n<!-- \/ Yoast SEO plugin. -->","yoast_head_json":{"title":"Rota\u013clietu aug\u013cu komplekts - Toys.lt","robots":{"index":"index","follow":"follow","max-snippet":"max-snippet:-1","max-image-preview":"max-image-preview:large","max-video-preview":"max-video-preview:-1"},"canonical":"https:\/\/toys.lt\/lv\/produktas\/rotallietu-auglu-komplekts-3\/","og_locale":"lv_LV","og_type":"article","og_title":"Rota\u013clietu aug\u013cu komplekts - Toys.lt","og_description":"Rota\u013clietu komplekts ar 7 aug\u013cu griez\u0113jiem un nazi. Iepakojuma izm\u0113ri 28 x 5 x 33,5 cm Svars: 0,32 kg Materi\u0101ls: plastmasa Izcelsmes valsts: \u0136\u012bna Ieteicamais vecums: no 3 gadiem.","og_url":"https:\/\/toys.lt\/lv\/produktas\/rotallietu-auglu-komplekts-3\/","og_site_name":"Toys.lt","article_modified_time":"2026-04-09T00:01:56+00:00","og_image":[{"width":1286,"height":1169,"url":"https:\/\/toys.lt\/wp-content\/uploads\/2020\/11\/products-1644.jpg","type":"image\/jpeg"}],"twitter_card":"summary_large_image","schema":{"@context":"https:\/\/schema.org","@graph":[{"@type":"WebPage","@id":"https:\/\/toys.lt\/lv\/produktas\/rotallietu-auglu-komplekts-3\/","url":"https:\/\/toys.lt\/lv\/produktas\/rotallietu-auglu-komplekts-3\/","name":"Rota\u013clietu aug\u013cu komplekts - Toys.lt","isPartOf":{"@id":"https:\/\/toys.lt\/lv\/#website"},"primaryImageOfPage":{"@id":"https:\/\/toys.lt\/lv\/produktas\/rotallietu-auglu-komplekts-3\/#primaryimage"},"image":{"@id":"https:\/\/toys.lt\/lv\/produktas\/rotallietu-auglu-komplekts-3\/#primaryimage"},"thumbnailUrl":"https:\/\/toys.lt\/wp-content\/uploads\/2020\/11\/products-1644.jpg","datePublished":"2020-11-04T16:28:32+00:00","dateModified":"2026-04-09T00:01:56+00:00","breadcrumb":{"@id":"https:\/\/toys.lt\/lv\/produktas\/rotallietu-auglu-komplekts-3\/#breadcrumb"},"inLanguage":"lv-LV","potentialAction":[{"@type":"ReadAction","target":["https:\/\/toys.lt\/lv\/produktas\/rotallietu-auglu-komplekts-3\/"]}]},{"@type":"ImageObject","inLanguage":"lv-LV","@id":"https:\/\/toys.lt\/lv\/produktas\/rotallietu-auglu-komplekts-3\/#primaryimage","url":"https:\/\/toys.lt\/wp-content\/uploads\/2020\/11\/products-1644.jpg","contentUrl":"https:\/\/toys.lt\/wp-content\/uploads\/2020\/11\/products-1644.jpg","width":1286,"height":1169,"caption":"\u017daislinis vaisi\u0173 rinkinys"},{"@type":"BreadcrumbList","@id":"https:\/\/toys.lt\/lv\/produktas\/rotallietu-auglu-komplekts-3\/#breadcrumb","itemListElement":[{"@type":"ListItem","position":1,"name":"Home","item":"https:\/\/toys.lt\/lv\/"},{"@type":"ListItem","position":2,"name":"Veikals","item":"https:\/\/toys.lt\/lv\/shop\/"},{"@type":"ListItem","position":3,"name":"Rota\u013clietu aug\u013cu komplekts"}]},{"@type":"WebSite","@id":"https:\/\/toys.lt\/lv\/#website","url":"https:\/\/toys.lt\/lv\/","name":"Toys.lt","description":"","potentialAction":[{"@type":"SearchAction","target":{"@type":"EntryPoint","urlTemplate":"https:\/\/toys.lt\/lv\/?s={search_term_string}"},"query-input":{"@type":"PropertyValueSpecification","valueRequired":true,"valueName":"search_term_string"}}],"inLanguage":"lv-LV"}]}},"_links":{"self":[{"href":"https:\/\/toys.lt\/lv\/wp-json\/wp\/v2\/product\/42307","targetHints":{"allow":["GET"]}}],"collection":[{"href":"https:\/\/toys.lt\/lv\/wp-json\/wp\/v2\/product"}],"about":[{"href":"https:\/\/toys.lt\/lv\/wp-json\/wp\/v2\/types\/product"}],"replies":[{"embeddable":true,"href":"https:\/\/toys.lt\/lv\/wp-json\/wp\/v2\/comments?post=42307"}],"version-history":[{"count":0,"href":"https:\/\/toys.lt\/lv\/wp-json\/wp\/v2\/product\/42307\/revisions"}],"wp:featuredmedia":[{"embeddable":true,"href":"https:\/\/toys.lt\/lv\/wp-json\/wp\/v2\/media\/37653"}],"wp:attachment":[{"href":"https:\/\/toys.lt\/lv\/wp-json\/wp\/v2\/media?parent=42307"}],"wp:term":[{"taxonomy":"product_brand","embeddable":true,"href":"https:\/\/toys.lt\/lv\/wp-json\/wp\/v2\/product_brand?post=42307"},{"taxonomy":"product_cat","embeddable":true,"href":"https:\/\/toys.lt\/lv\/wp-json\/wp\/v2\/product_cat?post=42307"},{"taxonomy":"product_tag","embeddable":true,"href":"https:\/\/toys.lt\/lv\/wp-json\/wp\/v2\/product_tag?post=42307"}],"curies":[{"name":"wp","href":"https:\/\/api.w.org\/{rel}","templated":true}]}}