{"id":42288,"date":"2020-10-24T16:21:08","date_gmt":"2020-10-24T16:21:08","guid":{"rendered":"https:\/\/toys.lt\/produktas\/rotallietu-robots-astonkajis\/"},"modified":"2026-04-09T00:02:02","modified_gmt":"2026-04-09T00:02:02","slug":"rotallietu-robots-astonkajis","status":"publish","type":"product","link":"https:\/\/toys.lt\/lv\/produktas\/rotallietu-robots-astonkajis\/","title":{"rendered":"Rota\u013clietu robots asto\u0146k\u0101jis"},"content":{"rendered":"<p><strong>Rota\u013clietu robots asto\u0146k\u0101jis<\/strong>, kas atska\u0146o m\u016bziku un dejo. Tas p\u0101rvietojas da\u017e\u0101dos virzienos, dejo un pace\u013c rokas, kad skan m\u016bzika un ir iesl\u0113gtas gaismas. <\/p>\n","protected":false},"excerpt":{"rendered":"<p><strong>Rota\u013clietu robots &#8211; asspalvains<\/strong><\/p>\n<p>Kr\u0101sa: sarkana<\/p>\n<p>Iepakojuma izm\u0113ri: 14 x 14 x 18 cm<\/p>\n<p>Izstr\u0101d\u0101juma izm\u0113ri: 12 x 14 x 18 cm<\/p>\n<p>Svars: 240 g<\/p>\n<p>Ieteicamais vecums: no 3 gadiem<\/p>\n<p>Nepiecie\u0161amas 3 x AA baterijas.<\/p>\n","protected":false},"featured_media":37629,"comment_status":"open","ping_status":"closed","template":"","meta":[],"product_brand":[],"product_cat":[1180,1176,1157,1155],"product_tag":[],"class_list":{"0":"post-42288","1":"product","2":"type-product","3":"status-publish","4":"has-post-thumbnail","6":"product_cat-rotallietas-meitenem","7":"product_cat-rotallietas-zeniem","8":"product_cat-izglitojosas-un-interaktivas-rotallietas","9":"product_cat-leti","10":"pa_prek-s-tipas-roboti-un-transformatori","12":"first","13":"instock","14":"sale","15":"taxable","16":"shipping-taxable","17":"purchasable","18":"product-type-simple"},"yoast_head":"<!-- This site is optimized with the Yoast SEO plugin v26.3 - https:\/\/yoast.com\/wordpress\/plugins\/seo\/ -->\n<title>Rota\u013clietu robots asto\u0146k\u0101jis - Toys.lt<\/title>\n<meta name=\"description\" content=\"Rota\u013clieta robots, kas sp\u0113l\u0113 m\u016bziku un dejo - rota\u013clieta ar as\u0101m k\u0101j\u0101m. Tas p\u0101rvietojas da\u017e\u0101dos virzienos, dejo un pace\u013c rokas, kad skan m\u016bzika un ir iesl\u0113gtas gaismas.\" \/>\n<meta name=\"robots\" content=\"index, follow, max-snippet:-1, max-image-preview:large, max-video-preview:-1\" \/>\n<link rel=\"canonical\" href=\"https:\/\/toys.lt\/lv\/produktas\/rotallietu-robots-astonkajis\/\" \/>\n<meta property=\"og:locale\" content=\"lv_LV\" \/>\n<meta property=\"og:type\" content=\"article\" \/>\n<meta property=\"og:title\" content=\"Rota\u013clietu robots asto\u0146k\u0101jis - Toys.lt\" \/>\n<meta property=\"og:description\" content=\"Rota\u013clieta robots, kas sp\u0113l\u0113 m\u016bziku un dejo - rota\u013clieta ar as\u0101m k\u0101j\u0101m. Tas p\u0101rvietojas da\u017e\u0101dos virzienos, dejo un pace\u013c rokas, kad skan m\u016bzika un ir iesl\u0113gtas gaismas.\" \/>\n<meta property=\"og:url\" content=\"https:\/\/toys.lt\/lv\/produktas\/rotallietu-robots-astonkajis\/\" \/>\n<meta property=\"og:site_name\" content=\"Toys.lt\" \/>\n<meta property=\"article:modified_time\" content=\"2026-04-09T00:02:02+00:00\" \/>\n<meta property=\"og:image\" content=\"https:\/\/toys.lt\/wp-content\/uploads\/2020\/10\/products-1609.jpg\" \/>\n\t<meta property=\"og:image:width\" content=\"445\" \/>\n\t<meta property=\"og:image:height\" content=\"500\" \/>\n\t<meta property=\"og:image:type\" content=\"image\/jpeg\" \/>\n<meta name=\"twitter:card\" content=\"summary_large_image\" \/>\n<script type=\"application\/ld+json\" class=\"yoast-schema-graph\">{\"@context\":\"https:\/\/schema.org\",\"@graph\":[{\"@type\":\"WebPage\",\"@id\":\"https:\/\/toys.lt\/lv\/produktas\/rotallietu-robots-astonkajis\/\",\"url\":\"https:\/\/toys.lt\/lv\/produktas\/rotallietu-robots-astonkajis\/\",\"name\":\"Rota\u013clietu robots asto\u0146k\u0101jis - Toys.lt\",\"isPartOf\":{\"@id\":\"https:\/\/toys.lt\/lv\/#website\"},\"primaryImageOfPage\":{\"@id\":\"https:\/\/toys.lt\/lv\/produktas\/rotallietu-robots-astonkajis\/#primaryimage\"},\"image\":{\"@id\":\"https:\/\/toys.lt\/lv\/produktas\/rotallietu-robots-astonkajis\/#primaryimage\"},\"thumbnailUrl\":\"https:\/\/toys.lt\/wp-content\/uploads\/2020\/10\/products-1609.jpg\",\"datePublished\":\"2020-10-24T16:21:08+00:00\",\"dateModified\":\"2026-04-09T00:02:02+00:00\",\"description\":\"Rota\u013clieta robots, kas sp\u0113l\u0113 m\u016bziku un dejo - rota\u013clieta ar as\u0101m k\u0101j\u0101m. Tas p\u0101rvietojas da\u017e\u0101dos virzienos, dejo un pace\u013c rokas, kad skan m\u016bzika un ir iesl\u0113gtas gaismas.\",\"breadcrumb\":{\"@id\":\"https:\/\/toys.lt\/lv\/produktas\/rotallietu-robots-astonkajis\/#breadcrumb\"},\"inLanguage\":\"lv-LV\",\"potentialAction\":[{\"@type\":\"ReadAction\",\"target\":[\"https:\/\/toys.lt\/lv\/produktas\/rotallietu-robots-astonkajis\/\"]}]},{\"@type\":\"ImageObject\",\"inLanguage\":\"lv-LV\",\"@id\":\"https:\/\/toys.lt\/lv\/produktas\/rotallietu-robots-astonkajis\/#primaryimage\",\"url\":\"https:\/\/toys.lt\/wp-content\/uploads\/2020\/10\/products-1609.jpg\",\"contentUrl\":\"https:\/\/toys.lt\/wp-content\/uploads\/2020\/10\/products-1609.jpg\",\"width\":445,\"height\":500,\"caption\":\"\u017daislinis robotas &#8211; a\u0161tuonkojis\"},{\"@type\":\"BreadcrumbList\",\"@id\":\"https:\/\/toys.lt\/lv\/produktas\/rotallietu-robots-astonkajis\/#breadcrumb\",\"itemListElement\":[{\"@type\":\"ListItem\",\"position\":1,\"name\":\"Home\",\"item\":\"https:\/\/toys.lt\/lv\/\"},{\"@type\":\"ListItem\",\"position\":2,\"name\":\"Veikals\",\"item\":\"https:\/\/toys.lt\/lv\/shop\/\"},{\"@type\":\"ListItem\",\"position\":3,\"name\":\"Rota\u013clietu robots asto\u0146k\u0101jis\"}]},{\"@type\":\"WebSite\",\"@id\":\"https:\/\/toys.lt\/lv\/#website\",\"url\":\"https:\/\/toys.lt\/lv\/\",\"name\":\"Toys.lt\",\"description\":\"\",\"potentialAction\":[{\"@type\":\"SearchAction\",\"target\":{\"@type\":\"EntryPoint\",\"urlTemplate\":\"https:\/\/toys.lt\/lv\/?s={search_term_string}\"},\"query-input\":{\"@type\":\"PropertyValueSpecification\",\"valueRequired\":true,\"valueName\":\"search_term_string\"}}],\"inLanguage\":\"lv-LV\"}]}<\/script>\n<!-- \/ Yoast SEO plugin. -->","yoast_head_json":{"title":"Rota\u013clietu robots asto\u0146k\u0101jis - Toys.lt","description":"Rota\u013clieta robots, kas sp\u0113l\u0113 m\u016bziku un dejo - rota\u013clieta ar as\u0101m k\u0101j\u0101m. Tas p\u0101rvietojas da\u017e\u0101dos virzienos, dejo un pace\u013c rokas, kad skan m\u016bzika un ir iesl\u0113gtas gaismas.","robots":{"index":"index","follow":"follow","max-snippet":"max-snippet:-1","max-image-preview":"max-image-preview:large","max-video-preview":"max-video-preview:-1"},"canonical":"https:\/\/toys.lt\/lv\/produktas\/rotallietu-robots-astonkajis\/","og_locale":"lv_LV","og_type":"article","og_title":"Rota\u013clietu robots asto\u0146k\u0101jis - Toys.lt","og_description":"Rota\u013clieta robots, kas sp\u0113l\u0113 m\u016bziku un dejo - rota\u013clieta ar as\u0101m k\u0101j\u0101m. Tas p\u0101rvietojas da\u017e\u0101dos virzienos, dejo un pace\u013c rokas, kad skan m\u016bzika un ir iesl\u0113gtas gaismas.","og_url":"https:\/\/toys.lt\/lv\/produktas\/rotallietu-robots-astonkajis\/","og_site_name":"Toys.lt","article_modified_time":"2026-04-09T00:02:02+00:00","og_image":[{"width":445,"height":500,"url":"https:\/\/toys.lt\/wp-content\/uploads\/2020\/10\/products-1609.jpg","type":"image\/jpeg"}],"twitter_card":"summary_large_image","schema":{"@context":"https:\/\/schema.org","@graph":[{"@type":"WebPage","@id":"https:\/\/toys.lt\/lv\/produktas\/rotallietu-robots-astonkajis\/","url":"https:\/\/toys.lt\/lv\/produktas\/rotallietu-robots-astonkajis\/","name":"Rota\u013clietu robots asto\u0146k\u0101jis - Toys.lt","isPartOf":{"@id":"https:\/\/toys.lt\/lv\/#website"},"primaryImageOfPage":{"@id":"https:\/\/toys.lt\/lv\/produktas\/rotallietu-robots-astonkajis\/#primaryimage"},"image":{"@id":"https:\/\/toys.lt\/lv\/produktas\/rotallietu-robots-astonkajis\/#primaryimage"},"thumbnailUrl":"https:\/\/toys.lt\/wp-content\/uploads\/2020\/10\/products-1609.jpg","datePublished":"2020-10-24T16:21:08+00:00","dateModified":"2026-04-09T00:02:02+00:00","description":"Rota\u013clieta robots, kas sp\u0113l\u0113 m\u016bziku un dejo - rota\u013clieta ar as\u0101m k\u0101j\u0101m. Tas p\u0101rvietojas da\u017e\u0101dos virzienos, dejo un pace\u013c rokas, kad skan m\u016bzika un ir iesl\u0113gtas gaismas.","breadcrumb":{"@id":"https:\/\/toys.lt\/lv\/produktas\/rotallietu-robots-astonkajis\/#breadcrumb"},"inLanguage":"lv-LV","potentialAction":[{"@type":"ReadAction","target":["https:\/\/toys.lt\/lv\/produktas\/rotallietu-robots-astonkajis\/"]}]},{"@type":"ImageObject","inLanguage":"lv-LV","@id":"https:\/\/toys.lt\/lv\/produktas\/rotallietu-robots-astonkajis\/#primaryimage","url":"https:\/\/toys.lt\/wp-content\/uploads\/2020\/10\/products-1609.jpg","contentUrl":"https:\/\/toys.lt\/wp-content\/uploads\/2020\/10\/products-1609.jpg","width":445,"height":500,"caption":"\u017daislinis robotas &#8211; a\u0161tuonkojis"},{"@type":"BreadcrumbList","@id":"https:\/\/toys.lt\/lv\/produktas\/rotallietu-robots-astonkajis\/#breadcrumb","itemListElement":[{"@type":"ListItem","position":1,"name":"Home","item":"https:\/\/toys.lt\/lv\/"},{"@type":"ListItem","position":2,"name":"Veikals","item":"https:\/\/toys.lt\/lv\/shop\/"},{"@type":"ListItem","position":3,"name":"Rota\u013clietu robots asto\u0146k\u0101jis"}]},{"@type":"WebSite","@id":"https:\/\/toys.lt\/lv\/#website","url":"https:\/\/toys.lt\/lv\/","name":"Toys.lt","description":"","potentialAction":[{"@type":"SearchAction","target":{"@type":"EntryPoint","urlTemplate":"https:\/\/toys.lt\/lv\/?s={search_term_string}"},"query-input":{"@type":"PropertyValueSpecification","valueRequired":true,"valueName":"search_term_string"}}],"inLanguage":"lv-LV"}]}},"_links":{"self":[{"href":"https:\/\/toys.lt\/lv\/wp-json\/wp\/v2\/product\/42288","targetHints":{"allow":["GET"]}}],"collection":[{"href":"https:\/\/toys.lt\/lv\/wp-json\/wp\/v2\/product"}],"about":[{"href":"https:\/\/toys.lt\/lv\/wp-json\/wp\/v2\/types\/product"}],"replies":[{"embeddable":true,"href":"https:\/\/toys.lt\/lv\/wp-json\/wp\/v2\/comments?post=42288"}],"version-history":[{"count":1,"href":"https:\/\/toys.lt\/lv\/wp-json\/wp\/v2\/product\/42288\/revisions"}],"predecessor-version":[{"id":46180,"href":"https:\/\/toys.lt\/lv\/wp-json\/wp\/v2\/product\/42288\/revisions\/46180"}],"wp:featuredmedia":[{"embeddable":true,"href":"https:\/\/toys.lt\/lv\/wp-json\/wp\/v2\/media\/37629"}],"wp:attachment":[{"href":"https:\/\/toys.lt\/lv\/wp-json\/wp\/v2\/media?parent=42288"}],"wp:term":[{"taxonomy":"product_brand","embeddable":true,"href":"https:\/\/toys.lt\/lv\/wp-json\/wp\/v2\/product_brand?post=42288"},{"taxonomy":"product_cat","embeddable":true,"href":"https:\/\/toys.lt\/lv\/wp-json\/wp\/v2\/product_cat?post=42288"},{"taxonomy":"product_tag","embeddable":true,"href":"https:\/\/toys.lt\/lv\/wp-json\/wp\/v2\/product_tag?post=42288"}],"curies":[{"name":"wp","href":"https:\/\/api.w.org\/{rel}","templated":true}]}}