{"id":42286,"date":"2020-10-23T17:49:32","date_gmt":"2020-10-23T17:49:32","guid":{"rendered":"https:\/\/toys.lt\/produktas\/elektromobilis\/"},"modified":"2026-04-09T00:02:02","modified_gmt":"2026-04-09T00:02:02","slug":"elektromobilis","status":"publish","type":"product","link":"https:\/\/toys.lt\/lv\/produktas\/elektromobilis\/","title":{"rendered":"Elektromobilis"},"content":{"rendered":"<p>Iespaid\u012bgs b\u0113rnu <strong>elektromobilis<\/strong>, kas var braukt ne tikai pa asfaltu, bet ar\u012b pa z\u0101li, grants segumu utt. Lieli un triecieniztur\u012bgi rite\u0146i, iztur\u012bga balstiek\u0101rta, ab\u0101s pus\u0113s atveramas durvis, ietilp\u012bgs un ar atzveltni. \u0160is <strong>elektromobilis <\/strong>ir lieliska un dro\u0161a nodarbe j\u016bsu b\u0113rnam. LED gaismas, m\u016bzika un stil\u012bgais dizains \u013caus <strong>elektroauto<\/strong> vad\u012bt\u0101jam izcelties no p\u016b\u013ca.  <\/p>\n<p><strong>Elektromobili <\/strong>var vad\u012bt ar\u012b att\u0101lin\u0101ti.<\/p>\n<p>Funkcijas:<\/p>\n<ul>\n<li>Kr\u0101sa: balta<\/li>\n<li>Ska\u0146as efekti un m\u016bzika: J\u0101<\/li>\n<li>Iepakojuma izm\u0113ri: 147 x 79 x 50 cm<\/li>\n<li>Elektromobi\u013ca izm\u0113ri: 137 x 91 x 75,5 cm<\/li>\n<li>Svars: 26 kg<\/li>\n<li>Maksim\u0101l\u0101 slodze: 35 kg<\/li>\n<li>Akumulators: 12V<\/li>\n<li>Maksim\u0101lais \u0101trums 3km\/h<\/li>\n<li>T\u0101lvad\u012bbas pults iesp\u0113jam\u012bba<\/li>\n<li>Ieteicamais vecums: no 3 gadiem. Nepiecie\u0161ama pieaugu\u0161o uzraudz\u012bba <\/li>\n<\/ul>\n","protected":false},"excerpt":{"rendered":"<p><strong>Elektromobilis<\/strong><\/p>\n<p>Akumulators: 12V<\/p>\n<p>Svars: 26 kg<\/p>\n<p>Maksim\u0101l\u0101 slodze: 35 kg<\/p>\n<p>Maksim\u0101lais \u0101trums: 3km\/h<\/p>\n<p>Iepakojuma izm\u0113ri: 147 x 79 x 50 cm<\/p>\n<p>Elektromobi\u013ca izm\u0113ri: 137 x 91 x 87,5 cm<\/p>\n<p>T\u0101lvad\u012bbas pults<\/p>\n","protected":false},"featured_media":37628,"comment_status":"open","ping_status":"open","template":"","meta":[],"product_brand":[],"product_cat":[1180,1176,1162,1169],"product_tag":[],"class_list":{"0":"post-42286","1":"product","2":"type-product","3":"status-publish","4":"has-post-thumbnail","6":"product_cat-rotallietas-meitenem","7":"product_cat-rotallietas-zeniem","8":"product_cat-ara-un-vasaras-rotallietas","9":"product_cat-uzsezamas-un-pedalu-rotallietu-masinas-un-traktori","10":"pa_prek-s-tipas-elektriskas-masinas","11":"pa_spalva-black","13":"first","14":"outofstock","15":"sale","16":"taxable","17":"shipping-taxable","18":"purchasable","19":"product-type-simple"},"yoast_head":"<!-- This site is optimized with the Yoast SEO plugin v26.3 - https:\/\/yoast.com\/wordpress\/plugins\/seo\/ -->\n<title>Elektromobilis - Toys.lt<\/title>\n<meta name=\"description\" content=\"12V akumulators, svars 26 kg, maksim\u0101l\u0101 slodze 35 kg, vecums no 3 gadiem.\" \/>\n<meta name=\"robots\" content=\"index, follow, max-snippet:-1, max-image-preview:large, max-video-preview:-1\" \/>\n<link rel=\"canonical\" href=\"https:\/\/toys.lt\/lv\/produktas\/elektromobilis\/\" \/>\n<meta property=\"og:locale\" content=\"lv_LV\" \/>\n<meta property=\"og:type\" content=\"article\" \/>\n<meta property=\"og:title\" content=\"Elektromobilis - Toys.lt\" \/>\n<meta property=\"og:description\" content=\"12V akumulators, svars 26 kg, maksim\u0101l\u0101 slodze 35 kg, vecums no 3 gadiem.\" \/>\n<meta property=\"og:url\" content=\"https:\/\/toys.lt\/lv\/produktas\/elektromobilis\/\" \/>\n<meta property=\"og:site_name\" content=\"Toys.lt\" \/>\n<meta property=\"article:modified_time\" content=\"2026-04-09T00:02:02+00:00\" \/>\n<meta property=\"og:image\" content=\"https:\/\/toys.lt\/wp-content\/uploads\/2020\/10\/products-1607.jpg\" \/>\n\t<meta property=\"og:image:width\" content=\"722\" \/>\n\t<meta property=\"og:image:height\" content=\"719\" \/>\n\t<meta property=\"og:image:type\" content=\"image\/jpeg\" \/>\n<meta name=\"twitter:card\" content=\"summary_large_image\" \/>\n<meta name=\"twitter:label1\" content=\"Est. reading time\" \/>\n\t<meta name=\"twitter:data1\" content=\"1 minute\" \/>\n<script type=\"application\/ld+json\" class=\"yoast-schema-graph\">{\"@context\":\"https:\/\/schema.org\",\"@graph\":[{\"@type\":\"WebPage\",\"@id\":\"https:\/\/toys.lt\/lv\/produktas\/elektromobilis\/\",\"url\":\"https:\/\/toys.lt\/lv\/produktas\/elektromobilis\/\",\"name\":\"Elektromobilis - Toys.lt\",\"isPartOf\":{\"@id\":\"https:\/\/toys.lt\/lv\/#website\"},\"primaryImageOfPage\":{\"@id\":\"https:\/\/toys.lt\/lv\/produktas\/elektromobilis\/#primaryimage\"},\"image\":{\"@id\":\"https:\/\/toys.lt\/lv\/produktas\/elektromobilis\/#primaryimage\"},\"thumbnailUrl\":\"https:\/\/toys.lt\/wp-content\/uploads\/2020\/10\/products-1607.jpg\",\"datePublished\":\"2020-10-23T17:49:32+00:00\",\"dateModified\":\"2026-04-09T00:02:02+00:00\",\"description\":\"12V akumulators, svars 26 kg, maksim\u0101l\u0101 slodze 35 kg, vecums no 3 gadiem.\",\"breadcrumb\":{\"@id\":\"https:\/\/toys.lt\/lv\/produktas\/elektromobilis\/#breadcrumb\"},\"inLanguage\":\"lv-LV\",\"potentialAction\":[{\"@type\":\"ReadAction\",\"target\":[\"https:\/\/toys.lt\/lv\/produktas\/elektromobilis\/\"]}]},{\"@type\":\"ImageObject\",\"inLanguage\":\"lv-LV\",\"@id\":\"https:\/\/toys.lt\/lv\/produktas\/elektromobilis\/#primaryimage\",\"url\":\"https:\/\/toys.lt\/wp-content\/uploads\/2020\/10\/products-1607.jpg\",\"contentUrl\":\"https:\/\/toys.lt\/wp-content\/uploads\/2020\/10\/products-1607.jpg\",\"width\":722,\"height\":719,\"caption\":\"Elektromobilis\"},{\"@type\":\"BreadcrumbList\",\"@id\":\"https:\/\/toys.lt\/lv\/produktas\/elektromobilis\/#breadcrumb\",\"itemListElement\":[{\"@type\":\"ListItem\",\"position\":1,\"name\":\"Home\",\"item\":\"https:\/\/toys.lt\/lv\/\"},{\"@type\":\"ListItem\",\"position\":2,\"name\":\"Veikals\",\"item\":\"https:\/\/toys.lt\/lv\/shop\/\"},{\"@type\":\"ListItem\",\"position\":3,\"name\":\"Elektromobilis\"}]},{\"@type\":\"WebSite\",\"@id\":\"https:\/\/toys.lt\/lv\/#website\",\"url\":\"https:\/\/toys.lt\/lv\/\",\"name\":\"Toys.lt\",\"description\":\"\",\"potentialAction\":[{\"@type\":\"SearchAction\",\"target\":{\"@type\":\"EntryPoint\",\"urlTemplate\":\"https:\/\/toys.lt\/lv\/?s={search_term_string}\"},\"query-input\":{\"@type\":\"PropertyValueSpecification\",\"valueRequired\":true,\"valueName\":\"search_term_string\"}}],\"inLanguage\":\"lv-LV\"}]}<\/script>\n<!-- \/ Yoast SEO plugin. -->","yoast_head_json":{"title":"Elektromobilis - Toys.lt","description":"12V akumulators, svars 26 kg, maksim\u0101l\u0101 slodze 35 kg, vecums no 3 gadiem.","robots":{"index":"index","follow":"follow","max-snippet":"max-snippet:-1","max-image-preview":"max-image-preview:large","max-video-preview":"max-video-preview:-1"},"canonical":"https:\/\/toys.lt\/lv\/produktas\/elektromobilis\/","og_locale":"lv_LV","og_type":"article","og_title":"Elektromobilis - Toys.lt","og_description":"12V akumulators, svars 26 kg, maksim\u0101l\u0101 slodze 35 kg, vecums no 3 gadiem.","og_url":"https:\/\/toys.lt\/lv\/produktas\/elektromobilis\/","og_site_name":"Toys.lt","article_modified_time":"2026-04-09T00:02:02+00:00","og_image":[{"width":722,"height":719,"url":"https:\/\/toys.lt\/wp-content\/uploads\/2020\/10\/products-1607.jpg","type":"image\/jpeg"}],"twitter_card":"summary_large_image","twitter_misc":{"Est. reading time":"1 minute"},"schema":{"@context":"https:\/\/schema.org","@graph":[{"@type":"WebPage","@id":"https:\/\/toys.lt\/lv\/produktas\/elektromobilis\/","url":"https:\/\/toys.lt\/lv\/produktas\/elektromobilis\/","name":"Elektromobilis - Toys.lt","isPartOf":{"@id":"https:\/\/toys.lt\/lv\/#website"},"primaryImageOfPage":{"@id":"https:\/\/toys.lt\/lv\/produktas\/elektromobilis\/#primaryimage"},"image":{"@id":"https:\/\/toys.lt\/lv\/produktas\/elektromobilis\/#primaryimage"},"thumbnailUrl":"https:\/\/toys.lt\/wp-content\/uploads\/2020\/10\/products-1607.jpg","datePublished":"2020-10-23T17:49:32+00:00","dateModified":"2026-04-09T00:02:02+00:00","description":"12V akumulators, svars 26 kg, maksim\u0101l\u0101 slodze 35 kg, vecums no 3 gadiem.","breadcrumb":{"@id":"https:\/\/toys.lt\/lv\/produktas\/elektromobilis\/#breadcrumb"},"inLanguage":"lv-LV","potentialAction":[{"@type":"ReadAction","target":["https:\/\/toys.lt\/lv\/produktas\/elektromobilis\/"]}]},{"@type":"ImageObject","inLanguage":"lv-LV","@id":"https:\/\/toys.lt\/lv\/produktas\/elektromobilis\/#primaryimage","url":"https:\/\/toys.lt\/wp-content\/uploads\/2020\/10\/products-1607.jpg","contentUrl":"https:\/\/toys.lt\/wp-content\/uploads\/2020\/10\/products-1607.jpg","width":722,"height":719,"caption":"Elektromobilis"},{"@type":"BreadcrumbList","@id":"https:\/\/toys.lt\/lv\/produktas\/elektromobilis\/#breadcrumb","itemListElement":[{"@type":"ListItem","position":1,"name":"Home","item":"https:\/\/toys.lt\/lv\/"},{"@type":"ListItem","position":2,"name":"Veikals","item":"https:\/\/toys.lt\/lv\/shop\/"},{"@type":"ListItem","position":3,"name":"Elektromobilis"}]},{"@type":"WebSite","@id":"https:\/\/toys.lt\/lv\/#website","url":"https:\/\/toys.lt\/lv\/","name":"Toys.lt","description":"","potentialAction":[{"@type":"SearchAction","target":{"@type":"EntryPoint","urlTemplate":"https:\/\/toys.lt\/lv\/?s={search_term_string}"},"query-input":{"@type":"PropertyValueSpecification","valueRequired":true,"valueName":"search_term_string"}}],"inLanguage":"lv-LV"}]}},"_links":{"self":[{"href":"https:\/\/toys.lt\/lv\/wp-json\/wp\/v2\/product\/42286","targetHints":{"allow":["GET"]}}],"collection":[{"href":"https:\/\/toys.lt\/lv\/wp-json\/wp\/v2\/product"}],"about":[{"href":"https:\/\/toys.lt\/lv\/wp-json\/wp\/v2\/types\/product"}],"replies":[{"embeddable":true,"href":"https:\/\/toys.lt\/lv\/wp-json\/wp\/v2\/comments?post=42286"}],"version-history":[{"count":0,"href":"https:\/\/toys.lt\/lv\/wp-json\/wp\/v2\/product\/42286\/revisions"}],"wp:featuredmedia":[{"embeddable":true,"href":"https:\/\/toys.lt\/lv\/wp-json\/wp\/v2\/media\/37628"}],"wp:attachment":[{"href":"https:\/\/toys.lt\/lv\/wp-json\/wp\/v2\/media?parent=42286"}],"wp:term":[{"taxonomy":"product_brand","embeddable":true,"href":"https:\/\/toys.lt\/lv\/wp-json\/wp\/v2\/product_brand?post=42286"},{"taxonomy":"product_cat","embeddable":true,"href":"https:\/\/toys.lt\/lv\/wp-json\/wp\/v2\/product_cat?post=42286"},{"taxonomy":"product_tag","embeddable":true,"href":"https:\/\/toys.lt\/lv\/wp-json\/wp\/v2\/product_tag?post=42286"}],"curies":[{"name":"wp","href":"https:\/\/api.w.org\/{rel}","templated":true}]}}