{"id":42280,"date":"2020-10-23T17:09:49","date_gmt":"2020-10-23T17:09:49","guid":{"rendered":"https:\/\/toys.lt\/produktas\/sniega-motocikls-motorollers-3\/"},"modified":"2026-03-30T00:25:15","modified_gmt":"2026-03-30T00:25:15","slug":"sniega-motocikls-motorollers-3","status":"publish","type":"product","link":"https:\/\/toys.lt\/lv\/produktas\/sniega-motocikls-motorollers-3\/","title":{"rendered":"S\u0113d\u0113\u0161anas un apst\u0101\u0161an\u0101s ma\u0161\u012bna ar ska\u0146\u0101m un gaism\u0101m"},"content":{"rendered":"<p data-start=\"172\" data-end=\"478\"><strong data-start=\"172\" data-end=\"202\">S\u0113d\u0113\u0161anas un st\u0101v\u0113\u0161anas ma\u0161\u012bna<\/strong> ir lieliska izv\u0113le mazu\u013ciem, kuriem pat\u012bk kust\u0113ties. Sportiskais dizains, lielie rite\u0146i un iztur\u012bgais muguras balsts nodro\u0161ina stabilit\u0101ti un dro\u0161\u012bbu. Zem s\u0113dek\u013ca eso\u0161\u0101 glab\u0101\u0161anas vieta nodro\u0161ina papildu \u0113rt\u012bbas, un gaisma un ska\u0146as no st\u016bres padar\u012bs j\u016bsu b\u0113rnus v\u0113l priec\u012bg\u0101kus.  <\/p>\n<p data-start=\"480\" data-end=\"623\">\u0160is trena\u017eieris tren\u0113 k\u0101ju musku\u013cus, pal\u012bdz l\u012bdzsvarot l\u012bdzsvaru un koordin\u0101ciju. Piem\u0113rots lieto\u0161anai gan telp\u0101s, gan \u0101rpus telp\u0101m. <\/p>\n<hr data-start=\"625\" data-end=\"628\">\n<h3 data-start=\"630\" data-end=\"645\">\u2b50 Funkcijas<\/h3>\n<ul data-start=\"646\" data-end=\"942\">\n<li data-start=\"646\" data-end=\"682\">\n<p data-start=\"648\" data-end=\"682\">Sportisks, pievilc\u012bgs dizains.<\/p>\n<\/li>\n<li data-start=\"683\" data-end=\"718\">\n<p data-start=\"685\" data-end=\"718\">Panor\u0101ma ar ska\u0146\u0101m un gaism\u0101m.<\/p>\n<\/li>\n<li data-start=\"719\" data-end=\"748\">\n<p data-start=\"721\" data-end=\"748\">Uzglab\u0101\u0161anas vieta zem s\u0113dek\u013ca.<\/p>\n<\/li>\n<li data-start=\"749\" data-end=\"793\">\n<p data-start=\"751\" data-end=\"793\">Dro\u0161\u012bbu nodro\u0161ina iztur\u012bgs muguras balsts.<\/p>\n<\/li>\n<li data-start=\"794\" data-end=\"831\">\n<p data-start=\"796\" data-end=\"831\">Lielie rite\u0146i nodro\u0161ina stabilit\u0101ti.<\/p>\n<\/li>\n<li data-start=\"832\" data-end=\"871\">\n<p data-start=\"834\" data-end=\"871\">Viegli manevr\u0113jams un viegli samont\u0113jams.<\/p>\n<\/li>\n<li data-start=\"872\" data-end=\"942\">\n<p data-start=\"874\" data-end=\"942\">Veicina koordin\u0101ciju, musku\u013cu stiprin\u0101\u0161anu un l\u012bdzsvara tren\u0113\u0161anu.<\/p>\n<\/li>\n<\/ul>\n<hr data-start=\"944\" data-end=\"947\">\n<h3 data-start=\"949\" data-end=\"978\">\ud83d\udd27 Tehnisk\u0101 inform\u0101cija<\/h3>\n<ul data-start=\"979\" data-end=\"1313\">\n<li data-start=\"979\" data-end=\"1018\">\n<p data-start=\"981\" data-end=\"1018\">Ieteicamais vecums: no 3 gadiem.<\/p>\n<\/li>\n<li data-start=\"1019\" data-end=\"1048\">\n<p data-start=\"1021\" data-end=\"1048\">Maksim\u0101l\u0101 slodze: 25 kg.<\/p>\n<\/li>\n<li data-start=\"1049\" data-end=\"1082\">\n<p data-start=\"1051\" data-end=\"1082\">Izm\u0113ri: 64 \u00d7 30 \u00d7 38 cm.<\/p>\n<\/li>\n<li data-start=\"1083\" data-end=\"1125\">\n<p data-start=\"1085\" data-end=\"1125\">Iepakojuma izm\u0113ri: 29 \u00d7 66 \u00d7 30 cm.<\/p>\n<\/li>\n<li data-start=\"1126\" data-end=\"1143\">\n<p data-start=\"1128\" data-end=\"1143\">Svars: 3 kg.<\/p>\n<\/li>\n<li data-start=\"1144\" data-end=\"1168\">\n<p data-start=\"1146\" data-end=\"1168\">Materi\u0101ls: plastmasa.<\/p>\n<\/li>\n<li data-start=\"1169\" data-end=\"1197\">\n<p data-start=\"1171\" data-end=\"1197\">Kr\u0101sas: roz\u0101, zila.<\/p>\n<\/li>\n<li data-start=\"1198\" data-end=\"1234\">\n<p data-start=\"1200\" data-end=\"1234\">Baterijas: 2 \u00d7 AA (nav iek\u013cautas komplekt\u0101).<\/p>\n<\/li>\n<li data-start=\"1261\" data-end=\"1313\">\n<p data-start=\"1263\" data-end=\"1313\">Dro\u0161\u012bbas br\u012bdin\u0101jums: nepiecie\u0161ama pieaugu\u0161o uzraudz\u012bba.<\/p>\n<\/li>\n<\/ul>\n","protected":false},"excerpt":{"rendered":"<p>Ieteicamais vecums no 3 gadiem. Nepiecie\u0161ama pieaugu\u0161o uzraudz\u012bba. <\/p>\n<p>Izcelsmes valsts &#8211; \u0136\u012bna<\/p>\n<p>Materi\u0101ls &#8211; plastmasa<\/p>\n<p>Svars &#8211; 3 kg<\/p>\n<p>Maksim\u0101l\u0101 slodze &#8211; 25 kg<\/p>\n<p>Iepakojuma izm\u0113ri &#8211; 29 x 66 x 30 cm<\/p>\n<p>Ma\u0161\u012bnas izm\u0113ri 64 x 30 x 38 cm<\/p>\n<p>Kr\u0101sa &#8211; roz\u0101 un zila<\/p>\n<p>Baterijas: 2 \u00d7 AA (nav iek\u013cautas komplekt\u0101)<\/p>\n","protected":false},"featured_media":37625,"comment_status":"open","ping_status":"closed","template":"","meta":[],"product_brand":[],"product_cat":[1162,1155,1180,1176,1169],"product_tag":[],"class_list":{"0":"post-42280","1":"product","2":"type-product","3":"status-publish","4":"has-post-thumbnail","6":"product_cat-ara-un-vasaras-rotallietas","7":"product_cat-leti","8":"product_cat-rotallietas-meitenem","9":"product_cat-rotallietas-zeniem","10":"product_cat-uzsezamas-un-pedalu-rotallietu-masinas-un-traktori","11":"pa_amziaus-grupe-3-lv","12":"pa_prek-s-spalva-roza","13":"pa_prek-s-spalva-zilais","14":"pa_prek-s-tipas-skrejriteni","15":"pa_spalva-dazadi","17":"first","18":"instock","19":"taxable","20":"shipping-taxable","21":"purchasable","22":"product-type-variable"},"yoast_head":"<!-- This site is optimized with the Yoast SEO plugin v27.6 - https:\/\/yoast.com\/product\/yoast-seo-wordpress\/ -->\n<title>S\u0113d\u0113\u0161anas un apst\u0101\u0161an\u0101s ma\u0161\u012bna ar ska\u0146\u0101m un gaism\u0101m - Toys.lt<\/title>\n<meta name=\"description\" content=\"S\u0113do\u0161s un apst\u0101din\u0101ms automobilis b\u0113rniem ar sportisku dizainu, ska\u0146\u0101m un gaism\u0101m. Zem s\u0113dek\u013ca atrodas glab\u0101\u0161anas vieta, iztur\u012bgs k\u0101ju balsts un lieli rite\u0146i dro\u0161ai brauk\u0161anai.\" \/>\n<meta name=\"robots\" content=\"index, follow, max-snippet:-1, max-image-preview:large, max-video-preview:-1\" \/>\n<link rel=\"canonical\" href=\"https:\/\/toys.lt\/lv\/produktas\/sniega-motocikls-motorollers-3\/\" \/>\n<meta property=\"og:locale\" content=\"lv_LV\" \/>\n<meta property=\"og:type\" content=\"article\" \/>\n<meta property=\"og:title\" content=\"S\u0113d\u0113\u0161anas un apst\u0101\u0161an\u0101s ma\u0161\u012bna ar ska\u0146\u0101m un gaism\u0101m - Toys.lt\" \/>\n<meta property=\"og:description\" content=\"S\u0113do\u0161s un apst\u0101din\u0101ms automobilis b\u0113rniem ar sportisku dizainu, ska\u0146\u0101m un gaism\u0101m. Zem s\u0113dek\u013ca atrodas glab\u0101\u0161anas vieta, iztur\u012bgs k\u0101ju balsts un lieli rite\u0146i dro\u0161ai brauk\u0161anai.\" \/>\n<meta property=\"og:url\" content=\"https:\/\/toys.lt\/lv\/produktas\/sniega-motocikls-motorollers-3\/\" \/>\n<meta property=\"og:site_name\" content=\"Toys.lt\" \/>\n<meta property=\"article:modified_time\" content=\"2026-03-30T00:25:15+00:00\" \/>\n<meta property=\"og:image\" content=\"https:\/\/toys.lt\/wp-content\/uploads\/2020\/10\/products-1604.jpg\" \/>\n\t<meta property=\"og:image:width\" content=\"769\" \/>\n\t<meta property=\"og:image:height\" content=\"579\" \/>\n\t<meta property=\"og:image:type\" content=\"image\/jpeg\" \/>\n<meta name=\"twitter:card\" content=\"summary_large_image\" \/>\n<meta name=\"twitter:label1\" content=\"Est. reading time\" \/>\n\t<meta name=\"twitter:data1\" content=\"1 minute\" \/>\n<script type=\"application\/ld+json\" class=\"yoast-schema-graph\">{\"@context\":\"https:\\\/\\\/schema.org\",\"@graph\":[{\"@type\":\"WebPage\",\"@id\":\"https:\\\/\\\/toys.lt\\\/lv\\\/produktas\\\/sniega-motocikls-motorollers-3\\\/\",\"url\":\"https:\\\/\\\/toys.lt\\\/lv\\\/produktas\\\/sniega-motocikls-motorollers-3\\\/\",\"name\":\"S\u0113d\u0113\u0161anas un apst\u0101\u0161an\u0101s ma\u0161\u012bna ar ska\u0146\u0101m un gaism\u0101m - Toys.lt\",\"isPartOf\":{\"@id\":\"https:\\\/\\\/toys.lt\\\/lv\\\/#website\"},\"primaryImageOfPage\":{\"@id\":\"https:\\\/\\\/toys.lt\\\/lv\\\/produktas\\\/sniega-motocikls-motorollers-3\\\/#primaryimage\"},\"image\":{\"@id\":\"https:\\\/\\\/toys.lt\\\/lv\\\/produktas\\\/sniega-motocikls-motorollers-3\\\/#primaryimage\"},\"thumbnailUrl\":\"https:\\\/\\\/toys.lt\\\/wp-content\\\/uploads\\\/2020\\\/10\\\/products-1604.jpg\",\"datePublished\":\"2020-10-23T17:09:49+00:00\",\"dateModified\":\"2026-03-30T00:25:15+00:00\",\"description\":\"S\u0113do\u0161s un apst\u0101din\u0101ms automobilis b\u0113rniem ar sportisku dizainu, ska\u0146\u0101m un gaism\u0101m. Zem s\u0113dek\u013ca atrodas glab\u0101\u0161anas vieta, iztur\u012bgs k\u0101ju balsts un lieli rite\u0146i dro\u0161ai brauk\u0161anai.\",\"breadcrumb\":{\"@id\":\"https:\\\/\\\/toys.lt\\\/lv\\\/produktas\\\/sniega-motocikls-motorollers-3\\\/#breadcrumb\"},\"inLanguage\":\"lv-LV\",\"potentialAction\":[{\"@type\":\"ReadAction\",\"target\":[\"https:\\\/\\\/toys.lt\\\/lv\\\/produktas\\\/sniega-motocikls-motorollers-3\\\/\"]}]},{\"@type\":\"ImageObject\",\"inLanguage\":\"lv-LV\",\"@id\":\"https:\\\/\\\/toys.lt\\\/lv\\\/produktas\\\/sniega-motocikls-motorollers-3\\\/#primaryimage\",\"url\":\"https:\\\/\\\/toys.lt\\\/wp-content\\\/uploads\\\/2020\\\/10\\\/products-1604.jpg\",\"contentUrl\":\"https:\\\/\\\/toys.lt\\\/wp-content\\\/uploads\\\/2020\\\/10\\\/products-1604.jpg\",\"width\":769,\"height\":579,\"caption\":\"U\u017es\u0117damoji ma\u0161ina &#8211; paspirtukas\"},{\"@type\":\"BreadcrumbList\",\"@id\":\"https:\\\/\\\/toys.lt\\\/lv\\\/produktas\\\/sniega-motocikls-motorollers-3\\\/#breadcrumb\",\"itemListElement\":[{\"@type\":\"ListItem\",\"position\":1,\"name\":\"Home\",\"item\":\"https:\\\/\\\/toys.lt\\\/lv\\\/\"},{\"@type\":\"ListItem\",\"position\":2,\"name\":\"Veikals\",\"item\":\"https:\\\/\\\/toys.lt\\\/lv\\\/shop\\\/\"},{\"@type\":\"ListItem\",\"position\":3,\"name\":\"S\u0113d\u0113\u0161anas un apst\u0101\u0161an\u0101s ma\u0161\u012bna ar ska\u0146\u0101m un gaism\u0101m\"}]},{\"@type\":\"WebSite\",\"@id\":\"https:\\\/\\\/toys.lt\\\/lv\\\/#website\",\"url\":\"https:\\\/\\\/toys.lt\\\/lv\\\/\",\"name\":\"Toys.lt\",\"description\":\"\",\"potentialAction\":[{\"@type\":\"SearchAction\",\"target\":{\"@type\":\"EntryPoint\",\"urlTemplate\":\"https:\\\/\\\/toys.lt\\\/lv\\\/?s={search_term_string}\"},\"query-input\":{\"@type\":\"PropertyValueSpecification\",\"valueRequired\":true,\"valueName\":\"search_term_string\"}}],\"inLanguage\":\"lv-LV\"}]}<\/script>\n<!-- \/ Yoast SEO plugin. -->","yoast_head_json":{"title":"S\u0113d\u0113\u0161anas un apst\u0101\u0161an\u0101s ma\u0161\u012bna ar ska\u0146\u0101m un gaism\u0101m - Toys.lt","description":"S\u0113do\u0161s un apst\u0101din\u0101ms automobilis b\u0113rniem ar sportisku dizainu, ska\u0146\u0101m un gaism\u0101m. Zem s\u0113dek\u013ca atrodas glab\u0101\u0161anas vieta, iztur\u012bgs k\u0101ju balsts un lieli rite\u0146i dro\u0161ai brauk\u0161anai.","robots":{"index":"index","follow":"follow","max-snippet":"max-snippet:-1","max-image-preview":"max-image-preview:large","max-video-preview":"max-video-preview:-1"},"canonical":"https:\/\/toys.lt\/lv\/produktas\/sniega-motocikls-motorollers-3\/","og_locale":"lv_LV","og_type":"article","og_title":"S\u0113d\u0113\u0161anas un apst\u0101\u0161an\u0101s ma\u0161\u012bna ar ska\u0146\u0101m un gaism\u0101m - Toys.lt","og_description":"S\u0113do\u0161s un apst\u0101din\u0101ms automobilis b\u0113rniem ar sportisku dizainu, ska\u0146\u0101m un gaism\u0101m. Zem s\u0113dek\u013ca atrodas glab\u0101\u0161anas vieta, iztur\u012bgs k\u0101ju balsts un lieli rite\u0146i dro\u0161ai brauk\u0161anai.","og_url":"https:\/\/toys.lt\/lv\/produktas\/sniega-motocikls-motorollers-3\/","og_site_name":"Toys.lt","article_modified_time":"2026-03-30T00:25:15+00:00","og_image":[{"width":769,"height":579,"url":"https:\/\/toys.lt\/wp-content\/uploads\/2020\/10\/products-1604.jpg","type":"image\/jpeg"}],"twitter_card":"summary_large_image","twitter_misc":{"Est. reading time":"1 minute"},"schema":{"@context":"https:\/\/schema.org","@graph":[{"@type":"WebPage","@id":"https:\/\/toys.lt\/lv\/produktas\/sniega-motocikls-motorollers-3\/","url":"https:\/\/toys.lt\/lv\/produktas\/sniega-motocikls-motorollers-3\/","name":"S\u0113d\u0113\u0161anas un apst\u0101\u0161an\u0101s ma\u0161\u012bna ar ska\u0146\u0101m un gaism\u0101m - Toys.lt","isPartOf":{"@id":"https:\/\/toys.lt\/lv\/#website"},"primaryImageOfPage":{"@id":"https:\/\/toys.lt\/lv\/produktas\/sniega-motocikls-motorollers-3\/#primaryimage"},"image":{"@id":"https:\/\/toys.lt\/lv\/produktas\/sniega-motocikls-motorollers-3\/#primaryimage"},"thumbnailUrl":"https:\/\/toys.lt\/wp-content\/uploads\/2020\/10\/products-1604.jpg","datePublished":"2020-10-23T17:09:49+00:00","dateModified":"2026-03-30T00:25:15+00:00","description":"S\u0113do\u0161s un apst\u0101din\u0101ms automobilis b\u0113rniem ar sportisku dizainu, ska\u0146\u0101m un gaism\u0101m. Zem s\u0113dek\u013ca atrodas glab\u0101\u0161anas vieta, iztur\u012bgs k\u0101ju balsts un lieli rite\u0146i dro\u0161ai brauk\u0161anai.","breadcrumb":{"@id":"https:\/\/toys.lt\/lv\/produktas\/sniega-motocikls-motorollers-3\/#breadcrumb"},"inLanguage":"lv-LV","potentialAction":[{"@type":"ReadAction","target":["https:\/\/toys.lt\/lv\/produktas\/sniega-motocikls-motorollers-3\/"]}]},{"@type":"ImageObject","inLanguage":"lv-LV","@id":"https:\/\/toys.lt\/lv\/produktas\/sniega-motocikls-motorollers-3\/#primaryimage","url":"https:\/\/toys.lt\/wp-content\/uploads\/2020\/10\/products-1604.jpg","contentUrl":"https:\/\/toys.lt\/wp-content\/uploads\/2020\/10\/products-1604.jpg","width":769,"height":579,"caption":"U\u017es\u0117damoji ma\u0161ina &#8211; paspirtukas"},{"@type":"BreadcrumbList","@id":"https:\/\/toys.lt\/lv\/produktas\/sniega-motocikls-motorollers-3\/#breadcrumb","itemListElement":[{"@type":"ListItem","position":1,"name":"Home","item":"https:\/\/toys.lt\/lv\/"},{"@type":"ListItem","position":2,"name":"Veikals","item":"https:\/\/toys.lt\/lv\/shop\/"},{"@type":"ListItem","position":3,"name":"S\u0113d\u0113\u0161anas un apst\u0101\u0161an\u0101s ma\u0161\u012bna ar ska\u0146\u0101m un gaism\u0101m"}]},{"@type":"WebSite","@id":"https:\/\/toys.lt\/lv\/#website","url":"https:\/\/toys.lt\/lv\/","name":"Toys.lt","description":"","potentialAction":[{"@type":"SearchAction","target":{"@type":"EntryPoint","urlTemplate":"https:\/\/toys.lt\/lv\/?s={search_term_string}"},"query-input":{"@type":"PropertyValueSpecification","valueRequired":true,"valueName":"search_term_string"}}],"inLanguage":"lv-LV"}]}},"_links":{"self":[{"href":"https:\/\/toys.lt\/lv\/wp-json\/wp\/v2\/product\/42280","targetHints":{"allow":["GET"]}}],"collection":[{"href":"https:\/\/toys.lt\/lv\/wp-json\/wp\/v2\/product"}],"about":[{"href":"https:\/\/toys.lt\/lv\/wp-json\/wp\/v2\/types\/product"}],"replies":[{"embeddable":true,"href":"https:\/\/toys.lt\/lv\/wp-json\/wp\/v2\/comments?post=42280"}],"version-history":[{"count":1,"href":"https:\/\/toys.lt\/lv\/wp-json\/wp\/v2\/product\/42280\/revisions"}],"predecessor-version":[{"id":46177,"href":"https:\/\/toys.lt\/lv\/wp-json\/wp\/v2\/product\/42280\/revisions\/46177"}],"wp:featuredmedia":[{"embeddable":true,"href":"https:\/\/toys.lt\/lv\/wp-json\/wp\/v2\/media\/37625"}],"wp:attachment":[{"href":"https:\/\/toys.lt\/lv\/wp-json\/wp\/v2\/media?parent=42280"}],"wp:term":[{"taxonomy":"product_brand","embeddable":true,"href":"https:\/\/toys.lt\/lv\/wp-json\/wp\/v2\/product_brand?post=42280"},{"taxonomy":"product_cat","embeddable":true,"href":"https:\/\/toys.lt\/lv\/wp-json\/wp\/v2\/product_cat?post=42280"},{"taxonomy":"product_tag","embeddable":true,"href":"https:\/\/toys.lt\/lv\/wp-json\/wp\/v2\/product_tag?post=42280"}],"curies":[{"name":"wp","href":"https:\/\/api.w.org\/{rel}","templated":true}]}}