{"id":42276,"date":"2020-10-23T16:03:04","date_gmt":"2020-10-23T16:03:04","guid":{"rendered":"https:\/\/toys.lt\/produktas\/skuteris-motorollers-6\/"},"modified":"2026-03-30T00:25:15","modified_gmt":"2026-03-30T00:25:15","slug":"skuteris-motorollers-6","status":"publish","type":"product","link":"https:\/\/toys.lt\/lv\/produktas\/skuteris-motorollers-6\/","title":{"rendered":"S\u0113d\u0113\u0161anas un apst\u0101\u0161an\u0101s ma\u0161\u012bna ar m\u016bziku un apgaismojumu"},"content":{"rendered":"<p data-start=\"223\" data-end=\"455\"><strong data-start=\"223\" data-end=\"253\">S\u0113do\u0161s un st\u0101vo\u0161s automobilis<\/strong> ir iztur\u012bgs un stil\u012bgs transportl\u012bdzeklis maziem b\u0113rniem. Pla\u0161ais, atbalsto\u0161ais s\u0113deklis un iztur\u012bg\u0101 konstrukcija nodro\u0161ina komfortu un dro\u0161\u012bbu, savuk\u0101rt lieli rite\u0146i nodro\u0161ina stabilit\u0101ti gan m\u0101j\u0101s, gan \u0101r\u0101. <\/p>\n<p data-start=\"457\" data-end=\"679\">Automa\u0161\u012bnai ir muzik\u0101ls st\u016bres meh\u0101nisms ar ska\u0146\u0101m un gaism\u0101m, kas padara braucienu v\u0113l jautr\u0101ku. Zem s\u0113dek\u013ca ir vieta rota\u013cliet\u0101m vai s\u012bkumiem. Aizmugur\u0113jais rokturis \u013cauj vec\u0101kiem pal\u012bdz\u0113t vai kontrol\u0113t sava mazu\u013ca brauk\u0161anu.  <\/p>\n<hr data-start=\"681\" data-end=\"684\">\n<h3 data-start=\"686\" data-end=\"701\">\u2b50 Funkcijas<\/h3>\n<ul data-start=\"702\" data-end=\"1006\">\n<li data-start=\"702\" data-end=\"740\">\n<p data-start=\"704\" data-end=\"740\">Sportisks, re\u0101listisks dizains.<\/p>\n<\/li>\n<li data-start=\"741\" data-end=\"786\">\n<p data-start=\"743\" data-end=\"786\">Muzik\u0101ls st\u016bres rats ar ska\u0146\u0101m un gaism\u0101m.<\/p>\n<\/li>\n<li data-start=\"787\" data-end=\"812\">\n<p data-start=\"789\" data-end=\"812\">Zem s\u0113dek\u013ca atrodas glab\u0101\u0161anas nodal\u012bjums.<\/p>\n<\/li>\n<li data-start=\"813\" data-end=\"858\">\n<p data-start=\"815\" data-end=\"858\">Dro\u0161\u012bbu nodro\u0161ina iztur\u012bgs muguras balsts.<\/p>\n<\/li>\n<li data-start=\"859\" data-end=\"896\">\n<p data-start=\"861\" data-end=\"896\">Pla\u0161s s\u0113deklis \u0113rtai brauk\u0161anai.<\/p>\n<\/li>\n<li data-start=\"897\" data-end=\"926\">\n<p data-start=\"899\" data-end=\"926\">Lieli rite\u0146i stabilit\u0101tei.<\/p>\n<\/li>\n<li data-start=\"927\" data-end=\"969\">\n<p data-start=\"929\" data-end=\"969\">Aizmugur\u0113jais rokturis, kas pal\u012bdz vec\u0101kiem vad\u012bt automa\u0161\u012bnu.<\/p>\n<\/li>\n<li data-start=\"970\" data-end=\"1006\">\n<p data-start=\"972\" data-end=\"1006\">Viegli samont\u0113jams un manevr\u0113tsp\u0113j\u012bgs.<\/p>\n<\/li>\n<\/ul>\n<hr data-start=\"1008\" data-end=\"1011\">\n<h3 data-start=\"1013\" data-end=\"1042\">\ud83d\udd27 Tehnisk\u0101 inform\u0101cija<\/h3>\n<ul data-start=\"1043\" data-end=\"1414\">\n<li data-start=\"1043\" data-end=\"1081\">\n<p data-start=\"1045\" data-end=\"1081\">Ieteicamais vecums: 1-3 gadi.<\/p>\n<\/li>\n<li data-start=\"1082\" data-end=\"1111\">\n<p data-start=\"1084\" data-end=\"1111\">Maksim\u0101l\u0101 slodze: 25 kg.<\/p>\n<\/li>\n<li data-start=\"1112\" data-end=\"1153\">\n<p data-start=\"1114\" data-end=\"1153\">Ma\u0161\u012bnas izm\u0113ri: 64 \u00d7 30 \u00d7 45 cm.<\/p>\n<\/li>\n<li data-start=\"1154\" data-end=\"1196\">\n<p data-start=\"1156\" data-end=\"1196\">Iepakojuma izm\u0113ri: 68 \u00d7 29 \u00d7 40 cm.<\/p>\n<\/li>\n<li data-start=\"1197\" data-end=\"1216\">\n<p data-start=\"1199\" data-end=\"1216\">Svars: 3,4 kg.<\/p>\n<\/li>\n<li data-start=\"1217\" data-end=\"1269\">\n<p data-start=\"1219\" data-end=\"1269\">Materi\u0101ls: plastmasa (augst\u0101k\u0101s kvalit\u0101tes, iztur\u012bgs).<\/p>\n<\/li>\n<li data-start=\"1270\" data-end=\"1298\">\n<p data-start=\"1272\" data-end=\"1298\">Kr\u0101sas: sarkana, balta.<\/p>\n<\/li>\n<li data-start=\"1299\" data-end=\"1335\">\n<p data-start=\"1301\" data-end=\"1335\">Baterijas: 2 \u00d7 AA (nav iek\u013cautas komplekt\u0101).<\/p>\n<\/li>\n<li data-start=\"1362\" data-end=\"1414\">\n<p data-start=\"1364\" data-end=\"1414\">Dro\u0161\u012bbas br\u012bdin\u0101jums: nepiecie\u0161ama pieaugu\u0161o uzraudz\u012bba.<\/p>\n<\/li>\n<\/ul>\n","protected":false},"excerpt":{"rendered":"<p>Produkta veids: p\u0101rvieto\u0161an\u0101s pal\u012bgl\u012bdzeklis<\/p>\n<p>Izcelsmes valsts: \u0136\u012bna<\/p>\n<p data-start=\"1114\" data-end=\"1153\">Ma\u0161\u012bnas izm\u0113ri: 64 \u00d7 30 \u00d7 45 cm.<\/p>\n<p data-start=\"1156\" data-end=\"1196\">Iepakojuma izm\u0113ri: 68 \u00d7 29 \u00d7 40 cm.<\/p>\n<p>Svars &#8211; 3,4 kg<\/p>\n<p>Maksim\u0101l\u0101 slodze 25 kg<\/p>\n<p>Produkta materi\u0101ls: plastmasa<\/p>\n<p>Ieteicamais vecums: 1-3 gadi<\/p>\n<p>Baterijas: 2 \u00d7 AA (nav iek\u013cautas komplekt\u0101)<\/p>\n","protected":false},"featured_media":37623,"comment_status":"open","ping_status":"closed","template":"","meta":[],"product_brand":[],"product_cat":[1180,1176,1162,1155,1169],"product_tag":[],"class_list":{"0":"post-42276","1":"product","2":"type-product","3":"status-publish","4":"has-post-thumbnail","6":"product_cat-rotallietas-meitenem","7":"product_cat-rotallietas-zeniem","8":"product_cat-ara-un-vasaras-rotallietas","9":"product_cat-leti","10":"product_cat-uzsezamas-un-pedalu-rotallietu-masinas-un-traktori","11":"pa_amziaus-grupe-1-lv","12":"pa_prek-s-spalva-sarkanais","13":"pa_prek-s-spalva-white","14":"pa_prek-s-tipas-skrejriteni","15":"pa_spalva-sarkana-balta","17":"first","18":"outofstock","19":"taxable","20":"shipping-taxable","21":"product-type-variable"},"yoast_head":"<!-- This site is optimized with the Yoast SEO plugin v26.3 - https:\/\/yoast.com\/wordpress\/plugins\/seo\/ -->\n<title>S\u0113d\u0113\u0161anas un apst\u0101\u0161an\u0101s ma\u0161\u012bna ar m\u016bziku un apgaismojumu - Toys.lt<\/title>\n<meta name=\"description\" content=\"S\u0113do\u0161s un apst\u0101din\u0101ms auto b\u0113rniem ar muzik\u0101lu st\u016bres meh\u0101nismu, ska\u0146\u0101m un gaism\u0101m. Iztur\u012bga konstrukcija, uzglab\u0101\u0161anas vieta zem s\u0113dek\u013ca un aizmugur\u0113jais rokturis vec\u0101kiem.\" \/>\n<meta name=\"robots\" content=\"index, follow, max-snippet:-1, max-image-preview:large, max-video-preview:-1\" \/>\n<link rel=\"canonical\" href=\"https:\/\/toys.lt\/lv\/produktas\/skuteris-motorollers-6\/\" \/>\n<meta property=\"og:locale\" content=\"lv_LV\" \/>\n<meta property=\"og:type\" content=\"article\" \/>\n<meta property=\"og:title\" content=\"S\u0113d\u0113\u0161anas un apst\u0101\u0161an\u0101s ma\u0161\u012bna ar m\u016bziku un apgaismojumu - Toys.lt\" \/>\n<meta property=\"og:description\" content=\"S\u0113do\u0161s un apst\u0101din\u0101ms auto b\u0113rniem ar muzik\u0101lu st\u016bres meh\u0101nismu, ska\u0146\u0101m un gaism\u0101m. Iztur\u012bga konstrukcija, uzglab\u0101\u0161anas vieta zem s\u0113dek\u013ca un aizmugur\u0113jais rokturis vec\u0101kiem.\" \/>\n<meta property=\"og:url\" content=\"https:\/\/toys.lt\/lv\/produktas\/skuteris-motorollers-6\/\" \/>\n<meta property=\"og:site_name\" content=\"Toys.lt\" \/>\n<meta property=\"article:modified_time\" content=\"2026-03-30T00:25:15+00:00\" \/>\n<meta property=\"og:image\" content=\"https:\/\/toys.lt\/wp-content\/uploads\/2020\/10\/products-1601.jpg\" \/>\n\t<meta property=\"og:image:width\" content=\"960\" \/>\n\t<meta property=\"og:image:height\" content=\"1000\" \/>\n\t<meta property=\"og:image:type\" content=\"image\/jpeg\" \/>\n<meta name=\"twitter:card\" content=\"summary_large_image\" \/>\n<meta name=\"twitter:label1\" content=\"Est. reading time\" \/>\n\t<meta name=\"twitter:data1\" content=\"1 minute\" \/>\n<script type=\"application\/ld+json\" class=\"yoast-schema-graph\">{\"@context\":\"https:\/\/schema.org\",\"@graph\":[{\"@type\":\"WebPage\",\"@id\":\"https:\/\/toys.lt\/lv\/produktas\/skuteris-motorollers-6\/\",\"url\":\"https:\/\/toys.lt\/lv\/produktas\/skuteris-motorollers-6\/\",\"name\":\"S\u0113d\u0113\u0161anas un apst\u0101\u0161an\u0101s ma\u0161\u012bna ar m\u016bziku un apgaismojumu - Toys.lt\",\"isPartOf\":{\"@id\":\"https:\/\/toys.lt\/lv\/#website\"},\"primaryImageOfPage\":{\"@id\":\"https:\/\/toys.lt\/lv\/produktas\/skuteris-motorollers-6\/#primaryimage\"},\"image\":{\"@id\":\"https:\/\/toys.lt\/lv\/produktas\/skuteris-motorollers-6\/#primaryimage\"},\"thumbnailUrl\":\"https:\/\/toys.lt\/wp-content\/uploads\/2020\/10\/products-1601.jpg\",\"datePublished\":\"2020-10-23T16:03:04+00:00\",\"dateModified\":\"2026-03-30T00:25:15+00:00\",\"description\":\"S\u0113do\u0161s un apst\u0101din\u0101ms auto b\u0113rniem ar muzik\u0101lu st\u016bres meh\u0101nismu, ska\u0146\u0101m un gaism\u0101m. Iztur\u012bga konstrukcija, uzglab\u0101\u0161anas vieta zem s\u0113dek\u013ca un aizmugur\u0113jais rokturis vec\u0101kiem.\",\"breadcrumb\":{\"@id\":\"https:\/\/toys.lt\/lv\/produktas\/skuteris-motorollers-6\/#breadcrumb\"},\"inLanguage\":\"lv-LV\",\"potentialAction\":[{\"@type\":\"ReadAction\",\"target\":[\"https:\/\/toys.lt\/lv\/produktas\/skuteris-motorollers-6\/\"]}]},{\"@type\":\"ImageObject\",\"inLanguage\":\"lv-LV\",\"@id\":\"https:\/\/toys.lt\/lv\/produktas\/skuteris-motorollers-6\/#primaryimage\",\"url\":\"https:\/\/toys.lt\/wp-content\/uploads\/2020\/10\/products-1601.jpg\",\"contentUrl\":\"https:\/\/toys.lt\/wp-content\/uploads\/2020\/10\/products-1601.jpg\",\"width\":960,\"height\":1000,\"caption\":\"Paspiriama ma\u0161ina &#8211; paspirtukas\"},{\"@type\":\"BreadcrumbList\",\"@id\":\"https:\/\/toys.lt\/lv\/produktas\/skuteris-motorollers-6\/#breadcrumb\",\"itemListElement\":[{\"@type\":\"ListItem\",\"position\":1,\"name\":\"Home\",\"item\":\"https:\/\/toys.lt\/lv\/\"},{\"@type\":\"ListItem\",\"position\":2,\"name\":\"Veikals\",\"item\":\"https:\/\/toys.lt\/lv\/shop\/\"},{\"@type\":\"ListItem\",\"position\":3,\"name\":\"S\u0113d\u0113\u0161anas un apst\u0101\u0161an\u0101s ma\u0161\u012bna ar m\u016bziku un apgaismojumu\"}]},{\"@type\":\"WebSite\",\"@id\":\"https:\/\/toys.lt\/lv\/#website\",\"url\":\"https:\/\/toys.lt\/lv\/\",\"name\":\"Toys.lt\",\"description\":\"\",\"potentialAction\":[{\"@type\":\"SearchAction\",\"target\":{\"@type\":\"EntryPoint\",\"urlTemplate\":\"https:\/\/toys.lt\/lv\/?s={search_term_string}\"},\"query-input\":{\"@type\":\"PropertyValueSpecification\",\"valueRequired\":true,\"valueName\":\"search_term_string\"}}],\"inLanguage\":\"lv-LV\"}]}<\/script>\n<!-- \/ Yoast SEO plugin. -->","yoast_head_json":{"title":"S\u0113d\u0113\u0161anas un apst\u0101\u0161an\u0101s ma\u0161\u012bna ar m\u016bziku un apgaismojumu - Toys.lt","description":"S\u0113do\u0161s un apst\u0101din\u0101ms auto b\u0113rniem ar muzik\u0101lu st\u016bres meh\u0101nismu, ska\u0146\u0101m un gaism\u0101m. Iztur\u012bga konstrukcija, uzglab\u0101\u0161anas vieta zem s\u0113dek\u013ca un aizmugur\u0113jais rokturis vec\u0101kiem.","robots":{"index":"index","follow":"follow","max-snippet":"max-snippet:-1","max-image-preview":"max-image-preview:large","max-video-preview":"max-video-preview:-1"},"canonical":"https:\/\/toys.lt\/lv\/produktas\/skuteris-motorollers-6\/","og_locale":"lv_LV","og_type":"article","og_title":"S\u0113d\u0113\u0161anas un apst\u0101\u0161an\u0101s ma\u0161\u012bna ar m\u016bziku un apgaismojumu - Toys.lt","og_description":"S\u0113do\u0161s un apst\u0101din\u0101ms auto b\u0113rniem ar muzik\u0101lu st\u016bres meh\u0101nismu, ska\u0146\u0101m un gaism\u0101m. Iztur\u012bga konstrukcija, uzglab\u0101\u0161anas vieta zem s\u0113dek\u013ca un aizmugur\u0113jais rokturis vec\u0101kiem.","og_url":"https:\/\/toys.lt\/lv\/produktas\/skuteris-motorollers-6\/","og_site_name":"Toys.lt","article_modified_time":"2026-03-30T00:25:15+00:00","og_image":[{"width":960,"height":1000,"url":"https:\/\/toys.lt\/wp-content\/uploads\/2020\/10\/products-1601.jpg","type":"image\/jpeg"}],"twitter_card":"summary_large_image","twitter_misc":{"Est. reading time":"1 minute"},"schema":{"@context":"https:\/\/schema.org","@graph":[{"@type":"WebPage","@id":"https:\/\/toys.lt\/lv\/produktas\/skuteris-motorollers-6\/","url":"https:\/\/toys.lt\/lv\/produktas\/skuteris-motorollers-6\/","name":"S\u0113d\u0113\u0161anas un apst\u0101\u0161an\u0101s ma\u0161\u012bna ar m\u016bziku un apgaismojumu - Toys.lt","isPartOf":{"@id":"https:\/\/toys.lt\/lv\/#website"},"primaryImageOfPage":{"@id":"https:\/\/toys.lt\/lv\/produktas\/skuteris-motorollers-6\/#primaryimage"},"image":{"@id":"https:\/\/toys.lt\/lv\/produktas\/skuteris-motorollers-6\/#primaryimage"},"thumbnailUrl":"https:\/\/toys.lt\/wp-content\/uploads\/2020\/10\/products-1601.jpg","datePublished":"2020-10-23T16:03:04+00:00","dateModified":"2026-03-30T00:25:15+00:00","description":"S\u0113do\u0161s un apst\u0101din\u0101ms auto b\u0113rniem ar muzik\u0101lu st\u016bres meh\u0101nismu, ska\u0146\u0101m un gaism\u0101m. Iztur\u012bga konstrukcija, uzglab\u0101\u0161anas vieta zem s\u0113dek\u013ca un aizmugur\u0113jais rokturis vec\u0101kiem.","breadcrumb":{"@id":"https:\/\/toys.lt\/lv\/produktas\/skuteris-motorollers-6\/#breadcrumb"},"inLanguage":"lv-LV","potentialAction":[{"@type":"ReadAction","target":["https:\/\/toys.lt\/lv\/produktas\/skuteris-motorollers-6\/"]}]},{"@type":"ImageObject","inLanguage":"lv-LV","@id":"https:\/\/toys.lt\/lv\/produktas\/skuteris-motorollers-6\/#primaryimage","url":"https:\/\/toys.lt\/wp-content\/uploads\/2020\/10\/products-1601.jpg","contentUrl":"https:\/\/toys.lt\/wp-content\/uploads\/2020\/10\/products-1601.jpg","width":960,"height":1000,"caption":"Paspiriama ma\u0161ina &#8211; paspirtukas"},{"@type":"BreadcrumbList","@id":"https:\/\/toys.lt\/lv\/produktas\/skuteris-motorollers-6\/#breadcrumb","itemListElement":[{"@type":"ListItem","position":1,"name":"Home","item":"https:\/\/toys.lt\/lv\/"},{"@type":"ListItem","position":2,"name":"Veikals","item":"https:\/\/toys.lt\/lv\/shop\/"},{"@type":"ListItem","position":3,"name":"S\u0113d\u0113\u0161anas un apst\u0101\u0161an\u0101s ma\u0161\u012bna ar m\u016bziku un apgaismojumu"}]},{"@type":"WebSite","@id":"https:\/\/toys.lt\/lv\/#website","url":"https:\/\/toys.lt\/lv\/","name":"Toys.lt","description":"","potentialAction":[{"@type":"SearchAction","target":{"@type":"EntryPoint","urlTemplate":"https:\/\/toys.lt\/lv\/?s={search_term_string}"},"query-input":{"@type":"PropertyValueSpecification","valueRequired":true,"valueName":"search_term_string"}}],"inLanguage":"lv-LV"}]}},"_links":{"self":[{"href":"https:\/\/toys.lt\/lv\/wp-json\/wp\/v2\/product\/42276","targetHints":{"allow":["GET"]}}],"collection":[{"href":"https:\/\/toys.lt\/lv\/wp-json\/wp\/v2\/product"}],"about":[{"href":"https:\/\/toys.lt\/lv\/wp-json\/wp\/v2\/types\/product"}],"replies":[{"embeddable":true,"href":"https:\/\/toys.lt\/lv\/wp-json\/wp\/v2\/comments?post=42276"}],"version-history":[{"count":1,"href":"https:\/\/toys.lt\/lv\/wp-json\/wp\/v2\/product\/42276\/revisions"}],"predecessor-version":[{"id":46303,"href":"https:\/\/toys.lt\/lv\/wp-json\/wp\/v2\/product\/42276\/revisions\/46303"}],"wp:featuredmedia":[{"embeddable":true,"href":"https:\/\/toys.lt\/lv\/wp-json\/wp\/v2\/media\/37623"}],"wp:attachment":[{"href":"https:\/\/toys.lt\/lv\/wp-json\/wp\/v2\/media?parent=42276"}],"wp:term":[{"taxonomy":"product_brand","embeddable":true,"href":"https:\/\/toys.lt\/lv\/wp-json\/wp\/v2\/product_brand?post=42276"},{"taxonomy":"product_cat","embeddable":true,"href":"https:\/\/toys.lt\/lv\/wp-json\/wp\/v2\/product_cat?post=42276"},{"taxonomy":"product_tag","embeddable":true,"href":"https:\/\/toys.lt\/lv\/wp-json\/wp\/v2\/product_tag?post=42276"}],"curies":[{"name":"wp","href":"https:\/\/api.w.org\/{rel}","templated":true}]}}