{"id":42272,"date":"2020-10-23T15:03:58","date_gmt":"2020-10-23T15:03:58","guid":{"rendered":"https:\/\/toys.lt\/produktas\/skuteris-motorollers-5\/"},"modified":"2026-03-30T00:25:15","modified_gmt":"2026-03-30T00:25:15","slug":"skuteris-motorollers-5","status":"publish","type":"product","link":"https:\/\/toys.lt\/lv\/produktas\/skuteris-motorollers-5\/","title":{"rendered":"S\u0113d\u0113\u0161anas un st\u0101v\u0113\u0161anas ma\u0161\u012bna ar ska\u0146\u0101m 1-2 gadus veciem b\u0113rniem"},"content":{"rendered":"<p data-start=\"245\" data-end=\"548\"><strong data-start=\"245\" data-end=\"275\">S\u0113d\u0113\u0161anas un st\u0101v\u0113\u0161anas ma\u0161\u012bna<\/strong> ir ide\u0101la rota\u013clieta mazu\u013ciem, kas tikai s\u0101k staig\u0101t. \u0112rts st\u016bres ritenis ar ska\u0146\u0101m un melodij\u0101m, ko\u0161as kr\u0101sas un stabili lielie rite\u0146i nodro\u0161ina jautru un dro\u0161u braucienu. Stabila atzveltne un vieta rota\u013cliet\u0101m zem s\u0113dek\u013ca nodro\u0161ina v\u0113l liel\u0101ku komfortu un jautr\u012bbu.  <\/p>\n<p data-start=\"550\" data-end=\"710\">Ma\u0161\u012bna att\u012bsta kust\u012bbu koordin\u0101ciju, stiprina k\u0101ju musku\u013cus, m\u0101ca l\u012bdzsvaru un patst\u0101v\u012bbu. Viegli samont\u0113jams, piem\u0113rots gan lieto\u0161anai m\u0101j\u0101s, gan \u0101rpus telp\u0101m. <\/p>\n<hr data-start=\"712\" data-end=\"715\">\n<h3 data-start=\"717\" data-end=\"732\">\u2b50 Funkcijas<\/h3>\n<ul data-start=\"733\" data-end=\"971\">\n<li data-start=\"733\" data-end=\"770\">\n<p data-start=\"735\" data-end=\"770\">St\u016bres rats ar signaliz\u0101ciju un melodij\u0101m.<\/p>\n<\/li>\n<li data-start=\"771\" data-end=\"808\">\n<p data-start=\"773\" data-end=\"808\">Lieli rite\u0146i stabilit\u0101tei.<\/p>\n<\/li>\n<li data-start=\"809\" data-end=\"850\">\n<p data-start=\"811\" data-end=\"850\">\u0112rts s\u0113deklis ar rota\u013clietu uzglab\u0101\u0161anas vietu.<\/p>\n<\/li>\n<li data-start=\"851\" data-end=\"886\">\n<p data-start=\"853\" data-end=\"886\">Iztur\u012bgs un dro\u0161s muguras balsts.<\/p>\n<\/li>\n<li data-start=\"887\" data-end=\"928\">\n<p data-start=\"889\" data-end=\"928\">Spilgtas kr\u0101sas, pievilc\u012bgs dizains.<\/p>\n<\/li>\n<li data-start=\"929\" data-end=\"971\">\n<p data-start=\"931\" data-end=\"971\">Izgatavots no augstas kvalit\u0101tes plastmasas.<\/p>\n<\/li>\n<\/ul>\n<hr data-start=\"973\" data-end=\"976\">\n<h3 data-start=\"978\" data-end=\"1007\">\ud83d\udd27 Tehnisk\u0101 inform\u0101cija<\/h3>\n<ul data-start=\"1008\" data-end=\"1476\">\n<li data-start=\"1008\" data-end=\"1046\">\n<p data-start=\"1010\" data-end=\"1046\">Ieteicamais vecums: 1-2 gadi.<\/p>\n<\/li>\n<li data-start=\"1047\" data-end=\"1084\">\n<p data-start=\"1049\" data-end=\"1084\">S\u0113dek\u013ca augstums no zemes: 28 cm.<\/p>\n<\/li>\n<li data-start=\"1085\" data-end=\"1118\">\n<p data-start=\"1087\" data-end=\"1118\">Izm\u0113ri: 60 \u00d7 29 \u00d7 36 cm.<\/p>\n<\/li>\n<li data-start=\"1208\" data-end=\"1252\">\n<p data-start=\"1210\" data-end=\"1252\">Iepakojuma izm\u0113ri: 61 \u00d7 27,5 \u00d7 25 cm.<\/p>\n<\/li>\n<li data-start=\"1253\" data-end=\"1285\">\n<p data-start=\"1255\" data-end=\"1285\">Maksim\u0101l\u0101 slodze: 27 kg.<\/p>\n<\/li>\n<li data-start=\"1286\" data-end=\"1306\">\n<p data-start=\"1288\" data-end=\"1306\">Svars: 5 kg.<\/p>\n<\/li>\n<li data-start=\"1307\" data-end=\"1331\">\n<p data-start=\"1309\" data-end=\"1331\">Materi\u0101ls: plastmasa.<\/p>\n<\/li>\n<li data-start=\"1332\" data-end=\"1360\">\n<p data-start=\"1334\" data-end=\"1360\">Kr\u0101sas: roz\u0101, zila.<\/p>\n<\/li>\n<li data-start=\"1361\" data-end=\"1397\">\n<p data-start=\"1363\" data-end=\"1397\">Baterijas: 2 \u00d7 AA (nav iek\u013cautas komplekt\u0101).<\/p>\n<\/li>\n<li data-start=\"1424\" data-end=\"1476\">\n<p data-start=\"1426\" data-end=\"1476\">Dro\u0161\u012bbas br\u012bdin\u0101jums: nepiecie\u0161ama pieaugu\u0161o uzraudz\u012bba.<\/p>\n<\/li>\n<\/ul>\n","protected":false},"excerpt":{"rendered":"<p>Ieteicamais vecums 1-2 gadi. Nepiecie\u0161ama pieaugu\u0161o uzraudz\u012bba. <\/p>\n<p>Izcelsmes valsts &#8211; \u0136\u012bna<\/p>\n<p>Materi\u0101ls &#8211; plastmasa<\/p>\n<p>Svars &#8211; 5 kg<\/p>\n<p>Maksim\u0101l\u0101 slodze &#8211; 27 kg<\/p>\n<p>Izstr\u0101d\u0101juma izm\u0113ri &#8211; 60 x 29 x 36 cm<\/p>\n<p>Iepakojuma izm\u0113ri 61 x 27,5 x 25 cm<\/p>\n<p>Kr\u0101sa &#8211; roz\u0101 un zila<\/p>\n<p>Elementi: 2 \u00d7 AA (nav iek\u013cauti komplekt\u0101)<\/p>\n","protected":false},"featured_media":37621,"comment_status":"open","ping_status":"closed","template":"","meta":[],"product_brand":[],"product_cat":[1162,1155,1166,1169],"product_tag":[],"class_list":{"0":"post-42272","1":"product","2":"type-product","3":"status-publish","4":"has-post-thumbnail","6":"product_cat-ara-un-vasaras-rotallietas","7":"product_cat-leti","8":"product_cat-skuteri-tricikli-motocikli-kvadracikli","9":"product_cat-uzsezamas-un-pedalu-rotallietu-masinas-un-traktori","10":"pa_amziaus-grupe-1-lv","11":"pa_prek-s-spalva-roza-lv","12":"pa_prek-s-spalva-zilais","14":"first","15":"outofstock","16":"taxable","17":"shipping-taxable","18":"product-type-variable"},"yoast_head":"<!-- This site is optimized with the Yoast SEO plugin v26.3 - https:\/\/yoast.com\/wordpress\/plugins\/seo\/ -->\n<title>S\u0113d\u0113\u0161anas un st\u0101v\u0113\u0161anas ma\u0161\u012bna ar ska\u0146\u0101m 1-2 gadus veciem b\u0113rniem - Toys.lt<\/title>\n<meta name=\"description\" content=\"Skrejritenis b\u0113rniem no 1 l\u012bdz 2 gadu vecumam. \u0112rta atzveltne, ska\u013c\u0161 st\u016bresrats ar melodij\u0101m, vieta rota\u013cliet\u0101m zem s\u0113dek\u013ca un stabili rite\u0146i dro\u0161ai brauk\u0161anai.\" \/>\n<meta name=\"robots\" content=\"index, follow, max-snippet:-1, max-image-preview:large, max-video-preview:-1\" \/>\n<link rel=\"canonical\" href=\"https:\/\/toys.lt\/lv\/produktas\/skuteris-motorollers-5\/\" \/>\n<meta property=\"og:locale\" content=\"lv_LV\" \/>\n<meta property=\"og:type\" content=\"article\" \/>\n<meta property=\"og:title\" content=\"S\u0113d\u0113\u0161anas un st\u0101v\u0113\u0161anas ma\u0161\u012bna ar ska\u0146\u0101m 1-2 gadus veciem b\u0113rniem - Toys.lt\" \/>\n<meta property=\"og:description\" content=\"Skrejritenis b\u0113rniem no 1 l\u012bdz 2 gadu vecumam. \u0112rta atzveltne, ska\u013c\u0161 st\u016bresrats ar melodij\u0101m, vieta rota\u013cliet\u0101m zem s\u0113dek\u013ca un stabili rite\u0146i dro\u0161ai brauk\u0161anai.\" \/>\n<meta property=\"og:url\" content=\"https:\/\/toys.lt\/lv\/produktas\/skuteris-motorollers-5\/\" \/>\n<meta property=\"og:site_name\" content=\"Toys.lt\" \/>\n<meta property=\"article:modified_time\" content=\"2026-03-30T00:25:15+00:00\" \/>\n<meta property=\"og:image\" content=\"https:\/\/toys.lt\/wp-content\/uploads\/2020\/10\/products-1598.jpg\" \/>\n\t<meta property=\"og:image:width\" content=\"382\" \/>\n\t<meta property=\"og:image:height\" content=\"416\" \/>\n\t<meta property=\"og:image:type\" content=\"image\/jpeg\" \/>\n<meta name=\"twitter:card\" content=\"summary_large_image\" \/>\n<meta name=\"twitter:label1\" content=\"Est. reading time\" \/>\n\t<meta name=\"twitter:data1\" content=\"1 minute\" \/>\n<script type=\"application\/ld+json\" class=\"yoast-schema-graph\">{\"@context\":\"https:\/\/schema.org\",\"@graph\":[{\"@type\":\"WebPage\",\"@id\":\"https:\/\/toys.lt\/lv\/produktas\/skuteris-motorollers-5\/\",\"url\":\"https:\/\/toys.lt\/lv\/produktas\/skuteris-motorollers-5\/\",\"name\":\"S\u0113d\u0113\u0161anas un st\u0101v\u0113\u0161anas ma\u0161\u012bna ar ska\u0146\u0101m 1-2 gadus veciem b\u0113rniem - Toys.lt\",\"isPartOf\":{\"@id\":\"https:\/\/toys.lt\/lv\/#website\"},\"primaryImageOfPage\":{\"@id\":\"https:\/\/toys.lt\/lv\/produktas\/skuteris-motorollers-5\/#primaryimage\"},\"image\":{\"@id\":\"https:\/\/toys.lt\/lv\/produktas\/skuteris-motorollers-5\/#primaryimage\"},\"thumbnailUrl\":\"https:\/\/toys.lt\/wp-content\/uploads\/2020\/10\/products-1598.jpg\",\"datePublished\":\"2020-10-23T15:03:58+00:00\",\"dateModified\":\"2026-03-30T00:25:15+00:00\",\"description\":\"Skrejritenis b\u0113rniem no 1 l\u012bdz 2 gadu vecumam. \u0112rta atzveltne, ska\u013c\u0161 st\u016bresrats ar melodij\u0101m, vieta rota\u013cliet\u0101m zem s\u0113dek\u013ca un stabili rite\u0146i dro\u0161ai brauk\u0161anai.\",\"breadcrumb\":{\"@id\":\"https:\/\/toys.lt\/lv\/produktas\/skuteris-motorollers-5\/#breadcrumb\"},\"inLanguage\":\"lv-LV\",\"potentialAction\":[{\"@type\":\"ReadAction\",\"target\":[\"https:\/\/toys.lt\/lv\/produktas\/skuteris-motorollers-5\/\"]}]},{\"@type\":\"ImageObject\",\"inLanguage\":\"lv-LV\",\"@id\":\"https:\/\/toys.lt\/lv\/produktas\/skuteris-motorollers-5\/#primaryimage\",\"url\":\"https:\/\/toys.lt\/wp-content\/uploads\/2020\/10\/products-1598.jpg\",\"contentUrl\":\"https:\/\/toys.lt\/wp-content\/uploads\/2020\/10\/products-1598.jpg\",\"width\":382,\"height\":416,\"caption\":\"Paspiriama ma\u0161ina &#8211; paspirtukas\"},{\"@type\":\"BreadcrumbList\",\"@id\":\"https:\/\/toys.lt\/lv\/produktas\/skuteris-motorollers-5\/#breadcrumb\",\"itemListElement\":[{\"@type\":\"ListItem\",\"position\":1,\"name\":\"Home\",\"item\":\"https:\/\/toys.lt\/lv\/\"},{\"@type\":\"ListItem\",\"position\":2,\"name\":\"Veikals\",\"item\":\"https:\/\/toys.lt\/lv\/shop\/\"},{\"@type\":\"ListItem\",\"position\":3,\"name\":\"S\u0113d\u0113\u0161anas un st\u0101v\u0113\u0161anas ma\u0161\u012bna ar ska\u0146\u0101m 1-2 gadus veciem b\u0113rniem\"}]},{\"@type\":\"WebSite\",\"@id\":\"https:\/\/toys.lt\/lv\/#website\",\"url\":\"https:\/\/toys.lt\/lv\/\",\"name\":\"Toys.lt\",\"description\":\"\",\"potentialAction\":[{\"@type\":\"SearchAction\",\"target\":{\"@type\":\"EntryPoint\",\"urlTemplate\":\"https:\/\/toys.lt\/lv\/?s={search_term_string}\"},\"query-input\":{\"@type\":\"PropertyValueSpecification\",\"valueRequired\":true,\"valueName\":\"search_term_string\"}}],\"inLanguage\":\"lv-LV\"}]}<\/script>\n<!-- \/ Yoast SEO plugin. -->","yoast_head_json":{"title":"S\u0113d\u0113\u0161anas un st\u0101v\u0113\u0161anas ma\u0161\u012bna ar ska\u0146\u0101m 1-2 gadus veciem b\u0113rniem - Toys.lt","description":"Skrejritenis b\u0113rniem no 1 l\u012bdz 2 gadu vecumam. \u0112rta atzveltne, ska\u013c\u0161 st\u016bresrats ar melodij\u0101m, vieta rota\u013cliet\u0101m zem s\u0113dek\u013ca un stabili rite\u0146i dro\u0161ai brauk\u0161anai.","robots":{"index":"index","follow":"follow","max-snippet":"max-snippet:-1","max-image-preview":"max-image-preview:large","max-video-preview":"max-video-preview:-1"},"canonical":"https:\/\/toys.lt\/lv\/produktas\/skuteris-motorollers-5\/","og_locale":"lv_LV","og_type":"article","og_title":"S\u0113d\u0113\u0161anas un st\u0101v\u0113\u0161anas ma\u0161\u012bna ar ska\u0146\u0101m 1-2 gadus veciem b\u0113rniem - Toys.lt","og_description":"Skrejritenis b\u0113rniem no 1 l\u012bdz 2 gadu vecumam. \u0112rta atzveltne, ska\u013c\u0161 st\u016bresrats ar melodij\u0101m, vieta rota\u013cliet\u0101m zem s\u0113dek\u013ca un stabili rite\u0146i dro\u0161ai brauk\u0161anai.","og_url":"https:\/\/toys.lt\/lv\/produktas\/skuteris-motorollers-5\/","og_site_name":"Toys.lt","article_modified_time":"2026-03-30T00:25:15+00:00","og_image":[{"width":382,"height":416,"url":"https:\/\/toys.lt\/wp-content\/uploads\/2020\/10\/products-1598.jpg","type":"image\/jpeg"}],"twitter_card":"summary_large_image","twitter_misc":{"Est. reading time":"1 minute"},"schema":{"@context":"https:\/\/schema.org","@graph":[{"@type":"WebPage","@id":"https:\/\/toys.lt\/lv\/produktas\/skuteris-motorollers-5\/","url":"https:\/\/toys.lt\/lv\/produktas\/skuteris-motorollers-5\/","name":"S\u0113d\u0113\u0161anas un st\u0101v\u0113\u0161anas ma\u0161\u012bna ar ska\u0146\u0101m 1-2 gadus veciem b\u0113rniem - Toys.lt","isPartOf":{"@id":"https:\/\/toys.lt\/lv\/#website"},"primaryImageOfPage":{"@id":"https:\/\/toys.lt\/lv\/produktas\/skuteris-motorollers-5\/#primaryimage"},"image":{"@id":"https:\/\/toys.lt\/lv\/produktas\/skuteris-motorollers-5\/#primaryimage"},"thumbnailUrl":"https:\/\/toys.lt\/wp-content\/uploads\/2020\/10\/products-1598.jpg","datePublished":"2020-10-23T15:03:58+00:00","dateModified":"2026-03-30T00:25:15+00:00","description":"Skrejritenis b\u0113rniem no 1 l\u012bdz 2 gadu vecumam. \u0112rta atzveltne, ska\u013c\u0161 st\u016bresrats ar melodij\u0101m, vieta rota\u013cliet\u0101m zem s\u0113dek\u013ca un stabili rite\u0146i dro\u0161ai brauk\u0161anai.","breadcrumb":{"@id":"https:\/\/toys.lt\/lv\/produktas\/skuteris-motorollers-5\/#breadcrumb"},"inLanguage":"lv-LV","potentialAction":[{"@type":"ReadAction","target":["https:\/\/toys.lt\/lv\/produktas\/skuteris-motorollers-5\/"]}]},{"@type":"ImageObject","inLanguage":"lv-LV","@id":"https:\/\/toys.lt\/lv\/produktas\/skuteris-motorollers-5\/#primaryimage","url":"https:\/\/toys.lt\/wp-content\/uploads\/2020\/10\/products-1598.jpg","contentUrl":"https:\/\/toys.lt\/wp-content\/uploads\/2020\/10\/products-1598.jpg","width":382,"height":416,"caption":"Paspiriama ma\u0161ina &#8211; paspirtukas"},{"@type":"BreadcrumbList","@id":"https:\/\/toys.lt\/lv\/produktas\/skuteris-motorollers-5\/#breadcrumb","itemListElement":[{"@type":"ListItem","position":1,"name":"Home","item":"https:\/\/toys.lt\/lv\/"},{"@type":"ListItem","position":2,"name":"Veikals","item":"https:\/\/toys.lt\/lv\/shop\/"},{"@type":"ListItem","position":3,"name":"S\u0113d\u0113\u0161anas un st\u0101v\u0113\u0161anas ma\u0161\u012bna ar ska\u0146\u0101m 1-2 gadus veciem b\u0113rniem"}]},{"@type":"WebSite","@id":"https:\/\/toys.lt\/lv\/#website","url":"https:\/\/toys.lt\/lv\/","name":"Toys.lt","description":"","potentialAction":[{"@type":"SearchAction","target":{"@type":"EntryPoint","urlTemplate":"https:\/\/toys.lt\/lv\/?s={search_term_string}"},"query-input":{"@type":"PropertyValueSpecification","valueRequired":true,"valueName":"search_term_string"}}],"inLanguage":"lv-LV"}]}},"_links":{"self":[{"href":"https:\/\/toys.lt\/lv\/wp-json\/wp\/v2\/product\/42272","targetHints":{"allow":["GET"]}}],"collection":[{"href":"https:\/\/toys.lt\/lv\/wp-json\/wp\/v2\/product"}],"about":[{"href":"https:\/\/toys.lt\/lv\/wp-json\/wp\/v2\/types\/product"}],"replies":[{"embeddable":true,"href":"https:\/\/toys.lt\/lv\/wp-json\/wp\/v2\/comments?post=42272"}],"version-history":[{"count":1,"href":"https:\/\/toys.lt\/lv\/wp-json\/wp\/v2\/product\/42272\/revisions"}],"predecessor-version":[{"id":46301,"href":"https:\/\/toys.lt\/lv\/wp-json\/wp\/v2\/product\/42272\/revisions\/46301"}],"wp:featuredmedia":[{"embeddable":true,"href":"https:\/\/toys.lt\/lv\/wp-json\/wp\/v2\/media\/37621"}],"wp:attachment":[{"href":"https:\/\/toys.lt\/lv\/wp-json\/wp\/v2\/media?parent=42272"}],"wp:term":[{"taxonomy":"product_brand","embeddable":true,"href":"https:\/\/toys.lt\/lv\/wp-json\/wp\/v2\/product_brand?post=42272"},{"taxonomy":"product_cat","embeddable":true,"href":"https:\/\/toys.lt\/lv\/wp-json\/wp\/v2\/product_cat?post=42272"},{"taxonomy":"product_tag","embeddable":true,"href":"https:\/\/toys.lt\/lv\/wp-json\/wp\/v2\/product_tag?post=42272"}],"curies":[{"name":"wp","href":"https:\/\/api.w.org\/{rel}","templated":true}]}}