{"id":42266,"date":"2020-10-23T13:20:03","date_gmt":"2020-10-23T13:20:03","guid":{"rendered":"https:\/\/toys.lt\/produktas\/skuteris-motorollers-3\/"},"modified":"2026-03-30T00:25:14","modified_gmt":"2026-03-30T00:25:14","slug":"skuteris-motorollers-3","status":"publish","type":"product","link":"https:\/\/toys.lt\/lv\/produktas\/skuteris-motorollers-3\/","title":{"rendered":"Skrejritenis skrejritenis b\u0113rniem no 1 l\u012bdz 2 gadiem"},"content":{"rendered":"<p data-start=\"136\" data-end=\"413\"><strong data-start=\"136\" data-end=\"171\">Sk\u016bteris<\/strong> ir ide\u0101la rota\u013clieta mazu\u013ciem, kas tikai s\u0101k staig\u0101t. \u0112rts s\u0113deklis, iztur\u012bgs muguras balsts un lieli rite\u0146i nodro\u0161ina stabilit\u0101ti un dro\u0161\u012bbu. Pateicoties iztur\u012bgajai konstrukcijai, b\u0113rnam ir \u0113rti un jautri ar to braukt gan m\u0101j\u0101s, gan \u0101r\u0101.  <\/p>\n<p data-start=\"415\" data-end=\"634\">\u0160is skrejritenis att\u012bsta j\u016bsu mazu\u013ca motoriku, koordin\u0101ciju un l\u012bdzsvaru, sniedzot vi\u0146am daudz jautr\u012bbas un akt\u012bvu kust\u012bbu. Viegli saliekams un manevr\u0113ts, tas b\u016bs neaizst\u0101jams pal\u012bgs ikdien\u0101. <\/p>\n<hr data-start=\"636\" data-end=\"639\">\n<h3 data-start=\"641\" data-end=\"656\">\u2b50 Funkcijas<\/h3>\n<ul data-start=\"657\" data-end=\"861\">\n<li data-start=\"657\" data-end=\"693\">\n<p data-start=\"659\" data-end=\"693\">\u0112rts s\u0113deklis un muguras balsts.<\/p>\n<\/li>\n<li data-start=\"694\" data-end=\"732\">\n<p data-start=\"696\" data-end=\"732\">Lielie rite\u0146i nodro\u0161ina stabilit\u0101ti.<\/p>\n<\/li>\n<li data-start=\"733\" data-end=\"775\">\n<p data-start=\"735\" data-end=\"775\">Iztur\u012bga plastmasa, dro\u0161a konstrukcija.<\/p>\n<\/li>\n<li data-start=\"776\" data-end=\"811\">\n<p data-start=\"778\" data-end=\"811\">Piem\u0113rots lieto\u0161anai m\u0101j\u0101s un \u0101rpus telp\u0101m.<\/p>\n<\/li>\n<li data-start=\"812\" data-end=\"861\">\n<p data-start=\"814\" data-end=\"861\">Uzlabo motoriku, l\u012bdzsvaru un koordin\u0101ciju.<\/p>\n<\/li>\n<\/ul>\n<hr data-start=\"863\" data-end=\"866\">\n<h3 data-start=\"868\" data-end=\"897\">\ud83d\udd27 Tehnisk\u0101 inform\u0101cija<\/h3>\n<ul data-start=\"898\" data-end=\"1151\">\n<li data-start=\"898\" data-end=\"936\">\n<p data-start=\"900\" data-end=\"936\">Ieteicamais vecums: 1-2 gadi.<\/p>\n<\/li>\n<li data-start=\"937\" data-end=\"961\">\n<p data-start=\"939\" data-end=\"961\">Materi\u0101ls: plastmasa.<\/p>\n<\/li>\n<li data-start=\"962\" data-end=\"979\">\n<p data-start=\"964\" data-end=\"979\">Svars: 5 kg.<\/p>\n<\/li>\n<li data-start=\"980\" data-end=\"1009\">\n<p data-start=\"982\" data-end=\"1009\">Maksim\u0101l\u0101 slodze: 25 kg.<\/p>\n<\/li>\n<li data-start=\"1010\" data-end=\"1043\">\n<p data-start=\"1012\" data-end=\"1043\">Izm\u0113ri: 29 \u00d7 65 \u00d7 25 cm.<\/p>\n<\/li>\n<li data-start=\"1044\" data-end=\"1072\">\n<p data-start=\"1046\" data-end=\"1072\">Kr\u0101sas: roz\u0101, zila.<\/p>\n<\/li>\n<li data-start=\"1073\" data-end=\"1098\">\n<p data-start=\"1075\" data-end=\"1098\">Izcelsmes valsts: \u0136\u012bna.<\/p>\n<\/li>\n<li data-start=\"1099\" data-end=\"1151\">\n<p data-start=\"1101\" data-end=\"1151\">Dro\u0161\u012bbas br\u012bdin\u0101jums: nepiecie\u0161ama pieaugu\u0161o uzraudz\u012bba.<\/p>\n<\/li>\n<\/ul>\n","protected":false},"excerpt":{"rendered":"<p>Ieteicamais vecums 1-2 gadi. Nepiecie\u0161ama pieaugu\u0161o uzraudz\u012bba. <\/p>\n<p>Izcelsmes valsts &#8211; \u0136\u012bna<\/p>\n<p>Materi\u0101ls &#8211; plastmasa<\/p>\n<p>Svars &#8211; 5 kg<\/p>\n<p>Maksim\u0101l\u0101 slodze &#8211; 25 kg<\/p>\n<p>Izm\u0113ri &#8211; 29 x 65 x 25 cm<\/p>\n<p>Kr\u0101sa &#8211; roz\u0101 un zila<\/p>\n","protected":false},"featured_media":37618,"comment_status":"open","ping_status":"closed","template":"","meta":[],"product_brand":[],"product_cat":[1180,1176,1155,1169],"product_tag":[],"class_list":{"0":"post-42266","1":"product","2":"type-product","3":"status-publish","4":"has-post-thumbnail","6":"product_cat-rotallietas-meitenem","7":"product_cat-rotallietas-zeniem","8":"product_cat-leti","9":"product_cat-uzsezamas-un-pedalu-rotallietu-masinas-un-traktori","10":"pa_amziaus-grupe-1-lv","11":"pa_prek-s-spalva-roza-lv","12":"pa_prek-s-spalva-zilais","13":"pa_prek-s-tipas-skrejriteni","14":"pa_spalva-dazadi","16":"first","17":"outofstock","18":"taxable","19":"shipping-taxable","20":"product-type-variable"},"yoast_head":"<!-- This site is optimized with the Yoast SEO plugin v26.3 - https:\/\/yoast.com\/wordpress\/plugins\/seo\/ -->\n<title>Skrejritenis skrejritenis b\u0113rniem no 1 l\u012bdz 2 gadiem - Toys.lt<\/title>\n<meta name=\"description\" content=\"Skrejritenis b\u0113rniem no 1 l\u012bdz 2 gadiem. Iztur\u012bgs dizains, lieli rite\u0146i, \u0113rts muguras balsts un dro\u0161a lieto\u0161ana m\u0101j\u0101s vai \u0101r\u0101.\" \/>\n<meta name=\"robots\" content=\"index, follow, max-snippet:-1, max-image-preview:large, max-video-preview:-1\" \/>\n<link rel=\"canonical\" href=\"https:\/\/toys.lt\/lv\/produktas\/skuteris-motorollers-3\/\" \/>\n<meta property=\"og:locale\" content=\"lv_LV\" \/>\n<meta property=\"og:type\" content=\"article\" \/>\n<meta property=\"og:title\" content=\"Skrejritenis skrejritenis b\u0113rniem no 1 l\u012bdz 2 gadiem - Toys.lt\" \/>\n<meta property=\"og:description\" content=\"Skrejritenis b\u0113rniem no 1 l\u012bdz 2 gadiem. Iztur\u012bgs dizains, lieli rite\u0146i, \u0113rts muguras balsts un dro\u0161a lieto\u0161ana m\u0101j\u0101s vai \u0101r\u0101.\" \/>\n<meta property=\"og:url\" content=\"https:\/\/toys.lt\/lv\/produktas\/skuteris-motorollers-3\/\" \/>\n<meta property=\"og:site_name\" content=\"Toys.lt\" \/>\n<meta property=\"article:modified_time\" content=\"2026-03-30T00:25:14+00:00\" \/>\n<meta property=\"og:image\" content=\"https:\/\/toys.lt\/wp-content\/uploads\/2020\/10\/products-1597.jpg\" \/>\n\t<meta property=\"og:image:width\" content=\"463\" \/>\n\t<meta property=\"og:image:height\" content=\"300\" \/>\n\t<meta property=\"og:image:type\" content=\"image\/jpeg\" \/>\n<meta name=\"twitter:card\" content=\"summary_large_image\" \/>\n<meta name=\"twitter:label1\" content=\"Est. reading time\" \/>\n\t<meta name=\"twitter:data1\" content=\"1 minute\" \/>\n<script type=\"application\/ld+json\" class=\"yoast-schema-graph\">{\"@context\":\"https:\/\/schema.org\",\"@graph\":[{\"@type\":\"WebPage\",\"@id\":\"https:\/\/toys.lt\/lv\/produktas\/skuteris-motorollers-3\/\",\"url\":\"https:\/\/toys.lt\/lv\/produktas\/skuteris-motorollers-3\/\",\"name\":\"Skrejritenis skrejritenis b\u0113rniem no 1 l\u012bdz 2 gadiem - Toys.lt\",\"isPartOf\":{\"@id\":\"https:\/\/toys.lt\/lv\/#website\"},\"primaryImageOfPage\":{\"@id\":\"https:\/\/toys.lt\/lv\/produktas\/skuteris-motorollers-3\/#primaryimage\"},\"image\":{\"@id\":\"https:\/\/toys.lt\/lv\/produktas\/skuteris-motorollers-3\/#primaryimage\"},\"thumbnailUrl\":\"https:\/\/toys.lt\/wp-content\/uploads\/2020\/10\/products-1597.jpg\",\"datePublished\":\"2020-10-23T13:20:03+00:00\",\"dateModified\":\"2026-03-30T00:25:14+00:00\",\"description\":\"Skrejritenis b\u0113rniem no 1 l\u012bdz 2 gadiem. Iztur\u012bgs dizains, lieli rite\u0146i, \u0113rts muguras balsts un dro\u0161a lieto\u0161ana m\u0101j\u0101s vai \u0101r\u0101.\",\"breadcrumb\":{\"@id\":\"https:\/\/toys.lt\/lv\/produktas\/skuteris-motorollers-3\/#breadcrumb\"},\"inLanguage\":\"lv-LV\",\"potentialAction\":[{\"@type\":\"ReadAction\",\"target\":[\"https:\/\/toys.lt\/lv\/produktas\/skuteris-motorollers-3\/\"]}]},{\"@type\":\"ImageObject\",\"inLanguage\":\"lv-LV\",\"@id\":\"https:\/\/toys.lt\/lv\/produktas\/skuteris-motorollers-3\/#primaryimage\",\"url\":\"https:\/\/toys.lt\/wp-content\/uploads\/2020\/10\/products-1597.jpg\",\"contentUrl\":\"https:\/\/toys.lt\/wp-content\/uploads\/2020\/10\/products-1597.jpg\",\"width\":463,\"height\":300,\"caption\":\"Paspiriama ma\u0161ina &#8211; paspirtukas\"},{\"@type\":\"BreadcrumbList\",\"@id\":\"https:\/\/toys.lt\/lv\/produktas\/skuteris-motorollers-3\/#breadcrumb\",\"itemListElement\":[{\"@type\":\"ListItem\",\"position\":1,\"name\":\"Home\",\"item\":\"https:\/\/toys.lt\/lv\/\"},{\"@type\":\"ListItem\",\"position\":2,\"name\":\"Veikals\",\"item\":\"https:\/\/toys.lt\/lv\/shop\/\"},{\"@type\":\"ListItem\",\"position\":3,\"name\":\"Skrejritenis skrejritenis b\u0113rniem no 1 l\u012bdz 2 gadiem\"}]},{\"@type\":\"WebSite\",\"@id\":\"https:\/\/toys.lt\/lv\/#website\",\"url\":\"https:\/\/toys.lt\/lv\/\",\"name\":\"Toys.lt\",\"description\":\"\",\"potentialAction\":[{\"@type\":\"SearchAction\",\"target\":{\"@type\":\"EntryPoint\",\"urlTemplate\":\"https:\/\/toys.lt\/lv\/?s={search_term_string}\"},\"query-input\":{\"@type\":\"PropertyValueSpecification\",\"valueRequired\":true,\"valueName\":\"search_term_string\"}}],\"inLanguage\":\"lv-LV\"}]}<\/script>\n<!-- \/ Yoast SEO plugin. -->","yoast_head_json":{"title":"Skrejritenis skrejritenis b\u0113rniem no 1 l\u012bdz 2 gadiem - Toys.lt","description":"Skrejritenis b\u0113rniem no 1 l\u012bdz 2 gadiem. Iztur\u012bgs dizains, lieli rite\u0146i, \u0113rts muguras balsts un dro\u0161a lieto\u0161ana m\u0101j\u0101s vai \u0101r\u0101.","robots":{"index":"index","follow":"follow","max-snippet":"max-snippet:-1","max-image-preview":"max-image-preview:large","max-video-preview":"max-video-preview:-1"},"canonical":"https:\/\/toys.lt\/lv\/produktas\/skuteris-motorollers-3\/","og_locale":"lv_LV","og_type":"article","og_title":"Skrejritenis skrejritenis b\u0113rniem no 1 l\u012bdz 2 gadiem - Toys.lt","og_description":"Skrejritenis b\u0113rniem no 1 l\u012bdz 2 gadiem. Iztur\u012bgs dizains, lieli rite\u0146i, \u0113rts muguras balsts un dro\u0161a lieto\u0161ana m\u0101j\u0101s vai \u0101r\u0101.","og_url":"https:\/\/toys.lt\/lv\/produktas\/skuteris-motorollers-3\/","og_site_name":"Toys.lt","article_modified_time":"2026-03-30T00:25:14+00:00","og_image":[{"width":463,"height":300,"url":"https:\/\/toys.lt\/wp-content\/uploads\/2020\/10\/products-1597.jpg","type":"image\/jpeg"}],"twitter_card":"summary_large_image","twitter_misc":{"Est. reading time":"1 minute"},"schema":{"@context":"https:\/\/schema.org","@graph":[{"@type":"WebPage","@id":"https:\/\/toys.lt\/lv\/produktas\/skuteris-motorollers-3\/","url":"https:\/\/toys.lt\/lv\/produktas\/skuteris-motorollers-3\/","name":"Skrejritenis skrejritenis b\u0113rniem no 1 l\u012bdz 2 gadiem - Toys.lt","isPartOf":{"@id":"https:\/\/toys.lt\/lv\/#website"},"primaryImageOfPage":{"@id":"https:\/\/toys.lt\/lv\/produktas\/skuteris-motorollers-3\/#primaryimage"},"image":{"@id":"https:\/\/toys.lt\/lv\/produktas\/skuteris-motorollers-3\/#primaryimage"},"thumbnailUrl":"https:\/\/toys.lt\/wp-content\/uploads\/2020\/10\/products-1597.jpg","datePublished":"2020-10-23T13:20:03+00:00","dateModified":"2026-03-30T00:25:14+00:00","description":"Skrejritenis b\u0113rniem no 1 l\u012bdz 2 gadiem. Iztur\u012bgs dizains, lieli rite\u0146i, \u0113rts muguras balsts un dro\u0161a lieto\u0161ana m\u0101j\u0101s vai \u0101r\u0101.","breadcrumb":{"@id":"https:\/\/toys.lt\/lv\/produktas\/skuteris-motorollers-3\/#breadcrumb"},"inLanguage":"lv-LV","potentialAction":[{"@type":"ReadAction","target":["https:\/\/toys.lt\/lv\/produktas\/skuteris-motorollers-3\/"]}]},{"@type":"ImageObject","inLanguage":"lv-LV","@id":"https:\/\/toys.lt\/lv\/produktas\/skuteris-motorollers-3\/#primaryimage","url":"https:\/\/toys.lt\/wp-content\/uploads\/2020\/10\/products-1597.jpg","contentUrl":"https:\/\/toys.lt\/wp-content\/uploads\/2020\/10\/products-1597.jpg","width":463,"height":300,"caption":"Paspiriama ma\u0161ina &#8211; paspirtukas"},{"@type":"BreadcrumbList","@id":"https:\/\/toys.lt\/lv\/produktas\/skuteris-motorollers-3\/#breadcrumb","itemListElement":[{"@type":"ListItem","position":1,"name":"Home","item":"https:\/\/toys.lt\/lv\/"},{"@type":"ListItem","position":2,"name":"Veikals","item":"https:\/\/toys.lt\/lv\/shop\/"},{"@type":"ListItem","position":3,"name":"Skrejritenis skrejritenis b\u0113rniem no 1 l\u012bdz 2 gadiem"}]},{"@type":"WebSite","@id":"https:\/\/toys.lt\/lv\/#website","url":"https:\/\/toys.lt\/lv\/","name":"Toys.lt","description":"","potentialAction":[{"@type":"SearchAction","target":{"@type":"EntryPoint","urlTemplate":"https:\/\/toys.lt\/lv\/?s={search_term_string}"},"query-input":{"@type":"PropertyValueSpecification","valueRequired":true,"valueName":"search_term_string"}}],"inLanguage":"lv-LV"}]}},"_links":{"self":[{"href":"https:\/\/toys.lt\/lv\/wp-json\/wp\/v2\/product\/42266","targetHints":{"allow":["GET"]}}],"collection":[{"href":"https:\/\/toys.lt\/lv\/wp-json\/wp\/v2\/product"}],"about":[{"href":"https:\/\/toys.lt\/lv\/wp-json\/wp\/v2\/types\/product"}],"replies":[{"embeddable":true,"href":"https:\/\/toys.lt\/lv\/wp-json\/wp\/v2\/comments?post=42266"}],"version-history":[{"count":1,"href":"https:\/\/toys.lt\/lv\/wp-json\/wp\/v2\/product\/42266\/revisions"}],"predecessor-version":[{"id":46299,"href":"https:\/\/toys.lt\/lv\/wp-json\/wp\/v2\/product\/42266\/revisions\/46299"}],"wp:featuredmedia":[{"embeddable":true,"href":"https:\/\/toys.lt\/lv\/wp-json\/wp\/v2\/media\/37618"}],"wp:attachment":[{"href":"https:\/\/toys.lt\/lv\/wp-json\/wp\/v2\/media?parent=42266"}],"wp:term":[{"taxonomy":"product_brand","embeddable":true,"href":"https:\/\/toys.lt\/lv\/wp-json\/wp\/v2\/product_brand?post=42266"},{"taxonomy":"product_cat","embeddable":true,"href":"https:\/\/toys.lt\/lv\/wp-json\/wp\/v2\/product_cat?post=42266"},{"taxonomy":"product_tag","embeddable":true,"href":"https:\/\/toys.lt\/lv\/wp-json\/wp\/v2\/product_tag?post=42266"}],"curies":[{"name":"wp","href":"https:\/\/api.w.org\/{rel}","templated":true}]}}