{"id":42258,"date":"2020-10-23T12:08:30","date_gmt":"2020-10-23T12:08:30","guid":{"rendered":"https:\/\/toys.lt\/produktas\/skuteris-motorollers-2\/"},"modified":"2026-03-30T00:25:14","modified_gmt":"2026-03-30T00:25:14","slug":"skuteris-motorollers-2","status":"publish","type":"product","link":"https:\/\/toys.lt\/lv\/produktas\/skuteris-motorollers-2\/","title":{"rendered":"B\u0113rnu skrejritenis ar st\u016bri, balstu un muzik\u0101lu st\u016bres ratu"},"content":{"rendered":"<p data-start=\"166\" data-end=\"427\"><strong data-start=\"166\" data-end=\"220\">Skrejritenis ar vec\u0101ku rokturi un dro\u0161\u012bbas atbalstu<\/strong> ir lieliska izv\u0113le b\u0113rniem vecum\u0101 no 1 l\u012bdz 3 gadiem. Stil\u012bgais un iztur\u012bgais dizains ne tikai sag\u0101d\u0101s daudz jautru br\u012b\u017eu, bet ar\u012b pal\u012bdz\u0113s att\u012bst\u012bt koordin\u0101ciju, stiprin\u0101t k\u0101ju musku\u013cus un veicin\u0101s akt\u012bvas kust\u012bbas. <\/p>\n<p data-start=\"429\" data-end=\"777\">\u0112rts dro\u0161\u012bbas balsts atvieglo b\u0113rna s\u0113d\u0113\u0161anu, turkl\u0101t balstu un rokturi var no\u0146emt, lai ma\u0161\u012bnu p\u0101rv\u0113rstu par klasisku skrejriteni. Muzik\u0101lais st\u016bres ritenis ar jautr\u0101m ska\u0146\u0101m pie\u0161\u0137ir v\u0113l vair\u0101k jautr\u012bbas, un zem s\u0113dek\u013ca eso\u0161ais rota\u013clietu nodal\u012bjums nodro\u0161ina praktiskumu. \u012apa\u0161as priek\u0161\u0113j\u0101s un aizmugur\u0113j\u0101s bremzes pret apg\u0101\u0161anos garant\u0113 dro\u0161\u012bbu.  <\/p>\n<hr data-start=\"779\" data-end=\"782\">\n<h3 data-start=\"784\" data-end=\"799\">\u2b50 Funkcijas<\/h3>\n<ul data-start=\"800\" data-end=\"1235\">\n<li data-start=\"800\" data-end=\"836\">\n<p data-start=\"802\" data-end=\"836\">B\u0113rniem no 1 l\u012bdz 3 gadu vecumam.<\/p>\n<\/li>\n<li data-start=\"837\" data-end=\"877\">\n<p data-start=\"839\" data-end=\"877\">Ergonomisks s\u0113deklis ar atzveltnes atbalstu.<\/p>\n<\/li>\n<li data-start=\"878\" data-end=\"936\">\n<p data-start=\"880\" data-end=\"936\">No\u0146emams dro\u0161\u012bbas balsts, k\u0101ju balsti un rokturis vec\u0101kiem.<\/p>\n<\/li>\n<li data-start=\"937\" data-end=\"1006\">\n<p data-start=\"939\" data-end=\"1006\">Muzik\u0101ls st\u016bres rats ar melodij\u0101m (2 \u00d7 AA baterijas, nav iek\u013cautas komplekt\u0101).<\/p>\n<\/li>\n<li data-start=\"1007\" data-end=\"1045\">\n<p data-start=\"1009\" data-end=\"1045\">Pla\u0161s nodal\u012bjums zem s\u0113dek\u013ca rota\u013cliet\u0101m.<\/p>\n<\/li>\n<li data-start=\"1046\" data-end=\"1092\">\n<p data-start=\"1048\" data-end=\"1092\">Lieli, stabili rite\u0146i (18 cm diametrs).<\/p>\n<\/li>\n<li data-start=\"1093\" data-end=\"1172\">\n<p data-start=\"1095\" data-end=\"1172\">Izstr\u0101d\u0101ts ar priek\u0161\u0113jo un aizmugur\u0113jo apg\u0101\u0161an\u0101s aizsargbarjeru.<\/p>\n<\/li>\n<li data-start=\"1173\" data-end=\"1235\">\n<p data-start=\"1175\" data-end=\"1235\">Kompakts izm\u0113rs &#8211; \u0113rts lieto\u0161anai gan m\u0101j\u0101s, gan \u0101rpus telp\u0101m.<\/p>\n<\/li>\n<\/ul>\n<hr data-start=\"1237\" data-end=\"1240\">\n<h3 data-start=\"1242\" data-end=\"1271\">\ud83d\udd27 Tehnisk\u0101 inform\u0101cija<\/h3>\n<ul data-start=\"1272\" data-end=\"1654\">\n<li data-start=\"1272\" data-end=\"1310\">\n<p data-start=\"1274\" data-end=\"1310\">Ieteicamais vecums: 1-3 gadi.<\/p>\n<\/li>\n<li data-start=\"1311\" data-end=\"1340\">\n<p data-start=\"1313\" data-end=\"1340\">Maksim\u0101l\u0101 slodze: 23 kg.<\/p>\n<\/li>\n<li data-start=\"1341\" data-end=\"1387\">\n<p data-start=\"1343\" data-end=\"1387\">Izstr\u0101d\u0101juma izm\u0113ri: 63,5 \u00d7 44 \u00d7 94,5 cm.<\/p>\n<\/li>\n<li data-start=\"1388\" data-end=\"1422\">\n<p data-start=\"1390\" data-end=\"1422\">S\u0113dek\u013ca izm\u0113rs: 28,5 \u00d7 18,5 cm.<\/p>\n<\/li>\n<li data-start=\"1423\" data-end=\"1448\">\n<p data-start=\"1425\" data-end=\"1448\">Rite\u0146a diametrs: 18 cm.<\/p>\n<\/li>\n<li data-start=\"1449\" data-end=\"1468\">\n<p data-start=\"1451\" data-end=\"1468\">Svars: 5,2 kg.<\/p>\n<\/li>\n<li data-start=\"1469\" data-end=\"1509\">\n<p data-start=\"1471\" data-end=\"1509\">Materi\u0101ls: augstas kvalit\u0101tes plastmasa.<\/p>\n<\/li>\n<li data-start=\"1531\" data-end=\"1567\">\n<p data-start=\"1533\" data-end=\"1567\">Baterijas: 2 \u00d7 AA (nav iek\u013cautas komplekt\u0101).<\/p>\n<\/li>\n<li data-start=\"1594\" data-end=\"1654\">\n<p data-start=\"1596\" data-end=\"1654\">Dro\u0161\u012bbas br\u012bdin\u0101jums: lietot tikai pieaugu\u0161o uzraudz\u012bb\u0101.<\/p>\n<\/li>\n<\/ul>\n","protected":false},"excerpt":{"rendered":"<p>Maksim\u0101li pie\u013caujam\u0101 slodze &#8211; 23 kg<\/p>\n<p>Izstr\u0101d\u0101juma svars &#8211; 5,2 kg<\/p>\n<p>Iepakojuma izm\u0113ri &#8211; 65 x 35 x 32 cm<\/p>\n<p>Ma\u0161\u012bnas izm\u0113ri &#8211; 63,5 \u00d7 44 \u00d7 94,5 cm<\/p>\n<p>Ieteicamais vecums no 1 l\u012bdz 3 gadiem. Nepiecie\u0161ama pieaugu\u0161o uzraudz\u012bba. <\/p>\n<p>Materi\u0101ls &#8211; plastmasa<\/p>\n<p>Izcelsmes valsts &#8211; \u0136\u012bna<\/p>\n","protected":false},"featured_media":37614,"comment_status":"open","ping_status":"closed","template":"","meta":[],"product_brand":[],"product_cat":[1180,1176,1155,1169],"product_tag":[],"class_list":{"0":"post-42258","1":"product","2":"type-product","3":"status-publish","4":"has-post-thumbnail","6":"product_cat-rotallietas-meitenem","7":"product_cat-rotallietas-zeniem","8":"product_cat-leti","9":"product_cat-uzsezamas-un-pedalu-rotallietu-masinas-un-traktori","10":"pa_amziaus-grupe-1-lv","11":"pa_prek-s-spalva-black","12":"pa_prek-s-spalva-sarkanais","13":"pa_prek-s-tipas-skrejriteni","14":"pa_spalva-dazadi","16":"first","17":"instock","18":"taxable","19":"shipping-taxable","20":"purchasable","21":"product-type-variable"},"yoast_head":"<!-- This site is optimized with the Yoast SEO plugin v26.3 - https:\/\/yoast.com\/wordpress\/plugins\/seo\/ -->\n<title>B\u0113rnu skrejritenis ar st\u016bri, balstu un muzik\u0101lu st\u016bres ratu - Toys.lt<\/title>\n<meta name=\"description\" content=\"Skrejritenis b\u0113rniem no 1 l\u012bdz 3 gadiem. Ar vec\u0101ku rokturi, dro\u0161\u012bbas atbalstu, muzik\u0101lu st\u016bres ratu un uzglab\u0101\u0161anas vietu zem s\u0113dek\u013ca. Stabili rite\u0146i un 23 kg kravnes\u012bba.\" \/>\n<meta name=\"robots\" content=\"index, follow, max-snippet:-1, max-image-preview:large, max-video-preview:-1\" \/>\n<link rel=\"canonical\" href=\"https:\/\/toys.lt\/lv\/produktas\/skuteris-motorollers-2\/\" \/>\n<meta property=\"og:locale\" content=\"lv_LV\" \/>\n<meta property=\"og:type\" content=\"article\" \/>\n<meta property=\"og:title\" content=\"B\u0113rnu skrejritenis ar st\u016bri, balstu un muzik\u0101lu st\u016bres ratu - Toys.lt\" \/>\n<meta property=\"og:description\" content=\"Skrejritenis b\u0113rniem no 1 l\u012bdz 3 gadiem. Ar vec\u0101ku rokturi, dro\u0161\u012bbas atbalstu, muzik\u0101lu st\u016bres ratu un uzglab\u0101\u0161anas vietu zem s\u0113dek\u013ca. Stabili rite\u0146i un 23 kg kravnes\u012bba.\" \/>\n<meta property=\"og:url\" content=\"https:\/\/toys.lt\/lv\/produktas\/skuteris-motorollers-2\/\" \/>\n<meta property=\"og:site_name\" content=\"Toys.lt\" \/>\n<meta property=\"article:modified_time\" content=\"2026-03-30T00:25:14+00:00\" \/>\n<meta property=\"og:image\" content=\"https:\/\/toys.lt\/wp-content\/uploads\/2021\/06\/products-2098.jpg\" \/>\n\t<meta property=\"og:image:width\" content=\"670\" \/>\n\t<meta property=\"og:image:height\" content=\"670\" \/>\n\t<meta property=\"og:image:type\" content=\"image\/jpeg\" \/>\n<meta name=\"twitter:card\" content=\"summary_large_image\" \/>\n<meta name=\"twitter:label1\" content=\"Est. reading time\" \/>\n\t<meta name=\"twitter:data1\" content=\"1 minute\" \/>\n<script type=\"application\/ld+json\" class=\"yoast-schema-graph\">{\"@context\":\"https:\/\/schema.org\",\"@graph\":[{\"@type\":\"WebPage\",\"@id\":\"https:\/\/toys.lt\/lv\/produktas\/skuteris-motorollers-2\/\",\"url\":\"https:\/\/toys.lt\/lv\/produktas\/skuteris-motorollers-2\/\",\"name\":\"B\u0113rnu skrejritenis ar st\u016bri, balstu un muzik\u0101lu st\u016bres ratu - Toys.lt\",\"isPartOf\":{\"@id\":\"https:\/\/toys.lt\/lv\/#website\"},\"primaryImageOfPage\":{\"@id\":\"https:\/\/toys.lt\/lv\/produktas\/skuteris-motorollers-2\/#primaryimage\"},\"image\":{\"@id\":\"https:\/\/toys.lt\/lv\/produktas\/skuteris-motorollers-2\/#primaryimage\"},\"thumbnailUrl\":\"https:\/\/toys.lt\/wp-content\/uploads\/2021\/06\/products-2098.jpg\",\"datePublished\":\"2020-10-23T12:08:30+00:00\",\"dateModified\":\"2026-03-30T00:25:14+00:00\",\"description\":\"Skrejritenis b\u0113rniem no 1 l\u012bdz 3 gadiem. Ar vec\u0101ku rokturi, dro\u0161\u012bbas atbalstu, muzik\u0101lu st\u016bres ratu un uzglab\u0101\u0161anas vietu zem s\u0113dek\u013ca. Stabili rite\u0146i un 23 kg kravnes\u012bba.\",\"breadcrumb\":{\"@id\":\"https:\/\/toys.lt\/lv\/produktas\/skuteris-motorollers-2\/#breadcrumb\"},\"inLanguage\":\"lv-LV\",\"potentialAction\":[{\"@type\":\"ReadAction\",\"target\":[\"https:\/\/toys.lt\/lv\/produktas\/skuteris-motorollers-2\/\"]}]},{\"@type\":\"ImageObject\",\"inLanguage\":\"lv-LV\",\"@id\":\"https:\/\/toys.lt\/lv\/produktas\/skuteris-motorollers-2\/#primaryimage\",\"url\":\"https:\/\/toys.lt\/wp-content\/uploads\/2021\/06\/products-2098.jpg\",\"contentUrl\":\"https:\/\/toys.lt\/wp-content\/uploads\/2021\/06\/products-2098.jpg\",\"width\":670,\"height\":670,\"caption\":\"Paspiriama ma\u0161ina &#8211; paspirtukas\"},{\"@type\":\"BreadcrumbList\",\"@id\":\"https:\/\/toys.lt\/lv\/produktas\/skuteris-motorollers-2\/#breadcrumb\",\"itemListElement\":[{\"@type\":\"ListItem\",\"position\":1,\"name\":\"Home\",\"item\":\"https:\/\/toys.lt\/lv\/\"},{\"@type\":\"ListItem\",\"position\":2,\"name\":\"Veikals\",\"item\":\"https:\/\/toys.lt\/lv\/shop\/\"},{\"@type\":\"ListItem\",\"position\":3,\"name\":\"B\u0113rnu skrejritenis ar st\u016bri, balstu un muzik\u0101lu st\u016bres ratu\"}]},{\"@type\":\"WebSite\",\"@id\":\"https:\/\/toys.lt\/lv\/#website\",\"url\":\"https:\/\/toys.lt\/lv\/\",\"name\":\"Toys.lt\",\"description\":\"\",\"potentialAction\":[{\"@type\":\"SearchAction\",\"target\":{\"@type\":\"EntryPoint\",\"urlTemplate\":\"https:\/\/toys.lt\/lv\/?s={search_term_string}\"},\"query-input\":{\"@type\":\"PropertyValueSpecification\",\"valueRequired\":true,\"valueName\":\"search_term_string\"}}],\"inLanguage\":\"lv-LV\"}]}<\/script>\n<!-- \/ Yoast SEO plugin. -->","yoast_head_json":{"title":"B\u0113rnu skrejritenis ar st\u016bri, balstu un muzik\u0101lu st\u016bres ratu - Toys.lt","description":"Skrejritenis b\u0113rniem no 1 l\u012bdz 3 gadiem. Ar vec\u0101ku rokturi, dro\u0161\u012bbas atbalstu, muzik\u0101lu st\u016bres ratu un uzglab\u0101\u0161anas vietu zem s\u0113dek\u013ca. Stabili rite\u0146i un 23 kg kravnes\u012bba.","robots":{"index":"index","follow":"follow","max-snippet":"max-snippet:-1","max-image-preview":"max-image-preview:large","max-video-preview":"max-video-preview:-1"},"canonical":"https:\/\/toys.lt\/lv\/produktas\/skuteris-motorollers-2\/","og_locale":"lv_LV","og_type":"article","og_title":"B\u0113rnu skrejritenis ar st\u016bri, balstu un muzik\u0101lu st\u016bres ratu - Toys.lt","og_description":"Skrejritenis b\u0113rniem no 1 l\u012bdz 3 gadiem. Ar vec\u0101ku rokturi, dro\u0161\u012bbas atbalstu, muzik\u0101lu st\u016bres ratu un uzglab\u0101\u0161anas vietu zem s\u0113dek\u013ca. Stabili rite\u0146i un 23 kg kravnes\u012bba.","og_url":"https:\/\/toys.lt\/lv\/produktas\/skuteris-motorollers-2\/","og_site_name":"Toys.lt","article_modified_time":"2026-03-30T00:25:14+00:00","og_image":[{"width":670,"height":670,"url":"https:\/\/toys.lt\/wp-content\/uploads\/2021\/06\/products-2098.jpg","type":"image\/jpeg"}],"twitter_card":"summary_large_image","twitter_misc":{"Est. reading time":"1 minute"},"schema":{"@context":"https:\/\/schema.org","@graph":[{"@type":"WebPage","@id":"https:\/\/toys.lt\/lv\/produktas\/skuteris-motorollers-2\/","url":"https:\/\/toys.lt\/lv\/produktas\/skuteris-motorollers-2\/","name":"B\u0113rnu skrejritenis ar st\u016bri, balstu un muzik\u0101lu st\u016bres ratu - Toys.lt","isPartOf":{"@id":"https:\/\/toys.lt\/lv\/#website"},"primaryImageOfPage":{"@id":"https:\/\/toys.lt\/lv\/produktas\/skuteris-motorollers-2\/#primaryimage"},"image":{"@id":"https:\/\/toys.lt\/lv\/produktas\/skuteris-motorollers-2\/#primaryimage"},"thumbnailUrl":"https:\/\/toys.lt\/wp-content\/uploads\/2021\/06\/products-2098.jpg","datePublished":"2020-10-23T12:08:30+00:00","dateModified":"2026-03-30T00:25:14+00:00","description":"Skrejritenis b\u0113rniem no 1 l\u012bdz 3 gadiem. Ar vec\u0101ku rokturi, dro\u0161\u012bbas atbalstu, muzik\u0101lu st\u016bres ratu un uzglab\u0101\u0161anas vietu zem s\u0113dek\u013ca. Stabili rite\u0146i un 23 kg kravnes\u012bba.","breadcrumb":{"@id":"https:\/\/toys.lt\/lv\/produktas\/skuteris-motorollers-2\/#breadcrumb"},"inLanguage":"lv-LV","potentialAction":[{"@type":"ReadAction","target":["https:\/\/toys.lt\/lv\/produktas\/skuteris-motorollers-2\/"]}]},{"@type":"ImageObject","inLanguage":"lv-LV","@id":"https:\/\/toys.lt\/lv\/produktas\/skuteris-motorollers-2\/#primaryimage","url":"https:\/\/toys.lt\/wp-content\/uploads\/2021\/06\/products-2098.jpg","contentUrl":"https:\/\/toys.lt\/wp-content\/uploads\/2021\/06\/products-2098.jpg","width":670,"height":670,"caption":"Paspiriama ma\u0161ina &#8211; paspirtukas"},{"@type":"BreadcrumbList","@id":"https:\/\/toys.lt\/lv\/produktas\/skuteris-motorollers-2\/#breadcrumb","itemListElement":[{"@type":"ListItem","position":1,"name":"Home","item":"https:\/\/toys.lt\/lv\/"},{"@type":"ListItem","position":2,"name":"Veikals","item":"https:\/\/toys.lt\/lv\/shop\/"},{"@type":"ListItem","position":3,"name":"B\u0113rnu skrejritenis ar st\u016bri, balstu un muzik\u0101lu st\u016bres ratu"}]},{"@type":"WebSite","@id":"https:\/\/toys.lt\/lv\/#website","url":"https:\/\/toys.lt\/lv\/","name":"Toys.lt","description":"","potentialAction":[{"@type":"SearchAction","target":{"@type":"EntryPoint","urlTemplate":"https:\/\/toys.lt\/lv\/?s={search_term_string}"},"query-input":{"@type":"PropertyValueSpecification","valueRequired":true,"valueName":"search_term_string"}}],"inLanguage":"lv-LV"}]}},"_links":{"self":[{"href":"https:\/\/toys.lt\/lv\/wp-json\/wp\/v2\/product\/42258","targetHints":{"allow":["GET"]}}],"collection":[{"href":"https:\/\/toys.lt\/lv\/wp-json\/wp\/v2\/product"}],"about":[{"href":"https:\/\/toys.lt\/lv\/wp-json\/wp\/v2\/types\/product"}],"replies":[{"embeddable":true,"href":"https:\/\/toys.lt\/lv\/wp-json\/wp\/v2\/comments?post=42258"}],"version-history":[{"count":1,"href":"https:\/\/toys.lt\/lv\/wp-json\/wp\/v2\/product\/42258\/revisions"}],"predecessor-version":[{"id":46295,"href":"https:\/\/toys.lt\/lv\/wp-json\/wp\/v2\/product\/42258\/revisions\/46295"}],"wp:featuredmedia":[{"embeddable":true,"href":"https:\/\/toys.lt\/lv\/wp-json\/wp\/v2\/media\/37614"}],"wp:attachment":[{"href":"https:\/\/toys.lt\/lv\/wp-json\/wp\/v2\/media?parent=42258"}],"wp:term":[{"taxonomy":"product_brand","embeddable":true,"href":"https:\/\/toys.lt\/lv\/wp-json\/wp\/v2\/product_brand?post=42258"},{"taxonomy":"product_cat","embeddable":true,"href":"https:\/\/toys.lt\/lv\/wp-json\/wp\/v2\/product_cat?post=42258"},{"taxonomy":"product_tag","embeddable":true,"href":"https:\/\/toys.lt\/lv\/wp-json\/wp\/v2\/product_tag?post=42258"}],"curies":[{"name":"wp","href":"https:\/\/api.w.org\/{rel}","templated":true}]}}