{"id":42251,"date":"2020-10-23T11:31:12","date_gmt":"2020-10-23T11:31:12","guid":{"rendered":"https:\/\/toys.lt\/produktas\/skuteris-motorollers\/"},"modified":"2026-04-09T00:03:32","modified_gmt":"2026-04-09T00:03:32","slug":"skuteris-motorollers","status":"publish","type":"product","link":"https:\/\/toys.lt\/lv\/produktas\/skuteris-motorollers\/","title":{"rendered":"Sk\u016bteris ar jumti\u0146u, balstiem un vec\u0101ku rokturi"},"content":{"rendered":"<p data-start=\"114\" data-end=\"397\">Skrejritenis ar jumti\u0146u, rokturi un dro\u0161\u012bbas jost\u0101m ir lieliska izv\u0113le b\u0113rniem vecum\u0101 no 1 l\u012bdz 3 gadiem. Iztur\u012bg\u0101 konstrukcija un stil\u012bgais dizains ne tikai sniedz daudz jautru br\u012b\u017eu, bet ar\u012b pal\u012bdz att\u012bst\u012bt koordin\u0101ciju, stiprina k\u0101ju musku\u013cus un veicina akt\u012bvas kust\u012bbas. <\/p>\n<p data-start=\"399\" data-end=\"670\">Regul\u0113jamais jumti\u0146\u0161 pasarg\u0101 no saules, un vec\u0101ku kontroles rokturis nodro\u0161ina dro\u0161\u012bbu pastaigu laik\u0101. \u0112rts s\u0113deklis ar atzveltni un ietilp\u012bgs nodal\u012bjums zem t\u0101 nodro\u0161ina papildu komfortu, savuk\u0101rt muzik\u0101lais st\u016bres ritenis ar jautr\u0101m melodij\u0101m padar\u012bs j\u016bsu mazuli v\u0113l laim\u012bg\u0101ku. <\/p>\n<hr data-start=\"672\" data-end=\"675\">\n<p data-start=\"677\" data-end=\"692\"><strong data-start=\"679\" data-end=\"690\">\u2b50 Funkcijas<\/strong><\/p>\n<ul data-start=\"694\" data-end=\"1080\">\n<li data-start=\"694\" data-end=\"730\">\n<p data-start=\"696\" data-end=\"730\">B\u0113rniem no 1 l\u012bdz 3 gadu vecumam.<\/p>\n<\/li>\n<li data-start=\"731\" data-end=\"776\">\n<p data-start=\"733\" data-end=\"776\">Vec\u0101ku kontroles rokturis \u0113rtai stum\u0161anai.<\/p>\n<\/li>\n<li data-start=\"777\" data-end=\"815\">\n<p data-start=\"779\" data-end=\"815\">Regul\u0113jams saulessargs.<\/p>\n<\/li>\n<li data-start=\"816\" data-end=\"860\">\n<p data-start=\"818\" data-end=\"860\">No\u0146emami dro\u0161\u012bbas ierobe\u017eot\u0101ji un k\u0101ju balsti.<\/p>\n<\/li>\n<li data-start=\"861\" data-end=\"897\">\n<p data-start=\"863\" data-end=\"897\">\u0112rts s\u0113deklis ar atzveltni.<\/p>\n<\/li>\n<li data-start=\"898\" data-end=\"936\">\n<p data-start=\"900\" data-end=\"936\">Pla\u0161s nodal\u012bjums zem s\u0113dek\u013ca rota\u013cliet\u0101m.<\/p>\n<\/li>\n<li data-start=\"937\" data-end=\"1006\">\n<p data-start=\"939\" data-end=\"1006\">Muzik\u0101ls st\u016bres rats ar melodij\u0101m<\/p>\n<\/li>\n<li data-start=\"1007\" data-end=\"1036\">\n<p data-start=\"1009\" data-end=\"1036\">Lieli un stabili rite\u0146i.<\/p>\n<\/li>\n<li data-start=\"1037\" data-end=\"1080\">\n<p data-start=\"1039\" data-end=\"1080\">Piem\u0113rots lieto\u0161anai gan telp\u0101s, gan \u0101rpus telp\u0101m.<\/p>\n<\/li>\n<\/ul>\n<hr data-start=\"1082\" data-end=\"1085\">\n<p data-start=\"1087\" data-end=\"1116\">\ud83d\udd27 <strong data-start=\"1090\" data-end=\"1114\">Tehnisk\u0101 inform\u0101cija<\/strong><\/p>\n<ul data-start=\"1118\" data-end=\"1466\">\n<li data-start=\"1118\" data-end=\"1156\">\n<p data-start=\"1120\" data-end=\"1156\">Ieteicamais vecums: 1-3 gadi.<\/p>\n<\/li>\n<li data-start=\"1157\" data-end=\"1186\">\n<p data-start=\"1159\" data-end=\"1186\">Maksim\u0101l\u0101 slodze: 25 kg.<\/p>\n<\/li>\n<li data-start=\"1187\" data-end=\"1229\">\n<p data-start=\"1189\" data-end=\"1229\">Izstr\u0101d\u0101juma izm\u0113ri: 70 \u00d7 44 \u00d7 90 cm.<\/p>\n<\/li>\n<li data-start=\"1230\" data-end=\"1276\">\n<p data-start=\"1232\" data-end=\"1276\">Iepakojuma izm\u0113ri: 66,5 \u00d7 35 \u00d7 28,5 cm.<\/p>\n<\/li>\n<li data-start=\"1277\" data-end=\"1296\">\n<p data-start=\"1279\" data-end=\"1296\">Svars: 5,3 kg.<\/p>\n<\/li>\n<li data-start=\"1297\" data-end=\"1321\">\n<p data-start=\"1299\" data-end=\"1321\">Materi\u0101ls: plastmasa.<\/p>\n<\/li>\n<li data-start=\"1343\" data-end=\"1379\">\n<p data-start=\"1345\" data-end=\"1379\">Baterijas: 2 \u00d7 AA (nav iek\u013cautas komplekt\u0101).<\/p>\n<\/li>\n<li data-start=\"1406\" data-end=\"1466\">\n<p data-start=\"1408\" data-end=\"1466\">Dro\u0161\u012bbas br\u012bdin\u0101jums: lietot tikai pieaugu\u0161o uzraudz\u012bb\u0101.<\/p>\n<\/li>\n<\/ul>\n","protected":false},"excerpt":{"rendered":"<p>Maksim\u0101li pie\u013caujam\u0101 slodze &#8211; 25 kg<\/p>\n<p>Izstr\u0101d\u0101juma svars &#8211; 5,3 kg<\/p>\n<p>Iepakojuma izm\u0113ri &#8211; 68 x 38 x 36 cm<\/p>\n<p>Ma\u0161\u012bnas izm\u0113ri &#8211; 70 x 44 x 92 cm<\/p>\n<p>Ieteicamais vecums no 1 l\u012bdz 3 gadiem. Nepiecie\u0161ama pieaugu\u0161o uzraudz\u012bba. <\/p>\n<p>Materi\u0101ls &#8211; plastmasa<\/p>\n<p>Izcelsmes valsts &#8211; \u0136\u012bna<\/p>\n<p>Ra\u017eot\u0101js &#8211; A+B<\/p>\n<p>Kr\u0101sa &#8211; sarkana vai melna<\/p>\n<p>Baterijas: 2 \u00d7 AA (nav iek\u013cautas komplekt\u0101)<\/p>\n","protected":false},"featured_media":44788,"comment_status":"open","ping_status":"closed","template":"","meta":[],"product_brand":[],"product_cat":[1180,1176,1155,1169],"product_tag":[],"class_list":{"0":"post-42251","1":"product","2":"type-product","3":"status-publish","4":"has-post-thumbnail","6":"product_cat-rotallietas-meitenem","7":"product_cat-rotallietas-zeniem","8":"product_cat-leti","9":"product_cat-uzsezamas-un-pedalu-rotallietu-masinas-un-traktori","10":"pa_amziaus-grupe-1-lv","11":"pa_prek-s-spalva-black","12":"pa_prek-s-spalva-sarkanais","13":"pa_prek-s-tipas-skrejriteni","14":"pa_spalva-dazadi","16":"first","17":"instock","18":"taxable","19":"shipping-taxable","20":"purchasable","21":"product-type-variable"},"yoast_head":"<!-- This site is optimized with the Yoast SEO plugin v26.3 - https:\/\/yoast.com\/wordpress\/plugins\/seo\/ -->\n<title>Sk\u016bteris ar jumti\u0146u, balstiem un vec\u0101ku rokturi - Toys.lt<\/title>\n<meta name=\"description\" content=\"Skrejritenis b\u0113rniem no 1 l\u012bdz 3 gadu vecumam ar jumti\u0146u, rokturi un dro\u0161\u012bbas jost\u0101m. Muzik\u0101ls st\u016bres ritenis, uzglab\u0101\u0161anas nodal\u012bjums zem s\u0113dek\u013ca un stabili rite\u0146i.\" \/>\n<meta name=\"robots\" content=\"index, follow, max-snippet:-1, max-image-preview:large, max-video-preview:-1\" \/>\n<link rel=\"canonical\" href=\"https:\/\/toys.lt\/lv\/produktas\/skuteris-motorollers\/\" \/>\n<meta property=\"og:locale\" content=\"lv_LV\" \/>\n<meta property=\"og:type\" content=\"article\" \/>\n<meta property=\"og:title\" content=\"Sk\u016bteris ar jumti\u0146u, balstiem un vec\u0101ku rokturi - Toys.lt\" \/>\n<meta property=\"og:description\" content=\"Skrejritenis b\u0113rniem no 1 l\u012bdz 3 gadu vecumam ar jumti\u0146u, rokturi un dro\u0161\u012bbas jost\u0101m. Muzik\u0101ls st\u016bres ritenis, uzglab\u0101\u0161anas nodal\u012bjums zem s\u0113dek\u013ca un stabili rite\u0146i.\" \/>\n<meta property=\"og:url\" content=\"https:\/\/toys.lt\/lv\/produktas\/skuteris-motorollers\/\" \/>\n<meta property=\"og:site_name\" content=\"Toys.lt\" \/>\n<meta property=\"article:modified_time\" content=\"2026-04-09T00:03:32+00:00\" \/>\n<meta property=\"og:image\" content=\"https:\/\/toys.lt\/wp-content\/uploads\/2020\/10\/7866-paspiriama-masina-3.jpg\" \/>\n\t<meta property=\"og:image:width\" content=\"514\" \/>\n\t<meta property=\"og:image:height\" content=\"533\" \/>\n\t<meta property=\"og:image:type\" content=\"image\/jpeg\" \/>\n<meta name=\"twitter:card\" content=\"summary_large_image\" \/>\n<meta name=\"twitter:label1\" content=\"Est. reading time\" \/>\n\t<meta name=\"twitter:data1\" content=\"1 minute\" \/>\n<script type=\"application\/ld+json\" class=\"yoast-schema-graph\">{\"@context\":\"https:\/\/schema.org\",\"@graph\":[{\"@type\":\"WebPage\",\"@id\":\"https:\/\/toys.lt\/lv\/produktas\/skuteris-motorollers\/\",\"url\":\"https:\/\/toys.lt\/lv\/produktas\/skuteris-motorollers\/\",\"name\":\"Sk\u016bteris ar jumti\u0146u, balstiem un vec\u0101ku rokturi - Toys.lt\",\"isPartOf\":{\"@id\":\"https:\/\/toys.lt\/lv\/#website\"},\"primaryImageOfPage\":{\"@id\":\"https:\/\/toys.lt\/lv\/produktas\/skuteris-motorollers\/#primaryimage\"},\"image\":{\"@id\":\"https:\/\/toys.lt\/lv\/produktas\/skuteris-motorollers\/#primaryimage\"},\"thumbnailUrl\":\"https:\/\/toys.lt\/wp-content\/uploads\/2020\/10\/7866-paspiriama-masina-3.jpg\",\"datePublished\":\"2020-10-23T11:31:12+00:00\",\"dateModified\":\"2026-04-09T00:03:32+00:00\",\"description\":\"Skrejritenis b\u0113rniem no 1 l\u012bdz 3 gadu vecumam ar jumti\u0146u, rokturi un dro\u0161\u012bbas jost\u0101m. Muzik\u0101ls st\u016bres ritenis, uzglab\u0101\u0161anas nodal\u012bjums zem s\u0113dek\u013ca un stabili rite\u0146i.\",\"breadcrumb\":{\"@id\":\"https:\/\/toys.lt\/lv\/produktas\/skuteris-motorollers\/#breadcrumb\"},\"inLanguage\":\"lv-LV\",\"potentialAction\":[{\"@type\":\"ReadAction\",\"target\":[\"https:\/\/toys.lt\/lv\/produktas\/skuteris-motorollers\/\"]}]},{\"@type\":\"ImageObject\",\"inLanguage\":\"lv-LV\",\"@id\":\"https:\/\/toys.lt\/lv\/produktas\/skuteris-motorollers\/#primaryimage\",\"url\":\"https:\/\/toys.lt\/wp-content\/uploads\/2020\/10\/7866-paspiriama-masina-3.jpg\",\"contentUrl\":\"https:\/\/toys.lt\/wp-content\/uploads\/2020\/10\/7866-paspiriama-masina-3.jpg\",\"width\":514,\"height\":533},{\"@type\":\"BreadcrumbList\",\"@id\":\"https:\/\/toys.lt\/lv\/produktas\/skuteris-motorollers\/#breadcrumb\",\"itemListElement\":[{\"@type\":\"ListItem\",\"position\":1,\"name\":\"Home\",\"item\":\"https:\/\/toys.lt\/lv\/\"},{\"@type\":\"ListItem\",\"position\":2,\"name\":\"Veikals\",\"item\":\"https:\/\/toys.lt\/lv\/shop\/\"},{\"@type\":\"ListItem\",\"position\":3,\"name\":\"Sk\u016bteris ar jumti\u0146u, balstiem un vec\u0101ku rokturi\"}]},{\"@type\":\"WebSite\",\"@id\":\"https:\/\/toys.lt\/lv\/#website\",\"url\":\"https:\/\/toys.lt\/lv\/\",\"name\":\"Toys.lt\",\"description\":\"\",\"potentialAction\":[{\"@type\":\"SearchAction\",\"target\":{\"@type\":\"EntryPoint\",\"urlTemplate\":\"https:\/\/toys.lt\/lv\/?s={search_term_string}\"},\"query-input\":{\"@type\":\"PropertyValueSpecification\",\"valueRequired\":true,\"valueName\":\"search_term_string\"}}],\"inLanguage\":\"lv-LV\"}]}<\/script>\n<!-- \/ Yoast SEO plugin. -->","yoast_head_json":{"title":"Sk\u016bteris ar jumti\u0146u, balstiem un vec\u0101ku rokturi - Toys.lt","description":"Skrejritenis b\u0113rniem no 1 l\u012bdz 3 gadu vecumam ar jumti\u0146u, rokturi un dro\u0161\u012bbas jost\u0101m. Muzik\u0101ls st\u016bres ritenis, uzglab\u0101\u0161anas nodal\u012bjums zem s\u0113dek\u013ca un stabili rite\u0146i.","robots":{"index":"index","follow":"follow","max-snippet":"max-snippet:-1","max-image-preview":"max-image-preview:large","max-video-preview":"max-video-preview:-1"},"canonical":"https:\/\/toys.lt\/lv\/produktas\/skuteris-motorollers\/","og_locale":"lv_LV","og_type":"article","og_title":"Sk\u016bteris ar jumti\u0146u, balstiem un vec\u0101ku rokturi - Toys.lt","og_description":"Skrejritenis b\u0113rniem no 1 l\u012bdz 3 gadu vecumam ar jumti\u0146u, rokturi un dro\u0161\u012bbas jost\u0101m. Muzik\u0101ls st\u016bres ritenis, uzglab\u0101\u0161anas nodal\u012bjums zem s\u0113dek\u013ca un stabili rite\u0146i.","og_url":"https:\/\/toys.lt\/lv\/produktas\/skuteris-motorollers\/","og_site_name":"Toys.lt","article_modified_time":"2026-04-09T00:03:32+00:00","og_image":[{"width":514,"height":533,"url":"https:\/\/toys.lt\/wp-content\/uploads\/2020\/10\/7866-paspiriama-masina-3.jpg","type":"image\/jpeg"}],"twitter_card":"summary_large_image","twitter_misc":{"Est. reading time":"1 minute"},"schema":{"@context":"https:\/\/schema.org","@graph":[{"@type":"WebPage","@id":"https:\/\/toys.lt\/lv\/produktas\/skuteris-motorollers\/","url":"https:\/\/toys.lt\/lv\/produktas\/skuteris-motorollers\/","name":"Sk\u016bteris ar jumti\u0146u, balstiem un vec\u0101ku rokturi - Toys.lt","isPartOf":{"@id":"https:\/\/toys.lt\/lv\/#website"},"primaryImageOfPage":{"@id":"https:\/\/toys.lt\/lv\/produktas\/skuteris-motorollers\/#primaryimage"},"image":{"@id":"https:\/\/toys.lt\/lv\/produktas\/skuteris-motorollers\/#primaryimage"},"thumbnailUrl":"https:\/\/toys.lt\/wp-content\/uploads\/2020\/10\/7866-paspiriama-masina-3.jpg","datePublished":"2020-10-23T11:31:12+00:00","dateModified":"2026-04-09T00:03:32+00:00","description":"Skrejritenis b\u0113rniem no 1 l\u012bdz 3 gadu vecumam ar jumti\u0146u, rokturi un dro\u0161\u012bbas jost\u0101m. Muzik\u0101ls st\u016bres ritenis, uzglab\u0101\u0161anas nodal\u012bjums zem s\u0113dek\u013ca un stabili rite\u0146i.","breadcrumb":{"@id":"https:\/\/toys.lt\/lv\/produktas\/skuteris-motorollers\/#breadcrumb"},"inLanguage":"lv-LV","potentialAction":[{"@type":"ReadAction","target":["https:\/\/toys.lt\/lv\/produktas\/skuteris-motorollers\/"]}]},{"@type":"ImageObject","inLanguage":"lv-LV","@id":"https:\/\/toys.lt\/lv\/produktas\/skuteris-motorollers\/#primaryimage","url":"https:\/\/toys.lt\/wp-content\/uploads\/2020\/10\/7866-paspiriama-masina-3.jpg","contentUrl":"https:\/\/toys.lt\/wp-content\/uploads\/2020\/10\/7866-paspiriama-masina-3.jpg","width":514,"height":533},{"@type":"BreadcrumbList","@id":"https:\/\/toys.lt\/lv\/produktas\/skuteris-motorollers\/#breadcrumb","itemListElement":[{"@type":"ListItem","position":1,"name":"Home","item":"https:\/\/toys.lt\/lv\/"},{"@type":"ListItem","position":2,"name":"Veikals","item":"https:\/\/toys.lt\/lv\/shop\/"},{"@type":"ListItem","position":3,"name":"Sk\u016bteris ar jumti\u0146u, balstiem un vec\u0101ku rokturi"}]},{"@type":"WebSite","@id":"https:\/\/toys.lt\/lv\/#website","url":"https:\/\/toys.lt\/lv\/","name":"Toys.lt","description":"","potentialAction":[{"@type":"SearchAction","target":{"@type":"EntryPoint","urlTemplate":"https:\/\/toys.lt\/lv\/?s={search_term_string}"},"query-input":{"@type":"PropertyValueSpecification","valueRequired":true,"valueName":"search_term_string"}}],"inLanguage":"lv-LV"}]}},"_links":{"self":[{"href":"https:\/\/toys.lt\/lv\/wp-json\/wp\/v2\/product\/42251","targetHints":{"allow":["GET"]}}],"collection":[{"href":"https:\/\/toys.lt\/lv\/wp-json\/wp\/v2\/product"}],"about":[{"href":"https:\/\/toys.lt\/lv\/wp-json\/wp\/v2\/types\/product"}],"replies":[{"embeddable":true,"href":"https:\/\/toys.lt\/lv\/wp-json\/wp\/v2\/comments?post=42251"}],"version-history":[{"count":1,"href":"https:\/\/toys.lt\/lv\/wp-json\/wp\/v2\/product\/42251\/revisions"}],"predecessor-version":[{"id":46302,"href":"https:\/\/toys.lt\/lv\/wp-json\/wp\/v2\/product\/42251\/revisions\/46302"}],"wp:featuredmedia":[{"embeddable":true,"href":"https:\/\/toys.lt\/lv\/wp-json\/wp\/v2\/media\/44788"}],"wp:attachment":[{"href":"https:\/\/toys.lt\/lv\/wp-json\/wp\/v2\/media?parent=42251"}],"wp:term":[{"taxonomy":"product_brand","embeddable":true,"href":"https:\/\/toys.lt\/lv\/wp-json\/wp\/v2\/product_brand?post=42251"},{"taxonomy":"product_cat","embeddable":true,"href":"https:\/\/toys.lt\/lv\/wp-json\/wp\/v2\/product_cat?post=42251"},{"taxonomy":"product_tag","embeddable":true,"href":"https:\/\/toys.lt\/lv\/wp-json\/wp\/v2\/product_tag?post=42251"}],"curies":[{"name":"wp","href":"https:\/\/api.w.org\/{rel}","templated":true}]}}