{"id":42250,"date":"2020-08-28T13:54:35","date_gmt":"2020-08-28T13:54:35","guid":{"rendered":"https:\/\/toys.lt\/produktas\/elektriskais-traktors-12v-pilsan-mega\/"},"modified":"2026-03-30T00:25:13","modified_gmt":"2026-03-30T00:25:13","slug":"elektriskais-traktors-12v-pilsan-mega","status":"publish","type":"product","link":"https:\/\/toys.lt\/lv\/produktas\/elektriskais-traktors-12v-pilsan-mega\/","title":{"rendered":"Elektriskais traktors 12V Pilsan &#8220;MEGA&#8221;"},"content":{"rendered":"<p><strong>Funkcijas:<\/strong><\/p>\n<ul style=\"list-style-type: square\">\n<li>Maksim\u0101lais svars: 60 kg<\/li>\n<li>\u0100trums 3,5-7 Km\/h<\/li>\n<li>12 V 12 Ah akumulators<\/li>\n<li>12 V akumulatora l\u0101d\u0113t\u0101js<\/li>\n<li>2X12 V aizmugur\u0113jais motors<\/li>\n<li>Termisk\u0101 aizsardz\u012bba (aizsardz\u012bba pret \u0137\u0113des p\u0101rkar\u0161anu)<\/li>\n<li>Elektroniskais sign\u0101ls<\/li>\n<li>Priek\u0161\u0113j\u0101\/ aizmugur\u0113j\u0101 piedzi\u0146a<\/li>\n<li>Turbo\/norm\u0101lais p\u0101rnesums<\/li>\n<li>Priek\u0161\u0113jie lukturi iedegas kust\u012bbas laik\u0101<\/li>\n<li>Brem\u017eu ped\u0101\u013ca sist\u0113ma ar elektriskajiem sl\u0113d\u017eiem<\/li>\n<li>Uzl\u0101d\u0113jams, izmantojot degvielas aizb\u012bdni<\/li>\n<li>Regul\u0113jams un no\u0146emams s\u0113deklis<\/li>\n<li>Atveras priek\u0161\u0113jais panelis<\/li>\n<li>Piekabes piesl\u0113guma punkts<\/li>\n<li>Amortizators un salok\u0101ms buferis<\/li>\n<li>Elegants un ergonomisks dizains<\/li>\n<li>Kancerog\u0113nu nesaturo\u0161as izejvielas, kas piem\u0113rotas b\u0113rnu vesel\u012bbai<\/li>\n<li>Pilsan rota\u013clietas no Turcijas izce\u013cas ar augstu kvalit\u0101ti.<\/li>\n<\/ul>\n","protected":false},"excerpt":{"rendered":"<p>Produkta veids: p\u0101rvieto\u0161an\u0101s pal\u012bgl\u012bdzeklis<\/p>\n<p>Izcelsmes valsts: Turcija<\/p>\n<p>Z\u012bmola nosaukums: Pilsan<\/p>\n<p>Iepakojuma izm\u0113ri: 115 x 50 x 46 cm<\/p>\n<p>Produkta izm\u0113ri: 114 x 53 x 64 cm<\/p>\n<p>Ieteicamais vecums: no 3 gadiem.<\/p>\n","protected":false},"featured_media":37604,"comment_status":"open","ping_status":"closed","template":"","meta":[],"product_brand":[],"product_cat":[1162,1155,1166,1169],"product_tag":[],"class_list":{"0":"post-42250","1":"product","2":"type-product","3":"status-publish","4":"has-post-thumbnail","6":"product_cat-ara-un-vasaras-rotallietas","7":"product_cat-leti","8":"product_cat-skuteri-tricikli-motocikli-kvadracikli","9":"product_cat-uzsezamas-un-pedalu-rotallietu-masinas-un-traktori","10":"pa_amziaus-grupe-3-lv","11":"pa_prek-s-spalva-sarkanais","12":"pa_prek-s-spalva-zala","13":"pa_prek-s-spalva-zilais","14":"pa_prek-s-tipas-elektriskie-traktori","15":"pa_prekes-zenklas-citizen","16":"pa_spalva-sarkanais","18":"first","19":"instock","20":"taxable","21":"shipping-taxable","22":"purchasable","23":"product-type-variable"},"yoast_head":"<!-- This site is optimized with the Yoast SEO plugin v26.3 - https:\/\/yoast.com\/wordpress\/plugins\/seo\/ -->\n<title>Elektriskais traktors 12V Pilsan &quot;MEGA&quot; - Toys.lt<\/title>\n<meta name=\"robots\" content=\"index, follow, max-snippet:-1, max-image-preview:large, max-video-preview:-1\" \/>\n<link rel=\"canonical\" href=\"https:\/\/toys.lt\/lv\/produktas\/elektriskais-traktors-12v-pilsan-mega\/\" \/>\n<meta property=\"og:locale\" content=\"lv_LV\" \/>\n<meta property=\"og:type\" content=\"article\" \/>\n<meta property=\"og:title\" content=\"Elektriskais traktors 12V Pilsan &quot;MEGA&quot; - Toys.lt\" \/>\n<meta property=\"og:description\" content=\"Produkta veids: p\u0101rvieto\u0161an\u0101s pal\u012bgl\u012bdzeklis Izcelsmes valsts: Turcija Z\u012bmola nosaukums: Pilsan Iepakojuma izm\u0113ri: 115 x 50 x 46 cm Produkta izm\u0113ri: 114 x 53 x 64 cm Ieteicamais vecums: no 3 gadiem.\" \/>\n<meta property=\"og:url\" content=\"https:\/\/toys.lt\/lv\/produktas\/elektriskais-traktors-12v-pilsan-mega\/\" \/>\n<meta property=\"og:site_name\" content=\"Toys.lt\" \/>\n<meta property=\"article:modified_time\" content=\"2026-03-30T00:25:13+00:00\" \/>\n<meta property=\"og:image\" content=\"https:\/\/toys.lt\/wp-content\/uploads\/2020\/08\/products-1584.jpg\" \/>\n\t<meta property=\"og:image:width\" content=\"1203\" \/>\n\t<meta property=\"og:image:height\" content=\"826\" \/>\n\t<meta property=\"og:image:type\" content=\"image\/jpeg\" \/>\n<meta name=\"twitter:card\" content=\"summary_large_image\" \/>\n<meta name=\"twitter:label1\" content=\"Est. reading time\" \/>\n\t<meta name=\"twitter:data1\" content=\"1 minute\" \/>\n<script type=\"application\/ld+json\" class=\"yoast-schema-graph\">{\"@context\":\"https:\/\/schema.org\",\"@graph\":[{\"@type\":\"WebPage\",\"@id\":\"https:\/\/toys.lt\/lv\/produktas\/elektriskais-traktors-12v-pilsan-mega\/\",\"url\":\"https:\/\/toys.lt\/lv\/produktas\/elektriskais-traktors-12v-pilsan-mega\/\",\"name\":\"Elektriskais traktors 12V Pilsan \\\"MEGA\\\" - Toys.lt\",\"isPartOf\":{\"@id\":\"https:\/\/toys.lt\/lv\/#website\"},\"primaryImageOfPage\":{\"@id\":\"https:\/\/toys.lt\/lv\/produktas\/elektriskais-traktors-12v-pilsan-mega\/#primaryimage\"},\"image\":{\"@id\":\"https:\/\/toys.lt\/lv\/produktas\/elektriskais-traktors-12v-pilsan-mega\/#primaryimage\"},\"thumbnailUrl\":\"https:\/\/toys.lt\/wp-content\/uploads\/2020\/08\/products-1584.jpg\",\"datePublished\":\"2020-08-28T13:54:35+00:00\",\"dateModified\":\"2026-03-30T00:25:13+00:00\",\"breadcrumb\":{\"@id\":\"https:\/\/toys.lt\/lv\/produktas\/elektriskais-traktors-12v-pilsan-mega\/#breadcrumb\"},\"inLanguage\":\"lv-LV\",\"potentialAction\":[{\"@type\":\"ReadAction\",\"target\":[\"https:\/\/toys.lt\/lv\/produktas\/elektriskais-traktors-12v-pilsan-mega\/\"]}]},{\"@type\":\"ImageObject\",\"inLanguage\":\"lv-LV\",\"@id\":\"https:\/\/toys.lt\/lv\/produktas\/elektriskais-traktors-12v-pilsan-mega\/#primaryimage\",\"url\":\"https:\/\/toys.lt\/wp-content\/uploads\/2020\/08\/products-1584.jpg\",\"contentUrl\":\"https:\/\/toys.lt\/wp-content\/uploads\/2020\/08\/products-1584.jpg\",\"width\":1203,\"height\":826,\"caption\":\"Elektrinis traktorius 12V Pilsan &#8220;MEGA&#8221; &#8211; Raudona\"},{\"@type\":\"BreadcrumbList\",\"@id\":\"https:\/\/toys.lt\/lv\/produktas\/elektriskais-traktors-12v-pilsan-mega\/#breadcrumb\",\"itemListElement\":[{\"@type\":\"ListItem\",\"position\":1,\"name\":\"Home\",\"item\":\"https:\/\/toys.lt\/lv\/\"},{\"@type\":\"ListItem\",\"position\":2,\"name\":\"Veikals\",\"item\":\"https:\/\/toys.lt\/lv\/shop\/\"},{\"@type\":\"ListItem\",\"position\":3,\"name\":\"Elektriskais traktors 12V Pilsan &#8222;MEGA&#8221;\"}]},{\"@type\":\"WebSite\",\"@id\":\"https:\/\/toys.lt\/lv\/#website\",\"url\":\"https:\/\/toys.lt\/lv\/\",\"name\":\"Toys.lt\",\"description\":\"\",\"potentialAction\":[{\"@type\":\"SearchAction\",\"target\":{\"@type\":\"EntryPoint\",\"urlTemplate\":\"https:\/\/toys.lt\/lv\/?s={search_term_string}\"},\"query-input\":{\"@type\":\"PropertyValueSpecification\",\"valueRequired\":true,\"valueName\":\"search_term_string\"}}],\"inLanguage\":\"lv-LV\"}]}<\/script>\n<!-- \/ Yoast SEO plugin. -->","yoast_head_json":{"title":"Elektriskais traktors 12V Pilsan \"MEGA\" - Toys.lt","robots":{"index":"index","follow":"follow","max-snippet":"max-snippet:-1","max-image-preview":"max-image-preview:large","max-video-preview":"max-video-preview:-1"},"canonical":"https:\/\/toys.lt\/lv\/produktas\/elektriskais-traktors-12v-pilsan-mega\/","og_locale":"lv_LV","og_type":"article","og_title":"Elektriskais traktors 12V Pilsan \"MEGA\" - Toys.lt","og_description":"Produkta veids: p\u0101rvieto\u0161an\u0101s pal\u012bgl\u012bdzeklis Izcelsmes valsts: Turcija Z\u012bmola nosaukums: Pilsan Iepakojuma izm\u0113ri: 115 x 50 x 46 cm Produkta izm\u0113ri: 114 x 53 x 64 cm Ieteicamais vecums: no 3 gadiem.","og_url":"https:\/\/toys.lt\/lv\/produktas\/elektriskais-traktors-12v-pilsan-mega\/","og_site_name":"Toys.lt","article_modified_time":"2026-03-30T00:25:13+00:00","og_image":[{"width":1203,"height":826,"url":"https:\/\/toys.lt\/wp-content\/uploads\/2020\/08\/products-1584.jpg","type":"image\/jpeg"}],"twitter_card":"summary_large_image","twitter_misc":{"Est. reading time":"1 minute"},"schema":{"@context":"https:\/\/schema.org","@graph":[{"@type":"WebPage","@id":"https:\/\/toys.lt\/lv\/produktas\/elektriskais-traktors-12v-pilsan-mega\/","url":"https:\/\/toys.lt\/lv\/produktas\/elektriskais-traktors-12v-pilsan-mega\/","name":"Elektriskais traktors 12V Pilsan \"MEGA\" - Toys.lt","isPartOf":{"@id":"https:\/\/toys.lt\/lv\/#website"},"primaryImageOfPage":{"@id":"https:\/\/toys.lt\/lv\/produktas\/elektriskais-traktors-12v-pilsan-mega\/#primaryimage"},"image":{"@id":"https:\/\/toys.lt\/lv\/produktas\/elektriskais-traktors-12v-pilsan-mega\/#primaryimage"},"thumbnailUrl":"https:\/\/toys.lt\/wp-content\/uploads\/2020\/08\/products-1584.jpg","datePublished":"2020-08-28T13:54:35+00:00","dateModified":"2026-03-30T00:25:13+00:00","breadcrumb":{"@id":"https:\/\/toys.lt\/lv\/produktas\/elektriskais-traktors-12v-pilsan-mega\/#breadcrumb"},"inLanguage":"lv-LV","potentialAction":[{"@type":"ReadAction","target":["https:\/\/toys.lt\/lv\/produktas\/elektriskais-traktors-12v-pilsan-mega\/"]}]},{"@type":"ImageObject","inLanguage":"lv-LV","@id":"https:\/\/toys.lt\/lv\/produktas\/elektriskais-traktors-12v-pilsan-mega\/#primaryimage","url":"https:\/\/toys.lt\/wp-content\/uploads\/2020\/08\/products-1584.jpg","contentUrl":"https:\/\/toys.lt\/wp-content\/uploads\/2020\/08\/products-1584.jpg","width":1203,"height":826,"caption":"Elektrinis traktorius 12V Pilsan &#8220;MEGA&#8221; &#8211; Raudona"},{"@type":"BreadcrumbList","@id":"https:\/\/toys.lt\/lv\/produktas\/elektriskais-traktors-12v-pilsan-mega\/#breadcrumb","itemListElement":[{"@type":"ListItem","position":1,"name":"Home","item":"https:\/\/toys.lt\/lv\/"},{"@type":"ListItem","position":2,"name":"Veikals","item":"https:\/\/toys.lt\/lv\/shop\/"},{"@type":"ListItem","position":3,"name":"Elektriskais traktors 12V Pilsan &#8222;MEGA&#8221;"}]},{"@type":"WebSite","@id":"https:\/\/toys.lt\/lv\/#website","url":"https:\/\/toys.lt\/lv\/","name":"Toys.lt","description":"","potentialAction":[{"@type":"SearchAction","target":{"@type":"EntryPoint","urlTemplate":"https:\/\/toys.lt\/lv\/?s={search_term_string}"},"query-input":{"@type":"PropertyValueSpecification","valueRequired":true,"valueName":"search_term_string"}}],"inLanguage":"lv-LV"}]}},"_links":{"self":[{"href":"https:\/\/toys.lt\/lv\/wp-json\/wp\/v2\/product\/42250","targetHints":{"allow":["GET"]}}],"collection":[{"href":"https:\/\/toys.lt\/lv\/wp-json\/wp\/v2\/product"}],"about":[{"href":"https:\/\/toys.lt\/lv\/wp-json\/wp\/v2\/types\/product"}],"replies":[{"embeddable":true,"href":"https:\/\/toys.lt\/lv\/wp-json\/wp\/v2\/comments?post=42250"}],"version-history":[{"count":1,"href":"https:\/\/toys.lt\/lv\/wp-json\/wp\/v2\/product\/42250\/revisions"}],"predecessor-version":[{"id":46298,"href":"https:\/\/toys.lt\/lv\/wp-json\/wp\/v2\/product\/42250\/revisions\/46298"}],"wp:featuredmedia":[{"embeddable":true,"href":"https:\/\/toys.lt\/lv\/wp-json\/wp\/v2\/media\/37604"}],"wp:attachment":[{"href":"https:\/\/toys.lt\/lv\/wp-json\/wp\/v2\/media?parent=42250"}],"wp:term":[{"taxonomy":"product_brand","embeddable":true,"href":"https:\/\/toys.lt\/lv\/wp-json\/wp\/v2\/product_brand?post=42250"},{"taxonomy":"product_cat","embeddable":true,"href":"https:\/\/toys.lt\/lv\/wp-json\/wp\/v2\/product_cat?post=42250"},{"taxonomy":"product_tag","embeddable":true,"href":"https:\/\/toys.lt\/lv\/wp-json\/wp\/v2\/product_tag?post=42250"}],"curies":[{"name":"wp","href":"https:\/\/api.w.org\/{rel}","templated":true}]}}