{"id":42247,"date":"2020-08-26T16:05:23","date_gmt":"2020-08-26T16:05:23","guid":{"rendered":"https:\/\/toys.lt\/produktas\/pilsan-mikstas-biljarda-bumbas-100gab\/"},"modified":"2026-04-09T00:02:07","modified_gmt":"2026-04-09T00:02:07","slug":"pilsan-mikstas-biljarda-bumbas-100gab","status":"publish","type":"product","link":"https:\/\/toys.lt\/lv\/produktas\/pilsan-mikstas-biljarda-bumbas-100gab\/","title":{"rendered":"Pilsan m\u012bkst\u0101s biljarda bumbas 100gab."},"content":{"rendered":"<p><strong>Funkcijas:<\/strong><\/p>\n<ul style=\"list-style-type: square;\">\n<li>100 biljarda bumbas 7 cm diametr\u0101 <\/li>\n<li>M\u012bksts, viegls, peldo\u0161s, daudzkr\u0101sains<\/li>\n<li>Elegants un ergonomisks dizains<\/li>\n<li>B\u0113rnu vesel\u012bbai piem\u0113rota izejviela, kas nesatur kancerog\u0113nas vielas<\/li>\n<li>Pilsan rota\u013clietas no Turcijas izce\u013cas ar augstu kvalit\u0101ti.<\/li>\n<\/ul>\n","protected":false},"excerpt":{"rendered":"<p>Produkta veids: bumbi\u0146as<\/p>\n<p>Izcelsmes valsts: Turcija<\/p>\n<p>Z\u012bmola nosaukums: Pilsan<\/p>\n<p>Gabalu skaits: 100<\/p>\n<p>Ieteicamais vecums: no 1 gada.<\/p>\n","protected":false},"featured_media":37594,"comment_status":"open","ping_status":"closed","template":"","meta":[],"product_brand":[],"product_cat":[1255,1155],"product_tag":[],"class_list":{"0":"post-42247","1":"product","2":"type-product","3":"status-publish","4":"has-post-thumbnail","6":"product_cat-peldbaseini-ar-bumbinam","7":"product_cat-leti","8":"pa_amziaus-grupe-1-lv","9":"pa_prekes-zenklas-citizen","11":"first","12":"instock","13":"taxable","14":"shipping-taxable","15":"purchasable","16":"product-type-simple"},"yoast_head":"<!-- This site is optimized with the Yoast SEO plugin v26.3 - https:\/\/yoast.com\/wordpress\/plugins\/seo\/ -->\n<title>Pilsan m\u012bkst\u0101s biljarda bumbas 100gab. - Toys.lt<\/title>\n<meta name=\"robots\" content=\"index, follow, max-snippet:-1, max-image-preview:large, max-video-preview:-1\" \/>\n<link rel=\"canonical\" href=\"https:\/\/toys.lt\/lv\/produktas\/pilsan-mikstas-biljarda-bumbas-100gab\/\" \/>\n<meta property=\"og:locale\" content=\"lv_LV\" \/>\n<meta property=\"og:type\" content=\"article\" \/>\n<meta property=\"og:title\" content=\"Pilsan m\u012bkst\u0101s biljarda bumbas 100gab. - Toys.lt\" \/>\n<meta property=\"og:description\" content=\"Produkta veids: bumbi\u0146as Izcelsmes valsts: Turcija Z\u012bmola nosaukums: Pilsan Gabalu skaits: 100 Ieteicamais vecums: no 1 gada.\" \/>\n<meta property=\"og:url\" content=\"https:\/\/toys.lt\/lv\/produktas\/pilsan-mikstas-biljarda-bumbas-100gab\/\" \/>\n<meta property=\"og:site_name\" content=\"Toys.lt\" \/>\n<meta property=\"article:modified_time\" content=\"2026-04-09T00:02:07+00:00\" \/>\n<meta property=\"og:image\" content=\"https:\/\/toys.lt\/wp-content\/uploads\/2020\/08\/products-1571.jpg\" \/>\n\t<meta property=\"og:image:width\" content=\"1080\" \/>\n\t<meta property=\"og:image:height\" content=\"1080\" \/>\n\t<meta property=\"og:image:type\" content=\"image\/jpeg\" \/>\n<meta name=\"twitter:card\" content=\"summary_large_image\" \/>\n<script type=\"application\/ld+json\" class=\"yoast-schema-graph\">{\"@context\":\"https:\/\/schema.org\",\"@graph\":[{\"@type\":\"WebPage\",\"@id\":\"https:\/\/toys.lt\/lv\/produktas\/pilsan-mikstas-biljarda-bumbas-100gab\/\",\"url\":\"https:\/\/toys.lt\/lv\/produktas\/pilsan-mikstas-biljarda-bumbas-100gab\/\",\"name\":\"Pilsan m\u012bkst\u0101s biljarda bumbas 100gab. - Toys.lt\",\"isPartOf\":{\"@id\":\"https:\/\/toys.lt\/lv\/#website\"},\"primaryImageOfPage\":{\"@id\":\"https:\/\/toys.lt\/lv\/produktas\/pilsan-mikstas-biljarda-bumbas-100gab\/#primaryimage\"},\"image\":{\"@id\":\"https:\/\/toys.lt\/lv\/produktas\/pilsan-mikstas-biljarda-bumbas-100gab\/#primaryimage\"},\"thumbnailUrl\":\"https:\/\/toys.lt\/wp-content\/uploads\/2020\/08\/products-1571.jpg\",\"datePublished\":\"2020-08-26T16:05:23+00:00\",\"dateModified\":\"2026-04-09T00:02:07+00:00\",\"breadcrumb\":{\"@id\":\"https:\/\/toys.lt\/lv\/produktas\/pilsan-mikstas-biljarda-bumbas-100gab\/#breadcrumb\"},\"inLanguage\":\"lv-LV\",\"potentialAction\":[{\"@type\":\"ReadAction\",\"target\":[\"https:\/\/toys.lt\/lv\/produktas\/pilsan-mikstas-biljarda-bumbas-100gab\/\"]}]},{\"@type\":\"ImageObject\",\"inLanguage\":\"lv-LV\",\"@id\":\"https:\/\/toys.lt\/lv\/produktas\/pilsan-mikstas-biljarda-bumbas-100gab\/#primaryimage\",\"url\":\"https:\/\/toys.lt\/wp-content\/uploads\/2020\/08\/products-1571.jpg\",\"contentUrl\":\"https:\/\/toys.lt\/wp-content\/uploads\/2020\/08\/products-1571.jpg\",\"width\":1080,\"height\":1080,\"caption\":\"Pilsan mink\u0161ti baseino kamuoliukai 100vnt.\"},{\"@type\":\"BreadcrumbList\",\"@id\":\"https:\/\/toys.lt\/lv\/produktas\/pilsan-mikstas-biljarda-bumbas-100gab\/#breadcrumb\",\"itemListElement\":[{\"@type\":\"ListItem\",\"position\":1,\"name\":\"Home\",\"item\":\"https:\/\/toys.lt\/lv\/\"},{\"@type\":\"ListItem\",\"position\":2,\"name\":\"Veikals\",\"item\":\"https:\/\/toys.lt\/lv\/shop\/\"},{\"@type\":\"ListItem\",\"position\":3,\"name\":\"Pilsan m\u012bkst\u0101s biljarda bumbas 100gab.\"}]},{\"@type\":\"WebSite\",\"@id\":\"https:\/\/toys.lt\/lv\/#website\",\"url\":\"https:\/\/toys.lt\/lv\/\",\"name\":\"Toys.lt\",\"description\":\"\",\"potentialAction\":[{\"@type\":\"SearchAction\",\"target\":{\"@type\":\"EntryPoint\",\"urlTemplate\":\"https:\/\/toys.lt\/lv\/?s={search_term_string}\"},\"query-input\":{\"@type\":\"PropertyValueSpecification\",\"valueRequired\":true,\"valueName\":\"search_term_string\"}}],\"inLanguage\":\"lv-LV\"}]}<\/script>\n<!-- \/ Yoast SEO plugin. -->","yoast_head_json":{"title":"Pilsan m\u012bkst\u0101s biljarda bumbas 100gab. - Toys.lt","robots":{"index":"index","follow":"follow","max-snippet":"max-snippet:-1","max-image-preview":"max-image-preview:large","max-video-preview":"max-video-preview:-1"},"canonical":"https:\/\/toys.lt\/lv\/produktas\/pilsan-mikstas-biljarda-bumbas-100gab\/","og_locale":"lv_LV","og_type":"article","og_title":"Pilsan m\u012bkst\u0101s biljarda bumbas 100gab. - Toys.lt","og_description":"Produkta veids: bumbi\u0146as Izcelsmes valsts: Turcija Z\u012bmola nosaukums: Pilsan Gabalu skaits: 100 Ieteicamais vecums: no 1 gada.","og_url":"https:\/\/toys.lt\/lv\/produktas\/pilsan-mikstas-biljarda-bumbas-100gab\/","og_site_name":"Toys.lt","article_modified_time":"2026-04-09T00:02:07+00:00","og_image":[{"width":1080,"height":1080,"url":"https:\/\/toys.lt\/wp-content\/uploads\/2020\/08\/products-1571.jpg","type":"image\/jpeg"}],"twitter_card":"summary_large_image","schema":{"@context":"https:\/\/schema.org","@graph":[{"@type":"WebPage","@id":"https:\/\/toys.lt\/lv\/produktas\/pilsan-mikstas-biljarda-bumbas-100gab\/","url":"https:\/\/toys.lt\/lv\/produktas\/pilsan-mikstas-biljarda-bumbas-100gab\/","name":"Pilsan m\u012bkst\u0101s biljarda bumbas 100gab. - Toys.lt","isPartOf":{"@id":"https:\/\/toys.lt\/lv\/#website"},"primaryImageOfPage":{"@id":"https:\/\/toys.lt\/lv\/produktas\/pilsan-mikstas-biljarda-bumbas-100gab\/#primaryimage"},"image":{"@id":"https:\/\/toys.lt\/lv\/produktas\/pilsan-mikstas-biljarda-bumbas-100gab\/#primaryimage"},"thumbnailUrl":"https:\/\/toys.lt\/wp-content\/uploads\/2020\/08\/products-1571.jpg","datePublished":"2020-08-26T16:05:23+00:00","dateModified":"2026-04-09T00:02:07+00:00","breadcrumb":{"@id":"https:\/\/toys.lt\/lv\/produktas\/pilsan-mikstas-biljarda-bumbas-100gab\/#breadcrumb"},"inLanguage":"lv-LV","potentialAction":[{"@type":"ReadAction","target":["https:\/\/toys.lt\/lv\/produktas\/pilsan-mikstas-biljarda-bumbas-100gab\/"]}]},{"@type":"ImageObject","inLanguage":"lv-LV","@id":"https:\/\/toys.lt\/lv\/produktas\/pilsan-mikstas-biljarda-bumbas-100gab\/#primaryimage","url":"https:\/\/toys.lt\/wp-content\/uploads\/2020\/08\/products-1571.jpg","contentUrl":"https:\/\/toys.lt\/wp-content\/uploads\/2020\/08\/products-1571.jpg","width":1080,"height":1080,"caption":"Pilsan mink\u0161ti baseino kamuoliukai 100vnt."},{"@type":"BreadcrumbList","@id":"https:\/\/toys.lt\/lv\/produktas\/pilsan-mikstas-biljarda-bumbas-100gab\/#breadcrumb","itemListElement":[{"@type":"ListItem","position":1,"name":"Home","item":"https:\/\/toys.lt\/lv\/"},{"@type":"ListItem","position":2,"name":"Veikals","item":"https:\/\/toys.lt\/lv\/shop\/"},{"@type":"ListItem","position":3,"name":"Pilsan m\u012bkst\u0101s biljarda bumbas 100gab."}]},{"@type":"WebSite","@id":"https:\/\/toys.lt\/lv\/#website","url":"https:\/\/toys.lt\/lv\/","name":"Toys.lt","description":"","potentialAction":[{"@type":"SearchAction","target":{"@type":"EntryPoint","urlTemplate":"https:\/\/toys.lt\/lv\/?s={search_term_string}"},"query-input":{"@type":"PropertyValueSpecification","valueRequired":true,"valueName":"search_term_string"}}],"inLanguage":"lv-LV"}]}},"_links":{"self":[{"href":"https:\/\/toys.lt\/lv\/wp-json\/wp\/v2\/product\/42247","targetHints":{"allow":["GET"]}}],"collection":[{"href":"https:\/\/toys.lt\/lv\/wp-json\/wp\/v2\/product"}],"about":[{"href":"https:\/\/toys.lt\/lv\/wp-json\/wp\/v2\/types\/product"}],"replies":[{"embeddable":true,"href":"https:\/\/toys.lt\/lv\/wp-json\/wp\/v2\/comments?post=42247"}],"version-history":[{"count":1,"href":"https:\/\/toys.lt\/lv\/wp-json\/wp\/v2\/product\/42247\/revisions"}],"predecessor-version":[{"id":46294,"href":"https:\/\/toys.lt\/lv\/wp-json\/wp\/v2\/product\/42247\/revisions\/46294"}],"wp:featuredmedia":[{"embeddable":true,"href":"https:\/\/toys.lt\/lv\/wp-json\/wp\/v2\/media\/37594"}],"wp:attachment":[{"href":"https:\/\/toys.lt\/lv\/wp-json\/wp\/v2\/media?parent=42247"}],"wp:term":[{"taxonomy":"product_brand","embeddable":true,"href":"https:\/\/toys.lt\/lv\/wp-json\/wp\/v2\/product_brand?post=42247"},{"taxonomy":"product_cat","embeddable":true,"href":"https:\/\/toys.lt\/lv\/wp-json\/wp\/v2\/product_cat?post=42247"},{"taxonomy":"product_tag","embeddable":true,"href":"https:\/\/toys.lt\/lv\/wp-json\/wp\/v2\/product_tag?post=42247"}],"curies":[{"name":"wp","href":"https:\/\/api.w.org\/{rel}","templated":true}]}}