{"id":42246,"date":"2020-08-26T16:46:58","date_gmt":"2020-08-26T16:46:58","guid":{"rendered":"https:\/\/toys.lt\/produktas\/pilsan-bernu-staigulitis-ladybug\/"},"modified":"2026-04-09T00:02:05","modified_gmt":"2026-04-09T00:02:05","slug":"pilsan-bernu-staigulitis-ladybug","status":"publish","type":"product","link":"https:\/\/toys.lt\/lv\/produktas\/pilsan-bernu-staigulitis-ladybug\/","title":{"rendered":"Pilsan b\u0113rnu staigul\u012btis &#8220;Ladybug&#8221;"},"content":{"rendered":"<p><strong>Funkcijas:<\/strong><\/p>\n<ul style=\"list-style-type: square;\">\n<li>Maksim\u0101lais svars: 12 kg<\/li>\n<li>M\u016bzikas kaste<\/li>\n<li>\u012apa\u0161s s\u0113dek\u013ca p\u0101rvalks<\/li>\n<li>Elegants un ergonomisks dizains<\/li>\n<li>B\u0113rnu vesel\u012bbai piem\u0113rota izejviela, kas nesatur kancerog\u0113nas vielas<\/li>\n<li>Pilsan rota\u013clietas no Turcijas izce\u013cas ar augstu kvalit\u0101ti.<\/li>\n<\/ul>\n","protected":false},"excerpt":{"rendered":"<p>Produkta veids: staigul\u012btis<\/p>\n<p>Izcelsmes valsts: Turcija<\/p>\n<p>Z\u012bmola nosaukums: Pilsan<\/p>\n<p>Iepakojuma izm\u0113ri: 78 x 62 x 40 cm<\/p>\n<p>Produkta izm\u0113ri: 78 x 62 x 40 cm<\/p>\n<p>Ieteicamais vecums: no 6 m\u0113ne\u0161iem.<\/p>\n","protected":false},"featured_media":37602,"comment_status":"open","ping_status":"closed","template":"","meta":[],"product_brand":[],"product_cat":[1183,1157],"product_tag":[],"class_list":{"0":"post-42246","1":"product","2":"type-product","3":"status-publish","4":"has-post-thumbnail","6":"product_cat-rotallietas-maziem-berniem","7":"product_cat-izglitojosas-un-interaktivas-rotallietas","8":"pa_amziaus-grupe-6-lv","9":"pa_prek-s-tipas-rotallietas-dazadam-spejam","10":"pa_prekes-zenklas-citizen","12":"first","13":"outofstock","14":"taxable","15":"shipping-taxable","16":"purchasable","17":"product-type-simple"},"yoast_head":"<!-- This site is optimized with the Yoast SEO plugin v26.3 - https:\/\/yoast.com\/wordpress\/plugins\/seo\/ -->\n<title>Pilsan b\u0113rnu staigul\u012btis &quot;Ladybug&quot; - Toys.lt<\/title>\n<meta name=\"robots\" content=\"index, follow, max-snippet:-1, max-image-preview:large, max-video-preview:-1\" \/>\n<link rel=\"canonical\" href=\"https:\/\/toys.lt\/lv\/produktas\/pilsan-bernu-staigulitis-ladybug\/\" \/>\n<meta property=\"og:locale\" content=\"lv_LV\" \/>\n<meta property=\"og:type\" content=\"article\" \/>\n<meta property=\"og:title\" content=\"Pilsan b\u0113rnu staigul\u012btis &quot;Ladybug&quot; - Toys.lt\" \/>\n<meta property=\"og:description\" content=\"Produkta veids: staigul\u012btis Izcelsmes valsts: Turcija Z\u012bmola nosaukums: Pilsan Iepakojuma izm\u0113ri: 78 x 62 x 40 cm Produkta izm\u0113ri: 78 x 62 x 40 cm Ieteicamais vecums: no 6 m\u0113ne\u0161iem.\" \/>\n<meta property=\"og:url\" content=\"https:\/\/toys.lt\/lv\/produktas\/pilsan-bernu-staigulitis-ladybug\/\" \/>\n<meta property=\"og:site_name\" content=\"Toys.lt\" \/>\n<meta property=\"article:modified_time\" content=\"2026-04-09T00:02:05+00:00\" \/>\n<meta property=\"og:image\" content=\"https:\/\/toys.lt\/wp-content\/uploads\/2020\/08\/products-1579-1300x800.jpg\" \/>\n\t<meta property=\"og:image:width\" content=\"1300\" \/>\n\t<meta property=\"og:image:height\" content=\"800\" \/>\n\t<meta property=\"og:image:type\" content=\"image\/jpeg\" \/>\n<meta name=\"twitter:card\" content=\"summary_large_image\" \/>\n<script type=\"application\/ld+json\" class=\"yoast-schema-graph\">{\"@context\":\"https:\/\/schema.org\",\"@graph\":[{\"@type\":\"WebPage\",\"@id\":\"https:\/\/toys.lt\/lv\/produktas\/pilsan-bernu-staigulitis-ladybug\/\",\"url\":\"https:\/\/toys.lt\/lv\/produktas\/pilsan-bernu-staigulitis-ladybug\/\",\"name\":\"Pilsan b\u0113rnu staigul\u012btis \\\"Ladybug\\\" - Toys.lt\",\"isPartOf\":{\"@id\":\"https:\/\/toys.lt\/lv\/#website\"},\"primaryImageOfPage\":{\"@id\":\"https:\/\/toys.lt\/lv\/produktas\/pilsan-bernu-staigulitis-ladybug\/#primaryimage\"},\"image\":{\"@id\":\"https:\/\/toys.lt\/lv\/produktas\/pilsan-bernu-staigulitis-ladybug\/#primaryimage\"},\"thumbnailUrl\":\"https:\/\/toys.lt\/wp-content\/uploads\/2020\/08\/products-1579.jpg\",\"datePublished\":\"2020-08-26T16:46:58+00:00\",\"dateModified\":\"2026-04-09T00:02:05+00:00\",\"breadcrumb\":{\"@id\":\"https:\/\/toys.lt\/lv\/produktas\/pilsan-bernu-staigulitis-ladybug\/#breadcrumb\"},\"inLanguage\":\"lv-LV\",\"potentialAction\":[{\"@type\":\"ReadAction\",\"target\":[\"https:\/\/toys.lt\/lv\/produktas\/pilsan-bernu-staigulitis-ladybug\/\"]}]},{\"@type\":\"ImageObject\",\"inLanguage\":\"lv-LV\",\"@id\":\"https:\/\/toys.lt\/lv\/produktas\/pilsan-bernu-staigulitis-ladybug\/#primaryimage\",\"url\":\"https:\/\/toys.lt\/wp-content\/uploads\/2020\/08\/products-1579.jpg\",\"contentUrl\":\"https:\/\/toys.lt\/wp-content\/uploads\/2020\/08\/products-1579.jpg\",\"width\":1080,\"height\":1080,\"caption\":\"Pilsan vaik\u0161tyn\u0117 k\u016bdikiui &#8220;Boru\u017e\u0117l\u0117&#8221;\"},{\"@type\":\"BreadcrumbList\",\"@id\":\"https:\/\/toys.lt\/lv\/produktas\/pilsan-bernu-staigulitis-ladybug\/#breadcrumb\",\"itemListElement\":[{\"@type\":\"ListItem\",\"position\":1,\"name\":\"Home\",\"item\":\"https:\/\/toys.lt\/lv\/\"},{\"@type\":\"ListItem\",\"position\":2,\"name\":\"Veikals\",\"item\":\"https:\/\/toys.lt\/lv\/shop\/\"},{\"@type\":\"ListItem\",\"position\":3,\"name\":\"Pilsan b\u0113rnu staigul\u012btis &#8222;Ladybug&#8221;\"}]},{\"@type\":\"WebSite\",\"@id\":\"https:\/\/toys.lt\/lv\/#website\",\"url\":\"https:\/\/toys.lt\/lv\/\",\"name\":\"Toys.lt\",\"description\":\"\",\"potentialAction\":[{\"@type\":\"SearchAction\",\"target\":{\"@type\":\"EntryPoint\",\"urlTemplate\":\"https:\/\/toys.lt\/lv\/?s={search_term_string}\"},\"query-input\":{\"@type\":\"PropertyValueSpecification\",\"valueRequired\":true,\"valueName\":\"search_term_string\"}}],\"inLanguage\":\"lv-LV\"}]}<\/script>\n<!-- \/ Yoast SEO plugin. -->","yoast_head_json":{"title":"Pilsan b\u0113rnu staigul\u012btis \"Ladybug\" - Toys.lt","robots":{"index":"index","follow":"follow","max-snippet":"max-snippet:-1","max-image-preview":"max-image-preview:large","max-video-preview":"max-video-preview:-1"},"canonical":"https:\/\/toys.lt\/lv\/produktas\/pilsan-bernu-staigulitis-ladybug\/","og_locale":"lv_LV","og_type":"article","og_title":"Pilsan b\u0113rnu staigul\u012btis \"Ladybug\" - Toys.lt","og_description":"Produkta veids: staigul\u012btis Izcelsmes valsts: Turcija Z\u012bmola nosaukums: Pilsan Iepakojuma izm\u0113ri: 78 x 62 x 40 cm Produkta izm\u0113ri: 78 x 62 x 40 cm Ieteicamais vecums: no 6 m\u0113ne\u0161iem.","og_url":"https:\/\/toys.lt\/lv\/produktas\/pilsan-bernu-staigulitis-ladybug\/","og_site_name":"Toys.lt","article_modified_time":"2026-04-09T00:02:05+00:00","og_image":[{"width":1300,"height":800,"url":"https:\/\/toys.lt\/wp-content\/uploads\/2020\/08\/products-1579-1300x800.jpg","type":"image\/jpeg"}],"twitter_card":"summary_large_image","schema":{"@context":"https:\/\/schema.org","@graph":[{"@type":"WebPage","@id":"https:\/\/toys.lt\/lv\/produktas\/pilsan-bernu-staigulitis-ladybug\/","url":"https:\/\/toys.lt\/lv\/produktas\/pilsan-bernu-staigulitis-ladybug\/","name":"Pilsan b\u0113rnu staigul\u012btis \"Ladybug\" - Toys.lt","isPartOf":{"@id":"https:\/\/toys.lt\/lv\/#website"},"primaryImageOfPage":{"@id":"https:\/\/toys.lt\/lv\/produktas\/pilsan-bernu-staigulitis-ladybug\/#primaryimage"},"image":{"@id":"https:\/\/toys.lt\/lv\/produktas\/pilsan-bernu-staigulitis-ladybug\/#primaryimage"},"thumbnailUrl":"https:\/\/toys.lt\/wp-content\/uploads\/2020\/08\/products-1579.jpg","datePublished":"2020-08-26T16:46:58+00:00","dateModified":"2026-04-09T00:02:05+00:00","breadcrumb":{"@id":"https:\/\/toys.lt\/lv\/produktas\/pilsan-bernu-staigulitis-ladybug\/#breadcrumb"},"inLanguage":"lv-LV","potentialAction":[{"@type":"ReadAction","target":["https:\/\/toys.lt\/lv\/produktas\/pilsan-bernu-staigulitis-ladybug\/"]}]},{"@type":"ImageObject","inLanguage":"lv-LV","@id":"https:\/\/toys.lt\/lv\/produktas\/pilsan-bernu-staigulitis-ladybug\/#primaryimage","url":"https:\/\/toys.lt\/wp-content\/uploads\/2020\/08\/products-1579.jpg","contentUrl":"https:\/\/toys.lt\/wp-content\/uploads\/2020\/08\/products-1579.jpg","width":1080,"height":1080,"caption":"Pilsan vaik\u0161tyn\u0117 k\u016bdikiui &#8220;Boru\u017e\u0117l\u0117&#8221;"},{"@type":"BreadcrumbList","@id":"https:\/\/toys.lt\/lv\/produktas\/pilsan-bernu-staigulitis-ladybug\/#breadcrumb","itemListElement":[{"@type":"ListItem","position":1,"name":"Home","item":"https:\/\/toys.lt\/lv\/"},{"@type":"ListItem","position":2,"name":"Veikals","item":"https:\/\/toys.lt\/lv\/shop\/"},{"@type":"ListItem","position":3,"name":"Pilsan b\u0113rnu staigul\u012btis &#8222;Ladybug&#8221;"}]},{"@type":"WebSite","@id":"https:\/\/toys.lt\/lv\/#website","url":"https:\/\/toys.lt\/lv\/","name":"Toys.lt","description":"","potentialAction":[{"@type":"SearchAction","target":{"@type":"EntryPoint","urlTemplate":"https:\/\/toys.lt\/lv\/?s={search_term_string}"},"query-input":{"@type":"PropertyValueSpecification","valueRequired":true,"valueName":"search_term_string"}}],"inLanguage":"lv-LV"}]}},"_links":{"self":[{"href":"https:\/\/toys.lt\/lv\/wp-json\/wp\/v2\/product\/42246","targetHints":{"allow":["GET"]}}],"collection":[{"href":"https:\/\/toys.lt\/lv\/wp-json\/wp\/v2\/product"}],"about":[{"href":"https:\/\/toys.lt\/lv\/wp-json\/wp\/v2\/types\/product"}],"replies":[{"embeddable":true,"href":"https:\/\/toys.lt\/lv\/wp-json\/wp\/v2\/comments?post=42246"}],"version-history":[{"count":0,"href":"https:\/\/toys.lt\/lv\/wp-json\/wp\/v2\/product\/42246\/revisions"}],"wp:featuredmedia":[{"embeddable":true,"href":"https:\/\/toys.lt\/lv\/wp-json\/wp\/v2\/media\/37602"}],"wp:attachment":[{"href":"https:\/\/toys.lt\/lv\/wp-json\/wp\/v2\/media?parent=42246"}],"wp:term":[{"taxonomy":"product_brand","embeddable":true,"href":"https:\/\/toys.lt\/lv\/wp-json\/wp\/v2\/product_brand?post=42246"},{"taxonomy":"product_cat","embeddable":true,"href":"https:\/\/toys.lt\/lv\/wp-json\/wp\/v2\/product_cat?post=42246"},{"taxonomy":"product_tag","embeddable":true,"href":"https:\/\/toys.lt\/lv\/wp-json\/wp\/v2\/product_tag?post=42246"}],"curies":[{"name":"wp","href":"https:\/\/api.w.org\/{rel}","templated":true}]}}