{"id":42245,"date":"2020-08-26T15:54:26","date_gmt":"2020-08-26T15:54:26","guid":{"rendered":"https:\/\/toys.lt\/produktas\/pilsan-rotallietu-udens-un-smilsu-galds\/"},"modified":"2026-04-09T00:02:07","modified_gmt":"2026-04-09T00:02:07","slug":"pilsan-rotallietu-udens-un-smilsu-galds","status":"publish","type":"product","link":"https:\/\/toys.lt\/lv\/produktas\/pilsan-rotallietu-udens-un-smilsu-galds\/","title":{"rendered":"Pilsan rota\u013clietu \u016bdens un smil\u0161u galds"},"content":{"rendered":"<p><strong>Funkcijas:<\/strong><\/p>\n<ul style=\"list-style-type:square;\">\n<li>T\u0101 sast\u0101v no 9 da\u013c\u0101m.<\/li>\n<li>Tas aiz\u0146em maz vietas<\/li>\n<li>Viegli samont\u0113jams<\/li>\n<li>Tas padara jautras d\u0101rza un pludmales sp\u0113les kr\u0101sainas un da\u017e\u0101du formu.<\/li>\n<li>Elegants un ergonomisks dizains<\/li>\n<li>B\u0113rnu vesel\u012bbai piem\u0113rota izejviela, kas nesatur kancerog\u0113nas vielas<\/li>\n<li>Pilsan rota\u013clietas no Turcijas izce\u013cas ar augstu kvalit\u0101ti.<\/li>\n<\/ul>\n","protected":false},"excerpt":{"rendered":"<p>Preces veids: rota\u013cu galds<\/p>\n<p>Izcelsmes valsts: Turcija<\/p>\n<p>Z\u012bmola nosaukums: Pilsan<\/p>\n<p>Iepakojuma izm\u0113ri: 62,5 x 58 x 40 cm<\/p>\n<p>Izstr\u0101d\u0101juma izm\u0113ri: 58 x 38 x 38 cm<\/p>\n<p>Ieteicamais vecums: no 3 gadiem<\/p>\n","protected":false},"featured_media":37592,"comment_status":"open","ping_status":"open","template":"","meta":[],"product_brand":[],"product_cat":[1180,1176,1162,1163],"product_tag":[],"class_list":{"0":"post-42245","1":"product","2":"type-product","3":"status-publish","4":"has-post-thumbnail","6":"product_cat-rotallietas-meitenem","7":"product_cat-rotallietas-zeniem","8":"product_cat-ara-un-vasaras-rotallietas","9":"product_cat-smilsu-rotallietas","10":"pa_amziaus-grupe-3-lv","11":"pa_prek-s-tipas-sandbanks","12":"pa_prekes-zenklas-citizen","14":"first","15":"outofstock","16":"taxable","17":"shipping-taxable","18":"purchasable","19":"product-type-simple"},"yoast_head":"<!-- This site is optimized with the Yoast SEO plugin v26.3 - https:\/\/yoast.com\/wordpress\/plugins\/seo\/ -->\n<title>Pilsan rota\u013clietu \u016bdens un smil\u0161u galds - Toys.lt<\/title>\n<meta name=\"robots\" content=\"index, follow, max-snippet:-1, max-image-preview:large, max-video-preview:-1\" \/>\n<link rel=\"canonical\" href=\"https:\/\/toys.lt\/lv\/produktas\/pilsan-rotallietu-udens-un-smilsu-galds\/\" \/>\n<meta property=\"og:locale\" content=\"lv_LV\" \/>\n<meta property=\"og:type\" content=\"article\" \/>\n<meta property=\"og:title\" content=\"Pilsan rota\u013clietu \u016bdens un smil\u0161u galds - Toys.lt\" \/>\n<meta property=\"og:description\" content=\"Preces veids: rota\u013cu galds Izcelsmes valsts: Turcija Z\u012bmola nosaukums: Pilsan Iepakojuma izm\u0113ri: 62,5 x 58 x 40 cm Izstr\u0101d\u0101juma izm\u0113ri: 58 x 38 x 38 cm Ieteicamais vecums: no 3 gadiem\" \/>\n<meta property=\"og:url\" content=\"https:\/\/toys.lt\/lv\/produktas\/pilsan-rotallietu-udens-un-smilsu-galds\/\" \/>\n<meta property=\"og:site_name\" content=\"Toys.lt\" \/>\n<meta property=\"article:modified_time\" content=\"2026-04-09T00:02:07+00:00\" \/>\n<meta property=\"og:image\" content=\"https:\/\/toys.lt\/wp-content\/uploads\/2020\/08\/products-1570-1300x800.jpg\" \/>\n\t<meta property=\"og:image:width\" content=\"1300\" \/>\n\t<meta property=\"og:image:height\" content=\"800\" \/>\n\t<meta property=\"og:image:type\" content=\"image\/jpeg\" \/>\n<meta name=\"twitter:card\" content=\"summary_large_image\" \/>\n<script type=\"application\/ld+json\" class=\"yoast-schema-graph\">{\"@context\":\"https:\/\/schema.org\",\"@graph\":[{\"@type\":\"WebPage\",\"@id\":\"https:\/\/toys.lt\/lv\/produktas\/pilsan-rotallietu-udens-un-smilsu-galds\/\",\"url\":\"https:\/\/toys.lt\/lv\/produktas\/pilsan-rotallietu-udens-un-smilsu-galds\/\",\"name\":\"Pilsan rota\u013clietu \u016bdens un smil\u0161u galds - Toys.lt\",\"isPartOf\":{\"@id\":\"https:\/\/toys.lt\/lv\/#website\"},\"primaryImageOfPage\":{\"@id\":\"https:\/\/toys.lt\/lv\/produktas\/pilsan-rotallietu-udens-un-smilsu-galds\/#primaryimage\"},\"image\":{\"@id\":\"https:\/\/toys.lt\/lv\/produktas\/pilsan-rotallietu-udens-un-smilsu-galds\/#primaryimage\"},\"thumbnailUrl\":\"https:\/\/toys.lt\/wp-content\/uploads\/2020\/08\/products-1570.jpg\",\"datePublished\":\"2020-08-26T15:54:26+00:00\",\"dateModified\":\"2026-04-09T00:02:07+00:00\",\"breadcrumb\":{\"@id\":\"https:\/\/toys.lt\/lv\/produktas\/pilsan-rotallietu-udens-un-smilsu-galds\/#breadcrumb\"},\"inLanguage\":\"lv-LV\",\"potentialAction\":[{\"@type\":\"ReadAction\",\"target\":[\"https:\/\/toys.lt\/lv\/produktas\/pilsan-rotallietu-udens-un-smilsu-galds\/\"]}]},{\"@type\":\"ImageObject\",\"inLanguage\":\"lv-LV\",\"@id\":\"https:\/\/toys.lt\/lv\/produktas\/pilsan-rotallietu-udens-un-smilsu-galds\/#primaryimage\",\"url\":\"https:\/\/toys.lt\/wp-content\/uploads\/2020\/08\/products-1570.jpg\",\"contentUrl\":\"https:\/\/toys.lt\/wp-content\/uploads\/2020\/08\/products-1570.jpg\",\"width\":1080,\"height\":1080,\"caption\":\"Pilsan \u017eaislinis vandens ir sm\u0117lio staliukas\"},{\"@type\":\"BreadcrumbList\",\"@id\":\"https:\/\/toys.lt\/lv\/produktas\/pilsan-rotallietu-udens-un-smilsu-galds\/#breadcrumb\",\"itemListElement\":[{\"@type\":\"ListItem\",\"position\":1,\"name\":\"Home\",\"item\":\"https:\/\/toys.lt\/lv\/\"},{\"@type\":\"ListItem\",\"position\":2,\"name\":\"Veikals\",\"item\":\"https:\/\/toys.lt\/lv\/shop\/\"},{\"@type\":\"ListItem\",\"position\":3,\"name\":\"Pilsan rota\u013clietu \u016bdens un smil\u0161u galds\"}]},{\"@type\":\"WebSite\",\"@id\":\"https:\/\/toys.lt\/lv\/#website\",\"url\":\"https:\/\/toys.lt\/lv\/\",\"name\":\"Toys.lt\",\"description\":\"\",\"potentialAction\":[{\"@type\":\"SearchAction\",\"target\":{\"@type\":\"EntryPoint\",\"urlTemplate\":\"https:\/\/toys.lt\/lv\/?s={search_term_string}\"},\"query-input\":{\"@type\":\"PropertyValueSpecification\",\"valueRequired\":true,\"valueName\":\"search_term_string\"}}],\"inLanguage\":\"lv-LV\"}]}<\/script>\n<!-- \/ Yoast SEO plugin. -->","yoast_head_json":{"title":"Pilsan rota\u013clietu \u016bdens un smil\u0161u galds - Toys.lt","robots":{"index":"index","follow":"follow","max-snippet":"max-snippet:-1","max-image-preview":"max-image-preview:large","max-video-preview":"max-video-preview:-1"},"canonical":"https:\/\/toys.lt\/lv\/produktas\/pilsan-rotallietu-udens-un-smilsu-galds\/","og_locale":"lv_LV","og_type":"article","og_title":"Pilsan rota\u013clietu \u016bdens un smil\u0161u galds - Toys.lt","og_description":"Preces veids: rota\u013cu galds Izcelsmes valsts: Turcija Z\u012bmola nosaukums: Pilsan Iepakojuma izm\u0113ri: 62,5 x 58 x 40 cm Izstr\u0101d\u0101juma izm\u0113ri: 58 x 38 x 38 cm Ieteicamais vecums: no 3 gadiem","og_url":"https:\/\/toys.lt\/lv\/produktas\/pilsan-rotallietu-udens-un-smilsu-galds\/","og_site_name":"Toys.lt","article_modified_time":"2026-04-09T00:02:07+00:00","og_image":[{"width":1300,"height":800,"url":"https:\/\/toys.lt\/wp-content\/uploads\/2020\/08\/products-1570-1300x800.jpg","type":"image\/jpeg"}],"twitter_card":"summary_large_image","schema":{"@context":"https:\/\/schema.org","@graph":[{"@type":"WebPage","@id":"https:\/\/toys.lt\/lv\/produktas\/pilsan-rotallietu-udens-un-smilsu-galds\/","url":"https:\/\/toys.lt\/lv\/produktas\/pilsan-rotallietu-udens-un-smilsu-galds\/","name":"Pilsan rota\u013clietu \u016bdens un smil\u0161u galds - Toys.lt","isPartOf":{"@id":"https:\/\/toys.lt\/lv\/#website"},"primaryImageOfPage":{"@id":"https:\/\/toys.lt\/lv\/produktas\/pilsan-rotallietu-udens-un-smilsu-galds\/#primaryimage"},"image":{"@id":"https:\/\/toys.lt\/lv\/produktas\/pilsan-rotallietu-udens-un-smilsu-galds\/#primaryimage"},"thumbnailUrl":"https:\/\/toys.lt\/wp-content\/uploads\/2020\/08\/products-1570.jpg","datePublished":"2020-08-26T15:54:26+00:00","dateModified":"2026-04-09T00:02:07+00:00","breadcrumb":{"@id":"https:\/\/toys.lt\/lv\/produktas\/pilsan-rotallietu-udens-un-smilsu-galds\/#breadcrumb"},"inLanguage":"lv-LV","potentialAction":[{"@type":"ReadAction","target":["https:\/\/toys.lt\/lv\/produktas\/pilsan-rotallietu-udens-un-smilsu-galds\/"]}]},{"@type":"ImageObject","inLanguage":"lv-LV","@id":"https:\/\/toys.lt\/lv\/produktas\/pilsan-rotallietu-udens-un-smilsu-galds\/#primaryimage","url":"https:\/\/toys.lt\/wp-content\/uploads\/2020\/08\/products-1570.jpg","contentUrl":"https:\/\/toys.lt\/wp-content\/uploads\/2020\/08\/products-1570.jpg","width":1080,"height":1080,"caption":"Pilsan \u017eaislinis vandens ir sm\u0117lio staliukas"},{"@type":"BreadcrumbList","@id":"https:\/\/toys.lt\/lv\/produktas\/pilsan-rotallietu-udens-un-smilsu-galds\/#breadcrumb","itemListElement":[{"@type":"ListItem","position":1,"name":"Home","item":"https:\/\/toys.lt\/lv\/"},{"@type":"ListItem","position":2,"name":"Veikals","item":"https:\/\/toys.lt\/lv\/shop\/"},{"@type":"ListItem","position":3,"name":"Pilsan rota\u013clietu \u016bdens un smil\u0161u galds"}]},{"@type":"WebSite","@id":"https:\/\/toys.lt\/lv\/#website","url":"https:\/\/toys.lt\/lv\/","name":"Toys.lt","description":"","potentialAction":[{"@type":"SearchAction","target":{"@type":"EntryPoint","urlTemplate":"https:\/\/toys.lt\/lv\/?s={search_term_string}"},"query-input":{"@type":"PropertyValueSpecification","valueRequired":true,"valueName":"search_term_string"}}],"inLanguage":"lv-LV"}]}},"_links":{"self":[{"href":"https:\/\/toys.lt\/lv\/wp-json\/wp\/v2\/product\/42245","targetHints":{"allow":["GET"]}}],"collection":[{"href":"https:\/\/toys.lt\/lv\/wp-json\/wp\/v2\/product"}],"about":[{"href":"https:\/\/toys.lt\/lv\/wp-json\/wp\/v2\/types\/product"}],"replies":[{"embeddable":true,"href":"https:\/\/toys.lt\/lv\/wp-json\/wp\/v2\/comments?post=42245"}],"version-history":[{"count":0,"href":"https:\/\/toys.lt\/lv\/wp-json\/wp\/v2\/product\/42245\/revisions"}],"wp:featuredmedia":[{"embeddable":true,"href":"https:\/\/toys.lt\/lv\/wp-json\/wp\/v2\/media\/37592"}],"wp:attachment":[{"href":"https:\/\/toys.lt\/lv\/wp-json\/wp\/v2\/media?parent=42245"}],"wp:term":[{"taxonomy":"product_brand","embeddable":true,"href":"https:\/\/toys.lt\/lv\/wp-json\/wp\/v2\/product_brand?post=42245"},{"taxonomy":"product_cat","embeddable":true,"href":"https:\/\/toys.lt\/lv\/wp-json\/wp\/v2\/product_cat?post=42245"},{"taxonomy":"product_tag","embeddable":true,"href":"https:\/\/toys.lt\/lv\/wp-json\/wp\/v2\/product_tag?post=42245"}],"curies":[{"name":"wp","href":"https:\/\/api.w.org\/{rel}","templated":true}]}}