{"id":42241,"date":"2020-08-26T15:46:19","date_gmt":"2020-08-26T15:46:19","guid":{"rendered":"https:\/\/toys.lt\/produktas\/pilsan-rotallietu-dargumu-lade-glabasanas-kaste\/"},"modified":"2026-03-30T00:25:13","modified_gmt":"2026-03-30T00:25:13","slug":"pilsan-rotallietu-dargumu-lade-glabasanas-kaste","status":"publish","type":"product","link":"https:\/\/toys.lt\/lv\/produktas\/pilsan-rotallietu-dargumu-lade-glabasanas-kaste\/","title":{"rendered":"Pilsan rota\u013clietu d\u0101rgumu l\u0101de, glab\u0101\u0161anas kaste"},"content":{"rendered":"<p><strong>Funkcijas:<\/strong><\/p>\n<ul style=\"list-style-type: square;\">\n<li>Milz\u012bgs iek\u0161\u0113jais tilpums<\/li>\n<li>Lieliska vieta da\u017e\u0101du rota\u013clietu uzglab\u0101\u0161anai<\/li>\n<li>Viegls, iztur\u012bgs un p\u0101rn\u0113s\u0101jams<\/li>\n<li>Elegants un ergonomisks dizains<\/li>\n<li>B\u0113rnu vesel\u012bbai piem\u0113rota izejviela, kas nesatur kancerog\u0113nas vielas<\/li>\n<li>Pilsan rota\u013clietas no Turcijas izce\u013cas ar augstu kvalit\u0101ti.<\/li>\n<\/ul>\n","protected":false},"excerpt":{"rendered":"<p>Produkta veids: uzglab\u0101\u0161anas kaste<\/p>\n<p>Izcelsmes valsts: Turcija<\/p>\n<p>Z\u012bmola nosaukums: Pilsan<\/p>\n<p>Iepakojuma izm\u0113ri: 83,5 x 51,5 x 52 cm<\/p>\n<p>Ieteicamais vecums: no 3 gadiem.<\/p>\n","protected":false},"featured_media":37591,"comment_status":"open","ping_status":"closed","template":"","meta":[],"product_brand":[],"product_cat":[1180,1176,1151],"product_tag":[],"class_list":{"0":"post-42241","1":"product","2":"type-product","3":"status-publish","4":"has-post-thumbnail","6":"product_cat-rotallietas-meitenem","7":"product_cat-rotallietas-zeniem","8":"product_cat-specializeti-rotallietu-darbariki","9":"pa_amziaus-grupe-3-lv","10":"pa_prek-s-spalva-sarkanais","11":"pa_prek-s-spalva-zilais","12":"pa_prek-s-tipas-instrumentu-komplekti","13":"pa_prekes-zenklas-citizen","15":"first","16":"outofstock","17":"taxable","18":"shipping-taxable","19":"product-type-variable"},"yoast_head":"<!-- This site is optimized with the Yoast SEO plugin v26.3 - https:\/\/yoast.com\/wordpress\/plugins\/seo\/ -->\n<title>Pilsan rota\u013clietu d\u0101rgumu l\u0101de, glab\u0101\u0161anas kaste - Toys.lt<\/title>\n<meta name=\"robots\" content=\"index, follow, max-snippet:-1, max-image-preview:large, max-video-preview:-1\" \/>\n<link rel=\"canonical\" href=\"https:\/\/toys.lt\/lv\/produktas\/pilsan-rotallietu-dargumu-lade-glabasanas-kaste\/\" \/>\n<meta property=\"og:locale\" content=\"lv_LV\" \/>\n<meta property=\"og:type\" content=\"article\" \/>\n<meta property=\"og:title\" content=\"Pilsan rota\u013clietu d\u0101rgumu l\u0101de, glab\u0101\u0161anas kaste - Toys.lt\" \/>\n<meta property=\"og:description\" content=\"Produkta veids: uzglab\u0101\u0161anas kaste Izcelsmes valsts: Turcija Z\u012bmola nosaukums: Pilsan Iepakojuma izm\u0113ri: 83,5 x 51,5 x 52 cm Ieteicamais vecums: no 3 gadiem.\" \/>\n<meta property=\"og:url\" content=\"https:\/\/toys.lt\/lv\/produktas\/pilsan-rotallietu-dargumu-lade-glabasanas-kaste\/\" \/>\n<meta property=\"og:site_name\" content=\"Toys.lt\" \/>\n<meta property=\"article:modified_time\" content=\"2026-03-30T00:25:13+00:00\" \/>\n<meta property=\"og:image\" content=\"https:\/\/toys.lt\/wp-content\/uploads\/2020\/08\/products-1568-1300x800.jpg\" \/>\n\t<meta property=\"og:image:width\" content=\"1300\" \/>\n\t<meta property=\"og:image:height\" content=\"800\" \/>\n\t<meta property=\"og:image:type\" content=\"image\/jpeg\" \/>\n<meta name=\"twitter:card\" content=\"summary_large_image\" \/>\n<script type=\"application\/ld+json\" class=\"yoast-schema-graph\">{\"@context\":\"https:\/\/schema.org\",\"@graph\":[{\"@type\":\"WebPage\",\"@id\":\"https:\/\/toys.lt\/lv\/produktas\/pilsan-rotallietu-dargumu-lade-glabasanas-kaste\/\",\"url\":\"https:\/\/toys.lt\/lv\/produktas\/pilsan-rotallietu-dargumu-lade-glabasanas-kaste\/\",\"name\":\"Pilsan rota\u013clietu d\u0101rgumu l\u0101de, glab\u0101\u0161anas kaste - Toys.lt\",\"isPartOf\":{\"@id\":\"https:\/\/toys.lt\/lv\/#website\"},\"primaryImageOfPage\":{\"@id\":\"https:\/\/toys.lt\/lv\/produktas\/pilsan-rotallietu-dargumu-lade-glabasanas-kaste\/#primaryimage\"},\"image\":{\"@id\":\"https:\/\/toys.lt\/lv\/produktas\/pilsan-rotallietu-dargumu-lade-glabasanas-kaste\/#primaryimage\"},\"thumbnailUrl\":\"https:\/\/toys.lt\/wp-content\/uploads\/2020\/08\/products-1568.jpg\",\"datePublished\":\"2020-08-26T15:46:19+00:00\",\"dateModified\":\"2026-03-30T00:25:13+00:00\",\"breadcrumb\":{\"@id\":\"https:\/\/toys.lt\/lv\/produktas\/pilsan-rotallietu-dargumu-lade-glabasanas-kaste\/#breadcrumb\"},\"inLanguage\":\"lv-LV\",\"potentialAction\":[{\"@type\":\"ReadAction\",\"target\":[\"https:\/\/toys.lt\/lv\/produktas\/pilsan-rotallietu-dargumu-lade-glabasanas-kaste\/\"]}]},{\"@type\":\"ImageObject\",\"inLanguage\":\"lv-LV\",\"@id\":\"https:\/\/toys.lt\/lv\/produktas\/pilsan-rotallietu-dargumu-lade-glabasanas-kaste\/#primaryimage\",\"url\":\"https:\/\/toys.lt\/wp-content\/uploads\/2020\/08\/products-1568.jpg\",\"contentUrl\":\"https:\/\/toys.lt\/wp-content\/uploads\/2020\/08\/products-1568.jpg\",\"width\":1080,\"height\":1080,\"caption\":\"Pilsan \u017eaislin\u0117 lobi\u0173 skrynia, daiktad\u0117\u017e\u0117\"},{\"@type\":\"BreadcrumbList\",\"@id\":\"https:\/\/toys.lt\/lv\/produktas\/pilsan-rotallietu-dargumu-lade-glabasanas-kaste\/#breadcrumb\",\"itemListElement\":[{\"@type\":\"ListItem\",\"position\":1,\"name\":\"Home\",\"item\":\"https:\/\/toys.lt\/lv\/\"},{\"@type\":\"ListItem\",\"position\":2,\"name\":\"Veikals\",\"item\":\"https:\/\/toys.lt\/lv\/shop\/\"},{\"@type\":\"ListItem\",\"position\":3,\"name\":\"Pilsan rota\u013clietu d\u0101rgumu l\u0101de, glab\u0101\u0161anas kaste\"}]},{\"@type\":\"WebSite\",\"@id\":\"https:\/\/toys.lt\/lv\/#website\",\"url\":\"https:\/\/toys.lt\/lv\/\",\"name\":\"Toys.lt\",\"description\":\"\",\"potentialAction\":[{\"@type\":\"SearchAction\",\"target\":{\"@type\":\"EntryPoint\",\"urlTemplate\":\"https:\/\/toys.lt\/lv\/?s={search_term_string}\"},\"query-input\":{\"@type\":\"PropertyValueSpecification\",\"valueRequired\":true,\"valueName\":\"search_term_string\"}}],\"inLanguage\":\"lv-LV\"}]}<\/script>\n<!-- \/ Yoast SEO plugin. -->","yoast_head_json":{"title":"Pilsan rota\u013clietu d\u0101rgumu l\u0101de, glab\u0101\u0161anas kaste - Toys.lt","robots":{"index":"index","follow":"follow","max-snippet":"max-snippet:-1","max-image-preview":"max-image-preview:large","max-video-preview":"max-video-preview:-1"},"canonical":"https:\/\/toys.lt\/lv\/produktas\/pilsan-rotallietu-dargumu-lade-glabasanas-kaste\/","og_locale":"lv_LV","og_type":"article","og_title":"Pilsan rota\u013clietu d\u0101rgumu l\u0101de, glab\u0101\u0161anas kaste - Toys.lt","og_description":"Produkta veids: uzglab\u0101\u0161anas kaste Izcelsmes valsts: Turcija Z\u012bmola nosaukums: Pilsan Iepakojuma izm\u0113ri: 83,5 x 51,5 x 52 cm Ieteicamais vecums: no 3 gadiem.","og_url":"https:\/\/toys.lt\/lv\/produktas\/pilsan-rotallietu-dargumu-lade-glabasanas-kaste\/","og_site_name":"Toys.lt","article_modified_time":"2026-03-30T00:25:13+00:00","og_image":[{"width":1300,"height":800,"url":"https:\/\/toys.lt\/wp-content\/uploads\/2020\/08\/products-1568-1300x800.jpg","type":"image\/jpeg"}],"twitter_card":"summary_large_image","schema":{"@context":"https:\/\/schema.org","@graph":[{"@type":"WebPage","@id":"https:\/\/toys.lt\/lv\/produktas\/pilsan-rotallietu-dargumu-lade-glabasanas-kaste\/","url":"https:\/\/toys.lt\/lv\/produktas\/pilsan-rotallietu-dargumu-lade-glabasanas-kaste\/","name":"Pilsan rota\u013clietu d\u0101rgumu l\u0101de, glab\u0101\u0161anas kaste - Toys.lt","isPartOf":{"@id":"https:\/\/toys.lt\/lv\/#website"},"primaryImageOfPage":{"@id":"https:\/\/toys.lt\/lv\/produktas\/pilsan-rotallietu-dargumu-lade-glabasanas-kaste\/#primaryimage"},"image":{"@id":"https:\/\/toys.lt\/lv\/produktas\/pilsan-rotallietu-dargumu-lade-glabasanas-kaste\/#primaryimage"},"thumbnailUrl":"https:\/\/toys.lt\/wp-content\/uploads\/2020\/08\/products-1568.jpg","datePublished":"2020-08-26T15:46:19+00:00","dateModified":"2026-03-30T00:25:13+00:00","breadcrumb":{"@id":"https:\/\/toys.lt\/lv\/produktas\/pilsan-rotallietu-dargumu-lade-glabasanas-kaste\/#breadcrumb"},"inLanguage":"lv-LV","potentialAction":[{"@type":"ReadAction","target":["https:\/\/toys.lt\/lv\/produktas\/pilsan-rotallietu-dargumu-lade-glabasanas-kaste\/"]}]},{"@type":"ImageObject","inLanguage":"lv-LV","@id":"https:\/\/toys.lt\/lv\/produktas\/pilsan-rotallietu-dargumu-lade-glabasanas-kaste\/#primaryimage","url":"https:\/\/toys.lt\/wp-content\/uploads\/2020\/08\/products-1568.jpg","contentUrl":"https:\/\/toys.lt\/wp-content\/uploads\/2020\/08\/products-1568.jpg","width":1080,"height":1080,"caption":"Pilsan \u017eaislin\u0117 lobi\u0173 skrynia, daiktad\u0117\u017e\u0117"},{"@type":"BreadcrumbList","@id":"https:\/\/toys.lt\/lv\/produktas\/pilsan-rotallietu-dargumu-lade-glabasanas-kaste\/#breadcrumb","itemListElement":[{"@type":"ListItem","position":1,"name":"Home","item":"https:\/\/toys.lt\/lv\/"},{"@type":"ListItem","position":2,"name":"Veikals","item":"https:\/\/toys.lt\/lv\/shop\/"},{"@type":"ListItem","position":3,"name":"Pilsan rota\u013clietu d\u0101rgumu l\u0101de, glab\u0101\u0161anas kaste"}]},{"@type":"WebSite","@id":"https:\/\/toys.lt\/lv\/#website","url":"https:\/\/toys.lt\/lv\/","name":"Toys.lt","description":"","potentialAction":[{"@type":"SearchAction","target":{"@type":"EntryPoint","urlTemplate":"https:\/\/toys.lt\/lv\/?s={search_term_string}"},"query-input":{"@type":"PropertyValueSpecification","valueRequired":true,"valueName":"search_term_string"}}],"inLanguage":"lv-LV"}]}},"_links":{"self":[{"href":"https:\/\/toys.lt\/lv\/wp-json\/wp\/v2\/product\/42241","targetHints":{"allow":["GET"]}}],"collection":[{"href":"https:\/\/toys.lt\/lv\/wp-json\/wp\/v2\/product"}],"about":[{"href":"https:\/\/toys.lt\/lv\/wp-json\/wp\/v2\/types\/product"}],"replies":[{"embeddable":true,"href":"https:\/\/toys.lt\/lv\/wp-json\/wp\/v2\/comments?post=42241"}],"version-history":[{"count":0,"href":"https:\/\/toys.lt\/lv\/wp-json\/wp\/v2\/product\/42241\/revisions"}],"wp:featuredmedia":[{"embeddable":true,"href":"https:\/\/toys.lt\/lv\/wp-json\/wp\/v2\/media\/37591"}],"wp:attachment":[{"href":"https:\/\/toys.lt\/lv\/wp-json\/wp\/v2\/media?parent=42241"}],"wp:term":[{"taxonomy":"product_brand","embeddable":true,"href":"https:\/\/toys.lt\/lv\/wp-json\/wp\/v2\/product_brand?post=42241"},{"taxonomy":"product_cat","embeddable":true,"href":"https:\/\/toys.lt\/lv\/wp-json\/wp\/v2\/product_cat?post=42241"},{"taxonomy":"product_tag","embeddable":true,"href":"https:\/\/toys.lt\/lv\/wp-json\/wp\/v2\/product_tag?post=42241"}],"curies":[{"name":"wp","href":"https:\/\/api.w.org\/{rel}","templated":true}]}}