{"id":42235,"date":"2020-08-26T15:23:26","date_gmt":"2020-08-26T15:23:26","guid":{"rendered":"https:\/\/toys.lt\/produktas\/pilsan-rotalu-celazimes-lielas\/"},"modified":"2026-04-09T00:02:07","modified_gmt":"2026-04-09T00:02:07","slug":"pilsan-rotalu-celazimes-lielas","status":"publish","type":"product","link":"https:\/\/toys.lt\/lv\/produktas\/pilsan-rotalu-celazimes-lielas\/","title":{"rendered":"Pilsan rota\u013cu ce\u013caz\u012bmes (lielas)"},"content":{"rendered":"<p><strong>Funkcijas:<\/strong><\/p>\n<ul style=\"list-style-type: square\">\n<li>Viegli samont\u0113jams<\/li>\n<li>Z\u012bmoga augstums 85 cm<\/li>\n<li>Var izmantot \u0101rpus telp\u0101m, piepildot pamatni ar smilt\u012bm.<\/li>\n<li>10 ce\u013ca z\u012bmes ar skaidrojumiem<\/li>\n<li>Elegants un ergonomisks dizains<\/li>\n<li>Izgatavots no nekancerog\u0113n\u0101m, b\u0113rnu vesel\u012bbai piem\u0113rot\u0101m izejviel\u0101m<\/li>\n<li>Pilsan rota\u013clietas no Turcijas izce\u013cas ar augstu kvalit\u0101ti.<\/li>\n<\/ul>\n","protected":false},"excerpt":{"rendered":"<p>Produkta veids: ce\u013ca z\u012bmes<\/p>\n<p>Izcelsmes valsts: Turcija<\/p>\n<p>Z\u012bmola nosaukums: Pilsan<\/p>\n<p>Iepakojuma izm\u0113ri: 60 x 45 x 52 cm<\/p>\n<p>Gabalu skaits: 10<\/p>\n<p>Ieteicamais vecums: no 3 gadiem.<\/p>\n","protected":false},"featured_media":37574,"comment_status":"open","ping_status":"closed","template":"","meta":[],"product_brand":[],"product_cat":[1157,1155],"product_tag":[],"class_list":{"0":"post-42235","1":"product","2":"type-product","3":"status-publish","4":"has-post-thumbnail","6":"product_cat-izglitojosas-un-interaktivas-rotallietas","7":"product_cat-leti","8":"pa_amziaus-grupe-3-lv","9":"pa_prek-s-tipas-rotallietas-dazadam-spejam","10":"pa_prekes-zenklas-citizen","12":"first","13":"instock","14":"taxable","15":"shipping-taxable","16":"purchasable","17":"product-type-simple"},"yoast_head":"<!-- This site is optimized with the Yoast SEO plugin v26.3 - https:\/\/yoast.com\/wordpress\/plugins\/seo\/ -->\n<title>Pilsan rota\u013cu ce\u013caz\u012bmes (lielas) - Toys.lt<\/title>\n<meta name=\"robots\" content=\"index, follow, max-snippet:-1, max-image-preview:large, max-video-preview:-1\" \/>\n<link rel=\"canonical\" href=\"https:\/\/toys.lt\/lv\/produktas\/pilsan-rotalu-celazimes-lielas\/\" \/>\n<meta property=\"og:locale\" content=\"lv_LV\" \/>\n<meta property=\"og:type\" content=\"article\" \/>\n<meta property=\"og:title\" content=\"Pilsan rota\u013cu ce\u013caz\u012bmes (lielas) - Toys.lt\" \/>\n<meta property=\"og:description\" content=\"Produkta veids: ce\u013ca z\u012bmes Izcelsmes valsts: Turcija Z\u012bmola nosaukums: Pilsan Iepakojuma izm\u0113ri: 60 x 45 x 52 cm Gabalu skaits: 10 Ieteicamais vecums: no 3 gadiem.\" \/>\n<meta property=\"og:url\" content=\"https:\/\/toys.lt\/lv\/produktas\/pilsan-rotalu-celazimes-lielas\/\" \/>\n<meta property=\"og:site_name\" content=\"Toys.lt\" \/>\n<meta property=\"article:modified_time\" content=\"2026-04-09T00:02:07+00:00\" \/>\n<meta property=\"og:image\" content=\"https:\/\/toys.lt\/wp-content\/uploads\/2020\/08\/products-1561.jpg\" \/>\n\t<meta property=\"og:image:width\" content=\"1080\" \/>\n\t<meta property=\"og:image:height\" content=\"1080\" \/>\n\t<meta property=\"og:image:type\" content=\"image\/jpeg\" \/>\n<meta name=\"twitter:card\" content=\"summary_large_image\" \/>\n<script type=\"application\/ld+json\" class=\"yoast-schema-graph\">{\"@context\":\"https:\/\/schema.org\",\"@graph\":[{\"@type\":\"WebPage\",\"@id\":\"https:\/\/toys.lt\/lv\/produktas\/pilsan-rotalu-celazimes-lielas\/\",\"url\":\"https:\/\/toys.lt\/lv\/produktas\/pilsan-rotalu-celazimes-lielas\/\",\"name\":\"Pilsan rota\u013cu ce\u013caz\u012bmes (lielas) - Toys.lt\",\"isPartOf\":{\"@id\":\"https:\/\/toys.lt\/lv\/#website\"},\"primaryImageOfPage\":{\"@id\":\"https:\/\/toys.lt\/lv\/produktas\/pilsan-rotalu-celazimes-lielas\/#primaryimage\"},\"image\":{\"@id\":\"https:\/\/toys.lt\/lv\/produktas\/pilsan-rotalu-celazimes-lielas\/#primaryimage\"},\"thumbnailUrl\":\"https:\/\/toys.lt\/wp-content\/uploads\/2020\/08\/products-1561.jpg\",\"datePublished\":\"2020-08-26T15:23:26+00:00\",\"dateModified\":\"2026-04-09T00:02:07+00:00\",\"breadcrumb\":{\"@id\":\"https:\/\/toys.lt\/lv\/produktas\/pilsan-rotalu-celazimes-lielas\/#breadcrumb\"},\"inLanguage\":\"lv-LV\",\"potentialAction\":[{\"@type\":\"ReadAction\",\"target\":[\"https:\/\/toys.lt\/lv\/produktas\/pilsan-rotalu-celazimes-lielas\/\"]}]},{\"@type\":\"ImageObject\",\"inLanguage\":\"lv-LV\",\"@id\":\"https:\/\/toys.lt\/lv\/produktas\/pilsan-rotalu-celazimes-lielas\/#primaryimage\",\"url\":\"https:\/\/toys.lt\/wp-content\/uploads\/2020\/08\/products-1561.jpg\",\"contentUrl\":\"https:\/\/toys.lt\/wp-content\/uploads\/2020\/08\/products-1561.jpg\",\"width\":1080,\"height\":1080,\"caption\":\"Pilsan \u017eaisliniai kelio \u017eenklai (dideli)\"},{\"@type\":\"BreadcrumbList\",\"@id\":\"https:\/\/toys.lt\/lv\/produktas\/pilsan-rotalu-celazimes-lielas\/#breadcrumb\",\"itemListElement\":[{\"@type\":\"ListItem\",\"position\":1,\"name\":\"Home\",\"item\":\"https:\/\/toys.lt\/lv\/\"},{\"@type\":\"ListItem\",\"position\":2,\"name\":\"Veikals\",\"item\":\"https:\/\/toys.lt\/lv\/shop\/\"},{\"@type\":\"ListItem\",\"position\":3,\"name\":\"Pilsan rota\u013cu ce\u013caz\u012bmes (lielas)\"}]},{\"@type\":\"WebSite\",\"@id\":\"https:\/\/toys.lt\/lv\/#website\",\"url\":\"https:\/\/toys.lt\/lv\/\",\"name\":\"Toys.lt\",\"description\":\"\",\"potentialAction\":[{\"@type\":\"SearchAction\",\"target\":{\"@type\":\"EntryPoint\",\"urlTemplate\":\"https:\/\/toys.lt\/lv\/?s={search_term_string}\"},\"query-input\":{\"@type\":\"PropertyValueSpecification\",\"valueRequired\":true,\"valueName\":\"search_term_string\"}}],\"inLanguage\":\"lv-LV\"}]}<\/script>\n<!-- \/ Yoast SEO plugin. -->","yoast_head_json":{"title":"Pilsan rota\u013cu ce\u013caz\u012bmes (lielas) - Toys.lt","robots":{"index":"index","follow":"follow","max-snippet":"max-snippet:-1","max-image-preview":"max-image-preview:large","max-video-preview":"max-video-preview:-1"},"canonical":"https:\/\/toys.lt\/lv\/produktas\/pilsan-rotalu-celazimes-lielas\/","og_locale":"lv_LV","og_type":"article","og_title":"Pilsan rota\u013cu ce\u013caz\u012bmes (lielas) - Toys.lt","og_description":"Produkta veids: ce\u013ca z\u012bmes Izcelsmes valsts: Turcija Z\u012bmola nosaukums: Pilsan Iepakojuma izm\u0113ri: 60 x 45 x 52 cm Gabalu skaits: 10 Ieteicamais vecums: no 3 gadiem.","og_url":"https:\/\/toys.lt\/lv\/produktas\/pilsan-rotalu-celazimes-lielas\/","og_site_name":"Toys.lt","article_modified_time":"2026-04-09T00:02:07+00:00","og_image":[{"width":1080,"height":1080,"url":"https:\/\/toys.lt\/wp-content\/uploads\/2020\/08\/products-1561.jpg","type":"image\/jpeg"}],"twitter_card":"summary_large_image","schema":{"@context":"https:\/\/schema.org","@graph":[{"@type":"WebPage","@id":"https:\/\/toys.lt\/lv\/produktas\/pilsan-rotalu-celazimes-lielas\/","url":"https:\/\/toys.lt\/lv\/produktas\/pilsan-rotalu-celazimes-lielas\/","name":"Pilsan rota\u013cu ce\u013caz\u012bmes (lielas) - Toys.lt","isPartOf":{"@id":"https:\/\/toys.lt\/lv\/#website"},"primaryImageOfPage":{"@id":"https:\/\/toys.lt\/lv\/produktas\/pilsan-rotalu-celazimes-lielas\/#primaryimage"},"image":{"@id":"https:\/\/toys.lt\/lv\/produktas\/pilsan-rotalu-celazimes-lielas\/#primaryimage"},"thumbnailUrl":"https:\/\/toys.lt\/wp-content\/uploads\/2020\/08\/products-1561.jpg","datePublished":"2020-08-26T15:23:26+00:00","dateModified":"2026-04-09T00:02:07+00:00","breadcrumb":{"@id":"https:\/\/toys.lt\/lv\/produktas\/pilsan-rotalu-celazimes-lielas\/#breadcrumb"},"inLanguage":"lv-LV","potentialAction":[{"@type":"ReadAction","target":["https:\/\/toys.lt\/lv\/produktas\/pilsan-rotalu-celazimes-lielas\/"]}]},{"@type":"ImageObject","inLanguage":"lv-LV","@id":"https:\/\/toys.lt\/lv\/produktas\/pilsan-rotalu-celazimes-lielas\/#primaryimage","url":"https:\/\/toys.lt\/wp-content\/uploads\/2020\/08\/products-1561.jpg","contentUrl":"https:\/\/toys.lt\/wp-content\/uploads\/2020\/08\/products-1561.jpg","width":1080,"height":1080,"caption":"Pilsan \u017eaisliniai kelio \u017eenklai (dideli)"},{"@type":"BreadcrumbList","@id":"https:\/\/toys.lt\/lv\/produktas\/pilsan-rotalu-celazimes-lielas\/#breadcrumb","itemListElement":[{"@type":"ListItem","position":1,"name":"Home","item":"https:\/\/toys.lt\/lv\/"},{"@type":"ListItem","position":2,"name":"Veikals","item":"https:\/\/toys.lt\/lv\/shop\/"},{"@type":"ListItem","position":3,"name":"Pilsan rota\u013cu ce\u013caz\u012bmes (lielas)"}]},{"@type":"WebSite","@id":"https:\/\/toys.lt\/lv\/#website","url":"https:\/\/toys.lt\/lv\/","name":"Toys.lt","description":"","potentialAction":[{"@type":"SearchAction","target":{"@type":"EntryPoint","urlTemplate":"https:\/\/toys.lt\/lv\/?s={search_term_string}"},"query-input":{"@type":"PropertyValueSpecification","valueRequired":true,"valueName":"search_term_string"}}],"inLanguage":"lv-LV"}]}},"_links":{"self":[{"href":"https:\/\/toys.lt\/lv\/wp-json\/wp\/v2\/product\/42235","targetHints":{"allow":["GET"]}}],"collection":[{"href":"https:\/\/toys.lt\/lv\/wp-json\/wp\/v2\/product"}],"about":[{"href":"https:\/\/toys.lt\/lv\/wp-json\/wp\/v2\/types\/product"}],"replies":[{"embeddable":true,"href":"https:\/\/toys.lt\/lv\/wp-json\/wp\/v2\/comments?post=42235"}],"version-history":[{"count":1,"href":"https:\/\/toys.lt\/lv\/wp-json\/wp\/v2\/product\/42235\/revisions"}],"predecessor-version":[{"id":46291,"href":"https:\/\/toys.lt\/lv\/wp-json\/wp\/v2\/product\/42235\/revisions\/46291"}],"wp:featuredmedia":[{"embeddable":true,"href":"https:\/\/toys.lt\/lv\/wp-json\/wp\/v2\/media\/37574"}],"wp:attachment":[{"href":"https:\/\/toys.lt\/lv\/wp-json\/wp\/v2\/media?parent=42235"}],"wp:term":[{"taxonomy":"product_brand","embeddable":true,"href":"https:\/\/toys.lt\/lv\/wp-json\/wp\/v2\/product_brand?post=42235"},{"taxonomy":"product_cat","embeddable":true,"href":"https:\/\/toys.lt\/lv\/wp-json\/wp\/v2\/product_cat?post=42235"},{"taxonomy":"product_tag","embeddable":true,"href":"https:\/\/toys.lt\/lv\/wp-json\/wp\/v2\/product_tag?post=42235"}],"curies":[{"name":"wp","href":"https:\/\/api.w.org\/{rel}","templated":true}]}}