{"id":42188,"date":"2020-03-26T06:07:12","date_gmt":"2020-03-26T06:07:12","guid":{"rendered":"https:\/\/toys.lt\/produktas\/rotallietu-perlites-caurdursanas-komplekts-6\/"},"modified":"2026-04-09T00:03:19","modified_gmt":"2026-04-09T00:03:19","slug":"rotallietu-perlites-caurdursanas-komplekts-6","status":"publish","type":"product","link":"https:\/\/toys.lt\/lv\/produktas\/rotallietu-perlites-caurdursanas-komplekts-6\/","title":{"rendered":"Rota\u013clietu p\u0113rl\u012btes &#8211; caurdur\u0161anas komplekts"},"content":{"rendered":"<p>Izveidojiet savu att\u0113lu!<\/p>\n<p>\u0160aj\u0101 komplekt\u0101 ir viss nepiecie\u0161amais, lai b\u0113rns var\u0113tu izklaid\u0113ties. Kas var b\u016bt jautr\u0101ks par modes rotaslietu rad\u012b\u0161anu ar sav\u0101m rok\u0101m! Ide\u0101li piem\u0113rots topo\u0161aj\u0101m modes m\u0101ksliniec\u0113m. Izgatavot\u0101s rokasspr\u0101dzes un krelles k\u013c\u016bs par ikvienas jaunas meitenes ikdienas aksesu\u0101ru! \u0160\u0101dam komplektam ir ne tikai pievilc\u012bgs izskats, bet tas ar\u012b akt\u012bvi izgl\u012bto b\u0113rnu, pal\u012bdzot apg\u016bt saskarsmes prasmes un par\u0101d\u012bt savu izdomu un izt\u0113li.    <\/p>\n<p><strong>Funkcijas:<\/strong><\/p>\n<ul style=\"list-style-type: square\">\n<li>Da\u017e\u0101du formu, kr\u0101su un izm\u0113ru p\u0113rl\u012btes<\/li>\n<li>Bag\u0101tina izt\u0113li un atjaut\u012bbu<\/li>\n<li>Att\u012bsta smalk\u0101s motorikas prasmes, rado\u0161o dom\u0101\u0161anu<\/li>\n<li>Att\u012bsta modes un stila izj\u016btu<\/li>\n<\/ul>\n","protected":false},"excerpt":{"rendered":"<p>Produkta veids: rokdarbi<\/p>\n<p>Izcelsmes valsts: \u0136\u012bna<\/p>\n<p>Ieteicamais vecums: no 6 gadiem.<\/p>\n","protected":false},"featured_media":36352,"comment_status":"open","ping_status":"closed","template":"","meta":[],"product_brand":[],"product_cat":[1257,1180,1155],"product_tag":[],"class_list":{"0":"post-42188","1":"product","2":"type-product","3":"status-publish","4":"has-post-thumbnail","6":"product_cat-rokdarbi-un-radosums","7":"product_cat-rotallietas-meitenem","8":"product_cat-leti","9":"pa_amziaus-grupe-6-lv","10":"pa_prek-s-tipas-biskerpsanas-komplekti","12":"first","13":"outofstock","14":"taxable","15":"shipping-taxable","16":"purchasable","17":"product-type-simple"},"yoast_head":"<!-- This site is optimized with the Yoast SEO plugin v26.3 - https:\/\/yoast.com\/wordpress\/plugins\/seo\/ -->\n<title>Rota\u013clietu p\u0113rl\u012btes - caurdur\u0161anas komplekts - Toys.lt<\/title>\n<meta name=\"robots\" content=\"index, follow, max-snippet:-1, max-image-preview:large, max-video-preview:-1\" \/>\n<link rel=\"canonical\" href=\"https:\/\/toys.lt\/lv\/produktas\/rotallietu-perlites-caurdursanas-komplekts-6\/\" \/>\n<meta property=\"og:locale\" content=\"lv_LV\" \/>\n<meta property=\"og:type\" content=\"article\" \/>\n<meta property=\"og:title\" content=\"Rota\u013clietu p\u0113rl\u012btes - caurdur\u0161anas komplekts - Toys.lt\" \/>\n<meta property=\"og:description\" content=\"Produkta veids: rokdarbi Izcelsmes valsts: \u0136\u012bna Ieteicamais vecums: no 6 gadiem.\" \/>\n<meta property=\"og:url\" content=\"https:\/\/toys.lt\/lv\/produktas\/rotallietu-perlites-caurdursanas-komplekts-6\/\" \/>\n<meta property=\"og:site_name\" content=\"Toys.lt\" \/>\n<meta property=\"article:modified_time\" content=\"2026-04-09T00:03:19+00:00\" \/>\n<meta property=\"og:image\" content=\"https:\/\/toys.lt\/wp-content\/uploads\/2020\/03\/products-198.jpg\" \/>\n\t<meta property=\"og:image:width\" content=\"1000\" \/>\n\t<meta property=\"og:image:height\" content=\"667\" \/>\n\t<meta property=\"og:image:type\" content=\"image\/jpeg\" \/>\n<meta name=\"twitter:card\" content=\"summary_large_image\" \/>\n<meta name=\"twitter:label1\" content=\"Est. reading time\" \/>\n\t<meta name=\"twitter:data1\" content=\"1 minute\" \/>\n<script type=\"application\/ld+json\" class=\"yoast-schema-graph\">{\"@context\":\"https:\/\/schema.org\",\"@graph\":[{\"@type\":\"WebPage\",\"@id\":\"https:\/\/toys.lt\/lv\/produktas\/rotallietu-perlites-caurdursanas-komplekts-6\/\",\"url\":\"https:\/\/toys.lt\/lv\/produktas\/rotallietu-perlites-caurdursanas-komplekts-6\/\",\"name\":\"Rota\u013clietu p\u0113rl\u012btes - caurdur\u0161anas komplekts - Toys.lt\",\"isPartOf\":{\"@id\":\"https:\/\/toys.lt\/lv\/#website\"},\"primaryImageOfPage\":{\"@id\":\"https:\/\/toys.lt\/lv\/produktas\/rotallietu-perlites-caurdursanas-komplekts-6\/#primaryimage\"},\"image\":{\"@id\":\"https:\/\/toys.lt\/lv\/produktas\/rotallietu-perlites-caurdursanas-komplekts-6\/#primaryimage\"},\"thumbnailUrl\":\"https:\/\/toys.lt\/wp-content\/uploads\/2020\/03\/products-198.jpg\",\"datePublished\":\"2020-03-26T06:07:12+00:00\",\"dateModified\":\"2026-04-09T00:03:19+00:00\",\"breadcrumb\":{\"@id\":\"https:\/\/toys.lt\/lv\/produktas\/rotallietu-perlites-caurdursanas-komplekts-6\/#breadcrumb\"},\"inLanguage\":\"lv-LV\",\"potentialAction\":[{\"@type\":\"ReadAction\",\"target\":[\"https:\/\/toys.lt\/lv\/produktas\/rotallietu-perlites-caurdursanas-komplekts-6\/\"]}]},{\"@type\":\"ImageObject\",\"inLanguage\":\"lv-LV\",\"@id\":\"https:\/\/toys.lt\/lv\/produktas\/rotallietu-perlites-caurdursanas-komplekts-6\/#primaryimage\",\"url\":\"https:\/\/toys.lt\/wp-content\/uploads\/2020\/03\/products-198.jpg\",\"contentUrl\":\"https:\/\/toys.lt\/wp-content\/uploads\/2020\/03\/products-198.jpg\",\"width\":1000,\"height\":667,\"caption\":\"\u017daisliniai karoliukai &#8211; v\u0117rimo rinkinys\"},{\"@type\":\"BreadcrumbList\",\"@id\":\"https:\/\/toys.lt\/lv\/produktas\/rotallietu-perlites-caurdursanas-komplekts-6\/#breadcrumb\",\"itemListElement\":[{\"@type\":\"ListItem\",\"position\":1,\"name\":\"Home\",\"item\":\"https:\/\/toys.lt\/lv\/\"},{\"@type\":\"ListItem\",\"position\":2,\"name\":\"Veikals\",\"item\":\"https:\/\/toys.lt\/lv\/shop\/\"},{\"@type\":\"ListItem\",\"position\":3,\"name\":\"Rota\u013clietu p\u0113rl\u012btes &#8211; caurdur\u0161anas komplekts\"}]},{\"@type\":\"WebSite\",\"@id\":\"https:\/\/toys.lt\/lv\/#website\",\"url\":\"https:\/\/toys.lt\/lv\/\",\"name\":\"Toys.lt\",\"description\":\"\",\"potentialAction\":[{\"@type\":\"SearchAction\",\"target\":{\"@type\":\"EntryPoint\",\"urlTemplate\":\"https:\/\/toys.lt\/lv\/?s={search_term_string}\"},\"query-input\":{\"@type\":\"PropertyValueSpecification\",\"valueRequired\":true,\"valueName\":\"search_term_string\"}}],\"inLanguage\":\"lv-LV\"}]}<\/script>\n<!-- \/ Yoast SEO plugin. -->","yoast_head_json":{"title":"Rota\u013clietu p\u0113rl\u012btes - caurdur\u0161anas komplekts - Toys.lt","robots":{"index":"index","follow":"follow","max-snippet":"max-snippet:-1","max-image-preview":"max-image-preview:large","max-video-preview":"max-video-preview:-1"},"canonical":"https:\/\/toys.lt\/lv\/produktas\/rotallietu-perlites-caurdursanas-komplekts-6\/","og_locale":"lv_LV","og_type":"article","og_title":"Rota\u013clietu p\u0113rl\u012btes - caurdur\u0161anas komplekts - Toys.lt","og_description":"Produkta veids: rokdarbi Izcelsmes valsts: \u0136\u012bna Ieteicamais vecums: no 6 gadiem.","og_url":"https:\/\/toys.lt\/lv\/produktas\/rotallietu-perlites-caurdursanas-komplekts-6\/","og_site_name":"Toys.lt","article_modified_time":"2026-04-09T00:03:19+00:00","og_image":[{"width":1000,"height":667,"url":"https:\/\/toys.lt\/wp-content\/uploads\/2020\/03\/products-198.jpg","type":"image\/jpeg"}],"twitter_card":"summary_large_image","twitter_misc":{"Est. reading time":"1 minute"},"schema":{"@context":"https:\/\/schema.org","@graph":[{"@type":"WebPage","@id":"https:\/\/toys.lt\/lv\/produktas\/rotallietu-perlites-caurdursanas-komplekts-6\/","url":"https:\/\/toys.lt\/lv\/produktas\/rotallietu-perlites-caurdursanas-komplekts-6\/","name":"Rota\u013clietu p\u0113rl\u012btes - caurdur\u0161anas komplekts - Toys.lt","isPartOf":{"@id":"https:\/\/toys.lt\/lv\/#website"},"primaryImageOfPage":{"@id":"https:\/\/toys.lt\/lv\/produktas\/rotallietu-perlites-caurdursanas-komplekts-6\/#primaryimage"},"image":{"@id":"https:\/\/toys.lt\/lv\/produktas\/rotallietu-perlites-caurdursanas-komplekts-6\/#primaryimage"},"thumbnailUrl":"https:\/\/toys.lt\/wp-content\/uploads\/2020\/03\/products-198.jpg","datePublished":"2020-03-26T06:07:12+00:00","dateModified":"2026-04-09T00:03:19+00:00","breadcrumb":{"@id":"https:\/\/toys.lt\/lv\/produktas\/rotallietu-perlites-caurdursanas-komplekts-6\/#breadcrumb"},"inLanguage":"lv-LV","potentialAction":[{"@type":"ReadAction","target":["https:\/\/toys.lt\/lv\/produktas\/rotallietu-perlites-caurdursanas-komplekts-6\/"]}]},{"@type":"ImageObject","inLanguage":"lv-LV","@id":"https:\/\/toys.lt\/lv\/produktas\/rotallietu-perlites-caurdursanas-komplekts-6\/#primaryimage","url":"https:\/\/toys.lt\/wp-content\/uploads\/2020\/03\/products-198.jpg","contentUrl":"https:\/\/toys.lt\/wp-content\/uploads\/2020\/03\/products-198.jpg","width":1000,"height":667,"caption":"\u017daisliniai karoliukai &#8211; v\u0117rimo rinkinys"},{"@type":"BreadcrumbList","@id":"https:\/\/toys.lt\/lv\/produktas\/rotallietu-perlites-caurdursanas-komplekts-6\/#breadcrumb","itemListElement":[{"@type":"ListItem","position":1,"name":"Home","item":"https:\/\/toys.lt\/lv\/"},{"@type":"ListItem","position":2,"name":"Veikals","item":"https:\/\/toys.lt\/lv\/shop\/"},{"@type":"ListItem","position":3,"name":"Rota\u013clietu p\u0113rl\u012btes &#8211; caurdur\u0161anas komplekts"}]},{"@type":"WebSite","@id":"https:\/\/toys.lt\/lv\/#website","url":"https:\/\/toys.lt\/lv\/","name":"Toys.lt","description":"","potentialAction":[{"@type":"SearchAction","target":{"@type":"EntryPoint","urlTemplate":"https:\/\/toys.lt\/lv\/?s={search_term_string}"},"query-input":{"@type":"PropertyValueSpecification","valueRequired":true,"valueName":"search_term_string"}}],"inLanguage":"lv-LV"}]}},"_links":{"self":[{"href":"https:\/\/toys.lt\/lv\/wp-json\/wp\/v2\/product\/42188","targetHints":{"allow":["GET"]}}],"collection":[{"href":"https:\/\/toys.lt\/lv\/wp-json\/wp\/v2\/product"}],"about":[{"href":"https:\/\/toys.lt\/lv\/wp-json\/wp\/v2\/types\/product"}],"replies":[{"embeddable":true,"href":"https:\/\/toys.lt\/lv\/wp-json\/wp\/v2\/comments?post=42188"}],"version-history":[{"count":1,"href":"https:\/\/toys.lt\/lv\/wp-json\/wp\/v2\/product\/42188\/revisions"}],"predecessor-version":[{"id":45974,"href":"https:\/\/toys.lt\/lv\/wp-json\/wp\/v2\/product\/42188\/revisions\/45974"}],"wp:featuredmedia":[{"embeddable":true,"href":"https:\/\/toys.lt\/lv\/wp-json\/wp\/v2\/media\/36352"}],"wp:attachment":[{"href":"https:\/\/toys.lt\/lv\/wp-json\/wp\/v2\/media?parent=42188"}],"wp:term":[{"taxonomy":"product_brand","embeddable":true,"href":"https:\/\/toys.lt\/lv\/wp-json\/wp\/v2\/product_brand?post=42188"},{"taxonomy":"product_cat","embeddable":true,"href":"https:\/\/toys.lt\/lv\/wp-json\/wp\/v2\/product_cat?post=42188"},{"taxonomy":"product_tag","embeddable":true,"href":"https:\/\/toys.lt\/lv\/wp-json\/wp\/v2\/product_tag?post=42188"}],"curies":[{"name":"wp","href":"https:\/\/api.w.org\/{rel}","templated":true}]}}