{"id":42182,"date":"2020-03-26T05:26:41","date_gmt":"2020-03-26T05:26:41","guid":{"rendered":"https:\/\/toys.lt\/produktas\/inercials-militarais-suv-ar-gaismam-un-skanam\/"},"modified":"2026-04-09T00:03:20","modified_gmt":"2026-04-09T00:03:20","slug":"inercials-militarais-suv-ar-gaismam-un-skanam","status":"publish","type":"product","link":"https:\/\/toys.lt\/lv\/produktas\/inercials-militarais-suv-ar-gaismam-un-skanam\/","title":{"rendered":"Inerci\u0101ls milit\u0101rais SUV ar gaism\u0101m un ska\u0146\u0101m"},"content":{"rendered":"<p>\u0160is milit\u0101rais SUV ir ide\u0101la ori\u0123in\u0101l\u0101 armijas d\u017eipa kopija. Tam ir inerces tipa dzin\u0113js. Lai brauktu uz priek\u0161u, ma\u0161\u012bna ir nedaudz j\u0101piespie\u017e uz priek\u0161u, un t\u0101 s\u0101ks kust\u0113ties! Durvis atveras, un, nospie\u017eot pogu, par\u0101d\u0101s gaismas un ska\u0146as efekti, kas imit\u0113 \u012bstas ma\u0161\u012bnas ska\u0146as! Rota\u013clietas milit\u0101r\u0101 kr\u0101sa piesaist\u012bs b\u0113rna uzman\u012bbu, k\u0101 ar\u012b \u013caus SUV izmantot k\u0101 milit\u0101ru transportl\u012bdzekli da\u017e\u0101d\u0101s rota\u013cu ain\u0101s.    <\/p>\n<p><strong>Funkcijas:<\/strong><\/p>\n<ul style=\"list-style-type: square\">\n<li>Inerces meh\u0101nisms<\/li>\n<li>Viegli un \u0113rti lietojams<\/li>\n<li>Ska\u0146as un gaismas efekti<\/li>\n<li>Durvju atv\u0113r\u0161ana<\/li>\n<li>Izgatavots no iztur\u012bgas plastmasas<\/li>\n<li>Dro\u0161s b\u0113rnu vesel\u012bbai<\/li>\n<\/ul>\n","protected":false},"excerpt":{"rendered":"<p>Produkta veids: transportl\u012bdzeklis<\/p>\n<p>Z\u012bmola nosaukums: Wenyi<\/p>\n<p>Izcelsmes valsts: \u0136\u012bna<\/p>\n<p>Iepakojuma izm\u0113ri: 27,5 x 14 x 16 cm<\/p>\n<p>Produkta izm\u0113ri: 23,5 x 11,5 x 11 cm<\/p>\n<p>Produkta materi\u0101ls: plastmasa<\/p>\n<p>M\u0113rogs: 1:16<\/p>\n<p>Ieteicamais vecums: no 3 gadiem.<\/p>\n","protected":false},"featured_media":36350,"comment_status":"open","ping_status":"closed","template":"","meta":[],"product_brand":[],"product_cat":[1176,1177,1155],"product_tag":[],"class_list":{"0":"post-42182","1":"product","2":"type-product","3":"status-publish","4":"has-post-thumbnail","6":"product_cat-rotallietas-zeniem","7":"product_cat-rotalu-automasinas-traktori-un-kapurkedes","8":"product_cat-leti","9":"pa_prekes-zenklas-wenyi-lv","11":"first","12":"outofstock","13":"sale","14":"taxable","15":"shipping-taxable","16":"purchasable","17":"product-type-simple"},"yoast_head":"<!-- This site is optimized with the Yoast SEO plugin v26.3 - https:\/\/yoast.com\/wordpress\/plugins\/seo\/ -->\n<title>Inerci\u0101ls milit\u0101rais SUV ar gaism\u0101m un ska\u0146\u0101m - Toys.lt<\/title>\n<meta name=\"robots\" content=\"index, follow, max-snippet:-1, max-image-preview:large, max-video-preview:-1\" \/>\n<link rel=\"canonical\" href=\"https:\/\/toys.lt\/lv\/produktas\/inercials-militarais-suv-ar-gaismam-un-skanam\/\" \/>\n<meta property=\"og:locale\" content=\"lv_LV\" \/>\n<meta property=\"og:type\" content=\"article\" \/>\n<meta property=\"og:title\" content=\"Inerci\u0101ls milit\u0101rais SUV ar gaism\u0101m un ska\u0146\u0101m - Toys.lt\" \/>\n<meta property=\"og:description\" content=\"Produkta veids: transportl\u012bdzeklis Z\u012bmola nosaukums: Wenyi Izcelsmes valsts: \u0136\u012bna Iepakojuma izm\u0113ri: 27,5 x 14 x 16 cm Produkta izm\u0113ri: 23,5 x 11,5 x 11 cm Produkta materi\u0101ls: plastmasa M\u0113rogs: 1:16 Ieteicamais vecums: no 3 gadiem.\" \/>\n<meta property=\"og:url\" content=\"https:\/\/toys.lt\/lv\/produktas\/inercials-militarais-suv-ar-gaismam-un-skanam\/\" \/>\n<meta property=\"og:site_name\" content=\"Toys.lt\" \/>\n<meta property=\"article:modified_time\" content=\"2026-04-09T00:03:20+00:00\" \/>\n<meta property=\"og:image\" content=\"https:\/\/toys.lt\/wp-content\/uploads\/2020\/03\/products-195.jpg\" \/>\n\t<meta property=\"og:image:width\" content=\"2208\" \/>\n\t<meta property=\"og:image:height\" content=\"1242\" \/>\n\t<meta property=\"og:image:type\" content=\"image\/jpeg\" \/>\n<meta name=\"twitter:card\" content=\"summary_large_image\" \/>\n<meta name=\"twitter:label1\" content=\"Est. reading time\" \/>\n\t<meta name=\"twitter:data1\" content=\"1 minute\" \/>\n<script type=\"application\/ld+json\" class=\"yoast-schema-graph\">{\"@context\":\"https:\/\/schema.org\",\"@graph\":[{\"@type\":\"WebPage\",\"@id\":\"https:\/\/toys.lt\/lv\/produktas\/inercials-militarais-suv-ar-gaismam-un-skanam\/\",\"url\":\"https:\/\/toys.lt\/lv\/produktas\/inercials-militarais-suv-ar-gaismam-un-skanam\/\",\"name\":\"Inerci\u0101ls milit\u0101rais SUV ar gaism\u0101m un ska\u0146\u0101m - Toys.lt\",\"isPartOf\":{\"@id\":\"https:\/\/toys.lt\/lv\/#website\"},\"primaryImageOfPage\":{\"@id\":\"https:\/\/toys.lt\/lv\/produktas\/inercials-militarais-suv-ar-gaismam-un-skanam\/#primaryimage\"},\"image\":{\"@id\":\"https:\/\/toys.lt\/lv\/produktas\/inercials-militarais-suv-ar-gaismam-un-skanam\/#primaryimage\"},\"thumbnailUrl\":\"https:\/\/toys.lt\/wp-content\/uploads\/2020\/03\/products-195.jpg\",\"datePublished\":\"2020-03-26T05:26:41+00:00\",\"dateModified\":\"2026-04-09T00:03:20+00:00\",\"breadcrumb\":{\"@id\":\"https:\/\/toys.lt\/lv\/produktas\/inercials-militarais-suv-ar-gaismam-un-skanam\/#breadcrumb\"},\"inLanguage\":\"lv-LV\",\"potentialAction\":[{\"@type\":\"ReadAction\",\"target\":[\"https:\/\/toys.lt\/lv\/produktas\/inercials-militarais-suv-ar-gaismam-un-skanam\/\"]}]},{\"@type\":\"ImageObject\",\"inLanguage\":\"lv-LV\",\"@id\":\"https:\/\/toys.lt\/lv\/produktas\/inercials-militarais-suv-ar-gaismam-un-skanam\/#primaryimage\",\"url\":\"https:\/\/toys.lt\/wp-content\/uploads\/2020\/03\/products-195.jpg\",\"contentUrl\":\"https:\/\/toys.lt\/wp-content\/uploads\/2020\/03\/products-195.jpg\",\"width\":2208,\"height\":1242,\"caption\":\"Inercinis karinis visureigis su \u0161viesa ir garsais\"},{\"@type\":\"BreadcrumbList\",\"@id\":\"https:\/\/toys.lt\/lv\/produktas\/inercials-militarais-suv-ar-gaismam-un-skanam\/#breadcrumb\",\"itemListElement\":[{\"@type\":\"ListItem\",\"position\":1,\"name\":\"Home\",\"item\":\"https:\/\/toys.lt\/lv\/\"},{\"@type\":\"ListItem\",\"position\":2,\"name\":\"Veikals\",\"item\":\"https:\/\/toys.lt\/lv\/shop\/\"},{\"@type\":\"ListItem\",\"position\":3,\"name\":\"Inerci\u0101ls milit\u0101rais SUV ar gaism\u0101m un ska\u0146\u0101m\"}]},{\"@type\":\"WebSite\",\"@id\":\"https:\/\/toys.lt\/lv\/#website\",\"url\":\"https:\/\/toys.lt\/lv\/\",\"name\":\"Toys.lt\",\"description\":\"\",\"potentialAction\":[{\"@type\":\"SearchAction\",\"target\":{\"@type\":\"EntryPoint\",\"urlTemplate\":\"https:\/\/toys.lt\/lv\/?s={search_term_string}\"},\"query-input\":{\"@type\":\"PropertyValueSpecification\",\"valueRequired\":true,\"valueName\":\"search_term_string\"}}],\"inLanguage\":\"lv-LV\"}]}<\/script>\n<!-- \/ Yoast SEO plugin. -->","yoast_head_json":{"title":"Inerci\u0101ls milit\u0101rais SUV ar gaism\u0101m un ska\u0146\u0101m - Toys.lt","robots":{"index":"index","follow":"follow","max-snippet":"max-snippet:-1","max-image-preview":"max-image-preview:large","max-video-preview":"max-video-preview:-1"},"canonical":"https:\/\/toys.lt\/lv\/produktas\/inercials-militarais-suv-ar-gaismam-un-skanam\/","og_locale":"lv_LV","og_type":"article","og_title":"Inerci\u0101ls milit\u0101rais SUV ar gaism\u0101m un ska\u0146\u0101m - Toys.lt","og_description":"Produkta veids: transportl\u012bdzeklis Z\u012bmola nosaukums: Wenyi Izcelsmes valsts: \u0136\u012bna Iepakojuma izm\u0113ri: 27,5 x 14 x 16 cm Produkta izm\u0113ri: 23,5 x 11,5 x 11 cm Produkta materi\u0101ls: plastmasa M\u0113rogs: 1:16 Ieteicamais vecums: no 3 gadiem.","og_url":"https:\/\/toys.lt\/lv\/produktas\/inercials-militarais-suv-ar-gaismam-un-skanam\/","og_site_name":"Toys.lt","article_modified_time":"2026-04-09T00:03:20+00:00","og_image":[{"width":2208,"height":1242,"url":"https:\/\/toys.lt\/wp-content\/uploads\/2020\/03\/products-195.jpg","type":"image\/jpeg"}],"twitter_card":"summary_large_image","twitter_misc":{"Est. reading time":"1 minute"},"schema":{"@context":"https:\/\/schema.org","@graph":[{"@type":"WebPage","@id":"https:\/\/toys.lt\/lv\/produktas\/inercials-militarais-suv-ar-gaismam-un-skanam\/","url":"https:\/\/toys.lt\/lv\/produktas\/inercials-militarais-suv-ar-gaismam-un-skanam\/","name":"Inerci\u0101ls milit\u0101rais SUV ar gaism\u0101m un ska\u0146\u0101m - Toys.lt","isPartOf":{"@id":"https:\/\/toys.lt\/lv\/#website"},"primaryImageOfPage":{"@id":"https:\/\/toys.lt\/lv\/produktas\/inercials-militarais-suv-ar-gaismam-un-skanam\/#primaryimage"},"image":{"@id":"https:\/\/toys.lt\/lv\/produktas\/inercials-militarais-suv-ar-gaismam-un-skanam\/#primaryimage"},"thumbnailUrl":"https:\/\/toys.lt\/wp-content\/uploads\/2020\/03\/products-195.jpg","datePublished":"2020-03-26T05:26:41+00:00","dateModified":"2026-04-09T00:03:20+00:00","breadcrumb":{"@id":"https:\/\/toys.lt\/lv\/produktas\/inercials-militarais-suv-ar-gaismam-un-skanam\/#breadcrumb"},"inLanguage":"lv-LV","potentialAction":[{"@type":"ReadAction","target":["https:\/\/toys.lt\/lv\/produktas\/inercials-militarais-suv-ar-gaismam-un-skanam\/"]}]},{"@type":"ImageObject","inLanguage":"lv-LV","@id":"https:\/\/toys.lt\/lv\/produktas\/inercials-militarais-suv-ar-gaismam-un-skanam\/#primaryimage","url":"https:\/\/toys.lt\/wp-content\/uploads\/2020\/03\/products-195.jpg","contentUrl":"https:\/\/toys.lt\/wp-content\/uploads\/2020\/03\/products-195.jpg","width":2208,"height":1242,"caption":"Inercinis karinis visureigis su \u0161viesa ir garsais"},{"@type":"BreadcrumbList","@id":"https:\/\/toys.lt\/lv\/produktas\/inercials-militarais-suv-ar-gaismam-un-skanam\/#breadcrumb","itemListElement":[{"@type":"ListItem","position":1,"name":"Home","item":"https:\/\/toys.lt\/lv\/"},{"@type":"ListItem","position":2,"name":"Veikals","item":"https:\/\/toys.lt\/lv\/shop\/"},{"@type":"ListItem","position":3,"name":"Inerci\u0101ls milit\u0101rais SUV ar gaism\u0101m un ska\u0146\u0101m"}]},{"@type":"WebSite","@id":"https:\/\/toys.lt\/lv\/#website","url":"https:\/\/toys.lt\/lv\/","name":"Toys.lt","description":"","potentialAction":[{"@type":"SearchAction","target":{"@type":"EntryPoint","urlTemplate":"https:\/\/toys.lt\/lv\/?s={search_term_string}"},"query-input":{"@type":"PropertyValueSpecification","valueRequired":true,"valueName":"search_term_string"}}],"inLanguage":"lv-LV"}]}},"_links":{"self":[{"href":"https:\/\/toys.lt\/lv\/wp-json\/wp\/v2\/product\/42182","targetHints":{"allow":["GET"]}}],"collection":[{"href":"https:\/\/toys.lt\/lv\/wp-json\/wp\/v2\/product"}],"about":[{"href":"https:\/\/toys.lt\/lv\/wp-json\/wp\/v2\/types\/product"}],"replies":[{"embeddable":true,"href":"https:\/\/toys.lt\/lv\/wp-json\/wp\/v2\/comments?post=42182"}],"version-history":[{"count":1,"href":"https:\/\/toys.lt\/lv\/wp-json\/wp\/v2\/product\/42182\/revisions"}],"predecessor-version":[{"id":45972,"href":"https:\/\/toys.lt\/lv\/wp-json\/wp\/v2\/product\/42182\/revisions\/45972"}],"wp:featuredmedia":[{"embeddable":true,"href":"https:\/\/toys.lt\/lv\/wp-json\/wp\/v2\/media\/36350"}],"wp:attachment":[{"href":"https:\/\/toys.lt\/lv\/wp-json\/wp\/v2\/media?parent=42182"}],"wp:term":[{"taxonomy":"product_brand","embeddable":true,"href":"https:\/\/toys.lt\/lv\/wp-json\/wp\/v2\/product_brand?post=42182"},{"taxonomy":"product_cat","embeddable":true,"href":"https:\/\/toys.lt\/lv\/wp-json\/wp\/v2\/product_cat?post=42182"},{"taxonomy":"product_tag","embeddable":true,"href":"https:\/\/toys.lt\/lv\/wp-json\/wp\/v2\/product_tag?post=42182"}],"curies":[{"name":"wp","href":"https:\/\/api.w.org\/{rel}","templated":true}]}}