{"id":42181,"date":"2020-03-25T08:48:19","date_gmt":"2020-03-25T08:48:19","guid":{"rendered":"https:\/\/toys.lt\/produktas\/r-b-vadams-dinozaurs-dinozauru-planeta\/"},"modified":"2026-04-09T00:03:20","modified_gmt":"2026-04-09T00:03:20","slug":"r-b-vadams-dinozaurs-dinozauru-planeta","status":"publish","type":"product","link":"https:\/\/toys.lt\/lv\/produktas\/r-b-vadams-dinozaurs-dinozauru-planeta\/","title":{"rendered":"R\/B vad\u0101ms dinozaurs &#8220;Dinozauru plan\u0113ta&#8221;"},"content":{"rendered":"<p>Radiovad\u0101mais dinozaurs k\u013c\u016bs par j\u016bsu b\u0113rna m\u012b\u013c\u0101ko rota\u013clietu! Tas ir milz\u012bgs pl\u0113s\u0113js no aizv\u0113sturisk\u0101 r\u0101pu\u013cu parka. Tas labi p\u0101rvietojas un izdod diezgan re\u0101listiskas ska\u0146as. Izgatavots no iztur\u012bga materi\u0101la, plastmasas un gumijas.   <\/p>\n<p>T\u0101lvad\u012bbas pults ir izgatavota no aizv\u0113sturisk\u0101m fosilij\u0101m. IR kontrolei nav nepiecie\u0161amas \u012bpa\u0161as prasmes. Svar\u012bg\u0101kais ir ar lietot\u0101ja pal\u012bdz\u012bbu apg\u016bt dinozaura kust\u012bbas.  <\/p>\n<p>Rota\u013clieta var k\u013c\u016bt par lielas kolekcijas ekspon\u0101tu, izst\u0101des da\u013cu vai iecien\u012btu ned\u0113\u013cas nogales nodarbi.<\/p>\n<p><strong>Funkcijas:<\/strong><\/p>\n<ul style=\"list-style-type: square\">\n<li>Iet uz<\/li>\n<li>krata galvu<\/li>\n<li>izdod ska\u0146as (r\u0113k\u0161ana, zobu grie\u0161ana).<\/li>\n<li>Vienk\u0101r\u0161a un viegli lietojama<\/li>\n<li>Augstas kvalit\u0101tes un dro\u0161a vesel\u012bbai<\/li>\n<li>Infrasarkan\u0101 vad\u012bba<\/li>\n<li>LED acis<\/li>\n<li>Piem\u0113rots sp\u0113l\u0113\u0161anai iek\u0161telp\u0101s un \u0101r\u0101<\/li>\n<\/ul>\n","protected":false},"excerpt":{"rendered":"<p>Produkta veids: st\u016br\u0113jamas rota\u013clietas<\/p>\n<p>Izcelsmes valsts: \u0136\u012bna<\/p>\n<p>Iepakojuma izm\u0113ri: 12 x 51 x 30,5 cm<\/p>\n<p>Dinozaura izm\u0113ri: 29,5x x 52 cm<\/p>\n<p>Rota\u013clietas sast\u0101vs: plastmasa, gumija<\/p>\n<p>Ieteicamais vecums: no 3 gadiem<\/p>\n<p>Elementi: 3 x AA (nav iek\u013cauti)<\/p>\n","protected":false},"featured_media":36345,"comment_status":"open","ping_status":"closed","template":"","meta":[],"product_brand":[],"product_cat":[1160,1155],"product_tag":[],"class_list":{"0":"post-42181","1":"product","2":"type-product","3":"status-publish","4":"has-post-thumbnail","6":"product_cat-kontroletas-rotallietas","7":"product_cat-leti","8":"pa_prek-s-tipas-dzivnieki","9":"pa_spalva-dazadi-lv","11":"first","12":"instock","13":"taxable","14":"shipping-taxable","15":"purchasable","16":"product-type-simple"},"yoast_head":"<!-- This site is optimized with the Yoast SEO plugin v26.3 - https:\/\/yoast.com\/wordpress\/plugins\/seo\/ -->\n<title>R\/B vad\u0101ms dinozaurs &quot;Dinozauru plan\u0113ta&quot; - Toys.lt<\/title>\n<meta name=\"robots\" content=\"index, follow, max-snippet:-1, max-image-preview:large, max-video-preview:-1\" \/>\n<link rel=\"canonical\" href=\"https:\/\/toys.lt\/lv\/produktas\/r-b-vadams-dinozaurs-dinozauru-planeta\/\" \/>\n<meta property=\"og:locale\" content=\"lv_LV\" \/>\n<meta property=\"og:type\" content=\"article\" \/>\n<meta property=\"og:title\" content=\"R\/B vad\u0101ms dinozaurs &quot;Dinozauru plan\u0113ta&quot; - Toys.lt\" \/>\n<meta property=\"og:description\" content=\"Produkta veids: st\u016br\u0113jamas rota\u013clietas Izcelsmes valsts: \u0136\u012bna Iepakojuma izm\u0113ri: 12 x 51 x 30,5 cm Dinozaura izm\u0113ri: 29,5x x 52 cm Rota\u013clietas sast\u0101vs: plastmasa, gumija Ieteicamais vecums: no 3 gadiem Elementi: 3 x AA (nav iek\u013cauti)\" \/>\n<meta property=\"og:url\" content=\"https:\/\/toys.lt\/lv\/produktas\/r-b-vadams-dinozaurs-dinozauru-planeta\/\" \/>\n<meta property=\"og:site_name\" content=\"Toys.lt\" \/>\n<meta property=\"article:modified_time\" content=\"2026-04-09T00:03:20+00:00\" \/>\n<meta property=\"og:image\" content=\"https:\/\/toys.lt\/wp-content\/uploads\/2020\/03\/products-189.jpg\" \/>\n\t<meta property=\"og:image:width\" content=\"2035\" \/>\n\t<meta property=\"og:image:height\" content=\"1037\" \/>\n\t<meta property=\"og:image:type\" content=\"image\/jpeg\" \/>\n<meta name=\"twitter:card\" content=\"summary_large_image\" \/>\n<meta name=\"twitter:label1\" content=\"Est. reading time\" \/>\n\t<meta name=\"twitter:data1\" content=\"1 minute\" \/>\n<script type=\"application\/ld+json\" class=\"yoast-schema-graph\">{\"@context\":\"https:\/\/schema.org\",\"@graph\":[{\"@type\":\"WebPage\",\"@id\":\"https:\/\/toys.lt\/lv\/produktas\/r-b-vadams-dinozaurs-dinozauru-planeta\/\",\"url\":\"https:\/\/toys.lt\/lv\/produktas\/r-b-vadams-dinozaurs-dinozauru-planeta\/\",\"name\":\"R\/B vad\u0101ms dinozaurs \\\"Dinozauru plan\u0113ta\\\" - Toys.lt\",\"isPartOf\":{\"@id\":\"https:\/\/toys.lt\/lv\/#website\"},\"primaryImageOfPage\":{\"@id\":\"https:\/\/toys.lt\/lv\/produktas\/r-b-vadams-dinozaurs-dinozauru-planeta\/#primaryimage\"},\"image\":{\"@id\":\"https:\/\/toys.lt\/lv\/produktas\/r-b-vadams-dinozaurs-dinozauru-planeta\/#primaryimage\"},\"thumbnailUrl\":\"https:\/\/toys.lt\/wp-content\/uploads\/2020\/03\/products-189.jpg\",\"datePublished\":\"2020-03-25T08:48:19+00:00\",\"dateModified\":\"2026-04-09T00:03:20+00:00\",\"breadcrumb\":{\"@id\":\"https:\/\/toys.lt\/lv\/produktas\/r-b-vadams-dinozaurs-dinozauru-planeta\/#breadcrumb\"},\"inLanguage\":\"lv-LV\",\"potentialAction\":[{\"@type\":\"ReadAction\",\"target\":[\"https:\/\/toys.lt\/lv\/produktas\/r-b-vadams-dinozaurs-dinozauru-planeta\/\"]}]},{\"@type\":\"ImageObject\",\"inLanguage\":\"lv-LV\",\"@id\":\"https:\/\/toys.lt\/lv\/produktas\/r-b-vadams-dinozaurs-dinozauru-planeta\/#primaryimage\",\"url\":\"https:\/\/toys.lt\/wp-content\/uploads\/2020\/03\/products-189.jpg\",\"contentUrl\":\"https:\/\/toys.lt\/wp-content\/uploads\/2020\/03\/products-189.jpg\",\"width\":2035,\"height\":1037,\"caption\":\"R\/B valdomas dinozauras &#8220;Dinosaur Planet&#8221;\"},{\"@type\":\"BreadcrumbList\",\"@id\":\"https:\/\/toys.lt\/lv\/produktas\/r-b-vadams-dinozaurs-dinozauru-planeta\/#breadcrumb\",\"itemListElement\":[{\"@type\":\"ListItem\",\"position\":1,\"name\":\"Home\",\"item\":\"https:\/\/toys.lt\/lv\/\"},{\"@type\":\"ListItem\",\"position\":2,\"name\":\"Veikals\",\"item\":\"https:\/\/toys.lt\/lv\/shop\/\"},{\"@type\":\"ListItem\",\"position\":3,\"name\":\"R\/B vad\u0101ms dinozaurs &#8222;Dinozauru plan\u0113ta&#8221;\"}]},{\"@type\":\"WebSite\",\"@id\":\"https:\/\/toys.lt\/lv\/#website\",\"url\":\"https:\/\/toys.lt\/lv\/\",\"name\":\"Toys.lt\",\"description\":\"\",\"potentialAction\":[{\"@type\":\"SearchAction\",\"target\":{\"@type\":\"EntryPoint\",\"urlTemplate\":\"https:\/\/toys.lt\/lv\/?s={search_term_string}\"},\"query-input\":{\"@type\":\"PropertyValueSpecification\",\"valueRequired\":true,\"valueName\":\"search_term_string\"}}],\"inLanguage\":\"lv-LV\"}]}<\/script>\n<!-- \/ Yoast SEO plugin. -->","yoast_head_json":{"title":"R\/B vad\u0101ms dinozaurs \"Dinozauru plan\u0113ta\" - Toys.lt","robots":{"index":"index","follow":"follow","max-snippet":"max-snippet:-1","max-image-preview":"max-image-preview:large","max-video-preview":"max-video-preview:-1"},"canonical":"https:\/\/toys.lt\/lv\/produktas\/r-b-vadams-dinozaurs-dinozauru-planeta\/","og_locale":"lv_LV","og_type":"article","og_title":"R\/B vad\u0101ms dinozaurs \"Dinozauru plan\u0113ta\" - Toys.lt","og_description":"Produkta veids: st\u016br\u0113jamas rota\u013clietas Izcelsmes valsts: \u0136\u012bna Iepakojuma izm\u0113ri: 12 x 51 x 30,5 cm Dinozaura izm\u0113ri: 29,5x x 52 cm Rota\u013clietas sast\u0101vs: plastmasa, gumija Ieteicamais vecums: no 3 gadiem Elementi: 3 x AA (nav iek\u013cauti)","og_url":"https:\/\/toys.lt\/lv\/produktas\/r-b-vadams-dinozaurs-dinozauru-planeta\/","og_site_name":"Toys.lt","article_modified_time":"2026-04-09T00:03:20+00:00","og_image":[{"width":2035,"height":1037,"url":"https:\/\/toys.lt\/wp-content\/uploads\/2020\/03\/products-189.jpg","type":"image\/jpeg"}],"twitter_card":"summary_large_image","twitter_misc":{"Est. reading time":"1 minute"},"schema":{"@context":"https:\/\/schema.org","@graph":[{"@type":"WebPage","@id":"https:\/\/toys.lt\/lv\/produktas\/r-b-vadams-dinozaurs-dinozauru-planeta\/","url":"https:\/\/toys.lt\/lv\/produktas\/r-b-vadams-dinozaurs-dinozauru-planeta\/","name":"R\/B vad\u0101ms dinozaurs \"Dinozauru plan\u0113ta\" - Toys.lt","isPartOf":{"@id":"https:\/\/toys.lt\/lv\/#website"},"primaryImageOfPage":{"@id":"https:\/\/toys.lt\/lv\/produktas\/r-b-vadams-dinozaurs-dinozauru-planeta\/#primaryimage"},"image":{"@id":"https:\/\/toys.lt\/lv\/produktas\/r-b-vadams-dinozaurs-dinozauru-planeta\/#primaryimage"},"thumbnailUrl":"https:\/\/toys.lt\/wp-content\/uploads\/2020\/03\/products-189.jpg","datePublished":"2020-03-25T08:48:19+00:00","dateModified":"2026-04-09T00:03:20+00:00","breadcrumb":{"@id":"https:\/\/toys.lt\/lv\/produktas\/r-b-vadams-dinozaurs-dinozauru-planeta\/#breadcrumb"},"inLanguage":"lv-LV","potentialAction":[{"@type":"ReadAction","target":["https:\/\/toys.lt\/lv\/produktas\/r-b-vadams-dinozaurs-dinozauru-planeta\/"]}]},{"@type":"ImageObject","inLanguage":"lv-LV","@id":"https:\/\/toys.lt\/lv\/produktas\/r-b-vadams-dinozaurs-dinozauru-planeta\/#primaryimage","url":"https:\/\/toys.lt\/wp-content\/uploads\/2020\/03\/products-189.jpg","contentUrl":"https:\/\/toys.lt\/wp-content\/uploads\/2020\/03\/products-189.jpg","width":2035,"height":1037,"caption":"R\/B valdomas dinozauras &#8220;Dinosaur Planet&#8221;"},{"@type":"BreadcrumbList","@id":"https:\/\/toys.lt\/lv\/produktas\/r-b-vadams-dinozaurs-dinozauru-planeta\/#breadcrumb","itemListElement":[{"@type":"ListItem","position":1,"name":"Home","item":"https:\/\/toys.lt\/lv\/"},{"@type":"ListItem","position":2,"name":"Veikals","item":"https:\/\/toys.lt\/lv\/shop\/"},{"@type":"ListItem","position":3,"name":"R\/B vad\u0101ms dinozaurs &#8222;Dinozauru plan\u0113ta&#8221;"}]},{"@type":"WebSite","@id":"https:\/\/toys.lt\/lv\/#website","url":"https:\/\/toys.lt\/lv\/","name":"Toys.lt","description":"","potentialAction":[{"@type":"SearchAction","target":{"@type":"EntryPoint","urlTemplate":"https:\/\/toys.lt\/lv\/?s={search_term_string}"},"query-input":{"@type":"PropertyValueSpecification","valueRequired":true,"valueName":"search_term_string"}}],"inLanguage":"lv-LV"}]}},"_links":{"self":[{"href":"https:\/\/toys.lt\/lv\/wp-json\/wp\/v2\/product\/42181","targetHints":{"allow":["GET"]}}],"collection":[{"href":"https:\/\/toys.lt\/lv\/wp-json\/wp\/v2\/product"}],"about":[{"href":"https:\/\/toys.lt\/lv\/wp-json\/wp\/v2\/types\/product"}],"replies":[{"embeddable":true,"href":"https:\/\/toys.lt\/lv\/wp-json\/wp\/v2\/comments?post=42181"}],"version-history":[{"count":1,"href":"https:\/\/toys.lt\/lv\/wp-json\/wp\/v2\/product\/42181\/revisions"}],"predecessor-version":[{"id":45970,"href":"https:\/\/toys.lt\/lv\/wp-json\/wp\/v2\/product\/42181\/revisions\/45970"}],"wp:featuredmedia":[{"embeddable":true,"href":"https:\/\/toys.lt\/lv\/wp-json\/wp\/v2\/media\/36345"}],"wp:attachment":[{"href":"https:\/\/toys.lt\/lv\/wp-json\/wp\/v2\/media?parent=42181"}],"wp:term":[{"taxonomy":"product_brand","embeddable":true,"href":"https:\/\/toys.lt\/lv\/wp-json\/wp\/v2\/product_brand?post=42181"},{"taxonomy":"product_cat","embeddable":true,"href":"https:\/\/toys.lt\/lv\/wp-json\/wp\/v2\/product_cat?post=42181"},{"taxonomy":"product_tag","embeddable":true,"href":"https:\/\/toys.lt\/lv\/wp-json\/wp\/v2\/product_tag?post=42181"}],"curies":[{"name":"wp","href":"https:\/\/api.w.org\/{rel}","templated":true}]}}