{"id":42173,"date":"2020-03-25T07:49:09","date_gmt":"2020-03-25T07:49:09","guid":{"rendered":"https:\/\/toys.lt\/produktas\/inerces-policijas-furgons-ar-4-automasinam-2\/"},"modified":"2026-04-09T00:03:21","modified_gmt":"2026-04-09T00:03:21","slug":"inerces-policijas-furgons-ar-4-automasinam-2","status":"publish","type":"product","link":"https:\/\/toys.lt\/lv\/produktas\/inerces-policijas-furgons-ar-4-automasinam-2\/","title":{"rendered":"Inerces policijas furgons ar 4 automa\u0161\u012bn\u0101m"},"content":{"rendered":"<p>Inertia Police Carrier, kur\u0101 ir l\u012bdz pat 4 da\u017e\u0101du marku policijas automa\u0161\u012bn\u0101m, noteikti iepriecin\u0101s ikvienu auto m\u012b\u013cot\u0101ju!<\/p>\n<p>Ma\u0161\u012bnas, kas imit\u0113 \u012bstu speci\u0101lo apr\u012bkojumu, pal\u012bdz\u0113s j\u016bsu b\u0113rnam rota\u013c\u012bg\u0101 veid\u0101 izprast da\u017e\u0101das dz\u012bves situ\u0101cijas. Rota\u013clietai ir inerci\u0101ls meh\u0101nisms &#8211; tikai nedaudz to pastumiet, un ma\u0161\u012bna s\u0101ks kust\u0113ties.  \u0160\u0101di sp\u0113l\u0113jot, b\u0113rns att\u012bsta roku un acu koordin\u0101ciju un motoriku.<\/p>\n<p><strong>Funkcijas:<\/strong><\/p>\n<ul style=\"list-style-type: square;\">\n<li>Inerces meh\u0101nisms<\/li>\n<li>Viegli lietojams<\/li>\n<li>Att\u012bsta smalk\u0101s un rupj\u0101s motorikas prasmes<\/li>\n<li>Dro\u0161i sp\u0113l\u0113t<\/li>\n<\/ul>\n","protected":false},"excerpt":{"rendered":"<p>Produkta veids: transportl\u012bdzeklis<\/p>\n<p>Izcelsmes valsts: \u0136\u012bna<\/p>\n<p>Iepakojuma izm\u0113ri: 10 x 35 x 13 cm<\/p>\n<p>Produkta materi\u0101ls: plastmasa<\/p>\n<p>Ieteicamais vecums: no 3 gadiem.<\/p>\n","protected":false},"featured_media":36343,"comment_status":"open","ping_status":"closed","template":"","meta":[],"product_brand":[],"product_cat":[1176,1177,1406],"product_tag":[],"class_list":{"0":"post-42173","1":"product","2":"type-product","3":"status-publish","4":"has-post-thumbnail","6":"product_cat-rotallietas-zeniem","7":"product_cat-rotalu-automasinas-traktori-un-kapurkedes","8":"product_cat-letakais","9":"pa_amziaus-grupe-3-lv","11":"first","12":"outofstock","13":"taxable","14":"shipping-taxable","15":"purchasable","16":"product-type-simple"},"yoast_head":"<!-- This site is optimized with the Yoast SEO plugin v26.3 - https:\/\/yoast.com\/wordpress\/plugins\/seo\/ -->\n<title>Inerces policijas furgons ar 4 automa\u0161\u012bn\u0101m - Toys.lt<\/title>\n<meta name=\"robots\" content=\"index, follow, max-snippet:-1, max-image-preview:large, max-video-preview:-1\" \/>\n<link rel=\"canonical\" href=\"https:\/\/toys.lt\/lv\/produktas\/inerces-policijas-furgons-ar-4-automasinam-2\/\" \/>\n<meta property=\"og:locale\" content=\"lv_LV\" \/>\n<meta property=\"og:type\" content=\"article\" \/>\n<meta property=\"og:title\" content=\"Inerces policijas furgons ar 4 automa\u0161\u012bn\u0101m - Toys.lt\" \/>\n<meta property=\"og:description\" content=\"Produkta veids: transportl\u012bdzeklis Izcelsmes valsts: \u0136\u012bna Iepakojuma izm\u0113ri: 10 x 35 x 13 cm Produkta materi\u0101ls: plastmasa Ieteicamais vecums: no 3 gadiem.\" \/>\n<meta property=\"og:url\" content=\"https:\/\/toys.lt\/lv\/produktas\/inerces-policijas-furgons-ar-4-automasinam-2\/\" \/>\n<meta property=\"og:site_name\" content=\"Toys.lt\" \/>\n<meta property=\"article:modified_time\" content=\"2026-04-09T00:03:21+00:00\" \/>\n<meta property=\"og:image\" content=\"https:\/\/toys.lt\/wp-content\/uploads\/2020\/03\/products-187.jpg\" \/>\n\t<meta property=\"og:image:width\" content=\"1210\" \/>\n\t<meta property=\"og:image:height\" content=\"781\" \/>\n\t<meta property=\"og:image:type\" content=\"image\/jpeg\" \/>\n<meta name=\"twitter:card\" content=\"summary_large_image\" \/>\n<meta name=\"twitter:label1\" content=\"Est. reading time\" \/>\n\t<meta name=\"twitter:data1\" content=\"1 minute\" \/>\n<script type=\"application\/ld+json\" class=\"yoast-schema-graph\">{\"@context\":\"https:\/\/schema.org\",\"@graph\":[{\"@type\":\"WebPage\",\"@id\":\"https:\/\/toys.lt\/lv\/produktas\/inerces-policijas-furgons-ar-4-automasinam-2\/\",\"url\":\"https:\/\/toys.lt\/lv\/produktas\/inerces-policijas-furgons-ar-4-automasinam-2\/\",\"name\":\"Inerces policijas furgons ar 4 automa\u0161\u012bn\u0101m - Toys.lt\",\"isPartOf\":{\"@id\":\"https:\/\/toys.lt\/lv\/#website\"},\"primaryImageOfPage\":{\"@id\":\"https:\/\/toys.lt\/lv\/produktas\/inerces-policijas-furgons-ar-4-automasinam-2\/#primaryimage\"},\"image\":{\"@id\":\"https:\/\/toys.lt\/lv\/produktas\/inerces-policijas-furgons-ar-4-automasinam-2\/#primaryimage\"},\"thumbnailUrl\":\"https:\/\/toys.lt\/wp-content\/uploads\/2020\/03\/products-187.jpg\",\"datePublished\":\"2020-03-25T07:49:09+00:00\",\"dateModified\":\"2026-04-09T00:03:21+00:00\",\"breadcrumb\":{\"@id\":\"https:\/\/toys.lt\/lv\/produktas\/inerces-policijas-furgons-ar-4-automasinam-2\/#breadcrumb\"},\"inLanguage\":\"lv-LV\",\"potentialAction\":[{\"@type\":\"ReadAction\",\"target\":[\"https:\/\/toys.lt\/lv\/produktas\/inerces-policijas-furgons-ar-4-automasinam-2\/\"]}]},{\"@type\":\"ImageObject\",\"inLanguage\":\"lv-LV\",\"@id\":\"https:\/\/toys.lt\/lv\/produktas\/inerces-policijas-furgons-ar-4-automasinam-2\/#primaryimage\",\"url\":\"https:\/\/toys.lt\/wp-content\/uploads\/2020\/03\/products-187.jpg\",\"contentUrl\":\"https:\/\/toys.lt\/wp-content\/uploads\/2020\/03\/products-187.jpg\",\"width\":1210,\"height\":781,\"caption\":\"Inercinis policijos autove\u017eis su 4 automobiliais\"},{\"@type\":\"BreadcrumbList\",\"@id\":\"https:\/\/toys.lt\/lv\/produktas\/inerces-policijas-furgons-ar-4-automasinam-2\/#breadcrumb\",\"itemListElement\":[{\"@type\":\"ListItem\",\"position\":1,\"name\":\"Home\",\"item\":\"https:\/\/toys.lt\/lv\/\"},{\"@type\":\"ListItem\",\"position\":2,\"name\":\"Veikals\",\"item\":\"https:\/\/toys.lt\/lv\/shop\/\"},{\"@type\":\"ListItem\",\"position\":3,\"name\":\"Inerces policijas furgons ar 4 automa\u0161\u012bn\u0101m\"}]},{\"@type\":\"WebSite\",\"@id\":\"https:\/\/toys.lt\/lv\/#website\",\"url\":\"https:\/\/toys.lt\/lv\/\",\"name\":\"Toys.lt\",\"description\":\"\",\"potentialAction\":[{\"@type\":\"SearchAction\",\"target\":{\"@type\":\"EntryPoint\",\"urlTemplate\":\"https:\/\/toys.lt\/lv\/?s={search_term_string}\"},\"query-input\":{\"@type\":\"PropertyValueSpecification\",\"valueRequired\":true,\"valueName\":\"search_term_string\"}}],\"inLanguage\":\"lv-LV\"}]}<\/script>\n<!-- \/ Yoast SEO plugin. -->","yoast_head_json":{"title":"Inerces policijas furgons ar 4 automa\u0161\u012bn\u0101m - Toys.lt","robots":{"index":"index","follow":"follow","max-snippet":"max-snippet:-1","max-image-preview":"max-image-preview:large","max-video-preview":"max-video-preview:-1"},"canonical":"https:\/\/toys.lt\/lv\/produktas\/inerces-policijas-furgons-ar-4-automasinam-2\/","og_locale":"lv_LV","og_type":"article","og_title":"Inerces policijas furgons ar 4 automa\u0161\u012bn\u0101m - Toys.lt","og_description":"Produkta veids: transportl\u012bdzeklis Izcelsmes valsts: \u0136\u012bna Iepakojuma izm\u0113ri: 10 x 35 x 13 cm Produkta materi\u0101ls: plastmasa Ieteicamais vecums: no 3 gadiem.","og_url":"https:\/\/toys.lt\/lv\/produktas\/inerces-policijas-furgons-ar-4-automasinam-2\/","og_site_name":"Toys.lt","article_modified_time":"2026-04-09T00:03:21+00:00","og_image":[{"width":1210,"height":781,"url":"https:\/\/toys.lt\/wp-content\/uploads\/2020\/03\/products-187.jpg","type":"image\/jpeg"}],"twitter_card":"summary_large_image","twitter_misc":{"Est. reading time":"1 minute"},"schema":{"@context":"https:\/\/schema.org","@graph":[{"@type":"WebPage","@id":"https:\/\/toys.lt\/lv\/produktas\/inerces-policijas-furgons-ar-4-automasinam-2\/","url":"https:\/\/toys.lt\/lv\/produktas\/inerces-policijas-furgons-ar-4-automasinam-2\/","name":"Inerces policijas furgons ar 4 automa\u0161\u012bn\u0101m - Toys.lt","isPartOf":{"@id":"https:\/\/toys.lt\/lv\/#website"},"primaryImageOfPage":{"@id":"https:\/\/toys.lt\/lv\/produktas\/inerces-policijas-furgons-ar-4-automasinam-2\/#primaryimage"},"image":{"@id":"https:\/\/toys.lt\/lv\/produktas\/inerces-policijas-furgons-ar-4-automasinam-2\/#primaryimage"},"thumbnailUrl":"https:\/\/toys.lt\/wp-content\/uploads\/2020\/03\/products-187.jpg","datePublished":"2020-03-25T07:49:09+00:00","dateModified":"2026-04-09T00:03:21+00:00","breadcrumb":{"@id":"https:\/\/toys.lt\/lv\/produktas\/inerces-policijas-furgons-ar-4-automasinam-2\/#breadcrumb"},"inLanguage":"lv-LV","potentialAction":[{"@type":"ReadAction","target":["https:\/\/toys.lt\/lv\/produktas\/inerces-policijas-furgons-ar-4-automasinam-2\/"]}]},{"@type":"ImageObject","inLanguage":"lv-LV","@id":"https:\/\/toys.lt\/lv\/produktas\/inerces-policijas-furgons-ar-4-automasinam-2\/#primaryimage","url":"https:\/\/toys.lt\/wp-content\/uploads\/2020\/03\/products-187.jpg","contentUrl":"https:\/\/toys.lt\/wp-content\/uploads\/2020\/03\/products-187.jpg","width":1210,"height":781,"caption":"Inercinis policijos autove\u017eis su 4 automobiliais"},{"@type":"BreadcrumbList","@id":"https:\/\/toys.lt\/lv\/produktas\/inerces-policijas-furgons-ar-4-automasinam-2\/#breadcrumb","itemListElement":[{"@type":"ListItem","position":1,"name":"Home","item":"https:\/\/toys.lt\/lv\/"},{"@type":"ListItem","position":2,"name":"Veikals","item":"https:\/\/toys.lt\/lv\/shop\/"},{"@type":"ListItem","position":3,"name":"Inerces policijas furgons ar 4 automa\u0161\u012bn\u0101m"}]},{"@type":"WebSite","@id":"https:\/\/toys.lt\/lv\/#website","url":"https:\/\/toys.lt\/lv\/","name":"Toys.lt","description":"","potentialAction":[{"@type":"SearchAction","target":{"@type":"EntryPoint","urlTemplate":"https:\/\/toys.lt\/lv\/?s={search_term_string}"},"query-input":{"@type":"PropertyValueSpecification","valueRequired":true,"valueName":"search_term_string"}}],"inLanguage":"lv-LV"}]}},"_links":{"self":[{"href":"https:\/\/toys.lt\/lv\/wp-json\/wp\/v2\/product\/42173","targetHints":{"allow":["GET"]}}],"collection":[{"href":"https:\/\/toys.lt\/lv\/wp-json\/wp\/v2\/product"}],"about":[{"href":"https:\/\/toys.lt\/lv\/wp-json\/wp\/v2\/types\/product"}],"replies":[{"embeddable":true,"href":"https:\/\/toys.lt\/lv\/wp-json\/wp\/v2\/comments?post=42173"}],"version-history":[{"count":1,"href":"https:\/\/toys.lt\/lv\/wp-json\/wp\/v2\/product\/42173\/revisions"}],"predecessor-version":[{"id":45967,"href":"https:\/\/toys.lt\/lv\/wp-json\/wp\/v2\/product\/42173\/revisions\/45967"}],"wp:featuredmedia":[{"embeddable":true,"href":"https:\/\/toys.lt\/lv\/wp-json\/wp\/v2\/media\/36343"}],"wp:attachment":[{"href":"https:\/\/toys.lt\/lv\/wp-json\/wp\/v2\/media?parent=42173"}],"wp:term":[{"taxonomy":"product_brand","embeddable":true,"href":"https:\/\/toys.lt\/lv\/wp-json\/wp\/v2\/product_brand?post=42173"},{"taxonomy":"product_cat","embeddable":true,"href":"https:\/\/toys.lt\/lv\/wp-json\/wp\/v2\/product_cat?post=42173"},{"taxonomy":"product_tag","embeddable":true,"href":"https:\/\/toys.lt\/lv\/wp-json\/wp\/v2\/product_tag?post=42173"}],"curies":[{"name":"wp","href":"https:\/\/api.w.org\/{rel}","templated":true}]}}