{"id":42172,"date":"2020-03-24T09:16:25","date_gmt":"2020-03-24T09:16:25","guid":{"rendered":"https:\/\/toys.lt\/?post_type=product&#038;p=42172"},"modified":"2026-04-09T00:03:23","modified_gmt":"2026-04-09T00:03:23","slug":"mana-laimigas-gimenes-muzikala-lellu-maja","status":"publish","type":"product","link":"https:\/\/toys.lt\/lv\/produktas\/mana-laimigas-gimenes-muzikala-lellu-maja\/","title":{"rendered":"Mana laim\u012bg\u0101s \u0123imenes muzik\u0101l\u0101 le\u013c\u013cu m\u0101ja"},"content":{"rendered":"<p>Muzik\u0101l\u0101 le\u013c\u013cu m\u0101ja ar m\u0113bel\u0113m, m\u0101jdz\u012bvnieku un tr\u012bs iem\u012btnieku fig\u016bri\u0146\u0101m sniegs b\u0113rniem neaizmirstamu laiku. \u0160\u012b m\u0101ja priec\u0113s b\u0113rnus ar unik\u0101liem gaismas un ska\u0146as efektiem! Un katra plastmasas m\u0113bele ir ne tikai ko\u0161i kr\u0101sota, bet ar\u012b ar ori\u0123in\u0101lu dizainu! J\u016bsu b\u0113rns b\u016bs saj\u016bsm\u0101 par \u0161o rota\u013clietu, kur\u0101 vi\u0146\u0161 var izt\u0113loties sevi k\u0101 skaistas savrupm\u0101jas \u012bpa\u0161nieku.   <\/p>\n<p><strong>Funkcijas:<\/strong><\/p>\n<ul style=\"list-style-type:square\">\n<li>Gaismas un ska\u0146as efekti<\/li>\n<li>Salok\u0101ms<\/li>\n<li>Viegls, kompakts un \u0113rts<\/li>\n<li>Vesel\u012bbai nekait\u012bgi materi\u0101li<\/li>\n<li>Att\u012bsta izt\u0113li, rado\u0161umu<\/li>\n<li>Sp\u0113l\u0113jiet kop\u0101 ar draugiem<\/li>\n<\/ul>\n","protected":false},"excerpt":{"rendered":"<p>Preces veids: le\u013c\u013cu m\u0101ja<\/p>\n<p>Izcelsmes valsts: \u0136\u012bna<\/p>\n<p>Produkta materi\u0101ls: plastmasa<\/p>\n<p>Izstr\u0101d\u0101juma izm\u0113ri: 8,5 x 42 x 33 cm<\/p>\n<p>Svars: 0,900 kg<\/p>\n<p>Ieteicamais vecums: no 3 gadiem<\/p>\n<p>Elementi: 3 x LR44 (iek\u013cauti komplekt\u0101)<\/p>\n","protected":false},"featured_media":36334,"comment_status":"open","ping_status":"open","template":"","meta":[],"product_brand":[],"product_cat":[1182,1180,1221,1155],"product_tag":[],"class_list":{"0":"post-42172","1":"product","2":"type-product","3":"status-publish","4":"has-post-thumbnail","6":"product_cat-muzikalas-rotallietas","7":"product_cat-rotallietas-meitenem","8":"product_cat-rotalu-lelles-un-aksesuari","9":"product_cat-leti","10":"pa_amziaus-grupe-3-lv","11":"pa_prek-s-tipas-spelu-rotallietas","12":"pa_spalva-dazadi","14":"first","15":"outofstock","16":"taxable","17":"shipping-taxable","18":"purchasable","19":"product-type-simple"},"yoast_head":"<!-- This site is optimized with the Yoast SEO plugin v26.3 - https:\/\/yoast.com\/wordpress\/plugins\/seo\/ -->\n<title>Mana laim\u012bg\u0101s \u0123imenes muzik\u0101l\u0101 le\u013c\u013cu m\u0101ja - Toys.lt<\/title>\n<meta name=\"robots\" content=\"index, follow, max-snippet:-1, max-image-preview:large, max-video-preview:-1\" \/>\n<link rel=\"canonical\" href=\"https:\/\/toys.lt\/lv\/produktas\/mana-laimigas-gimenes-muzikala-lellu-maja\/\" \/>\n<meta property=\"og:locale\" content=\"lv_LV\" \/>\n<meta property=\"og:type\" content=\"article\" \/>\n<meta property=\"og:title\" content=\"Mana laim\u012bg\u0101s \u0123imenes muzik\u0101l\u0101 le\u013c\u013cu m\u0101ja - Toys.lt\" \/>\n<meta property=\"og:description\" content=\"Preces veids: le\u013c\u013cu m\u0101ja Izcelsmes valsts: \u0136\u012bna Produkta materi\u0101ls: plastmasa Izstr\u0101d\u0101juma izm\u0113ri: 8,5 x 42 x 33 cm Svars: 0,900 kg Ieteicamais vecums: no 3 gadiem Elementi: 3 x LR44 (iek\u013cauti komplekt\u0101)\" \/>\n<meta property=\"og:url\" content=\"https:\/\/toys.lt\/lv\/produktas\/mana-laimigas-gimenes-muzikala-lellu-maja\/\" \/>\n<meta property=\"og:site_name\" content=\"Toys.lt\" \/>\n<meta property=\"article:modified_time\" content=\"2026-04-09T00:03:23+00:00\" \/>\n<meta property=\"og:image\" content=\"https:\/\/toys.lt\/wp-content\/uploads\/2020\/03\/products-177.jpg\" \/>\n\t<meta property=\"og:image:width\" content=\"907\" \/>\n\t<meta property=\"og:image:height\" content=\"600\" \/>\n\t<meta property=\"og:image:type\" content=\"image\/jpeg\" \/>\n<meta name=\"twitter:card\" content=\"summary_large_image\" \/>\n<meta name=\"twitter:label1\" content=\"Est. reading time\" \/>\n\t<meta name=\"twitter:data1\" content=\"1 minute\" \/>\n<script type=\"application\/ld+json\" class=\"yoast-schema-graph\">{\"@context\":\"https:\/\/schema.org\",\"@graph\":[{\"@type\":\"WebPage\",\"@id\":\"https:\/\/toys.lt\/lv\/produktas\/mana-laimigas-gimenes-muzikala-lellu-maja\/\",\"url\":\"https:\/\/toys.lt\/lv\/produktas\/mana-laimigas-gimenes-muzikala-lellu-maja\/\",\"name\":\"Mana laim\u012bg\u0101s \u0123imenes muzik\u0101l\u0101 le\u013c\u013cu m\u0101ja - Toys.lt\",\"isPartOf\":{\"@id\":\"https:\/\/toys.lt\/lv\/#website\"},\"primaryImageOfPage\":{\"@id\":\"https:\/\/toys.lt\/lv\/produktas\/mana-laimigas-gimenes-muzikala-lellu-maja\/#primaryimage\"},\"image\":{\"@id\":\"https:\/\/toys.lt\/lv\/produktas\/mana-laimigas-gimenes-muzikala-lellu-maja\/#primaryimage\"},\"thumbnailUrl\":\"https:\/\/toys.lt\/wp-content\/uploads\/2020\/03\/products-177.jpg\",\"datePublished\":\"2020-03-24T09:16:25+00:00\",\"dateModified\":\"2026-04-09T00:03:23+00:00\",\"breadcrumb\":{\"@id\":\"https:\/\/toys.lt\/lv\/produktas\/mana-laimigas-gimenes-muzikala-lellu-maja\/#breadcrumb\"},\"inLanguage\":\"lv-LV\",\"potentialAction\":[{\"@type\":\"ReadAction\",\"target\":[\"https:\/\/toys.lt\/lv\/produktas\/mana-laimigas-gimenes-muzikala-lellu-maja\/\"]}]},{\"@type\":\"ImageObject\",\"inLanguage\":\"lv-LV\",\"@id\":\"https:\/\/toys.lt\/lv\/produktas\/mana-laimigas-gimenes-muzikala-lellu-maja\/#primaryimage\",\"url\":\"https:\/\/toys.lt\/wp-content\/uploads\/2020\/03\/products-177.jpg\",\"contentUrl\":\"https:\/\/toys.lt\/wp-content\/uploads\/2020\/03\/products-177.jpg\",\"width\":907,\"height\":600,\"caption\":\"Muzikinis l\u0117li\u0173 namas &#8220;My happy family&#8221;\"},{\"@type\":\"BreadcrumbList\",\"@id\":\"https:\/\/toys.lt\/lv\/produktas\/mana-laimigas-gimenes-muzikala-lellu-maja\/#breadcrumb\",\"itemListElement\":[{\"@type\":\"ListItem\",\"position\":1,\"name\":\"Home\",\"item\":\"https:\/\/toys.lt\/lv\/\"},{\"@type\":\"ListItem\",\"position\":2,\"name\":\"Veikals\",\"item\":\"https:\/\/toys.lt\/lv\/shop\/\"},{\"@type\":\"ListItem\",\"position\":3,\"name\":\"Mana laim\u012bg\u0101s \u0123imenes muzik\u0101l\u0101 le\u013c\u013cu m\u0101ja\"}]},{\"@type\":\"WebSite\",\"@id\":\"https:\/\/toys.lt\/lv\/#website\",\"url\":\"https:\/\/toys.lt\/lv\/\",\"name\":\"Toys.lt\",\"description\":\"\",\"potentialAction\":[{\"@type\":\"SearchAction\",\"target\":{\"@type\":\"EntryPoint\",\"urlTemplate\":\"https:\/\/toys.lt\/lv\/?s={search_term_string}\"},\"query-input\":{\"@type\":\"PropertyValueSpecification\",\"valueRequired\":true,\"valueName\":\"search_term_string\"}}],\"inLanguage\":\"lv-LV\"}]}<\/script>\n<!-- \/ Yoast SEO plugin. -->","yoast_head_json":{"title":"Mana laim\u012bg\u0101s \u0123imenes muzik\u0101l\u0101 le\u013c\u013cu m\u0101ja - Toys.lt","robots":{"index":"index","follow":"follow","max-snippet":"max-snippet:-1","max-image-preview":"max-image-preview:large","max-video-preview":"max-video-preview:-1"},"canonical":"https:\/\/toys.lt\/lv\/produktas\/mana-laimigas-gimenes-muzikala-lellu-maja\/","og_locale":"lv_LV","og_type":"article","og_title":"Mana laim\u012bg\u0101s \u0123imenes muzik\u0101l\u0101 le\u013c\u013cu m\u0101ja - Toys.lt","og_description":"Preces veids: le\u013c\u013cu m\u0101ja Izcelsmes valsts: \u0136\u012bna Produkta materi\u0101ls: plastmasa Izstr\u0101d\u0101juma izm\u0113ri: 8,5 x 42 x 33 cm Svars: 0,900 kg Ieteicamais vecums: no 3 gadiem Elementi: 3 x LR44 (iek\u013cauti komplekt\u0101)","og_url":"https:\/\/toys.lt\/lv\/produktas\/mana-laimigas-gimenes-muzikala-lellu-maja\/","og_site_name":"Toys.lt","article_modified_time":"2026-04-09T00:03:23+00:00","og_image":[{"width":907,"height":600,"url":"https:\/\/toys.lt\/wp-content\/uploads\/2020\/03\/products-177.jpg","type":"image\/jpeg"}],"twitter_card":"summary_large_image","twitter_misc":{"Est. reading time":"1 minute"},"schema":{"@context":"https:\/\/schema.org","@graph":[{"@type":"WebPage","@id":"https:\/\/toys.lt\/lv\/produktas\/mana-laimigas-gimenes-muzikala-lellu-maja\/","url":"https:\/\/toys.lt\/lv\/produktas\/mana-laimigas-gimenes-muzikala-lellu-maja\/","name":"Mana laim\u012bg\u0101s \u0123imenes muzik\u0101l\u0101 le\u013c\u013cu m\u0101ja - Toys.lt","isPartOf":{"@id":"https:\/\/toys.lt\/lv\/#website"},"primaryImageOfPage":{"@id":"https:\/\/toys.lt\/lv\/produktas\/mana-laimigas-gimenes-muzikala-lellu-maja\/#primaryimage"},"image":{"@id":"https:\/\/toys.lt\/lv\/produktas\/mana-laimigas-gimenes-muzikala-lellu-maja\/#primaryimage"},"thumbnailUrl":"https:\/\/toys.lt\/wp-content\/uploads\/2020\/03\/products-177.jpg","datePublished":"2020-03-24T09:16:25+00:00","dateModified":"2026-04-09T00:03:23+00:00","breadcrumb":{"@id":"https:\/\/toys.lt\/lv\/produktas\/mana-laimigas-gimenes-muzikala-lellu-maja\/#breadcrumb"},"inLanguage":"lv-LV","potentialAction":[{"@type":"ReadAction","target":["https:\/\/toys.lt\/lv\/produktas\/mana-laimigas-gimenes-muzikala-lellu-maja\/"]}]},{"@type":"ImageObject","inLanguage":"lv-LV","@id":"https:\/\/toys.lt\/lv\/produktas\/mana-laimigas-gimenes-muzikala-lellu-maja\/#primaryimage","url":"https:\/\/toys.lt\/wp-content\/uploads\/2020\/03\/products-177.jpg","contentUrl":"https:\/\/toys.lt\/wp-content\/uploads\/2020\/03\/products-177.jpg","width":907,"height":600,"caption":"Muzikinis l\u0117li\u0173 namas &#8220;My happy family&#8221;"},{"@type":"BreadcrumbList","@id":"https:\/\/toys.lt\/lv\/produktas\/mana-laimigas-gimenes-muzikala-lellu-maja\/#breadcrumb","itemListElement":[{"@type":"ListItem","position":1,"name":"Home","item":"https:\/\/toys.lt\/lv\/"},{"@type":"ListItem","position":2,"name":"Veikals","item":"https:\/\/toys.lt\/lv\/shop\/"},{"@type":"ListItem","position":3,"name":"Mana laim\u012bg\u0101s \u0123imenes muzik\u0101l\u0101 le\u013c\u013cu m\u0101ja"}]},{"@type":"WebSite","@id":"https:\/\/toys.lt\/lv\/#website","url":"https:\/\/toys.lt\/lv\/","name":"Toys.lt","description":"","potentialAction":[{"@type":"SearchAction","target":{"@type":"EntryPoint","urlTemplate":"https:\/\/toys.lt\/lv\/?s={search_term_string}"},"query-input":{"@type":"PropertyValueSpecification","valueRequired":true,"valueName":"search_term_string"}}],"inLanguage":"lv-LV"}]}},"_links":{"self":[{"href":"https:\/\/toys.lt\/lv\/wp-json\/wp\/v2\/product\/42172","targetHints":{"allow":["GET"]}}],"collection":[{"href":"https:\/\/toys.lt\/lv\/wp-json\/wp\/v2\/product"}],"about":[{"href":"https:\/\/toys.lt\/lv\/wp-json\/wp\/v2\/types\/product"}],"replies":[{"embeddable":true,"href":"https:\/\/toys.lt\/lv\/wp-json\/wp\/v2\/comments?post=42172"}],"version-history":[{"count":1,"href":"https:\/\/toys.lt\/lv\/wp-json\/wp\/v2\/product\/42172\/revisions"}],"predecessor-version":[{"id":45960,"href":"https:\/\/toys.lt\/lv\/wp-json\/wp\/v2\/product\/42172\/revisions\/45960"}],"wp:featuredmedia":[{"embeddable":true,"href":"https:\/\/toys.lt\/lv\/wp-json\/wp\/v2\/media\/36334"}],"wp:attachment":[{"href":"https:\/\/toys.lt\/lv\/wp-json\/wp\/v2\/media?parent=42172"}],"wp:term":[{"taxonomy":"product_brand","embeddable":true,"href":"https:\/\/toys.lt\/lv\/wp-json\/wp\/v2\/product_brand?post=42172"},{"taxonomy":"product_cat","embeddable":true,"href":"https:\/\/toys.lt\/lv\/wp-json\/wp\/v2\/product_cat?post=42172"},{"taxonomy":"product_tag","embeddable":true,"href":"https:\/\/toys.lt\/lv\/wp-json\/wp\/v2\/product_tag?post=42172"}],"curies":[{"name":"wp","href":"https:\/\/api.w.org\/{rel}","templated":true}]}}