{"id":42170,"date":"2020-03-24T08:10:44","date_gmt":"2020-03-24T08:10:44","guid":{"rendered":"https:\/\/toys.lt\/produktas\/modelu-komplekts-saldejums\/"},"modified":"2026-04-09T00:03:24","modified_gmt":"2026-04-09T00:03:24","slug":"modelu-komplekts-saldejums","status":"publish","type":"product","link":"https:\/\/toys.lt\/lv\/produktas\/modelu-komplekts-saldejums\/","title":{"rendered":"Mode\u013cu komplekts &#8220;Sald\u0113jums&#8221;"},"content":{"rendered":"<p>Pla\u0161ais kr\u0101su, veid\u0146u, instrumentu un piederumu kl\u0101sts pal\u012bdz\u0113s jums rad\u012bt fantastiskus kr\u0101sainus sald\u0113jumus! \u0160\u012b sp\u0113le atrais\u012bs j\u016bsu izt\u0113li un iedvesmos bezgal\u012bgu rado\u0161umu. J\u016bsu b\u0113rns ar\u012b apg\u016bs jaunas kr\u0101sas un to\u0146us, jo kr\u0101sas viegli sapl\u016bst kop\u0101.    <\/p>\n<p>Form\u0113\u0161anas mais\u012bjums ir izgatavots no m\u012bksta un augstas kvalit\u0101tes mais\u012bjuma, t\u0101p\u0113c tas nepielipst pie rok\u0101m un neveido traipus.<\/p>\n<p>Kad esat beidzis sp\u0113l\u0113ties, ielieciet veid\u0146u masu atpaka\u013c burci\u0146\u0101s un cie\u0161i aizveriet t\u0101s, lai t\u0101 ilg\u0101k paliktu m\u012bkst\u0101ka.<\/p>\n<p><strong>Komplekt\u0101 ietilpst:<\/strong><\/p>\n<ul>\n<li>10 kr\u0101sas<\/li>\n<li>6 sald\u0113juma trauki<\/li>\n<li>1 \u0161\u013circe ar 3 uzga\u013ciem<\/li>\n<\/ul>\n<p><strong>Funkcijas:<\/strong><\/p>\n<ul>\n<li>Netoksisks un dro\u0161s vesel\u012bbai<\/li>\n<li>Masa nel\u012bp pie rok\u0101m un neatst\u0101j traipus.<\/li>\n<li>M\u012bksta un viegla masa<\/li>\n<li>Att\u012bsta s\u012bko motoriku, inteli\u0123enci, izt\u0113li, izt\u0113li un rado\u0161umu.<\/li>\n<li>Bag\u0101t\u012bgas kr\u0101sas<\/li>\n<\/ul>\n","protected":false},"excerpt":{"rendered":"<p>Izstr\u0101d\u0101juma veids: l\u0113juma<\/p>\n<p>Z\u012bmols Colourdee<\/p>\n<p>Izcelsmes valsts: \u0136\u012bna<\/p>\n<p>Da\u013cu skaits: 25<\/p>\n<p>Ieteicamais vecums: no 3 gadiem<\/p>\n","protected":false},"featured_media":36333,"comment_status":"open","ping_status":"open","template":"","meta":[],"product_brand":[],"product_cat":[1257,1180,1176],"product_tag":[],"class_list":{"0":"post-42170","1":"product","2":"type-product","3":"status-publish","4":"has-post-thumbnail","6":"product_cat-rokdarbi-un-radosums","7":"product_cat-rotallietas-meitenem","8":"product_cat-rotallietas-zeniem","9":"pa_amziaus-grupe-3-lv","10":"pa_prekes-zenklas-colourdee-lv","12":"first","13":"outofstock","14":"taxable","15":"shipping-taxable","16":"purchasable","17":"product-type-simple"},"yoast_head":"<!-- This site is optimized with the Yoast SEO plugin v26.3 - https:\/\/yoast.com\/wordpress\/plugins\/seo\/ -->\n<title>Mode\u013cu komplekts &quot;Sald\u0113jums&quot; - Toys.lt<\/title>\n<meta name=\"robots\" content=\"index, follow, max-snippet:-1, max-image-preview:large, max-video-preview:-1\" \/>\n<link rel=\"canonical\" href=\"https:\/\/toys.lt\/lv\/produktas\/modelu-komplekts-saldejums\/\" \/>\n<meta property=\"og:locale\" content=\"lv_LV\" \/>\n<meta property=\"og:type\" content=\"article\" \/>\n<meta property=\"og:title\" content=\"Mode\u013cu komplekts &quot;Sald\u0113jums&quot; - Toys.lt\" \/>\n<meta property=\"og:description\" content=\"Izstr\u0101d\u0101juma veids: l\u0113juma Z\u012bmols Colourdee Izcelsmes valsts: \u0136\u012bna Da\u013cu skaits: 25 Ieteicamais vecums: no 3 gadiem\" \/>\n<meta property=\"og:url\" content=\"https:\/\/toys.lt\/lv\/produktas\/modelu-komplekts-saldejums\/\" \/>\n<meta property=\"og:site_name\" content=\"Toys.lt\" \/>\n<meta property=\"article:modified_time\" content=\"2026-04-09T00:03:24+00:00\" \/>\n<meta property=\"og:image\" content=\"https:\/\/toys.lt\/wp-content\/uploads\/2020\/03\/products-171.jpg\" \/>\n\t<meta property=\"og:image:width\" content=\"2001\" \/>\n\t<meta property=\"og:image:height\" content=\"1501\" \/>\n\t<meta property=\"og:image:type\" content=\"image\/jpeg\" \/>\n<meta name=\"twitter:card\" content=\"summary_large_image\" \/>\n<meta name=\"twitter:label1\" content=\"Est. reading time\" \/>\n\t<meta name=\"twitter:data1\" content=\"1 minute\" \/>\n<script type=\"application\/ld+json\" class=\"yoast-schema-graph\">{\"@context\":\"https:\/\/schema.org\",\"@graph\":[{\"@type\":\"WebPage\",\"@id\":\"https:\/\/toys.lt\/lv\/produktas\/modelu-komplekts-saldejums\/\",\"url\":\"https:\/\/toys.lt\/lv\/produktas\/modelu-komplekts-saldejums\/\",\"name\":\"Mode\u013cu komplekts \\\"Sald\u0113jums\\\" - Toys.lt\",\"isPartOf\":{\"@id\":\"https:\/\/toys.lt\/lv\/#website\"},\"primaryImageOfPage\":{\"@id\":\"https:\/\/toys.lt\/lv\/produktas\/modelu-komplekts-saldejums\/#primaryimage\"},\"image\":{\"@id\":\"https:\/\/toys.lt\/lv\/produktas\/modelu-komplekts-saldejums\/#primaryimage\"},\"thumbnailUrl\":\"https:\/\/toys.lt\/wp-content\/uploads\/2020\/03\/products-171.jpg\",\"datePublished\":\"2020-03-24T08:10:44+00:00\",\"dateModified\":\"2026-04-09T00:03:24+00:00\",\"breadcrumb\":{\"@id\":\"https:\/\/toys.lt\/lv\/produktas\/modelu-komplekts-saldejums\/#breadcrumb\"},\"inLanguage\":\"lv-LV\",\"potentialAction\":[{\"@type\":\"ReadAction\",\"target\":[\"https:\/\/toys.lt\/lv\/produktas\/modelu-komplekts-saldejums\/\"]}]},{\"@type\":\"ImageObject\",\"inLanguage\":\"lv-LV\",\"@id\":\"https:\/\/toys.lt\/lv\/produktas\/modelu-komplekts-saldejums\/#primaryimage\",\"url\":\"https:\/\/toys.lt\/wp-content\/uploads\/2020\/03\/products-171.jpg\",\"contentUrl\":\"https:\/\/toys.lt\/wp-content\/uploads\/2020\/03\/products-171.jpg\",\"width\":2001,\"height\":1501,\"caption\":\"Modelino rinkinys &#8220;Ledai&#8221;\"},{\"@type\":\"BreadcrumbList\",\"@id\":\"https:\/\/toys.lt\/lv\/produktas\/modelu-komplekts-saldejums\/#breadcrumb\",\"itemListElement\":[{\"@type\":\"ListItem\",\"position\":1,\"name\":\"Home\",\"item\":\"https:\/\/toys.lt\/lv\/\"},{\"@type\":\"ListItem\",\"position\":2,\"name\":\"Veikals\",\"item\":\"https:\/\/toys.lt\/lv\/shop\/\"},{\"@type\":\"ListItem\",\"position\":3,\"name\":\"Mode\u013cu komplekts &#8222;Sald\u0113jums&#8221;\"}]},{\"@type\":\"WebSite\",\"@id\":\"https:\/\/toys.lt\/lv\/#website\",\"url\":\"https:\/\/toys.lt\/lv\/\",\"name\":\"Toys.lt\",\"description\":\"\",\"potentialAction\":[{\"@type\":\"SearchAction\",\"target\":{\"@type\":\"EntryPoint\",\"urlTemplate\":\"https:\/\/toys.lt\/lv\/?s={search_term_string}\"},\"query-input\":{\"@type\":\"PropertyValueSpecification\",\"valueRequired\":true,\"valueName\":\"search_term_string\"}}],\"inLanguage\":\"lv-LV\"}]}<\/script>\n<!-- \/ Yoast SEO plugin. -->","yoast_head_json":{"title":"Mode\u013cu komplekts \"Sald\u0113jums\" - Toys.lt","robots":{"index":"index","follow":"follow","max-snippet":"max-snippet:-1","max-image-preview":"max-image-preview:large","max-video-preview":"max-video-preview:-1"},"canonical":"https:\/\/toys.lt\/lv\/produktas\/modelu-komplekts-saldejums\/","og_locale":"lv_LV","og_type":"article","og_title":"Mode\u013cu komplekts \"Sald\u0113jums\" - Toys.lt","og_description":"Izstr\u0101d\u0101juma veids: l\u0113juma Z\u012bmols Colourdee Izcelsmes valsts: \u0136\u012bna Da\u013cu skaits: 25 Ieteicamais vecums: no 3 gadiem","og_url":"https:\/\/toys.lt\/lv\/produktas\/modelu-komplekts-saldejums\/","og_site_name":"Toys.lt","article_modified_time":"2026-04-09T00:03:24+00:00","og_image":[{"width":2001,"height":1501,"url":"https:\/\/toys.lt\/wp-content\/uploads\/2020\/03\/products-171.jpg","type":"image\/jpeg"}],"twitter_card":"summary_large_image","twitter_misc":{"Est. reading time":"1 minute"},"schema":{"@context":"https:\/\/schema.org","@graph":[{"@type":"WebPage","@id":"https:\/\/toys.lt\/lv\/produktas\/modelu-komplekts-saldejums\/","url":"https:\/\/toys.lt\/lv\/produktas\/modelu-komplekts-saldejums\/","name":"Mode\u013cu komplekts \"Sald\u0113jums\" - Toys.lt","isPartOf":{"@id":"https:\/\/toys.lt\/lv\/#website"},"primaryImageOfPage":{"@id":"https:\/\/toys.lt\/lv\/produktas\/modelu-komplekts-saldejums\/#primaryimage"},"image":{"@id":"https:\/\/toys.lt\/lv\/produktas\/modelu-komplekts-saldejums\/#primaryimage"},"thumbnailUrl":"https:\/\/toys.lt\/wp-content\/uploads\/2020\/03\/products-171.jpg","datePublished":"2020-03-24T08:10:44+00:00","dateModified":"2026-04-09T00:03:24+00:00","breadcrumb":{"@id":"https:\/\/toys.lt\/lv\/produktas\/modelu-komplekts-saldejums\/#breadcrumb"},"inLanguage":"lv-LV","potentialAction":[{"@type":"ReadAction","target":["https:\/\/toys.lt\/lv\/produktas\/modelu-komplekts-saldejums\/"]}]},{"@type":"ImageObject","inLanguage":"lv-LV","@id":"https:\/\/toys.lt\/lv\/produktas\/modelu-komplekts-saldejums\/#primaryimage","url":"https:\/\/toys.lt\/wp-content\/uploads\/2020\/03\/products-171.jpg","contentUrl":"https:\/\/toys.lt\/wp-content\/uploads\/2020\/03\/products-171.jpg","width":2001,"height":1501,"caption":"Modelino rinkinys &#8220;Ledai&#8221;"},{"@type":"BreadcrumbList","@id":"https:\/\/toys.lt\/lv\/produktas\/modelu-komplekts-saldejums\/#breadcrumb","itemListElement":[{"@type":"ListItem","position":1,"name":"Home","item":"https:\/\/toys.lt\/lv\/"},{"@type":"ListItem","position":2,"name":"Veikals","item":"https:\/\/toys.lt\/lv\/shop\/"},{"@type":"ListItem","position":3,"name":"Mode\u013cu komplekts &#8222;Sald\u0113jums&#8221;"}]},{"@type":"WebSite","@id":"https:\/\/toys.lt\/lv\/#website","url":"https:\/\/toys.lt\/lv\/","name":"Toys.lt","description":"","potentialAction":[{"@type":"SearchAction","target":{"@type":"EntryPoint","urlTemplate":"https:\/\/toys.lt\/lv\/?s={search_term_string}"},"query-input":{"@type":"PropertyValueSpecification","valueRequired":true,"valueName":"search_term_string"}}],"inLanguage":"lv-LV"}]}},"_links":{"self":[{"href":"https:\/\/toys.lt\/lv\/wp-json\/wp\/v2\/product\/42170","targetHints":{"allow":["GET"]}}],"collection":[{"href":"https:\/\/toys.lt\/lv\/wp-json\/wp\/v2\/product"}],"about":[{"href":"https:\/\/toys.lt\/lv\/wp-json\/wp\/v2\/types\/product"}],"replies":[{"embeddable":true,"href":"https:\/\/toys.lt\/lv\/wp-json\/wp\/v2\/comments?post=42170"}],"version-history":[{"count":0,"href":"https:\/\/toys.lt\/lv\/wp-json\/wp\/v2\/product\/42170\/revisions"}],"wp:featuredmedia":[{"embeddable":true,"href":"https:\/\/toys.lt\/lv\/wp-json\/wp\/v2\/media\/36333"}],"wp:attachment":[{"href":"https:\/\/toys.lt\/lv\/wp-json\/wp\/v2\/media?parent=42170"}],"wp:term":[{"taxonomy":"product_brand","embeddable":true,"href":"https:\/\/toys.lt\/lv\/wp-json\/wp\/v2\/product_brand?post=42170"},{"taxonomy":"product_cat","embeddable":true,"href":"https:\/\/toys.lt\/lv\/wp-json\/wp\/v2\/product_cat?post=42170"},{"taxonomy":"product_tag","embeddable":true,"href":"https:\/\/toys.lt\/lv\/wp-json\/wp\/v2\/product_tag?post=42170"}],"curies":[{"name":"wp","href":"https:\/\/api.w.org\/{rel}","templated":true}]}}