{"id":42168,"date":"2020-03-24T05:09:06","date_gmt":"2020-03-24T05:09:06","guid":{"rendered":"https:\/\/toys.lt\/produktas\/bernu-boksa-komplekts-2\/"},"modified":"2026-04-09T00:03:25","modified_gmt":"2026-04-09T00:03:25","slug":"bernu-boksa-komplekts-2","status":"publish","type":"product","link":"https:\/\/toys.lt\/lv\/produktas\/bernu-boksa-komplekts-2\/","title":{"rendered":"B\u0113rnu boksa komplekts"},"content":{"rendered":"<p>Novirziet savu b\u0113rnu ener\u0123iju sportam pareiz\u0101 veid\u0101! \u0160is komplekts ir ne tikai katra z\u0113na m\u012b\u013c\u0101k\u0101 rota\u013clieta, bet ar\u012b \u012bsts fizisk\u0101s un emocion\u0101l\u0101s att\u012bst\u012bbas treneris! \u0160\u012b boksa bumba un cimdi ir izgatavoti no specializ\u0113tas nesl\u012bdo\u0161as sint\u0113tisk\u0101s \u0101das, kas samazina plaukstas loc\u012btavu traumas, savuk\u0101rt polster\u0113jums nodro\u0161ina vid\u0113ju stingr\u012bbu. Komplekts neaiz\u0146em daudz vietas, t\u0101p\u0113c tas ir ide\u0101li piem\u0113rots z\u0113na gu\u013camistabai. Ar \u0161o komplektu j\u016bsu b\u0113rns jut\u012bsies k\u0101 \u012bsts bokseris!    <\/p>\n<p><strong>Komplekt\u0101 ietilpst:<\/strong><\/p>\n<ul style=\"list-style-type: square\">\n<li>1 p\u0101ris boksa cimdu (24 x 16 cm)<\/li>\n<li>1 boksa bumbieris (45 x 16 cm)<\/li>\n<\/ul>\n<p><strong>Funkcijas:<\/strong><\/p>\n<ul style=\"list-style-type: square\">\n<li>Veicina fizisko un emocion\u0101lo att\u012bst\u012bbu<\/li>\n<li>Att\u012bsta aktivit\u0101ti, iztur\u012bbu, \u0101trumu<\/li>\n<li>Piem\u0113rots k\u0101ju un roku musku\u013cu tren\u0113\u0161anai<\/li>\n<li>Nesl\u012bdo\u0161a sint\u0113tisk\u0101 \u0101da<\/li>\n<li>Vid\u0113jais stingrums<\/li>\n<li>Vietas taup\u012b\u0161ana<\/li>\n<\/ul>\n","protected":false},"excerpt":{"rendered":"<p>Produkta veids: sporta<\/p>\n<p>Izcelsmes valsts: \u0136\u012bna<\/p>\n<p>Iepakojuma izm\u0113ri: 45 x 22 cm<\/p>\n<p>Svars: 1,220 kg<\/p>\n<p>Materi\u0101ls: m\u0101ksl\u012bg\u0101 \u0101da<\/p>\n<p>Ieteicamais vecums: no 3 gadiem.<\/p>\n","protected":false},"featured_media":36329,"comment_status":"open","ping_status":"closed","template":"","meta":[],"product_brand":[],"product_cat":[1176,1155],"product_tag":[],"class_list":{"0":"post-42168","1":"product","2":"type-product","3":"status-publish","4":"has-post-thumbnail","6":"product_cat-rotallietas-zeniem","7":"product_cat-leti","8":"pa_amziaus-grupe-3-lv","9":"pa_spalva-dazadi","11":"first","12":"instock","13":"taxable","14":"shipping-taxable","15":"purchasable","16":"product-type-simple"},"yoast_head":"<!-- This site is optimized with the Yoast SEO plugin v26.3 - https:\/\/yoast.com\/wordpress\/plugins\/seo\/ -->\n<title>B\u0113rnu boksa komplekts - Toys.lt<\/title>\n<meta name=\"robots\" content=\"index, follow, max-snippet:-1, max-image-preview:large, max-video-preview:-1\" \/>\n<link rel=\"canonical\" href=\"https:\/\/toys.lt\/lv\/produktas\/bernu-boksa-komplekts-2\/\" \/>\n<meta property=\"og:locale\" content=\"lv_LV\" \/>\n<meta property=\"og:type\" content=\"article\" \/>\n<meta property=\"og:title\" content=\"B\u0113rnu boksa komplekts - Toys.lt\" \/>\n<meta property=\"og:description\" content=\"Produkta veids: sporta Izcelsmes valsts: \u0136\u012bna Iepakojuma izm\u0113ri: 45 x 22 cm Svars: 1,220 kg Materi\u0101ls: m\u0101ksl\u012bg\u0101 \u0101da Ieteicamais vecums: no 3 gadiem.\" \/>\n<meta property=\"og:url\" content=\"https:\/\/toys.lt\/lv\/produktas\/bernu-boksa-komplekts-2\/\" \/>\n<meta property=\"og:site_name\" content=\"Toys.lt\" \/>\n<meta property=\"article:modified_time\" content=\"2026-04-09T00:03:25+00:00\" \/>\n<meta property=\"og:image\" content=\"https:\/\/toys.lt\/wp-content\/uploads\/2020\/03\/products-164.jpg\" \/>\n\t<meta property=\"og:image:width\" content=\"1772\" \/>\n\t<meta property=\"og:image:height\" content=\"1253\" \/>\n\t<meta property=\"og:image:type\" content=\"image\/jpeg\" \/>\n<meta name=\"twitter:card\" content=\"summary_large_image\" \/>\n<meta name=\"twitter:label1\" content=\"Est. reading time\" \/>\n\t<meta name=\"twitter:data1\" content=\"1 minute\" \/>\n<script type=\"application\/ld+json\" class=\"yoast-schema-graph\">{\"@context\":\"https:\/\/schema.org\",\"@graph\":[{\"@type\":\"WebPage\",\"@id\":\"https:\/\/toys.lt\/lv\/produktas\/bernu-boksa-komplekts-2\/\",\"url\":\"https:\/\/toys.lt\/lv\/produktas\/bernu-boksa-komplekts-2\/\",\"name\":\"B\u0113rnu boksa komplekts - Toys.lt\",\"isPartOf\":{\"@id\":\"https:\/\/toys.lt\/lv\/#website\"},\"primaryImageOfPage\":{\"@id\":\"https:\/\/toys.lt\/lv\/produktas\/bernu-boksa-komplekts-2\/#primaryimage\"},\"image\":{\"@id\":\"https:\/\/toys.lt\/lv\/produktas\/bernu-boksa-komplekts-2\/#primaryimage\"},\"thumbnailUrl\":\"https:\/\/toys.lt\/wp-content\/uploads\/2020\/03\/products-164.jpg\",\"datePublished\":\"2020-03-24T05:09:06+00:00\",\"dateModified\":\"2026-04-09T00:03:25+00:00\",\"breadcrumb\":{\"@id\":\"https:\/\/toys.lt\/lv\/produktas\/bernu-boksa-komplekts-2\/#breadcrumb\"},\"inLanguage\":\"lv-LV\",\"potentialAction\":[{\"@type\":\"ReadAction\",\"target\":[\"https:\/\/toys.lt\/lv\/produktas\/bernu-boksa-komplekts-2\/\"]}]},{\"@type\":\"ImageObject\",\"inLanguage\":\"lv-LV\",\"@id\":\"https:\/\/toys.lt\/lv\/produktas\/bernu-boksa-komplekts-2\/#primaryimage\",\"url\":\"https:\/\/toys.lt\/wp-content\/uploads\/2020\/03\/products-164.jpg\",\"contentUrl\":\"https:\/\/toys.lt\/wp-content\/uploads\/2020\/03\/products-164.jpg\",\"width\":1772,\"height\":1253,\"caption\":\"Vaiki\u0161kas bokso rinkinys\"},{\"@type\":\"BreadcrumbList\",\"@id\":\"https:\/\/toys.lt\/lv\/produktas\/bernu-boksa-komplekts-2\/#breadcrumb\",\"itemListElement\":[{\"@type\":\"ListItem\",\"position\":1,\"name\":\"Home\",\"item\":\"https:\/\/toys.lt\/lv\/\"},{\"@type\":\"ListItem\",\"position\":2,\"name\":\"Veikals\",\"item\":\"https:\/\/toys.lt\/lv\/shop\/\"},{\"@type\":\"ListItem\",\"position\":3,\"name\":\"B\u0113rnu boksa komplekts\"}]},{\"@type\":\"WebSite\",\"@id\":\"https:\/\/toys.lt\/lv\/#website\",\"url\":\"https:\/\/toys.lt\/lv\/\",\"name\":\"Toys.lt\",\"description\":\"\",\"potentialAction\":[{\"@type\":\"SearchAction\",\"target\":{\"@type\":\"EntryPoint\",\"urlTemplate\":\"https:\/\/toys.lt\/lv\/?s={search_term_string}\"},\"query-input\":{\"@type\":\"PropertyValueSpecification\",\"valueRequired\":true,\"valueName\":\"search_term_string\"}}],\"inLanguage\":\"lv-LV\"}]}<\/script>\n<!-- \/ Yoast SEO plugin. -->","yoast_head_json":{"title":"B\u0113rnu boksa komplekts - Toys.lt","robots":{"index":"index","follow":"follow","max-snippet":"max-snippet:-1","max-image-preview":"max-image-preview:large","max-video-preview":"max-video-preview:-1"},"canonical":"https:\/\/toys.lt\/lv\/produktas\/bernu-boksa-komplekts-2\/","og_locale":"lv_LV","og_type":"article","og_title":"B\u0113rnu boksa komplekts - Toys.lt","og_description":"Produkta veids: sporta Izcelsmes valsts: \u0136\u012bna Iepakojuma izm\u0113ri: 45 x 22 cm Svars: 1,220 kg Materi\u0101ls: m\u0101ksl\u012bg\u0101 \u0101da Ieteicamais vecums: no 3 gadiem.","og_url":"https:\/\/toys.lt\/lv\/produktas\/bernu-boksa-komplekts-2\/","og_site_name":"Toys.lt","article_modified_time":"2026-04-09T00:03:25+00:00","og_image":[{"width":1772,"height":1253,"url":"https:\/\/toys.lt\/wp-content\/uploads\/2020\/03\/products-164.jpg","type":"image\/jpeg"}],"twitter_card":"summary_large_image","twitter_misc":{"Est. reading time":"1 minute"},"schema":{"@context":"https:\/\/schema.org","@graph":[{"@type":"WebPage","@id":"https:\/\/toys.lt\/lv\/produktas\/bernu-boksa-komplekts-2\/","url":"https:\/\/toys.lt\/lv\/produktas\/bernu-boksa-komplekts-2\/","name":"B\u0113rnu boksa komplekts - Toys.lt","isPartOf":{"@id":"https:\/\/toys.lt\/lv\/#website"},"primaryImageOfPage":{"@id":"https:\/\/toys.lt\/lv\/produktas\/bernu-boksa-komplekts-2\/#primaryimage"},"image":{"@id":"https:\/\/toys.lt\/lv\/produktas\/bernu-boksa-komplekts-2\/#primaryimage"},"thumbnailUrl":"https:\/\/toys.lt\/wp-content\/uploads\/2020\/03\/products-164.jpg","datePublished":"2020-03-24T05:09:06+00:00","dateModified":"2026-04-09T00:03:25+00:00","breadcrumb":{"@id":"https:\/\/toys.lt\/lv\/produktas\/bernu-boksa-komplekts-2\/#breadcrumb"},"inLanguage":"lv-LV","potentialAction":[{"@type":"ReadAction","target":["https:\/\/toys.lt\/lv\/produktas\/bernu-boksa-komplekts-2\/"]}]},{"@type":"ImageObject","inLanguage":"lv-LV","@id":"https:\/\/toys.lt\/lv\/produktas\/bernu-boksa-komplekts-2\/#primaryimage","url":"https:\/\/toys.lt\/wp-content\/uploads\/2020\/03\/products-164.jpg","contentUrl":"https:\/\/toys.lt\/wp-content\/uploads\/2020\/03\/products-164.jpg","width":1772,"height":1253,"caption":"Vaiki\u0161kas bokso rinkinys"},{"@type":"BreadcrumbList","@id":"https:\/\/toys.lt\/lv\/produktas\/bernu-boksa-komplekts-2\/#breadcrumb","itemListElement":[{"@type":"ListItem","position":1,"name":"Home","item":"https:\/\/toys.lt\/lv\/"},{"@type":"ListItem","position":2,"name":"Veikals","item":"https:\/\/toys.lt\/lv\/shop\/"},{"@type":"ListItem","position":3,"name":"B\u0113rnu boksa komplekts"}]},{"@type":"WebSite","@id":"https:\/\/toys.lt\/lv\/#website","url":"https:\/\/toys.lt\/lv\/","name":"Toys.lt","description":"","potentialAction":[{"@type":"SearchAction","target":{"@type":"EntryPoint","urlTemplate":"https:\/\/toys.lt\/lv\/?s={search_term_string}"},"query-input":{"@type":"PropertyValueSpecification","valueRequired":true,"valueName":"search_term_string"}}],"inLanguage":"lv-LV"}]}},"_links":{"self":[{"href":"https:\/\/toys.lt\/lv\/wp-json\/wp\/v2\/product\/42168","targetHints":{"allow":["GET"]}}],"collection":[{"href":"https:\/\/toys.lt\/lv\/wp-json\/wp\/v2\/product"}],"about":[{"href":"https:\/\/toys.lt\/lv\/wp-json\/wp\/v2\/types\/product"}],"replies":[{"embeddable":true,"href":"https:\/\/toys.lt\/lv\/wp-json\/wp\/v2\/comments?post=42168"}],"version-history":[{"count":1,"href":"https:\/\/toys.lt\/lv\/wp-json\/wp\/v2\/product\/42168\/revisions"}],"predecessor-version":[{"id":45964,"href":"https:\/\/toys.lt\/lv\/wp-json\/wp\/v2\/product\/42168\/revisions\/45964"}],"wp:featuredmedia":[{"embeddable":true,"href":"https:\/\/toys.lt\/lv\/wp-json\/wp\/v2\/media\/36329"}],"wp:attachment":[{"href":"https:\/\/toys.lt\/lv\/wp-json\/wp\/v2\/media?parent=42168"}],"wp:term":[{"taxonomy":"product_brand","embeddable":true,"href":"https:\/\/toys.lt\/lv\/wp-json\/wp\/v2\/product_brand?post=42168"},{"taxonomy":"product_cat","embeddable":true,"href":"https:\/\/toys.lt\/lv\/wp-json\/wp\/v2\/product_cat?post=42168"},{"taxonomy":"product_tag","embeddable":true,"href":"https:\/\/toys.lt\/lv\/wp-json\/wp\/v2\/product_tag?post=42168"}],"curies":[{"name":"wp","href":"https:\/\/api.w.org\/{rel}","templated":true}]}}