{"id":42164,"date":"2020-03-24T12:43:44","date_gmt":"2020-03-24T12:43:44","guid":{"rendered":"https:\/\/toys.lt\/produktas\/bernu-boksa-komplekts-ar-regulejamu-stativu-lidz-105-cm\/"},"modified":"2026-04-09T00:03:22","modified_gmt":"2026-04-09T00:03:22","slug":"bernu-boksa-komplekts-ar-regulejamu-stativu-lidz-105-cm","status":"publish","type":"product","link":"https:\/\/toys.lt\/lv\/produktas\/bernu-boksa-komplekts-ar-regulejamu-stativu-lidz-105-cm\/","title":{"rendered":"B\u0113rnu boksa komplekts ar regul\u0113jamu stat\u012bvu (l\u012bdz 105 cm)"},"content":{"rendered":"<p>Jauno sportistu boksa komplekts pal\u012bdz\u0113s j\u016bsu b\u0113rnam vienm\u0113r b\u016bt lielisk\u0101 form\u0101 un justies k\u0101 \u012bstam \u010dempionam! Tas ir \u012bsts fizisk\u0101s un emocion\u0101l\u0101s att\u012bst\u012bbas treneris, un to var izmantot gan m\u0101j\u0101s, gan \u0101rpus telp\u0101m. <\/p>\n<p>Komplekt\u0101 ir rokas gaisa s\u016bknis, ar ko piep\u016bst boksa bumbu un p\u0113c tam vienk\u0101r\u0161i piestiprin\u0101t to pie stat\u012bva. Lai nodro\u0161in\u0101tu maksim\u0101lu stabilit\u0101ti, stat\u012bva pamatni var piepild\u012bt ar smilt\u012bm vai \u016bdeni. <\/p>\n<p>Boksa komplekts ir paredz\u0113ts, lai p\u0101rbaud\u012btu j\u016bsu sitienu sp\u0113ku, precizit\u0101ti un iztur\u012bbu. Tas pal\u012bdz\u0113s uztur\u0113t un uzlabot b\u0113rna fizisko vesel\u012bbu, k\u0101 ar\u012b att\u012bst\u012bt veikl\u012bbu, uzman\u012bbu, kust\u012bbu koordin\u0101ciju un citas prasmes. <\/p>\n<p><strong>Komplekt\u0101 ietilpst:<\/strong><\/p>\n<ul style=\"list-style-type: square\">\n<li>Stat\u012bvs (regul\u0113jams augstums no 70 l\u012bdz 105 cm)<\/li>\n<li>Stat\u012bva pamatne (33 x 7 cm)<\/li>\n<li>Piep\u016b\u0161am\u0101 bumba (20 x 25 cm)<\/li>\n<li>1 p\u0101ris boksa cimdu<\/li>\n<li>Manu\u0101lais gaisa s\u016bknis<\/li>\n<\/ul>\n<p><strong>Funkcijas:<\/strong><\/p>\n<ul style=\"list-style-type: square\">\n<li>Kompakts un mobils<\/li>\n<li>Piep\u016b\u0161am\u0101 boksa bumba<\/li>\n<li>Pamatnes nostiprin\u0101\u0161ana ar smilt\u012bm vai \u016bdeni<\/li>\n<li>Regul\u0113jams stat\u012bva augstums<\/li>\n<li>Viegli samont\u0113t un izv\u0113l\u0113ties<\/li>\n<li>Att\u012bsta veikl\u012bbu, sp\u0113ku, uzman\u012bbu, kust\u012bbu koordin\u0101ciju.<\/li>\n<\/ul>\n","protected":false},"excerpt":{"rendered":"<p>Produkta veids: sporta<\/p>\n<p>Izcelsmes valsts: \u0136\u012bna<\/p>\n<p>Iepakojuma izm\u0113ri: 36,3 x 8 x 47,3 cm<\/p>\n<p>Ieteicamais vecums: no 8 gadiem.<\/p>\n","protected":false},"featured_media":36338,"comment_status":"open","ping_status":"closed","template":"","meta":[],"product_brand":[],"product_cat":[1176,1155],"product_tag":[],"class_list":{"0":"post-42164","1":"product","2":"type-product","3":"status-publish","4":"has-post-thumbnail","6":"product_cat-rotallietas-zeniem","7":"product_cat-leti","8":"pa_amziaus-grupe-8-lv","9":"pa_spalva-dazadi","11":"first","12":"instock","13":"sale","14":"taxable","15":"shipping-taxable","16":"purchasable","17":"product-type-simple"},"yoast_head":"<!-- This site is optimized with the Yoast SEO plugin v26.3 - https:\/\/yoast.com\/wordpress\/plugins\/seo\/ -->\n<title>B\u0113rnu boksa komplekts ar regul\u0113jamu stat\u012bvu (l\u012bdz 105 cm) - Toys.lt<\/title>\n<meta name=\"robots\" content=\"index, follow, max-snippet:-1, max-image-preview:large, max-video-preview:-1\" \/>\n<link rel=\"canonical\" href=\"https:\/\/toys.lt\/lv\/produktas\/bernu-boksa-komplekts-ar-regulejamu-stativu-lidz-105-cm\/\" \/>\n<meta property=\"og:locale\" content=\"lv_LV\" \/>\n<meta property=\"og:type\" content=\"article\" \/>\n<meta property=\"og:title\" content=\"B\u0113rnu boksa komplekts ar regul\u0113jamu stat\u012bvu (l\u012bdz 105 cm) - Toys.lt\" \/>\n<meta property=\"og:description\" content=\"Produkta veids: sporta Izcelsmes valsts: \u0136\u012bna Iepakojuma izm\u0113ri: 36,3 x 8 x 47,3 cm Ieteicamais vecums: no 8 gadiem.\" \/>\n<meta property=\"og:url\" content=\"https:\/\/toys.lt\/lv\/produktas\/bernu-boksa-komplekts-ar-regulejamu-stativu-lidz-105-cm\/\" \/>\n<meta property=\"og:site_name\" content=\"Toys.lt\" \/>\n<meta property=\"article:modified_time\" content=\"2026-04-09T00:03:22+00:00\" \/>\n<meta property=\"og:image\" content=\"https:\/\/toys.lt\/wp-content\/uploads\/2020\/03\/products-181-scaled.jpg\" \/>\n\t<meta property=\"og:image:width\" content=\"2560\" \/>\n\t<meta property=\"og:image:height\" content=\"2560\" \/>\n\t<meta property=\"og:image:type\" content=\"image\/jpeg\" \/>\n<meta name=\"twitter:card\" content=\"summary_large_image\" \/>\n<meta name=\"twitter:label1\" content=\"Est. reading time\" \/>\n\t<meta name=\"twitter:data1\" content=\"1 minute\" \/>\n<script type=\"application\/ld+json\" class=\"yoast-schema-graph\">{\"@context\":\"https:\/\/schema.org\",\"@graph\":[{\"@type\":\"WebPage\",\"@id\":\"https:\/\/toys.lt\/lv\/produktas\/bernu-boksa-komplekts-ar-regulejamu-stativu-lidz-105-cm\/\",\"url\":\"https:\/\/toys.lt\/lv\/produktas\/bernu-boksa-komplekts-ar-regulejamu-stativu-lidz-105-cm\/\",\"name\":\"B\u0113rnu boksa komplekts ar regul\u0113jamu stat\u012bvu (l\u012bdz 105 cm) - Toys.lt\",\"isPartOf\":{\"@id\":\"https:\/\/toys.lt\/lv\/#website\"},\"primaryImageOfPage\":{\"@id\":\"https:\/\/toys.lt\/lv\/produktas\/bernu-boksa-komplekts-ar-regulejamu-stativu-lidz-105-cm\/#primaryimage\"},\"image\":{\"@id\":\"https:\/\/toys.lt\/lv\/produktas\/bernu-boksa-komplekts-ar-regulejamu-stativu-lidz-105-cm\/#primaryimage\"},\"thumbnailUrl\":\"https:\/\/toys.lt\/wp-content\/uploads\/2020\/03\/products-181-scaled.jpg\",\"datePublished\":\"2020-03-24T12:43:44+00:00\",\"dateModified\":\"2026-04-09T00:03:22+00:00\",\"breadcrumb\":{\"@id\":\"https:\/\/toys.lt\/lv\/produktas\/bernu-boksa-komplekts-ar-regulejamu-stativu-lidz-105-cm\/#breadcrumb\"},\"inLanguage\":\"lv-LV\",\"potentialAction\":[{\"@type\":\"ReadAction\",\"target\":[\"https:\/\/toys.lt\/lv\/produktas\/bernu-boksa-komplekts-ar-regulejamu-stativu-lidz-105-cm\/\"]}]},{\"@type\":\"ImageObject\",\"inLanguage\":\"lv-LV\",\"@id\":\"https:\/\/toys.lt\/lv\/produktas\/bernu-boksa-komplekts-ar-regulejamu-stativu-lidz-105-cm\/#primaryimage\",\"url\":\"https:\/\/toys.lt\/wp-content\/uploads\/2020\/03\/products-181-scaled.jpg\",\"contentUrl\":\"https:\/\/toys.lt\/wp-content\/uploads\/2020\/03\/products-181-scaled.jpg\",\"width\":2560,\"height\":2560,\"caption\":\"Vaiki\u0161kas bokso rinkinys su reguliuojamu stovu (iki 105 cm)\"},{\"@type\":\"BreadcrumbList\",\"@id\":\"https:\/\/toys.lt\/lv\/produktas\/bernu-boksa-komplekts-ar-regulejamu-stativu-lidz-105-cm\/#breadcrumb\",\"itemListElement\":[{\"@type\":\"ListItem\",\"position\":1,\"name\":\"Home\",\"item\":\"https:\/\/toys.lt\/lv\/\"},{\"@type\":\"ListItem\",\"position\":2,\"name\":\"Veikals\",\"item\":\"https:\/\/toys.lt\/lv\/shop\/\"},{\"@type\":\"ListItem\",\"position\":3,\"name\":\"B\u0113rnu boksa komplekts ar regul\u0113jamu stat\u012bvu (l\u012bdz 105 cm)\"}]},{\"@type\":\"WebSite\",\"@id\":\"https:\/\/toys.lt\/lv\/#website\",\"url\":\"https:\/\/toys.lt\/lv\/\",\"name\":\"Toys.lt\",\"description\":\"\",\"potentialAction\":[{\"@type\":\"SearchAction\",\"target\":{\"@type\":\"EntryPoint\",\"urlTemplate\":\"https:\/\/toys.lt\/lv\/?s={search_term_string}\"},\"query-input\":{\"@type\":\"PropertyValueSpecification\",\"valueRequired\":true,\"valueName\":\"search_term_string\"}}],\"inLanguage\":\"lv-LV\"}]}<\/script>\n<!-- \/ Yoast SEO plugin. -->","yoast_head_json":{"title":"B\u0113rnu boksa komplekts ar regul\u0113jamu stat\u012bvu (l\u012bdz 105 cm) - Toys.lt","robots":{"index":"index","follow":"follow","max-snippet":"max-snippet:-1","max-image-preview":"max-image-preview:large","max-video-preview":"max-video-preview:-1"},"canonical":"https:\/\/toys.lt\/lv\/produktas\/bernu-boksa-komplekts-ar-regulejamu-stativu-lidz-105-cm\/","og_locale":"lv_LV","og_type":"article","og_title":"B\u0113rnu boksa komplekts ar regul\u0113jamu stat\u012bvu (l\u012bdz 105 cm) - Toys.lt","og_description":"Produkta veids: sporta Izcelsmes valsts: \u0136\u012bna Iepakojuma izm\u0113ri: 36,3 x 8 x 47,3 cm Ieteicamais vecums: no 8 gadiem.","og_url":"https:\/\/toys.lt\/lv\/produktas\/bernu-boksa-komplekts-ar-regulejamu-stativu-lidz-105-cm\/","og_site_name":"Toys.lt","article_modified_time":"2026-04-09T00:03:22+00:00","og_image":[{"width":2560,"height":2560,"url":"https:\/\/toys.lt\/wp-content\/uploads\/2020\/03\/products-181-scaled.jpg","type":"image\/jpeg"}],"twitter_card":"summary_large_image","twitter_misc":{"Est. reading time":"1 minute"},"schema":{"@context":"https:\/\/schema.org","@graph":[{"@type":"WebPage","@id":"https:\/\/toys.lt\/lv\/produktas\/bernu-boksa-komplekts-ar-regulejamu-stativu-lidz-105-cm\/","url":"https:\/\/toys.lt\/lv\/produktas\/bernu-boksa-komplekts-ar-regulejamu-stativu-lidz-105-cm\/","name":"B\u0113rnu boksa komplekts ar regul\u0113jamu stat\u012bvu (l\u012bdz 105 cm) - Toys.lt","isPartOf":{"@id":"https:\/\/toys.lt\/lv\/#website"},"primaryImageOfPage":{"@id":"https:\/\/toys.lt\/lv\/produktas\/bernu-boksa-komplekts-ar-regulejamu-stativu-lidz-105-cm\/#primaryimage"},"image":{"@id":"https:\/\/toys.lt\/lv\/produktas\/bernu-boksa-komplekts-ar-regulejamu-stativu-lidz-105-cm\/#primaryimage"},"thumbnailUrl":"https:\/\/toys.lt\/wp-content\/uploads\/2020\/03\/products-181-scaled.jpg","datePublished":"2020-03-24T12:43:44+00:00","dateModified":"2026-04-09T00:03:22+00:00","breadcrumb":{"@id":"https:\/\/toys.lt\/lv\/produktas\/bernu-boksa-komplekts-ar-regulejamu-stativu-lidz-105-cm\/#breadcrumb"},"inLanguage":"lv-LV","potentialAction":[{"@type":"ReadAction","target":["https:\/\/toys.lt\/lv\/produktas\/bernu-boksa-komplekts-ar-regulejamu-stativu-lidz-105-cm\/"]}]},{"@type":"ImageObject","inLanguage":"lv-LV","@id":"https:\/\/toys.lt\/lv\/produktas\/bernu-boksa-komplekts-ar-regulejamu-stativu-lidz-105-cm\/#primaryimage","url":"https:\/\/toys.lt\/wp-content\/uploads\/2020\/03\/products-181-scaled.jpg","contentUrl":"https:\/\/toys.lt\/wp-content\/uploads\/2020\/03\/products-181-scaled.jpg","width":2560,"height":2560,"caption":"Vaiki\u0161kas bokso rinkinys su reguliuojamu stovu (iki 105 cm)"},{"@type":"BreadcrumbList","@id":"https:\/\/toys.lt\/lv\/produktas\/bernu-boksa-komplekts-ar-regulejamu-stativu-lidz-105-cm\/#breadcrumb","itemListElement":[{"@type":"ListItem","position":1,"name":"Home","item":"https:\/\/toys.lt\/lv\/"},{"@type":"ListItem","position":2,"name":"Veikals","item":"https:\/\/toys.lt\/lv\/shop\/"},{"@type":"ListItem","position":3,"name":"B\u0113rnu boksa komplekts ar regul\u0113jamu stat\u012bvu (l\u012bdz 105 cm)"}]},{"@type":"WebSite","@id":"https:\/\/toys.lt\/lv\/#website","url":"https:\/\/toys.lt\/lv\/","name":"Toys.lt","description":"","potentialAction":[{"@type":"SearchAction","target":{"@type":"EntryPoint","urlTemplate":"https:\/\/toys.lt\/lv\/?s={search_term_string}"},"query-input":{"@type":"PropertyValueSpecification","valueRequired":true,"valueName":"search_term_string"}}],"inLanguage":"lv-LV"}]}},"_links":{"self":[{"href":"https:\/\/toys.lt\/lv\/wp-json\/wp\/v2\/product\/42164","targetHints":{"allow":["GET"]}}],"collection":[{"href":"https:\/\/toys.lt\/lv\/wp-json\/wp\/v2\/product"}],"about":[{"href":"https:\/\/toys.lt\/lv\/wp-json\/wp\/v2\/types\/product"}],"replies":[{"embeddable":true,"href":"https:\/\/toys.lt\/lv\/wp-json\/wp\/v2\/comments?post=42164"}],"version-history":[{"count":1,"href":"https:\/\/toys.lt\/lv\/wp-json\/wp\/v2\/product\/42164\/revisions"}],"predecessor-version":[{"id":45961,"href":"https:\/\/toys.lt\/lv\/wp-json\/wp\/v2\/product\/42164\/revisions\/45961"}],"wp:featuredmedia":[{"embeddable":true,"href":"https:\/\/toys.lt\/lv\/wp-json\/wp\/v2\/media\/36338"}],"wp:attachment":[{"href":"https:\/\/toys.lt\/lv\/wp-json\/wp\/v2\/media?parent=42164"}],"wp:term":[{"taxonomy":"product_brand","embeddable":true,"href":"https:\/\/toys.lt\/lv\/wp-json\/wp\/v2\/product_brand?post=42164"},{"taxonomy":"product_cat","embeddable":true,"href":"https:\/\/toys.lt\/lv\/wp-json\/wp\/v2\/product_cat?post=42164"},{"taxonomy":"product_tag","embeddable":true,"href":"https:\/\/toys.lt\/lv\/wp-json\/wp\/v2\/product_tag?post=42164"}],"curies":[{"name":"wp","href":"https:\/\/api.w.org\/{rel}","templated":true}]}}